{"id":28860,"date":"2022-07-02T03:54:59","date_gmt":"2022-07-02T01:54:59","guid":{"rendered":"https:\/\/www.discoverypublisher.com\/it\/?page_id=28860"},"modified":"2026-03-20T09:45:02","modified_gmt":"2026-03-20T08:45:02","slug":"emile-louis-burnouf","status":"publish","type":"page","link":"https:\/\/www.discoverypublisher.com\/it\/autori\/vyasa\/","title":{"rendered":"Vy\u0101sa"},"content":{"rendered":"<p>[vc_row css_animation=&#8221;&#8221; row_type=&#8221;row&#8221; use_row_as_full_screen_section=&#8221;no&#8221; type=&#8221;full_width&#8221; angled_section=&#8221;no&#8221; text_align=&#8221;left&#8221; background_image_as_pattern=&#8221;without_pattern&#8221; padding_top=&#8221;15&#8243; z_index=&#8221;&#8221;][vc_column][vc_column_text]<\/p>\n<h3 style=\"text-align: justify;\">Vy\u0101sa<\/h3>\n<p>[\/vc_column_text][vc_separator type=&#8221;transparent&#8221; up=&#8221;0&#8243;][vc_column_text]<\/p>\n<p style=\"text-align: justify;\">Vy\u0101sa (o Vy\u0101sadeva, solitamente anglicizzato in Vyasa) \u00e8 una figura della religione e letteratura induiste; egli \u00e8 un rishi, un grande saggio, tuttavia la sua condizione si pu\u00f2 considerare pari a quella delle varie divinit\u00e0. Come Hanuman, \u00e8 ritenuto essere immortale poich\u00e9 \u00e8 uno dei sette Chiranjeevin. Inoltre \u00e8 un avatar secondario di Visn\u00f9, noto anche come l&#8217;Avatar scrittore. Vy\u0101sa \u00e8 considerato il Brahmarishi ideale, onnisciente, veritiero, il pi\u00f9 puro tra i puri, il perfetto conoscitore dell&#8217;essenza di Brahman. Compare in modo anacronistico in numerosi testi, dall&#8217;Induismo pi\u00f9 antico a quello pi\u00f9 moderno. Gioca un ruolo molto importante non solo nella letteratura, ma anche nella fede di molti credenti ind\u00f9.<\/p>\n<p>[\/vc_column_text][\/vc_column][\/vc_row][vc_row css_animation=&#8221;&#8221; row_type=&#8221;row&#8221; use_row_as_full_screen_section=&#8221;no&#8221; type=&#8221;full_width&#8221; angled_section=&#8221;no&#8221; text_align=&#8221;left&#8221; background_image_as_pattern=&#8221;without_pattern&#8221; padding_top=&#8221;35&#8243; z_index=&#8221;&#8221;][vc_column][vc_column_text]<\/p>\n<h3 style=\"text-align: justify;\">L&#8217;organizzatore dei Veda<\/h3>\n<p>[\/vc_column_text][vc_separator type=&#8221;transparent&#8221; up=&#8221;0&#8243;][vc_column_text]<\/p>\n<p style=\"text-align: justify;\">La tradizione vedica vuole che, prima dell&#8217;apparizione del saggio Vy\u0101sa, le persone comuni potessero ricordare i Veda a memoria, anche ascoltandoli una sola volta, riuscendo a capirne tutte le implicazioni. Ma nell&#8217;epoca del Kali Yuga (l&#8217;era attuale), nella quale la durata della vita e la memoria si sono notevolmente ridotte, gli individui sono spiritualmente meno acuti; per questa ragione Vy\u0101sa discese nel mondo, e per servizio all&#8217;umanit\u00e0, mise i Veda in forma scritta e li divise in quattro parti, compose tutti i 18 Pur\u0101\u1e47a (specialmente il Bh\u0101gavata Pur\u0101\u1e47a); \u00e8 inoltre ritenuto l&#8217;autore del Ved\u0101nta S\u016btra, un importante testo Vedico che concilia versi delle Upani\u1e63ad in apparente contraddizione tra loro. Poich\u00e9 a Vy\u0101sa \u00e8 attribuita la meritevole impresa che permise all&#8217;uomo moderno di comprendere la divina conoscenza dei Veda, egli viene anche chiamato Veda Vy\u0101sa, o &#8220;suddivisore dei Veda&#8221; (la parola vy\u0101sa infatti pu\u00f2 significare &#8220;dividere&#8221;, &#8220;differenziare&#8221;, o &#8220;descrivere&#8221;).<\/p>\n<p>[\/vc_column_text][\/vc_column][\/vc_row][vc_row css_animation=&#8221;&#8221; row_type=&#8221;row&#8221; use_row_as_full_screen_section=&#8221;no&#8221; type=&#8221;full_width&#8221; angled_section=&#8221;no&#8221; text_align=&#8221;left&#8221; background_image_as_pattern=&#8221;without_pattern&#8221; padding_top=&#8221;35&#8243; z_index=&#8221;&#8221;][vc_column][vc_column_text]<\/p>\n<h3 style=\"text-align: justify;\">Autore e personaggio del Mah\u0101bh\u0101rata<\/h3>\n<p>[\/vc_column_text][vc_separator type=&#8221;transparent&#8221; up=&#8221;0&#8243;][vc_column_text]<\/p>\n<p style=\"text-align: justify;\">\u00c8 anche l&#8217;autore nonch\u00e9 il narratore stesso del Mah\u0101bh\u0101rata, e si ritiene che abbia domandato a Ga\u1e47e\u015ba di scrivere il poema sotto la sua dettatura. Ga\u1e47e\u015ba impose la condizione che Vy\u0101sa avrebbe dovuto recitare senza mai fermarsi, ed il saggio pose la condizione ulteriore che Ga\u1e47e\u015ba avrebbe dovuto comprendere ogni verso prima di trascriverlo. Questa storia dovrebbe spiegare la ragione del complicato sanscrito con cui \u00e8 scritto il Mah\u0101bh\u0101rata.<\/p>\n<p style=\"text-align: justify;\">Proprio in questo poema si narrano anche le sue origini. Vy\u0101sa \u00e8 stato concepito da Sathyavati, figlia di un traghettatore, e dal saggio errante Parashara; nacque su un&#8217;isola lungo il fiume Yamuna. Divenne in seguito il padre dei principi Dhritarashtra e Pandu, avuti rispettivamente da Ambika e Ambalika, le mogli del re Vichitravirya; ebbe anche un terzo figlio, Vidura, avuto da un&#8217;ancella delle due regine.<\/p>\n<p style=\"text-align: justify;\">Inoltre Vy\u0101sa fu il nonno di entrambe le fazioni belligeranti del Mah\u0101bh\u0101rata, i Pandava ed i Kaurava. Egli fa apparizioni occasionali lungo la storia, rivestendo il ruolo di guida spirituale per i giovani pr\u00ecncipi.<\/p>\n<p style=\"text-align: justify;\">Durante la guerra di Kurukshetra, Vy\u0101sa infuse a Sanjaya (un saggio alla corte del re cieco Dhritarashtra) un potere mistico che gli avrebbe permesso di vedere a distanza gli avvenimenti nel campo di battaglia, in modo da poterli raccontare al suo sovrano, preoccupato per l&#8217;esito della battaglia tra i suoi figli ed i nipoti Pandava.<\/p>\n<p>[\/vc_column_text][\/vc_column][\/vc_row][vc_row css_animation=&#8221;&#8221; row_type=&#8221;row&#8221; use_row_as_full_screen_section=&#8221;no&#8221; type=&#8221;full_width&#8221; angled_section=&#8221;no&#8221; text_align=&#8221;left&#8221; background_image_as_pattern=&#8221;without_pattern&#8221;][vc_column][vc_separator type=&#8221;transparent&#8221; down=&#8221;84&#8243;][\/vc_column][\/vc_row]<\/p>\n","protected":false},"excerpt":{"rendered":"<p>Vy\u0101sa \u00e8 una figura della religione e letteratura induiste; egli \u00e8 un rishi, un grande saggio, tuttavia la sua condizione si pu\u00f2 considerare pari a quella delle varie divinit\u00e0.<\/p>\n","protected":false},"author":1,"featured_media":28870,"parent":16021,"menu_order":0,"comment_status":"closed","ping_status":"closed","template":"","meta":{"_seopress_robots_primary_cat":"","ngg_post_thumbnail":0},"tags":[9044,8803,9199,9200,8979],"_links":{"self":[{"href":"https:\/\/www.discoverypublisher.com\/it\/wp-json\/wp\/v2\/pages\/28860"}],"collection":[{"href":"https:\/\/www.discoverypublisher.com\/it\/wp-json\/wp\/v2\/pages"}],"about":[{"href":"https:\/\/www.discoverypublisher.com\/it\/wp-json\/wp\/v2\/types\/page"}],"author":[{"embeddable":true,"href":"https:\/\/www.discoverypublisher.com\/it\/wp-json\/wp\/v2\/users\/1"}],"replies":[{"embeddable":true,"href":"https:\/\/www.discoverypublisher.com\/it\/wp-json\/wp\/v2\/comments?post=28860"}],"version-history":[{"count":6,"href":"https:\/\/www.discoverypublisher.com\/it\/wp-json\/wp\/v2\/pages\/28860\/revisions"}],"predecessor-version":[{"id":29033,"href":"https:\/\/www.discoverypublisher.com\/it\/wp-json\/wp\/v2\/pages\/28860\/revisions\/29033"}],"up":[{"embeddable":true,"href":"https:\/\/www.discoverypublisher.com\/it\/wp-json\/wp\/v2\/pages\/16021"}],"wp:featuredmedia":[{"embeddable":true,"href":"https:\/\/www.discoverypublisher.com\/it\/wp-json\/wp\/v2\/media\/28870"}],"wp:attachment":[{"href":"https:\/\/www.discoverypublisher.com\/it\/wp-json\/wp\/v2\/media?parent=28860"}],"wp:term":[{"taxonomy":"post_tag","embeddable":true,"href":"https:\/\/www.discoverypublisher.com\/it\/wp-json\/wp\/v2\/tags?post=28860"}],"curies":[{"name":"wp","href":"https:\/\/api.w.org\/{rel}","templated":true}]}}