{"id":28840,"date":"2022-06-30T05:38:39","date_gmt":"2022-06-30T03:38:39","guid":{"rendered":"https:\/\/www.discoverypublisher.com\/it\/?page_id=28840"},"modified":"2024-09-02T08:54:17","modified_gmt":"2024-09-02T06:54:17","slug":"edizioni-nataraj","status":"publish","type":"page","link":"https:\/\/www.discoverypublisher.com\/it\/autori\/roberto-caputo\/","title":{"rendered":"Roberto Caputo"},"content":{"rendered":"<p>[vc_row css_animation=&#8221;&#8221; row_type=&#8221;row&#8221; use_row_as_full_screen_section=&#8221;no&#8221; type=&#8221;full_width&#8221; angled_section=&#8221;no&#8221; text_align=&#8221;left&#8221; background_image_as_pattern=&#8221;without_pattern&#8221; padding_top=&#8221;15&#8243; z_index=&#8221;&#8221;][vc_column][vc_column_text]<\/p>\n<h3 style=\"text-align: justify;\">La Collezione Nataraj e Roberto Caputo<\/h3>\n<p>[\/vc_column_text][vc_separator type=&#8221;transparent&#8221; up=&#8221;10&#8243;][vc_column_text]<\/p>\n<p style=\"text-align: justify;\">Fin dalla sua creazione da parte di Roberto Caputo nel 1995, la Collezione Nataraj si \u00e8 posta l&#8217;obiettivo di presentare libri, inediti o fuori catalogo, nella prospettiva dell\u2019unit\u00e0 trascendente delle religioni. L\u2019India e l\u2019induismo occupano un ruolo centrale, dall\u2019inizio di questa impresa, ma tutte le altre tradizioni sono ben accolte al tempo stesso, \u00abstile indiano\u00bb con lo stesso entusiasmo. Cos\u00ec, Shiva, il \u00abSignore della Danza\u00bb, il Nataraja port\u00f2 la Collezione Nataraj nella loro Danza Cosmica, con, come idea guida, queste parole di A.K. Coomaraswamy: \u00abNon avviciniamo mai un altro credente per domandargli di diventare uno dei nostri, ma lo avviciniamo con il rispetto dovuto a colui che \u00e8 gi\u00e0 uno dei Suoi\u00bb.<\/p>\n<p style=\"text-align: left;\">La Collezione Nataraj hanno pubblicato le seguenti opere:<\/p>\n<p style=\"text-align: left;\"><em>&nbsp;&nbsp;&nbsp;&nbsp;\u2022 <a href=\"https:\/\/www.discoverypublisher.com\/it\/pubblicazione\/autore-tamil-tutto-e-uno-ellam-onru\/\">Tutto \u00e8 Uno (Ell\u00e2m Onru): Insegnamento dell\u2019Advaita Vedanta<\/a><\/em>, trattato induista del XIX secolo sull\u2019Adva\u00efta-Vedanta, tradotto da Roberto Caputo<\/p>\n<p style=\"text-align: left;\"><em>&nbsp;&nbsp;&nbsp;&nbsp;\u2022 <a href=\"https:\/\/www.discoverypublisher.com\/it\/pubblicazione\/david-godman-annamalai-swami-una-vita-accanto-a-ramana-maharshi\/\">Annamalai Sw\u00e2mi: Una vita accanto R\u00e2mana Maharshi<\/a>, raccolta di racconti di David Godman<\/em><\/p>\n<p style=\"text-align: left;\"><em>&nbsp;&nbsp;&nbsp;&nbsp;\u2022 <a href=\"https:\/\/www.discoverypublisher.com\/it\/pubblicazione\/roberto-caputo-om-la-sillaba-primordiale\/\">Om: la sillaba primordiale<\/a><\/em>, di Roberto Caputo<\/p>\n<p style=\"text-align: left;\">&nbsp;&nbsp;&nbsp;&nbsp;\u2022 <a href=\"https:\/\/www.discoverypublisher.com\/it\/pubblicazione-shankaracarya-roberto-caputo-io-sono-shiva-shivoham\/\"><em>Io sono Shiva! (Shivoham): Inni alla non dualit\u00e0 di Shankar\u00e2c\u00e2rya<\/em><\/a>, po\u00e8mes de Shankar\u00e2c\u00e2rya, traduction et commentaires de Roberto Caputo<\/p>\n<p style=\"text-align: left;\">&nbsp;&nbsp;&nbsp;&nbsp;\u2022 <a href=\"https:\/\/www.discoverypublisher.com\/it\/pubblicazione\/vyasa-bhagavad-gita-il-canto-del-beato\/\"><em>Bhagavad G\u00eet\u00e2: Il canto del Beato<\/em><\/a>, di Vyasa, tradotto da \u00c9mile Burnouf<\/p>\n<p style=\"text-align: left;\"><em>&nbsp;&nbsp;&nbsp;&nbsp;\u2022 <a href=\"https:\/\/www.discoverypublisher.com\/it\/pubblicazione\/david-godman-come-una-montagna-di-canfora-insegnamenti-di-ramana-maharshi-e-annamalai-swami\/\">Come una Montagna di Canfora: Insegnamenti inediti di R\u00e2mana Maharshi e Annamalai Sw\u00e2mi<\/a><\/em>, riuniti da David Godman<\/p>\n<p style=\"text-align: left;\">&nbsp;&nbsp;&nbsp;&nbsp;\u2022 <a href=\"https:\/\/www.discoverypublisher.com\/it\/pubblicazione\/henri-borel-wu-wei-il-tao-larte-lamore-secondo-lao-tse\/\"><em>Il Tao, l\u2019Arte, l\u2019Amore secondo Lao Tse<\/em><\/a>, de Henri Borel<\/p>\n<p style=\"text-align: left;\">&nbsp;&nbsp;&nbsp;&nbsp;\u2022 <em>Dio in S\u00e9: Meditazioni nel cuore dell\u2019India e del Cristianesimo<\/em>, di Roberto Caputo<\/p>\n<p style=\"text-align: left;\"><em>&nbsp;&nbsp;&nbsp;&nbsp;\u2022 La Filosofia mistica di Simone Weil<\/em>, di Gaston Kempfner<\/p>\n<p style=\"text-align: left;\"><em>&nbsp;&nbsp;&nbsp;&nbsp;\u2022 Sguardi sul mondo antico<\/em>, di Frithjof Schuon<\/p>\n<p style=\"text-align: left;\"><em>&nbsp;&nbsp;&nbsp;&nbsp;\u2022 Tesori del Buddismo <\/em>di Frithjof Schuon<\/p>\n<p style=\"text-align: left;\"><em>&nbsp;&nbsp;&nbsp;&nbsp;\u2022 Approccio al Sofismo<\/em>, di William Stoddart<\/p>\n<p style=\"text-align: left;\"><em>&nbsp;&nbsp;&nbsp;&nbsp;\u2022 La Consolazione della filosofia,<\/em> de Bo\u00e8ce<\/p>\n<p style=\"text-align: left;\">&nbsp;&nbsp;&nbsp;&nbsp;\u2022 <em>Le Dhammapada<\/em>, traduit par T.K. Jayaratne<\/p>\n<p style=\"text-align: left;\">&nbsp;&nbsp;&nbsp;&nbsp;\u2022 <em>Kaivalya Upanishad<\/em>, traduit par Paul Deussen<\/p>\n<p style=\"text-align: left;\">&nbsp;&nbsp;&nbsp;&nbsp;\u2022 <em>La Lumie\u0300re de l\u2019Inde<\/em>, d\u2019Alphonse de Lamartine<\/p>\n<p>[\/vc_column_text][\/vc_column][\/vc_row][vc_row css_animation=&#8221;&#8221; row_type=&#8221;row&#8221; use_row_as_full_screen_section=&#8221;no&#8221; type=&#8221;full_width&#8221; angled_section=&#8221;no&#8221; text_align=&#8221;left&#8221; background_image_as_pattern=&#8221;without_pattern&#8221;][vc_column][vc_separator type=&#8221;transparent&#8221; down=&#8221;84&#8243;][\/vc_column][\/vc_row]<\/p>\n","protected":false},"excerpt":{"rendered":"<p>Roberto Caputo \u00e8 uno scrittore francese e ideatore della Collezione Nataraj<\/p>\n","protected":false},"author":1,"featured_media":28842,"parent":16021,"menu_order":0,"comment_status":"closed","ping_status":"closed","template":"","meta":{"ngg_post_thumbnail":0},"tags":[8978,9044,8803,9198,8979],"yst_prominent_words":[],"_links":{"self":[{"href":"https:\/\/www.discoverypublisher.com\/it\/wp-json\/wp\/v2\/pages\/28840"}],"collection":[{"href":"https:\/\/www.discoverypublisher.com\/it\/wp-json\/wp\/v2\/pages"}],"about":[{"href":"https:\/\/www.discoverypublisher.com\/it\/wp-json\/wp\/v2\/types\/page"}],"author":[{"embeddable":true,"href":"https:\/\/www.discoverypublisher.com\/it\/wp-json\/wp\/v2\/users\/1"}],"replies":[{"embeddable":true,"href":"https:\/\/www.discoverypublisher.com\/it\/wp-json\/wp\/v2\/comments?post=28840"}],"version-history":[{"count":10,"href":"https:\/\/www.discoverypublisher.com\/it\/wp-json\/wp\/v2\/pages\/28840\/revisions"}],"predecessor-version":[{"id":28965,"href":"https:\/\/www.discoverypublisher.com\/it\/wp-json\/wp\/v2\/pages\/28840\/revisions\/28965"}],"up":[{"embeddable":true,"href":"https:\/\/www.discoverypublisher.com\/it\/wp-json\/wp\/v2\/pages\/16021"}],"wp:featuredmedia":[{"embeddable":true,"href":"https:\/\/www.discoverypublisher.com\/it\/wp-json\/wp\/v2\/media\/28842"}],"wp:attachment":[{"href":"https:\/\/www.discoverypublisher.com\/it\/wp-json\/wp\/v2\/media?parent=28840"}],"wp:term":[{"taxonomy":"post_tag","embeddable":true,"href":"https:\/\/www.discoverypublisher.com\/it\/wp-json\/wp\/v2\/tags?post=28840"},{"taxonomy":"yst_prominent_words","embeddable":true,"href":"https:\/\/www.discoverypublisher.com\/it\/wp-json\/wp\/v2\/yst_prominent_words?post=28840"}],"curies":[{"name":"wp","href":"https:\/\/api.w.org\/{rel}","templated":true}]}}