{"id":26159,"date":"2021-12-06T06:27:36","date_gmt":"2021-12-06T05:27:36","guid":{"rendered":"https:\/\/www.discoverypublisher.com\/it\/?page_id=26159"},"modified":"2021-12-08T07:21:10","modified_gmt":"2021-12-08T06:21:10","slug":"joel-ducatillon","status":"publish","type":"page","link":"https:\/\/www.discoverypublisher.com\/it\/autori\/joel-ducatillon\/","title":{"rendered":"Jo\u00ebl Ducatillon"},"content":{"rendered":"<p>[vc_row css_animation=&#8221;&#8221; row_type=&#8221;row&#8221; use_row_as_full_screen_section=&#8221;no&#8221; type=&#8221;full_width&#8221; angled_section=&#8221;no&#8221; text_align=&#8221;left&#8221; background_image_as_pattern=&#8221;without_pattern&#8221; padding_top=&#8221;15&#8243; z_index=&#8221;&#8221;][vc_column][vc_column_text]<\/p>\n<p style=\"text-align: justify;\">Circa trent&#8217;anni fa, il mio primo lavoro \u00e8 stato quello di musicista e pianista professionista. Non ero uno Chopin, ero un pianista jazz, un pianista di variet\u00e0, e lo facevo per vivere. Anche allora, non mi sono mai concentrato sul successo sociale, o su uno scenario come: casa, pensione, assicurazione sociale. Non sono mai stato interessato a questo. La domanda principale che mi ha sempre assillato nella mia vita e mi ha portato a tutto questo \u00e8: chi sono io e perch\u00e9 sono qui? Sono solo una bistecca su una roccia che cammina nel cosmo? Queste erano le domande verdi che a volte mi ponevo, che mi assillavano e mi rendevano infelice.<\/p>\n<p>[\/vc_column_text][\/vc_column][\/vc_row][vc_row css_animation=&#8221;&#8221; row_type=&#8221;row&#8221; use_row_as_full_screen_section=&#8221;no&#8221; type=&#8221;full_width&#8221; angled_section=&#8221;no&#8221; text_align=&#8221;left&#8221; background_image_as_pattern=&#8221;without_pattern&#8221; padding_top=&#8221;20&#8243; z_index=&#8221;&#8221;][vc_column][vc_column_text]<\/p>\n<p style=\"text-align: justify;\">In seguito, ho seguito dei corsi di naturopatia a Parigi, perch\u00e9 sentivo che qui, a livello medico, c&#8217;erano delle cose incomplete. Poi mi sono stabilito come naturopata nel nord della Francia, nella zona di Lille. L\u00ec ho imparato molto dalle persone che sono venute a trovarmi. Ho imparato poco a poco, in migliaia e migliaia di consultazioni, in 7 anni, che la malattia era qualcosa di straordinario come insegnamento e come dono. In seguito, la mia coscienza \u00e8 progredita poco a poco, la maturit\u00e0 \u00e8 arrivata, e ho cominciato ad approfondire l&#8217;energia, il magnetismo, la geobiologia ecc., leggendo molti libri, quelli di Anne e Daniel Meurois Givaudan, Dialogues Avec l&#8217;Ange, e nel 1990, un bel giorno, c&#8217;era un&#8217;energia molto speciale che ha cominciato ad attraversarmi. E l\u00ec ho sentito, sentendo questa energia, che stavo trovando la mia famiglia, quella che mi aveva abbandonato sulla terra.<\/p>\n<p>[\/vc_column_text][\/vc_column][\/vc_row][vc_row css_animation=&#8221;&#8221; row_type=&#8221;row&#8221; use_row_as_full_screen_section=&#8221;no&#8221; type=&#8221;full_width&#8221; angled_section=&#8221;no&#8221; text_align=&#8221;left&#8221; background_image_as_pattern=&#8221;without_pattern&#8221; padding_top=&#8221;20&#8243; z_index=&#8221;&#8221;][vc_column][vc_column_text]<\/p>\n<p style=\"text-align: justify;\">Dopo questo, ho perso la mia famiglia terrena, ho perso la mia professione, la mia casa, insomma sono stato completamente spogliato, e sono rimasto in una specie di terra di nessuno per due o tre anni. Ho vissuto un po&#8217; in Svizzera, un po&#8217; ovunque, sempre senza alloggio, senza soldi, e vedete che sono ancora qui, vivo. Mi fa pensare a una parola del re Davide che disse: &#8220;Non ho mai visto il giusto abbandonato, n\u00e9 la sua stirpe chiedere il pane. (Sal. 37:25) Se tutti seguissero la sua via, si potrebbe andare in Sudafrica con solo uno spazzolino da denti, non c&#8217;\u00e8 nessun problema, si avr\u00e0 alloggio, cibo e vestiti puliti, e anche un bagno per lavarsi.<\/p>\n<p>[\/vc_column_text][\/vc_column][\/vc_row][vc_row css_animation=&#8221;&#8221; row_type=&#8221;row&#8221; use_row_as_full_screen_section=&#8221;no&#8221; type=&#8221;full_width&#8221; angled_section=&#8221;no&#8221; text_align=&#8221;left&#8221; background_image_as_pattern=&#8221;without_pattern&#8221; padding_top=&#8221;20&#8243; z_index=&#8221;&#8221;][vc_column][vc_column_text]<\/p>\n<p style=\"text-align: justify;\">Nel 1994, ho iniziato a fare tre sogni che hanno davvero dato un piccolo impulso a questa ricerca. Sapevo che non potevo pi\u00f9 trattare le persone come facevo nella mia precedente coscienza. Non mi interessava pi\u00f9, era molto pesante per me continuare a farlo, e comunque non c&#8217;erano pi\u00f9 clienti. Ma il &#8220;nuovo&#8221; non era arrivato. Cos\u00ec ho avuto un periodo piuttosto ansioso, difficile bisogna dirlo, che mi ha profondamente purificato per quanto riguarda il mio bisogno di comodit\u00e0, di sicurezza finanziaria, il mio bisogno di avere un partner, di avere figli, da tutti questi scenari in cui siamo stati programmati per migliaia di anni &#8211; diremo pi\u00f9 avanti il perch\u00e9. Cos\u00ec ho fatto tre sogni, di cui vi parler\u00f2, e questi tre sogni mi hanno permesso di iniziare questo cammino sconosciuto che mi ha portato a quest&#8217;acqua, e che poi porter\u00e0 a qualcos&#8217;altro che \u00e8 gi\u00e0 in corso.<\/p>\n<p>[\/vc_column_text][\/vc_column][\/vc_row][vc_row css_animation=&#8221;&#8221; row_type=&#8221;row&#8221; use_row_as_full_screen_section=&#8221;no&#8221; type=&#8221;full_width&#8221; angled_section=&#8221;no&#8221; text_align=&#8221;left&#8221; background_image_as_pattern=&#8221;without_pattern&#8221; padding_top=&#8221;20&#8243; z_index=&#8221;&#8221;][vc_column][vc_column_text]<\/p>\n<p style=\"text-align: justify;\">Nel primo sogno, ancora nel 1994, mi \u00e8 stato detto: tu farai un dispositivo, che si chiamer\u00e0 DNA 850, e questo dispositivo aprir\u00e0 delle porte. Circa due settimane dopo, ho fatto un altro sogno, e mi \u00e8 stata mostrata una porta girevole, come nelle entrate dei supermercati. Le persone facevano la fila e mettevano una carta in un dispositivo tipo bancomat, la porta si girava, lasciava passare una persona e dietro la porta c&#8217;era un tira chiappe che la portava su una montagna bianca.<\/p>\n<p style=\"text-align: justify;\">L&#8217;interpretazione di questo sogno era che la carta codificata (la carta della banca \u00e8 una carta codificata) stava sbloccando le memorie cellulari in modo che le persone potessero essere portate nella coscienza del loro s\u00e9 superiore con molto meno fastidio, difficolt\u00e0 e prove.<\/p>\n<p style=\"text-align: justify;\">Nel terzo sogno, mi \u00e8 stato mostrato un biglietto da visita con uno sfondo argentato, su cui era scritto in oro: Steel, Storm, Staelhe. E mi \u00e8 stato detto: questo \u00e8 il nome della tua ricerca. Quindi steel significa acciaio in inglese. L&#8217;acciaio \u00e8 composto da ferro e carbonio. Ora sapete che il nostro corpo fisico, il nostro DNA, l&#8217;atomo stesso della carne fisica, \u00e8 carbonio. Ci sono certe stelle, certi pianeti, su cui ci sono razze umane che sono fatte di silicio. Ma noi, qui, siamo a base di carbonio, il cui numero \u00e8 666. Suona familiare, vero? \u00c8 il numero della bestia, la bestia in cui siamo incarnati. Siamo mammiferi potenziati, o angeli leggermente diminuiti&#8230;<\/p>\n<p>[\/vc_column_text][\/vc_column][\/vc_row][vc_row css_animation=&#8221;&#8221; row_type=&#8221;row&#8221; use_row_as_full_screen_section=&#8221;no&#8221; type=&#8221;full_width&#8221; angled_section=&#8221;no&#8221; text_align=&#8221;left&#8221; background_image_as_pattern=&#8221;without_pattern&#8221; padding_top=&#8221;20&#8243; z_index=&#8221;&#8221;][vc_column][vc_column_text]<\/p>\n<p style=\"text-align: justify;\">Con questi tre sogni, cosa ho fatto? Non dovete credere che io sia un canale iper-dotato. N\u00e9 si deve pensare che io sia un accademico iper-talentuoso. Sono andato a scuola fino a 16 anni. Ma in questa ricerca chi mi ha guidato? Da persone come te, che mi hanno detto &#8220;ecco, leggi questo libro&#8221;, o &#8220;guarda l\u00e0&#8221;, &#8220;ascolta sull&#8217;autobus quello che dicono&#8221;, e cos\u00ec ho ricevuto messaggi da tutti, e sono riuscito a procurarmi dei libri sulla fisica quantistica, che parlano della costanza di Planck e tutte queste cose di cui conosco solo l&#8217;ABC, ma basta, non ho bisogno di essere intellettualmente obeso. Ho solo preso quello che mi serviva per fare quello che dovevo fare, qui e ora.<\/p>\n<p style=\"text-align: justify;\">Un amico molto caro mi ha invitato a condividere il suo appartamento, il che mi ha permesso di trovare spazio, tempo e silenzio, perch\u00e9 questa \u00e8 una ricerca che non si fa intellettualmente. Si fa con consegne successive. In altre parole, ogni volta che dovevo trovare qualcosa, dovevo trasformare qualcosa in me prima di trovarlo. Ma prima di trovare quello che dovevo trasformare, a volte mi ci sono voluti due o tre mesi.<\/p>\n<p>[\/vc_column_text][\/vc_column][\/vc_row][vc_row css_animation=&#8221;&#8221; row_type=&#8221;row&#8221; use_row_as_full_screen_section=&#8221;no&#8221; type=&#8221;full_width&#8221; angled_section=&#8221;no&#8221; text_align=&#8221;left&#8221; background_image_as_pattern=&#8221;without_pattern&#8221; padding_top=&#8221;20&#8243; z_index=&#8221;&#8221;][vc_column][vc_column_text]<\/p>\n<p style=\"text-align: justify;\">Era come se i ricordi dovessero essere trasformati per diventare trasparenti affinch\u00e9 io potessi accedere a questa conoscenza che conosco da Atlantide, perch\u00e9 in Atlantide questa ricerca era gi\u00e0 stata fatta.<\/p>\n<p style=\"text-align: justify;\">Naturalmente, quando ho sperimentato questo tipo di nascita, immediatamente c&#8217;\u00e8 qualcosa che arriva in modo molto improvviso, e in quel momento ho il filo che mi permette di andare oltre in questa ricerca. So anche che \u00e8 guidato, che ci sono esseri in astronavi nell&#8217;aldil\u00e0, esseri cristici che mi aiutano e mi guidano. Ma non hanno mai fatto il lavoro per me. In altre parole, mi danno un piccolo suggerimento e poi lavoro. E io preferisco questo. Preferisco fare questo che essere un pappagallo celeste, un pappagallo che trasmette cose celesti sulla terra.<\/p>\n<p>[\/vc_column_text][\/vc_column][\/vc_row][vc_row css_animation=&#8221;&#8221; row_type=&#8221;row&#8221; use_row_as_full_screen_section=&#8221;no&#8221; type=&#8221;full_width&#8221; angled_section=&#8221;no&#8221; text_align=&#8221;left&#8221; background_image_as_pattern=&#8221;without_pattern&#8221; padding_top=&#8221;49&#8243; z_index=&#8221;&#8221;][vc_column][vc_column_text]<\/p>\n<p><div class=\"ngg-galleria-parent nextgen_pro_horizontal_filmstrip\"\n     data-id=\"d0dd47b90ccfa5cf4bd31693005723b4\"\n     id=\"displayed_gallery_d0dd47b90ccfa5cf4bd31693005723b4\">\n\t<div class=\"ngg-galleria\"><\/div>\n\n    <div class=\"ngg-galleria-offscreen-seo-wrapper\">\n                    <a href=\"https:\/\/www.discoverypublisher.com\/it\/wp-content\/uploads\/sites\/1\/nggallery\/joel-ducatillon\/Joel-Ducatillon-1.jpg\"\n               title=\"Jo\u00ebl Ducatillon\"\n               data-src=\"https:\/\/www.discoverypublisher.com\/it\/wp-content\/uploads\/sites\/1\/nggallery\/joel-ducatillon\/Joel-Ducatillon-1.jpg\"\n               data-thumbnail=\"https:\/\/www.discoverypublisher.com\/it\/wp-content\/uploads\/sites\/1\/nggallery\/joel-ducatillon\/thumbs\/thumbs_Joel-Ducatillon-1.jpg\"\n               data-image-id=\"902\"\n               data-title=\"Jo\u00ebl Ducatillon\"\n               data-description=\"Jo\u00ebl Ducatillon\"\n                class=\"ngg-fancybox\" rel=\"d0dd47b90ccfa5cf4bd31693005723b4\">\n                <picture>\n\t\n<source srcset='https:\/\/www.discoverypublisher.com\/it\/wp-content\/uploads\/sites\/1\/nggallery\/joel-ducatillon\/Joel-Ducatillon-1.jpg' media=''>\n<img title=\"Jo\u00ebl Ducatillon\" alt=\"Jo\u00ebl Ducatillon\" width=\"1024\" height=\"768\" style=\"max-width:1024px;max-height:768px\" src=\"https:\/\/www.discoverypublisher.com\/it\/wp-content\/uploads\/sites\/1\/nggallery\/joel-ducatillon\/Joel-Ducatillon-1.jpg\" srcset=\"https:\/\/www.discoverypublisher.com\/it\/wp-content\/uploads\/sites\/1\/nggallery\/joel-ducatillon\/Joel-Ducatillon-1.jpg\" onerror=\"nggRetryFailedImage(this);\"\/>\n<\/picture>            <\/a>\n                        <a href=\"https:\/\/www.discoverypublisher.com\/it\/wp-content\/uploads\/sites\/1\/nggallery\/joel-ducatillon\/joel-ducatillon-2.jpg\"\n               title=\"Jo\u00ebl Ducatillon\"\n               data-src=\"https:\/\/www.discoverypublisher.com\/it\/wp-content\/uploads\/sites\/1\/nggallery\/joel-ducatillon\/joel-ducatillon-2.jpg\"\n               data-thumbnail=\"https:\/\/www.discoverypublisher.com\/it\/wp-content\/uploads\/sites\/1\/nggallery\/joel-ducatillon\/thumbs\/thumbs_joel-ducatillon-2.jpg\"\n               data-image-id=\"903\"\n               data-title=\"Jo\u00ebl Ducatillon\"\n               data-description=\"Jo\u00ebl Ducatillon\"\n                class=\"ngg-fancybox\" rel=\"d0dd47b90ccfa5cf4bd31693005723b4\">\n                <picture>\n\t\n<source srcset='https:\/\/www.discoverypublisher.com\/it\/wp-content\/uploads\/sites\/1\/nggallery\/joel-ducatillon\/joel-ducatillon-2.jpg' media=''>\n<img title=\"Jo\u00ebl Ducatillon\" alt=\"Jo\u00ebl Ducatillon\" width=\"960\" height=\"960\" style=\"max-width:960px;max-height:960px\" src=\"https:\/\/www.discoverypublisher.com\/it\/wp-content\/uploads\/sites\/1\/nggallery\/joel-ducatillon\/joel-ducatillon-2.jpg\" srcset=\"https:\/\/www.discoverypublisher.com\/it\/wp-content\/uploads\/sites\/1\/nggallery\/joel-ducatillon\/joel-ducatillon-2.jpg\" onerror=\"nggRetryFailedImage(this);\"\/>\n<\/picture>            <\/a>\n                        <a href=\"https:\/\/www.discoverypublisher.com\/it\/wp-content\/uploads\/sites\/1\/nggallery\/joel-ducatillon\/Joel-Ducatillon-3.jpg\"\n               title=\"Jo\u00ebl Ducatillon\"\n               data-src=\"https:\/\/www.discoverypublisher.com\/it\/wp-content\/uploads\/sites\/1\/nggallery\/joel-ducatillon\/Joel-Ducatillon-3.jpg\"\n               data-thumbnail=\"https:\/\/www.discoverypublisher.com\/it\/wp-content\/uploads\/sites\/1\/nggallery\/joel-ducatillon\/thumbs\/thumbs_Joel-Ducatillon-3.jpg\"\n               data-image-id=\"904\"\n               data-title=\"Jo\u00ebl Ducatillon\"\n               data-description=\"Jo\u00ebl Ducatillon\"\n                class=\"ngg-fancybox\" rel=\"d0dd47b90ccfa5cf4bd31693005723b4\">\n                <picture>\n\t\n<source srcset='https:\/\/www.discoverypublisher.com\/it\/wp-content\/uploads\/sites\/1\/nggallery\/joel-ducatillon\/Joel-Ducatillon-3.jpg' media=''>\n<img title=\"Jo\u00ebl Ducatillon\" alt=\"Jo\u00ebl Ducatillon\" width=\"480\" height=\"323\" style=\"max-width:480px;max-height:323px\" src=\"https:\/\/www.discoverypublisher.com\/it\/wp-content\/uploads\/sites\/1\/nggallery\/joel-ducatillon\/Joel-Ducatillon-3.jpg\" srcset=\"https:\/\/www.discoverypublisher.com\/it\/wp-content\/uploads\/sites\/1\/nggallery\/joel-ducatillon\/Joel-Ducatillon-3.jpg\" onerror=\"nggRetryFailedImage(this);\"\/>\n<\/picture>            <\/a>\n                        <a href=\"https:\/\/www.discoverypublisher.com\/it\/wp-content\/uploads\/sites\/1\/nggallery\/joel-ducatillon\/Joel-Ducatillon-4.jpg\"\n               title=\"Jo\u00ebl Ducatillon\"\n               data-src=\"https:\/\/www.discoverypublisher.com\/it\/wp-content\/uploads\/sites\/1\/nggallery\/joel-ducatillon\/Joel-Ducatillon-4.jpg\"\n               data-thumbnail=\"https:\/\/www.discoverypublisher.com\/it\/wp-content\/uploads\/sites\/1\/nggallery\/joel-ducatillon\/thumbs\/thumbs_Joel-Ducatillon-4.jpg\"\n               data-image-id=\"905\"\n               data-title=\"Jo\u00ebl Ducatillon\"\n               data-description=\"Jo\u00ebl Ducatillon\"\n                class=\"ngg-fancybox\" rel=\"d0dd47b90ccfa5cf4bd31693005723b4\">\n                <picture>\n\t\n<source srcset='https:\/\/www.discoverypublisher.com\/it\/wp-content\/uploads\/sites\/1\/nggallery\/joel-ducatillon\/Joel-Ducatillon-4.jpg' media=''>\n<img title=\"Jo\u00ebl Ducatillon\" alt=\"Jo\u00ebl Ducatillon\" width=\"1024\" height=\"768\" style=\"max-width:1024px;max-height:768px\" src=\"https:\/\/www.discoverypublisher.com\/it\/wp-content\/uploads\/sites\/1\/nggallery\/joel-ducatillon\/Joel-Ducatillon-4.jpg\" srcset=\"https:\/\/www.discoverypublisher.com\/it\/wp-content\/uploads\/sites\/1\/nggallery\/joel-ducatillon\/Joel-Ducatillon-4.jpg\" onerror=\"nggRetryFailedImage(this);\"\/>\n<\/picture>            <\/a>\n                        <a href=\"https:\/\/www.discoverypublisher.com\/it\/wp-content\/uploads\/sites\/1\/nggallery\/joel-ducatillon\/Joel-Ducatillon-5.jpg\"\n               title=\"Jo\u00ebl Ducatillon\"\n               data-src=\"https:\/\/www.discoverypublisher.com\/it\/wp-content\/uploads\/sites\/1\/nggallery\/joel-ducatillon\/Joel-Ducatillon-5.jpg\"\n               data-thumbnail=\"https:\/\/www.discoverypublisher.com\/it\/wp-content\/uploads\/sites\/1\/nggallery\/joel-ducatillon\/thumbs\/thumbs_Joel-Ducatillon-5.jpg\"\n               data-image-id=\"906\"\n               data-title=\"Jo\u00ebl Ducatillon\"\n               data-description=\"Jo\u00ebl Ducatillon\"\n                class=\"ngg-fancybox\" rel=\"d0dd47b90ccfa5cf4bd31693005723b4\">\n                <picture>\n\t\n<source srcset='https:\/\/www.discoverypublisher.com\/it\/wp-content\/uploads\/sites\/1\/nggallery\/joel-ducatillon\/Joel-Ducatillon-5.jpg' media=''>\n<img title=\"Jo\u00ebl Ducatillon\" alt=\"Jo\u00ebl Ducatillon\" width=\"1280\" height=\"720\" style=\"max-width:1280px;max-height:720px\" src=\"https:\/\/www.discoverypublisher.com\/it\/wp-content\/uploads\/sites\/1\/nggallery\/joel-ducatillon\/Joel-Ducatillon-5.jpg\" srcset=\"https:\/\/www.discoverypublisher.com\/it\/wp-content\/uploads\/sites\/1\/nggallery\/joel-ducatillon\/Joel-Ducatillon-5.jpg\" onerror=\"nggRetryFailedImage(this);\"\/>\n<\/picture>            <\/a>\n                        <a href=\"https:\/\/www.discoverypublisher.com\/it\/wp-content\/uploads\/sites\/1\/nggallery\/joel-ducatillon\/Joel-Ducatillon-6.jpg\"\n               title=\"Jo\u00ebl Ducatillon\"\n               data-src=\"https:\/\/www.discoverypublisher.com\/it\/wp-content\/uploads\/sites\/1\/nggallery\/joel-ducatillon\/Joel-Ducatillon-6.jpg\"\n               data-thumbnail=\"https:\/\/www.discoverypublisher.com\/it\/wp-content\/uploads\/sites\/1\/nggallery\/joel-ducatillon\/thumbs\/thumbs_Joel-Ducatillon-6.jpg\"\n               data-image-id=\"907\"\n               data-title=\"Jo\u00ebl Ducatillon\"\n               data-description=\"Jo\u00ebl Ducatillon\"\n                class=\"ngg-fancybox\" rel=\"d0dd47b90ccfa5cf4bd31693005723b4\">\n                <picture>\n\t\n<source srcset='https:\/\/www.discoverypublisher.com\/it\/wp-content\/uploads\/sites\/1\/nggallery\/joel-ducatillon\/Joel-Ducatillon-6.jpg' media=''>\n<img title=\"Jo\u00ebl Ducatillon\" alt=\"Jo\u00ebl Ducatillon\" width=\"1200\" height=\"800\" style=\"max-width:1200px;max-height:800px\" src=\"https:\/\/www.discoverypublisher.com\/it\/wp-content\/uploads\/sites\/1\/nggallery\/joel-ducatillon\/Joel-Ducatillon-6.jpg\" srcset=\"https:\/\/www.discoverypublisher.com\/it\/wp-content\/uploads\/sites\/1\/nggallery\/joel-ducatillon\/Joel-Ducatillon-6.jpg\" onerror=\"nggRetryFailedImage(this);\"\/>\n<\/picture>            <\/a>\n                        <a href=\"https:\/\/www.discoverypublisher.com\/it\/wp-content\/uploads\/sites\/1\/nggallery\/joel-ducatillon\/Joel-Ducatillon-7.jpg\"\n               title=\"Jo\u00ebl Ducatillon\"\n               data-src=\"https:\/\/www.discoverypublisher.com\/it\/wp-content\/uploads\/sites\/1\/nggallery\/joel-ducatillon\/Joel-Ducatillon-7.jpg\"\n               data-thumbnail=\"https:\/\/www.discoverypublisher.com\/it\/wp-content\/uploads\/sites\/1\/nggallery\/joel-ducatillon\/thumbs\/thumbs_Joel-Ducatillon-7.jpg\"\n               data-image-id=\"908\"\n               data-title=\"Jo\u00ebl Ducatillon\"\n               data-description=\"Jo\u00ebl Ducatillon\"\n                class=\"ngg-fancybox\" rel=\"d0dd47b90ccfa5cf4bd31693005723b4\">\n                <picture>\n\t\n<source srcset='https:\/\/www.discoverypublisher.com\/it\/wp-content\/uploads\/sites\/1\/nggallery\/joel-ducatillon\/Joel-Ducatillon-7.jpg' media=''>\n<img title=\"Jo\u00ebl Ducatillon\" alt=\"Jo\u00ebl Ducatillon\" width=\"1280\" height=\"720\" style=\"max-width:1280px;max-height:720px\" src=\"https:\/\/www.discoverypublisher.com\/it\/wp-content\/uploads\/sites\/1\/nggallery\/joel-ducatillon\/Joel-Ducatillon-7.jpg\" srcset=\"https:\/\/www.discoverypublisher.com\/it\/wp-content\/uploads\/sites\/1\/nggallery\/joel-ducatillon\/Joel-Ducatillon-7.jpg\" onerror=\"nggRetryFailedImage(this);\"\/>\n<\/picture>            <\/a>\n                <\/div>\n<\/div>\n[\/vc_column_text][\/vc_column][\/vc_row][vc_row css_animation=&#8221;&#8221; row_type=&#8221;row&#8221; use_row_as_full_screen_section=&#8221;no&#8221; type=&#8221;full_width&#8221; angled_section=&#8221;no&#8221; text_align=&#8221;left&#8221; background_image_as_pattern=&#8221;without_pattern&#8221; z_index=&#8221;&#8221;][vc_column][vc_separator type=&#8221;transparent&#8221; down=&#8221;84&#8243;][\/vc_column][\/vc_row]<\/p>\n","protected":false},"excerpt":{"rendered":"<p>Jo\u00ebl Ducatillon \u00e8 un musicista, naturoterapista e autore di diversi libri spirituali, tra cui \u00abEl agua diamante, una coscienza\u00bb.<\/p>\n","protected":false},"author":1,"featured_media":0,"parent":16021,"menu_order":0,"comment_status":"closed","ping_status":"closed","template":"","meta":{"_seopress_robots_primary_cat":"","ngg_post_thumbnail":0},"tags":[8978,9044,8803,8801,8979],"_links":{"self":[{"href":"https:\/\/www.discoverypublisher.com\/it\/wp-json\/wp\/v2\/pages\/26159"}],"collection":[{"href":"https:\/\/www.discoverypublisher.com\/it\/wp-json\/wp\/v2\/pages"}],"about":[{"href":"https:\/\/www.discoverypublisher.com\/it\/wp-json\/wp\/v2\/types\/page"}],"author":[{"embeddable":true,"href":"https:\/\/www.discoverypublisher.com\/it\/wp-json\/wp\/v2\/users\/1"}],"replies":[{"embeddable":true,"href":"https:\/\/www.discoverypublisher.com\/it\/wp-json\/wp\/v2\/comments?post=26159"}],"version-history":[{"count":4,"href":"https:\/\/www.discoverypublisher.com\/it\/wp-json\/wp\/v2\/pages\/26159\/revisions"}],"predecessor-version":[{"id":26174,"href":"https:\/\/www.discoverypublisher.com\/it\/wp-json\/wp\/v2\/pages\/26159\/revisions\/26174"}],"up":[{"embeddable":true,"href":"https:\/\/www.discoverypublisher.com\/it\/wp-json\/wp\/v2\/pages\/16021"}],"wp:attachment":[{"href":"https:\/\/www.discoverypublisher.com\/it\/wp-json\/wp\/v2\/media?parent=26159"}],"wp:term":[{"taxonomy":"post_tag","embeddable":true,"href":"https:\/\/www.discoverypublisher.com\/it\/wp-json\/wp\/v2\/tags?post=26159"}],"curies":[{"name":"wp","href":"https:\/\/api.w.org\/{rel}","templated":true}]}}