{"id":26096,"date":"2021-12-06T05:33:51","date_gmt":"2021-12-06T04:33:51","guid":{"rendered":"https:\/\/www.discoverypublisher.com\/it\/?page_id=26096"},"modified":"2021-12-08T07:21:43","modified_gmt":"2021-12-08T06:21:43","slug":"mathieu-blanchot","status":"publish","type":"page","link":"https:\/\/www.discoverypublisher.com\/it\/autori\/mathieu-blanchot\/","title":{"rendered":"Mathieu Blanchot"},"content":{"rendered":"<p>[vc_row css_animation=&#8221;&#8221; row_type=&#8221;row&#8221; use_row_as_full_screen_section=&#8221;no&#8221; type=&#8221;full-width&#8221; angled_section=&#8221;no&#8221; text_align=&#8221;left&#8221; background_image_as_pattern=&#8221;without_pattern&#8221; padding_top=&#8221;15&#8243;][vc_column width=&#8221;1\/4&#8243;][vc_single_image image=&#8221;26138&#8243; img_size=&#8221;full&#8221; alignment=&#8221;center&#8221; style=&#8221;vc_box_rounded&#8221; qode_css_animation=&#8221;element_from_left&#8221; transition_delay=&#8221;0.3&#8243;][\/vc_column][vc_column width=&#8221;3\/4&#8243;][vc_column_text]<\/p>\n<p style=\"text-align: justify;\">\u2014 \u00c8 stato all&#8217;universit\u00e0 che Mathieu Blanchot ha iniziato a sviluppare la passione per il disegno &#8211; prima con i manga, poi con i fumetti di tutti i generi.<\/p>\n<p style=\"text-align: justify;\">\u2014&nbsp;Durante gli anni del liceo, ha incontrato Fr\u00e9d\u00e9ric Campoy, con il quale ha preso lezioni di disegno a fumetti.<\/p>\n<p style=\"text-align: justify;\">\u2014&nbsp;Con il suo diploma in mano, ha continuato i suoi studi all&#8217;ESMI (\u00c9cole sup\u00e9rieure des m\u00e9tiers de l&#8217;image) a Bordeaux nella sezione fumetto.<\/p>\n<p style=\"text-align: justify;\">\u2014&nbsp;Con il suo diploma in mano, trova Fr\u00e9d\u00e9ric Campoy e si imbarca nel suo primo fumetto Une vie avec Alexandra David-Neel.<\/p>\n<p>[\/vc_column_text][\/vc_column][\/vc_row][vc_row css_animation=&#8221;&#8221; row_type=&#8221;row&#8221; use_row_as_full_screen_section=&#8221;no&#8221; type=&#8221;full-width&#8221; angled_section=&#8221;no&#8221; text_align=&#8221;left&#8221; background_image_as_pattern=&#8221;without_pattern&#8221; padding_top=&#8221;30&#8243;][vc_column][vc_single_image image=&#8221;26133&#8243; img_size=&#8221;full&#8221; alignment=&#8221;center&#8221; style=&#8221;vc_box_rounded&#8221; qode_css_animation=&#8221;element_from_left&#8221; transition_delay=&#8221;0.3&#8243;][\/vc_column][\/vc_row][vc_row css_animation=&#8221;&#8221; row_type=&#8221;row&#8221; use_row_as_full_screen_section=&#8221;no&#8221; type=&#8221;full_width&#8221; angled_section=&#8221;no&#8221; text_align=&#8221;left&#8221; background_image_as_pattern=&#8221;without_pattern&#8221; background_color=&#8221;#ffffff&#8221; padding_top=&#8221;40&#8243;][vc_column][vc_separator type=&#8221;transparent&#8221; down=&#8221;40&#8243;][\/vc_column][\/vc_row]<\/p>\n","protected":false},"excerpt":{"rendered":"<p>Mathieu Blanchot \u00e8 un fumettista francese. Attualmente vive in Francia.<\/p>\n","protected":false},"author":1,"featured_media":26137,"parent":16021,"menu_order":0,"comment_status":"closed","ping_status":"closed","template":"","meta":{"_seopress_robots_primary_cat":"","ngg_post_thumbnail":0},"tags":[8978,9044,8803,8871,8979],"_links":{"self":[{"href":"https:\/\/www.discoverypublisher.com\/it\/wp-json\/wp\/v2\/pages\/26096"}],"collection":[{"href":"https:\/\/www.discoverypublisher.com\/it\/wp-json\/wp\/v2\/pages"}],"about":[{"href":"https:\/\/www.discoverypublisher.com\/it\/wp-json\/wp\/v2\/types\/page"}],"author":[{"embeddable":true,"href":"https:\/\/www.discoverypublisher.com\/it\/wp-json\/wp\/v2\/users\/1"}],"replies":[{"embeddable":true,"href":"https:\/\/www.discoverypublisher.com\/it\/wp-json\/wp\/v2\/comments?post=26096"}],"version-history":[{"count":2,"href":"https:\/\/www.discoverypublisher.com\/it\/wp-json\/wp\/v2\/pages\/26096\/revisions"}],"predecessor-version":[{"id":26140,"href":"https:\/\/www.discoverypublisher.com\/it\/wp-json\/wp\/v2\/pages\/26096\/revisions\/26140"}],"up":[{"embeddable":true,"href":"https:\/\/www.discoverypublisher.com\/it\/wp-json\/wp\/v2\/pages\/16021"}],"wp:featuredmedia":[{"embeddable":true,"href":"https:\/\/www.discoverypublisher.com\/it\/wp-json\/wp\/v2\/media\/26137"}],"wp:attachment":[{"href":"https:\/\/www.discoverypublisher.com\/it\/wp-json\/wp\/v2\/media?parent=26096"}],"wp:term":[{"taxonomy":"post_tag","embeddable":true,"href":"https:\/\/www.discoverypublisher.com\/it\/wp-json\/wp\/v2\/tags?post=26096"}],"curies":[{"name":"wp","href":"https:\/\/api.w.org\/{rel}","templated":true}]}}