{"id":25825,"date":"2019-11-24T05:29:54","date_gmt":"2019-11-24T04:29:54","guid":{"rendered":"https:\/\/www.discoverypublisher.com\/it\/?page_id=25825"},"modified":"2021-12-21T04:59:45","modified_gmt":"2021-12-21T03:59:45","slug":"william-pike-phelon","status":"publish","type":"page","link":"https:\/\/www.discoverypublisher.com\/it\/autore\/william-pike-phelon\/","title":{"rendered":"William Pike Phelon"},"content":{"rendered":"<p>[vc_row css_animation=&#8221;&#8221; row_type=&#8221;row&#8221; use_row_as_full_screen_section=&#8221;no&#8221; type=&#8221;full_width&#8221; angled_section=&#8221;no&#8221; text_align=&#8221;left&#8221; background_image_as_pattern=&#8221;without_pattern&#8221; padding_top=&#8221;15&#8243; z_index=&#8221;&#8221;][vc_column]<blockquote class=' with_quote_icon' style=''><i class='fa fa-quote-right' style=''><\/i><h5 class='blockquote-text' style=''>Non \u00e8 necessario che un autore, in questi ultimi tempi, possa sempre dire che scrive di sua conoscenza. Questo \u00e8 diventato un fatto riconosciuto. Pu\u00f2 scrivere a partire dall'esperienza di un altro, nella cui onest\u00e0 e affidabilit\u00e0 ha altrettanta, e a volte pi\u00f9, fiducia che nel proprio senso personale.<\/h5><\/blockquote>[\/vc_column][\/vc_row][vc_row css_animation=&#8221;&#8221; row_type=&#8221;row&#8221; use_row_as_full_screen_section=&#8221;no&#8221; type=&#8221;full_width&#8221; angled_section=&#8221;no&#8221; text_align=&#8221;left&#8221; background_image_as_pattern=&#8221;without_pattern&#8221; padding_top=&#8221;25&#8243; z_index=&#8221;&#8221;][vc_column][vc_column_text]<\/p>\n<p style=\"text-align: justify;\">William Pike Phelon era un occultista inglese-americano, coinvolto con la sezione americana della Societ\u00e0 Teosofica a Chicago, e co-fondatore della Fratellanza Ermetica di Atlantide, Luxor ed Elefante.<\/p>\n<p>[\/vc_column_text][\/vc_column][\/vc_row][vc_row css_animation=&#8221;&#8221; row_type=&#8221;row&#8221; use_row_as_full_screen_section=&#8221;no&#8221; type=&#8221;full_width&#8221; angled_section=&#8221;no&#8221; text_align=&#8221;left&#8221; background_image_as_pattern=&#8221;without_pattern&#8221; background_color=&#8221;#ffffff&#8221; padding_top=&#8221;69&#8243; z_index=&#8221;&#8221;][vc_column][vc_separator type=&#8221;transparent&#8221; down=&#8221;40&#8243;][\/vc_column][\/vc_row]<\/p>\n","protected":false},"excerpt":{"rendered":"<p>William Pike Phelon era un occultista inglese-americano, coinvolto con la sezione americana della Societ\u00e0 Teosofica a Chicago, e co-fondatore della Fratellanza Ermetica di Atlantide, Luxor ed Elefante.<\/p>\n","protected":false},"author":1,"featured_media":25829,"parent":16021,"menu_order":0,"comment_status":"closed","ping_status":"closed","template":"","meta":{"_seopress_robots_primary_cat":"","ngg_post_thumbnail":0},"tags":[8978,9044,8803,8979,8988],"_links":{"self":[{"href":"https:\/\/www.discoverypublisher.com\/it\/wp-json\/wp\/v2\/pages\/25825"}],"collection":[{"href":"https:\/\/www.discoverypublisher.com\/it\/wp-json\/wp\/v2\/pages"}],"about":[{"href":"https:\/\/www.discoverypublisher.com\/it\/wp-json\/wp\/v2\/types\/page"}],"author":[{"embeddable":true,"href":"https:\/\/www.discoverypublisher.com\/it\/wp-json\/wp\/v2\/users\/1"}],"replies":[{"embeddable":true,"href":"https:\/\/www.discoverypublisher.com\/it\/wp-json\/wp\/v2\/comments?post=25825"}],"version-history":[{"count":6,"href":"https:\/\/www.discoverypublisher.com\/it\/wp-json\/wp\/v2\/pages\/25825\/revisions"}],"predecessor-version":[{"id":28039,"href":"https:\/\/www.discoverypublisher.com\/it\/wp-json\/wp\/v2\/pages\/25825\/revisions\/28039"}],"up":[{"embeddable":true,"href":"https:\/\/www.discoverypublisher.com\/it\/wp-json\/wp\/v2\/pages\/16021"}],"wp:featuredmedia":[{"embeddable":true,"href":"https:\/\/www.discoverypublisher.com\/it\/wp-json\/wp\/v2\/media\/25829"}],"wp:attachment":[{"href":"https:\/\/www.discoverypublisher.com\/it\/wp-json\/wp\/v2\/media?parent=25825"}],"wp:term":[{"taxonomy":"post_tag","embeddable":true,"href":"https:\/\/www.discoverypublisher.com\/it\/wp-json\/wp\/v2\/tags?post=25825"}],"curies":[{"name":"wp","href":"https:\/\/api.w.org\/{rel}","templated":true}]}}