{"id":18167,"date":"2014-10-01T23:45:31","date_gmt":"2014-10-01T21:45:31","guid":{"rendered":"https:\/\/www.discoverypublisher.com\/it\/?page_id=18167"},"modified":"2021-12-08T04:04:40","modified_gmt":"2021-12-08T03:04:40","slug":"akarpa-lobsang-rinpoche","status":"publish","type":"page","link":"https:\/\/www.discoverypublisher.com\/it\/artisti\/akarpa-lobsang-rinpoche\/","title":{"rendered":"Akarpa Lobsang Rinpoche"},"content":{"rendered":"<p>[vc_row css_animation=&#8221;&#8221; row_type=&#8221;row&#8221; use_row_as_full_screen_section=&#8221;no&#8221; type=&#8221;full_width&#8221; angled_section=&#8221;no&#8221; text_align=&#8221;left&#8221; background_image_as_pattern=&#8221;without_pattern&#8221; background_color=&#8221;#ffffff&#8221; z_index=&#8221;&#8221; padding_top=&#8221;15&#8243;][vc_column]<blockquote class=' with_quote_icon' style=''><i class='fa fa-quote-right' style=''><\/i><h5 class='blockquote-text' style=''>Akarpa Rinpoche prega sentitamente che l'insegnamento buddista, ereditato dalla terra innevata dell'Himalaya, risplender\u00e0 come il sole, illuminando i cuori di tutti gli esseri. Prega affinch\u00e9 tutti gli esseri senzienti possano presto tornare alla pura luce della Verit\u00e0.<\/h5><\/blockquote>[\/vc_column][\/vc_row][vc_row css_animation=&#8221;&#8221; row_type=&#8221;row&#8221; use_row_as_full_screen_section=&#8221;no&#8221; type=&#8221;full_width&#8221; angled_section=&#8221;no&#8221; text_align=&#8221;left&#8221; background_image_as_pattern=&#8221;without_pattern&#8221; padding_top=&#8221;25&#8243; z_index=&#8221;&#8221;][vc_column width=&#8221;1\/3&#8243;][vc_single_image image=&#8221;18182&#8243; img_size=&#8221;medium&#8221; alignment=&#8221;center&#8221; style=&#8221;vc_box_rounded&#8221; qode_css_animation=&#8221;element_from_left&#8221; transition_delay=&#8221;0.3&#8243;][\/vc_column][vc_column width=&#8221;2\/3&#8243;][vc_column_text]<\/p>\n<p style=\"text-align: justify;\">In virt\u00f9 della reincarnazione di un Mahasiddha (Great Achiever, ovvero Grande Maestro), e discepolo della terza generazione del grande Maestro Shardza Tashi Gyaltsen (una delle figure di spicco del Movimento Non-Settario Tibetano), Akarpa Rinpoche divenne un monaco buddista all&#8217;et\u00e0 di 4 anni. Nel corso degli anni, gli furono trasmessi vari insegnamenti sacri dal Buddismo Bon, Gelugpa, Nyingma e altri lignaggi, compresa la pi\u00f9 pura e completa tradizione della Grande Perfezione. Oltre a queste tradizioni tibetane, Akarpa Rinpoche ha anche proseguito gli studi universitari di Buddhismo Mahayana e Zen presso il pi\u00f9 rinomato Buddhist College cinese e si \u00e8 laureato in Religione e Filosofia Comparativa all&#8217;Universit\u00e0 di Pechino. Rinpoche non \u00e8 solo uno studioso buddista, ma anche un professionista di successo. Nel 2011, collaborando con scienziati statunitensi, Akarpa Rinpoche ha dimostrato uno stato di attivit\u00e0 neuronale sensoriale che \u00e8 aumentato di 100 volte durante la meditazione.<\/p>\n<p>[\/vc_column_text][\/vc_column][\/vc_row][vc_row css_animation=&#8221;&#8221; row_type=&#8221;row&#8221; use_row_as_full_screen_section=&#8221;no&#8221; type=&#8221;full_width&#8221; angled_section=&#8221;no&#8221; text_align=&#8221;left&#8221; background_image_as_pattern=&#8221;without_pattern&#8221; background_color=&#8221;#ffffff&#8221; padding_top=&#8221;49&#8243; z_index=&#8221;&#8221;][vc_column width=&#8221;2\/3&#8243;][vc_column_text]<\/p>\n<p style=\"text-align: justify;\">Con il supporto di quasi 30 anni di studio e pratica, Akarpa Rinpoche si \u00e8 guadagnato la cattedra di meditazione e si \u00e8 affermato come maestro di Himalayan Zhang-Zhung Yoga.<\/p>\n<p style=\"text-align: justify;\">Inoltre, Rinpoche trasmette l&#8217;insegnamento della Grande Perfezione a degli individui accuratamente selezionati non appena la loro specifica situazione sia idonea.<\/p>\n<p>[\/vc_column_text][\/vc_column][vc_column width=&#8221;1\/3&#8243;][vc_single_image image=&#8221;18181&#8243; img_size=&#8221;medium&#8221; alignment=&#8221;center&#8221; style=&#8221;vc_box_rounded&#8221; qode_css_animation=&#8221;element_from_right&#8221; transition_delay=&#8221;0.3&#8243;][\/vc_column][\/vc_row][vc_row css_animation=&#8221;&#8221; row_type=&#8221;row&#8221; use_row_as_full_screen_section=&#8221;no&#8221; type=&#8221;full_width&#8221; angled_section=&#8221;no&#8221; text_align=&#8221;left&#8221; background_image_as_pattern=&#8221;without_pattern&#8221; padding_top=&#8221;49&#8243; z_index=&#8221;&#8221;][vc_column width=&#8221;1\/3&#8243;][vc_single_image image=&#8221;18180&#8243; img_size=&#8221;medium&#8221; alignment=&#8221;center&#8221; style=&#8221;vc_box_rounded&#8221; qode_css_animation=&#8221;element_from_left&#8221; transition_delay=&#8221;0.3&#8243;][\/vc_column][vc_column width=&#8221;2\/3&#8243;][vc_column_text]<\/p>\n<p style=\"text-align: justify;\">Negli ultimi anni, Akarpa Rinpoche ha viaggiato parecchio negli Stati Uniti, in Europa e in molte parti dell&#8217;Asia per insegnare l&#8217;Himalayan Yoga, la meditazione e i seminari sull&#8217;amore e la compassione, cos\u00ec come la sua stessa creazione, il Che-Chod Yoga. Il suo approccio \u00e8 impavido, sincero e coraggioso.<\/p>\n<p style=\"text-align: justify;\">La saggezza che sgorga dal cuore di Akarpa Rinpoche ha toccato molto il suo pubblico e ha aiutato profondamente i suoi discepoli e gli studenti.<\/p>\n<p>[\/vc_column_text][\/vc_column][\/vc_row][vc_row css_animation=&#8221;&#8221; row_type=&#8221;row&#8221; use_row_as_full_screen_section=&#8221;no&#8221; type=&#8221;full_width&#8221; angled_section=&#8221;no&#8221; text_align=&#8221;left&#8221; background_image_as_pattern=&#8221;without_pattern&#8221; background_color=&#8221;#ffffff&#8221; padding_top=&#8221;49&#8243; z_index=&#8221;&#8221;][vc_column width=&#8221;2\/3&#8243;][vc_column_text]<\/p>\n<p style=\"text-align: justify;\">Akarpa Rinpoche attribuisce grande importanza allo sviluppo del corpo e della mente; inoltre, affronta le difficolt\u00e0 fisiche ed emotive derivanti dall&#8217;impatto della societ\u00e0 moderna. Rinpoche sostiene che la coltivazione della saggezza deve andare di pari passo con la pratica fisica.<\/p>\n<p style=\"text-align: justify;\">&#8220;Praticare lo yoga permetter\u00e0 di aprire i canali energetici del corpo e di stimolare il flusso di energia. Questo aiuter\u00e0 il praticante a raggiungere uno stato mentale pacifico e a progredire rapidamente nella coltivazione della saggezza.&#8221;<\/p>\n<p>[\/vc_column_text][\/vc_column][vc_column width=&#8221;1\/3&#8243;][vc_single_image image=&#8221;18179&#8243; img_size=&#8221;medium&#8221; alignment=&#8221;center&#8221; style=&#8221;vc_box_rounded&#8221; qode_css_animation=&#8221;element_from_right&#8221; transition_delay=&#8221;0.3&#8243;][\/vc_column][\/vc_row][vc_row css_animation=&#8221;&#8221; row_type=&#8221;row&#8221; use_row_as_full_screen_section=&#8221;no&#8221; type=&#8221;full_width&#8221; angled_section=&#8221;no&#8221; text_align=&#8221;left&#8221; background_image_as_pattern=&#8221;without_pattern&#8221; padding_top=&#8221;49&#8243; z_index=&#8221;&#8221;][vc_column width=&#8221;1\/3&#8243;][vc_single_image image=&#8221;18178&#8243; img_size=&#8221;medium&#8221; alignment=&#8221;center&#8221; style=&#8221;vc_box_rounded&#8221; qode_css_animation=&#8221;element_from_left&#8221; transition_delay=&#8221;0.3&#8243;][\/vc_column][vc_column width=&#8221;2\/3&#8243;][vc_column_text]<\/p>\n<p style=\"text-align: justify;\">Akarpa Rinpoche enfatizza ugualmente l&#8217;integrazione di saggezza e compassione. &#8220;Coloro che sono saggi hanno compassione, e coloro che sono compassionevoli hanno saggezza&#8221;, afferma il Rinpoche. Egli sottolinea che per coltivare la saggezza dovremmo affrontare pacificamente le sfide della vita, comprendere il nostro vero io e cercare la verit\u00e0 interiore nella nostra vita quotidiana. Allo stesso tempo, le attivit\u00e0 caritative e i contributi possono servire come opportunit\u00e0 per diffondere l&#8217;amore puro e piantare i semi di gratitudine e compassione nel cuore di chi dona e di chi riceve.<\/p>\n<p>[\/vc_column_text][\/vc_column][\/vc_row][vc_row css_animation=&#8221;&#8221; row_type=&#8221;row&#8221; use_row_as_full_screen_section=&#8221;no&#8221; type=&#8221;full_width&#8221; angled_section=&#8221;no&#8221; text_align=&#8221;left&#8221; background_image_as_pattern=&#8221;without_pattern&#8221; background_color=&#8221;#ffffff&#8221; padding_top=&#8221;49&#8243; z_index=&#8221;&#8221;][vc_column width=&#8221;2\/3&#8243;][vc_column_text]<\/p>\n<p style=\"text-align: justify;\">Akarpa Rinpoche evidenzia la necessit\u00e0 di esercitare senza alcun tipo di legame religioso:<\/p>\n<p style=\"text-align: justify;\">&#8220;Credere nel buddismo e studiare il buddismo sono due cose completamente diverse. Credere nel Buddhismo implica uno stile di vita che segue una particolare tradizione culturale. D&#8217;altra parte, studiare il Buddhismo significa raccogliere la verit\u00e0 attraverso gli insegnamenti buddisti&#8221;.<\/p>\n<p style=\"text-align: justify;\">&#8220;La verit\u00e0 non ha alcuna affiliazione religiosa, non appartiene a nessuna setta, ed \u00e8 cieca all&#8217;etnia. Ognuno di noi \u00e8 capace di sperimentare la verit\u00e0 attraverso la saggezza del cuore per ottenere una felicit\u00e0 semplice e vera e allo stesso tempo una gioia libera e illimitata&#8221;.<\/p>\n<p>[\/vc_column_text][\/vc_column][vc_column width=&#8221;1\/3&#8243;][vc_single_image image=&#8221;18175&#8243; img_size=&#8221;medium&#8221; alignment=&#8221;center&#8221; style=&#8221;vc_box_rounded&#8221; qode_css_animation=&#8221;element_from_left&#8221; transition_delay=&#8221;0.3&#8243;][\/vc_column][\/vc_row][vc_row css_animation=&#8221;&#8221; row_type=&#8221;row&#8221; use_row_as_full_screen_section=&#8221;no&#8221; type=&#8221;full_width&#8221; angled_section=&#8221;no&#8221; text_align=&#8221;left&#8221; background_image_as_pattern=&#8221;without_pattern&#8221; background_color=&#8221;#ffffff&#8221; padding_top=&#8221;49&#8243; z_index=&#8221;&#8221;][vc_column][vc_column_text]<\/p>\n<p><div class=\"ngg-galleria-parent nextgen_pro_horizontal_filmstrip\"\n     data-id=\"d84939619cb1f78e5becf52a29433d31\"\n     id=\"displayed_gallery_d84939619cb1f78e5becf52a29433d31\">\n\t<div class=\"ngg-galleria\"><\/div>\n\n    <div class=\"ngg-galleria-offscreen-seo-wrapper\">\n                    <a href=\"https:\/\/www.discoverypublisher.com\/it\/wp-content\/gallery\/akarpa-lobsang-rinpoche\/akarpa-rinpoche1.png\"\n               title=\"Akarpa Lobsang Rinpoche\"\n               data-src=\"https:\/\/www.discoverypublisher.com\/it\/wp-content\/gallery\/akarpa-lobsang-rinpoche\/akarpa-rinpoche1.png\"\n               data-thumbnail=\"https:\/\/www.discoverypublisher.com\/it\/wp-content\/gallery\/akarpa-lobsang-rinpoche\/thumbs\/thumbs_akarpa-rinpoche1.png\"\n               data-image-id=\"732\"\n               data-title=\"Akarpa Lobsang Rinpoche\"\n               data-description=\"Akarpa Lobsang Rinpoche\"\n                class=\"ngg-fancybox\" rel=\"d84939619cb1f78e5becf52a29433d31\">\n                <picture>\n\t\n<source srcset='https:\/\/www.discoverypublisher.com\/it\/wp-content\/gallery\/akarpa-lobsang-rinpoche\/akarpa-rinpoche1.png' media=''>\n<img title=\"Akarpa Lobsang Rinpoche\" alt=\"Akarpa Lobsang Rinpoche\" width=\"629\" height=\"420\" style=\"max-width:629px;max-height:420px\" src=\"https:\/\/www.discoverypublisher.com\/it\/wp-content\/gallery\/akarpa-lobsang-rinpoche\/akarpa-rinpoche1.png\" srcset=\"https:\/\/www.discoverypublisher.com\/it\/wp-content\/gallery\/akarpa-lobsang-rinpoche\/akarpa-rinpoche1.png\" onerror=\"nggRetryFailedImage(this);\"\/>\n<\/picture>            <\/a>\n                        <a href=\"https:\/\/www.discoverypublisher.com\/it\/wp-content\/gallery\/akarpa-lobsang-rinpoche\/akarpa-rinpoche2.png\"\n               title=\"Akarpa Lobsang Rinpoche\"\n               data-src=\"https:\/\/www.discoverypublisher.com\/it\/wp-content\/gallery\/akarpa-lobsang-rinpoche\/akarpa-rinpoche2.png\"\n               data-thumbnail=\"https:\/\/www.discoverypublisher.com\/it\/wp-content\/gallery\/akarpa-lobsang-rinpoche\/thumbs\/thumbs_akarpa-rinpoche2.png\"\n               data-image-id=\"733\"\n               data-title=\"Akarpa Lobsang Rinpoche\"\n               data-description=\"Akarpa Lobsang Rinpoche\"\n                class=\"ngg-fancybox\" rel=\"d84939619cb1f78e5becf52a29433d31\">\n                <picture>\n\t\n<source srcset='https:\/\/www.discoverypublisher.com\/it\/wp-content\/gallery\/akarpa-lobsang-rinpoche\/akarpa-rinpoche2.png' media=''>\n<img title=\"Akarpa Lobsang Rinpoche\" alt=\"Akarpa Lobsang Rinpoche\" width=\"348\" height=\"523\" style=\"max-width:348px;max-height:523px\" src=\"https:\/\/www.discoverypublisher.com\/it\/wp-content\/gallery\/akarpa-lobsang-rinpoche\/akarpa-rinpoche2.png\" srcset=\"https:\/\/www.discoverypublisher.com\/it\/wp-content\/gallery\/akarpa-lobsang-rinpoche\/akarpa-rinpoche2.png\" onerror=\"nggRetryFailedImage(this);\"\/>\n<\/picture>            <\/a>\n                        <a href=\"https:\/\/www.discoverypublisher.com\/it\/wp-content\/gallery\/akarpa-lobsang-rinpoche\/akarpa-rinpoche3.png\"\n               title=\"Akarpa Lobsang Rinpoche\"\n               data-src=\"https:\/\/www.discoverypublisher.com\/it\/wp-content\/gallery\/akarpa-lobsang-rinpoche\/akarpa-rinpoche3.png\"\n               data-thumbnail=\"https:\/\/www.discoverypublisher.com\/it\/wp-content\/gallery\/akarpa-lobsang-rinpoche\/thumbs\/thumbs_akarpa-rinpoche3.png\"\n               data-image-id=\"734\"\n               data-title=\"Akarpa Lobsang Rinpoche\"\n               data-description=\"Akarpa Lobsang Rinpoche\"\n                class=\"ngg-fancybox\" rel=\"d84939619cb1f78e5becf52a29433d31\">\n                <picture>\n\t\n<source srcset='https:\/\/www.discoverypublisher.com\/it\/wp-content\/gallery\/akarpa-lobsang-rinpoche\/akarpa-rinpoche3.png' media=''>\n<img title=\"Akarpa Lobsang Rinpoche\" alt=\"Akarpa Lobsang Rinpoche\" width=\"370\" height=\"543\" style=\"max-width:370px;max-height:543px\" src=\"https:\/\/www.discoverypublisher.com\/it\/wp-content\/gallery\/akarpa-lobsang-rinpoche\/akarpa-rinpoche3.png\" srcset=\"https:\/\/www.discoverypublisher.com\/it\/wp-content\/gallery\/akarpa-lobsang-rinpoche\/akarpa-rinpoche3.png\" onerror=\"nggRetryFailedImage(this);\"\/>\n<\/picture>            <\/a>\n                        <a href=\"https:\/\/www.discoverypublisher.com\/it\/wp-content\/gallery\/akarpa-lobsang-rinpoche\/akarpa-rinpoche4.png\"\n               title=\"Akarpa Lobsang Rinpoche\"\n               data-src=\"https:\/\/www.discoverypublisher.com\/it\/wp-content\/gallery\/akarpa-lobsang-rinpoche\/akarpa-rinpoche4.png\"\n               data-thumbnail=\"https:\/\/www.discoverypublisher.com\/it\/wp-content\/gallery\/akarpa-lobsang-rinpoche\/thumbs\/thumbs_akarpa-rinpoche4.png\"\n               data-image-id=\"735\"\n               data-title=\"Akarpa Lobsang Rinpoche\"\n               data-description=\"Akarpa Lobsang Rinpoche\"\n                class=\"ngg-fancybox\" rel=\"d84939619cb1f78e5becf52a29433d31\">\n                <picture>\n\t\n<source srcset='https:\/\/www.discoverypublisher.com\/it\/wp-content\/gallery\/akarpa-lobsang-rinpoche\/akarpa-rinpoche4.png' media=''>\n<img title=\"Akarpa Lobsang Rinpoche\" alt=\"Akarpa Lobsang Rinpoche\" width=\"348\" height=\"523\" style=\"max-width:348px;max-height:523px\" src=\"https:\/\/www.discoverypublisher.com\/it\/wp-content\/gallery\/akarpa-lobsang-rinpoche\/akarpa-rinpoche4.png\" srcset=\"https:\/\/www.discoverypublisher.com\/it\/wp-content\/gallery\/akarpa-lobsang-rinpoche\/akarpa-rinpoche4.png\" onerror=\"nggRetryFailedImage(this);\"\/>\n<\/picture>            <\/a>\n                        <a href=\"https:\/\/www.discoverypublisher.com\/it\/wp-content\/gallery\/akarpa-lobsang-rinpoche\/akarpa-rinpoche5.png\"\n               title=\"Akarpa Lobsang Rinpoche\"\n               data-src=\"https:\/\/www.discoverypublisher.com\/it\/wp-content\/gallery\/akarpa-lobsang-rinpoche\/akarpa-rinpoche5.png\"\n               data-thumbnail=\"https:\/\/www.discoverypublisher.com\/it\/wp-content\/gallery\/akarpa-lobsang-rinpoche\/thumbs\/thumbs_akarpa-rinpoche5.png\"\n               data-image-id=\"736\"\n               data-title=\"Akarpa Lobsang Rinpoche\"\n               data-description=\"Akarpa Lobsang Rinpoche\"\n                class=\"ngg-fancybox\" rel=\"d84939619cb1f78e5becf52a29433d31\">\n                <picture>\n\t\n<source srcset='https:\/\/www.discoverypublisher.com\/it\/wp-content\/gallery\/akarpa-lobsang-rinpoche\/akarpa-rinpoche5.png' media=''>\n<img title=\"Akarpa Lobsang Rinpoche\" alt=\"Akarpa Lobsang Rinpoche\" width=\"350\" height=\"525\" style=\"max-width:350px;max-height:525px\" src=\"https:\/\/www.discoverypublisher.com\/it\/wp-content\/gallery\/akarpa-lobsang-rinpoche\/akarpa-rinpoche5.png\" srcset=\"https:\/\/www.discoverypublisher.com\/it\/wp-content\/gallery\/akarpa-lobsang-rinpoche\/akarpa-rinpoche5.png\" onerror=\"nggRetryFailedImage(this);\"\/>\n<\/picture>            <\/a>\n                        <a href=\"https:\/\/www.discoverypublisher.com\/it\/wp-content\/gallery\/akarpa-lobsang-rinpoche\/akarpa-rinpoche6.png\"\n               title=\"Akarpa Lobsang Rinpoche\"\n               data-src=\"https:\/\/www.discoverypublisher.com\/it\/wp-content\/gallery\/akarpa-lobsang-rinpoche\/akarpa-rinpoche6.png\"\n               data-thumbnail=\"https:\/\/www.discoverypublisher.com\/it\/wp-content\/gallery\/akarpa-lobsang-rinpoche\/thumbs\/thumbs_akarpa-rinpoche6.png\"\n               data-image-id=\"737\"\n               data-title=\"Akarpa Lobsang Rinpoche\"\n               data-description=\"Akarpa Lobsang Rinpoche\"\n                class=\"ngg-fancybox\" rel=\"d84939619cb1f78e5becf52a29433d31\">\n                <picture>\n\t\n<source srcset='https:\/\/www.discoverypublisher.com\/it\/wp-content\/gallery\/akarpa-lobsang-rinpoche\/akarpa-rinpoche6.png' media=''>\n<img title=\"Akarpa Lobsang Rinpoche\" alt=\"Akarpa Lobsang Rinpoche\" width=\"350\" height=\"525\" style=\"max-width:350px;max-height:525px\" src=\"https:\/\/www.discoverypublisher.com\/it\/wp-content\/gallery\/akarpa-lobsang-rinpoche\/akarpa-rinpoche6.png\" srcset=\"https:\/\/www.discoverypublisher.com\/it\/wp-content\/gallery\/akarpa-lobsang-rinpoche\/akarpa-rinpoche6.png\" onerror=\"nggRetryFailedImage(this);\"\/>\n<\/picture>            <\/a>\n                        <a href=\"https:\/\/www.discoverypublisher.com\/it\/wp-content\/gallery\/akarpa-lobsang-rinpoche\/akarpa-rinpoche7.png\"\n               title=\"Akarpa Lobsang Rinpoche\"\n               data-src=\"https:\/\/www.discoverypublisher.com\/it\/wp-content\/gallery\/akarpa-lobsang-rinpoche\/akarpa-rinpoche7.png\"\n               data-thumbnail=\"https:\/\/www.discoverypublisher.com\/it\/wp-content\/gallery\/akarpa-lobsang-rinpoche\/thumbs\/thumbs_akarpa-rinpoche7.png\"\n               data-image-id=\"738\"\n               data-title=\"Akarpa Lobsang Rinpoche\"\n               data-description=\"Akarpa Lobsang Rinpoche\"\n                class=\"ngg-fancybox\" rel=\"d84939619cb1f78e5becf52a29433d31\">\n                <picture>\n\t\n<source srcset='https:\/\/www.discoverypublisher.com\/it\/wp-content\/gallery\/akarpa-lobsang-rinpoche\/akarpa-rinpoche7.png' media=''>\n<img title=\"Akarpa Lobsang Rinpoche\" alt=\"Akarpa Lobsang Rinpoche\" width=\"290\" height=\"434\" style=\"max-width:290px;max-height:434px\" src=\"https:\/\/www.discoverypublisher.com\/it\/wp-content\/gallery\/akarpa-lobsang-rinpoche\/akarpa-rinpoche7.png\" srcset=\"https:\/\/www.discoverypublisher.com\/it\/wp-content\/gallery\/akarpa-lobsang-rinpoche\/akarpa-rinpoche7.png\" onerror=\"nggRetryFailedImage(this);\"\/>\n<\/picture>            <\/a>\n                        <a href=\"https:\/\/www.discoverypublisher.com\/it\/wp-content\/gallery\/akarpa-lobsang-rinpoche\/akarpa-rinpoche8.png\"\n               title=\"Akarpa Lobsang Rinpoche\"\n               data-src=\"https:\/\/www.discoverypublisher.com\/it\/wp-content\/gallery\/akarpa-lobsang-rinpoche\/akarpa-rinpoche8.png\"\n               data-thumbnail=\"https:\/\/www.discoverypublisher.com\/it\/wp-content\/gallery\/akarpa-lobsang-rinpoche\/thumbs\/thumbs_akarpa-rinpoche8.png\"\n               data-image-id=\"739\"\n               data-title=\"Akarpa Lobsang Rinpoche\"\n               data-description=\"Akarpa Lobsang Rinpoche\"\n                class=\"ngg-fancybox\" rel=\"d84939619cb1f78e5becf52a29433d31\">\n                <picture>\n\t\n<source srcset='https:\/\/www.discoverypublisher.com\/it\/wp-content\/gallery\/akarpa-lobsang-rinpoche\/akarpa-rinpoche8.png' media=''>\n<img title=\"Akarpa Lobsang Rinpoche\" alt=\"Akarpa Lobsang Rinpoche\" width=\"352\" height=\"526\" style=\"max-width:352px;max-height:526px\" src=\"https:\/\/www.discoverypublisher.com\/it\/wp-content\/gallery\/akarpa-lobsang-rinpoche\/akarpa-rinpoche8.png\" srcset=\"https:\/\/www.discoverypublisher.com\/it\/wp-content\/gallery\/akarpa-lobsang-rinpoche\/akarpa-rinpoche8.png\" onerror=\"nggRetryFailedImage(this);\"\/>\n<\/picture>            <\/a>\n                <\/div>\n<\/div>\n[\/vc_column_text][\/vc_column][\/vc_row][vc_row css_animation=&#8221;&#8221; row_type=&#8221;row&#8221; use_row_as_full_screen_section=&#8221;no&#8221; type=&#8221;full_width&#8221; angled_section=&#8221;no&#8221; text_align=&#8221;left&#8221; background_image_as_pattern=&#8221;without_pattern&#8221; padding_top=&#8221;69&#8243; z_index=&#8221;&#8221;][vc_column][vc_separator type=&#8221;transparent&#8221; down=&#8221;84&#8243;][\/vc_column][\/vc_row]<\/p>\n","protected":false},"excerpt":{"rendered":"<p>Con il supporto di quasi 30 anni di studio e pratica, Akarpa Rinpoche si \u00e8 guadagnato la cattedra di meditazione e si \u00e8 affermato come maestro di Himalayan Zhang-Zhung Yoga.<\/p>\n","protected":false},"author":1,"featured_media":17701,"parent":25801,"menu_order":0,"comment_status":"closed","ping_status":"closed","template":"","meta":{"_seopress_robots_primary_cat":"","ngg_post_thumbnail":0},"tags":[8974,8973,8663,8975,9044,8803,8976],"_links":{"self":[{"href":"https:\/\/www.discoverypublisher.com\/it\/wp-json\/wp\/v2\/pages\/18167"}],"collection":[{"href":"https:\/\/www.discoverypublisher.com\/it\/wp-json\/wp\/v2\/pages"}],"about":[{"href":"https:\/\/www.discoverypublisher.com\/it\/wp-json\/wp\/v2\/types\/page"}],"author":[{"embeddable":true,"href":"https:\/\/www.discoverypublisher.com\/it\/wp-json\/wp\/v2\/users\/1"}],"replies":[{"embeddable":true,"href":"https:\/\/www.discoverypublisher.com\/it\/wp-json\/wp\/v2\/comments?post=18167"}],"version-history":[{"count":10,"href":"https:\/\/www.discoverypublisher.com\/it\/wp-json\/wp\/v2\/pages\/18167\/revisions"}],"predecessor-version":[{"id":27487,"href":"https:\/\/www.discoverypublisher.com\/it\/wp-json\/wp\/v2\/pages\/18167\/revisions\/27487"}],"up":[{"embeddable":true,"href":"https:\/\/www.discoverypublisher.com\/it\/wp-json\/wp\/v2\/pages\/25801"}],"wp:featuredmedia":[{"embeddable":true,"href":"https:\/\/www.discoverypublisher.com\/it\/wp-json\/wp\/v2\/media\/17701"}],"wp:attachment":[{"href":"https:\/\/www.discoverypublisher.com\/it\/wp-json\/wp\/v2\/media?parent=18167"}],"wp:term":[{"taxonomy":"post_tag","embeddable":true,"href":"https:\/\/www.discoverypublisher.com\/it\/wp-json\/wp\/v2\/tags?post=18167"}],"curies":[{"name":"wp","href":"https:\/\/api.w.org\/{rel}","templated":true}]}}