{"id":16030,"date":"2014-08-29T08:14:06","date_gmt":"2014-08-29T06:14:06","guid":{"rendered":"https:\/\/www.discoverypublisher.com\/it\/?page_id=16030"},"modified":"2021-12-08T07:22:22","modified_gmt":"2021-12-08T06:22:22","slug":"yu-yongnian","status":"publish","type":"page","link":"https:\/\/www.discoverypublisher.com\/it\/autori\/yu-yongnian\/","title":{"rendered":"Yu Yongnian"},"content":{"rendered":"<p>[vc_row css_animation=&#8221;&#8221; row_type=&#8221;row&#8221; use_row_as_full_screen_section=&#8221;no&#8221; type=&#8221;full_width&#8221; angled_section=&#8221;no&#8221; text_align=&#8221;left&#8221; background_image_as_pattern=&#8221;without_pattern&#8221; background_color=&#8221;#ffffff&#8221; z_index=&#8221;&#8221; padding_top=&#8221;15&#8243;][vc_column]<blockquote class=' with_quote_icon' style=''><i class='fa fa-quote-right' style=''><\/i><h5 class='blockquote-text' style=''>Il professor Yu divenne autorit\u00e0 mondiale per quanto riguarda lo Zhan Zhuang ed \u00e8 stato apprezzato a livello internazionale. Ha viaggiato in Asia e in Europa, insegnando quest'arte e istruendo i praticanti dello zhan zhuang provenienti da molti paesi.<\/h5><\/blockquote>[\/vc_column][\/vc_row][vc_row css_animation=&#8221;&#8221; row_type=&#8221;row&#8221; use_row_as_full_screen_section=&#8221;no&#8221; type=&#8221;full_width&#8221; angled_section=&#8221;no&#8221; text_align=&#8221;left&#8221; background_image_as_pattern=&#8221;without_pattern&#8221; padding_top=&#8221;25&#8243; z_index=&#8221;&#8221;][vc_column width=&#8221;1\/3&#8243;][vc_single_image image=&#8221;25747&#8243; img_size=&#8221;medium&#8221; alignment=&#8221;center&#8221; style=&#8221;vc_box_rounded&#8221; qode_css_animation=&#8221;element_from_left&#8221; transition_delay=&#8221;0.3&#8243;][\/vc_column][vc_column width=&#8221;2\/3&#8243;][vc_column_text]<\/p>\n<p style=\"text-align: justify;\">Il professor Yu Yongnian \u00e8 stato uno dei primi studenti del Gran Maestro Wang Xiangzhai.<\/p>\n<p style=\"text-align: justify;\">Dopo molti anni di studio e pratica, sotto la guida del maestro Wang, il professor Yu ha iniziato ad introdurre Zhan Zhuang per la cura delle malattie croniche nel suo ospedale di Pechino.<\/p>\n<p>[\/vc_column_text][\/vc_column][\/vc_row][vc_row css_animation=&#8221;&#8221; row_type=&#8221;row&#8221; use_row_as_full_screen_section=&#8221;no&#8221; type=&#8221;full_width&#8221; angled_section=&#8221;no&#8221; text_align=&#8221;left&#8221; background_image_as_pattern=&#8221;without_pattern&#8221; padding_top=&#8221;49&#8243; z_index=&#8221;&#8221;][vc_column width=&#8221;2\/3&#8243;][vc_column_text]<\/p>\n<p style=\"text-align: justify;\">Il suo successo di esordio fu tale che tre anni dopo, nel 1956, si tenne una delle pi\u00f9 grandi conferenze mediche presso il Beijing Shoudong San Hospital per introdurre il sistema zhan zhuang negli ospedali di tutta la Cina.<\/p>\n<p style=\"text-align: justify;\">Dopo la Rivoluzione Culturale, il professor Yu pubblic\u00f2 libri innovativi sul sistema Zhan Zhuang.<\/p>\n<p style=\"text-align: justify;\">La prima edizione di Zhan Zhuang for Health usc\u00ec nel febbraio 1982. Per oltre 70 decenni, il professor Yu si dedic\u00f2 all&#8217;attivit\u00e0 pratica e all&#8217;insegnamento di quest&#8217;arte: Era completamente fedele alla tradizione consolidata dal Gran Maestro Wang Xiangzhai.<\/p>\n<p style=\"text-align: justify;\">Il professor Yu divenne autorit\u00e0 mondiale per quanto riguarda lo Zhan Zhuang ed \u00e8 stato apprezzato a livello internazionale. Ha viaggiato in Asia e in Europa, insegnando quest&#8217;arte e istruendo i praticanti dello zhan zhuang provenienti da molti paesi.<\/p>\n<p>[\/vc_column_text][\/vc_column][vc_column width=&#8221;1\/3&#8243;][vc_single_image image=&#8221;25748&#8243; img_size=&#8221;medium&#8221; alignment=&#8221;center&#8221; style=&#8221;vc_box_rounded&#8221; qode_css_animation=&#8221;element_from_left&#8221; transition_delay=&#8221;0.3&#8243;][\/vc_column][\/vc_row][vc_row css_animation=&#8221;&#8221; row_type=&#8221;row&#8221; use_row_as_full_screen_section=&#8221;no&#8221; type=&#8221;full_width&#8221; angled_section=&#8221;no&#8221; text_align=&#8221;left&#8221; background_image_as_pattern=&#8221;without_pattern&#8221; background_color=&#8221;#ffffff&#8221; padding_top=&#8221;49&#8243; z_index=&#8221;&#8221;][vc_column][vc_column_text]<\/p>\n<p><div class=\"ngg-galleria-parent nextgen_pro_horizontal_filmstrip\"\n     data-id=\"f25963ff37c80332eb30692fe690a7a0\"\n     id=\"displayed_gallery_f25963ff37c80332eb30692fe690a7a0\">\n\t<div class=\"ngg-galleria\"><\/div>\n\n    <div class=\"ngg-galleria-offscreen-seo-wrapper\">\n                    <a href=\"https:\/\/www.discoverypublisher.com\/it\/wp-content\/uploads\/sites\/1\/nggallery\/yu-yongnian\/yu-yongnian-1.jpg\"\n               title=\"yu yongnian\"\n               data-src=\"https:\/\/www.discoverypublisher.com\/it\/wp-content\/uploads\/sites\/1\/nggallery\/yu-yongnian\/yu-yongnian-1.jpg\"\n               data-thumbnail=\"https:\/\/www.discoverypublisher.com\/it\/wp-content\/uploads\/sites\/1\/nggallery\/yu-yongnian\/thumbs\/thumbs_yu-yongnian-1.jpg\"\n               data-image-id=\"881\"\n               data-title=\"yu yongnian\"\n               data-description=\"yu yongnian\"\n                class=\"ngg-fancybox\" rel=\"f25963ff37c80332eb30692fe690a7a0\">\n                <picture>\n\t\n<source srcset='https:\/\/www.discoverypublisher.com\/it\/wp-content\/uploads\/sites\/1\/nggallery\/yu-yongnian\/yu-yongnian-1.jpg' media=''>\n<img title=\"yu yongnian\" alt=\"yu yongnian\" width=\"560\" height=\"800\" style=\"max-width:560px;max-height:800px\" src=\"https:\/\/www.discoverypublisher.com\/it\/wp-content\/uploads\/sites\/1\/nggallery\/yu-yongnian\/yu-yongnian-1.jpg\" srcset=\"https:\/\/www.discoverypublisher.com\/it\/wp-content\/uploads\/sites\/1\/nggallery\/yu-yongnian\/yu-yongnian-1.jpg\" onerror=\"nggRetryFailedImage(this);\"\/>\n<\/picture>            <\/a>\n                        <a href=\"https:\/\/www.discoverypublisher.com\/it\/wp-content\/uploads\/sites\/1\/nggallery\/yu-yongnian\/yu-yongnian-2.jpg\"\n               title=\"yu yongnian\"\n               data-src=\"https:\/\/www.discoverypublisher.com\/it\/wp-content\/uploads\/sites\/1\/nggallery\/yu-yongnian\/yu-yongnian-2.jpg\"\n               data-thumbnail=\"https:\/\/www.discoverypublisher.com\/it\/wp-content\/uploads\/sites\/1\/nggallery\/yu-yongnian\/thumbs\/thumbs_yu-yongnian-2.jpg\"\n               data-image-id=\"882\"\n               data-title=\"yu yongnian\"\n               data-description=\"yu yongnian\"\n                class=\"ngg-fancybox\" rel=\"f25963ff37c80332eb30692fe690a7a0\">\n                <picture>\n\t\n<source srcset='https:\/\/www.discoverypublisher.com\/it\/wp-content\/uploads\/sites\/1\/nggallery\/yu-yongnian\/yu-yongnian-2.jpg' media=''>\n<img title=\"yu yongnian\" alt=\"yu yongnian\" width=\"536\" height=\"800\" style=\"max-width:536px;max-height:800px\" src=\"https:\/\/www.discoverypublisher.com\/it\/wp-content\/uploads\/sites\/1\/nggallery\/yu-yongnian\/yu-yongnian-2.jpg\" srcset=\"https:\/\/www.discoverypublisher.com\/it\/wp-content\/uploads\/sites\/1\/nggallery\/yu-yongnian\/yu-yongnian-2.jpg\" onerror=\"nggRetryFailedImage(this);\"\/>\n<\/picture>            <\/a>\n                        <a href=\"https:\/\/www.discoverypublisher.com\/it\/wp-content\/uploads\/sites\/1\/nggallery\/yu-yongnian\/yu-yongnian-3.jpg\"\n               title=\"yu yongnian\"\n               data-src=\"https:\/\/www.discoverypublisher.com\/it\/wp-content\/uploads\/sites\/1\/nggallery\/yu-yongnian\/yu-yongnian-3.jpg\"\n               data-thumbnail=\"https:\/\/www.discoverypublisher.com\/it\/wp-content\/uploads\/sites\/1\/nggallery\/yu-yongnian\/thumbs\/thumbs_yu-yongnian-3.jpg\"\n               data-image-id=\"883\"\n               data-title=\"yu yongnian\"\n               data-description=\"yu yongnian\"\n                class=\"ngg-fancybox\" rel=\"f25963ff37c80332eb30692fe690a7a0\">\n                <picture>\n\t\n<source srcset='https:\/\/www.discoverypublisher.com\/it\/wp-content\/uploads\/sites\/1\/nggallery\/yu-yongnian\/yu-yongnian-3.jpg' media=''>\n<img title=\"yu yongnian\" alt=\"yu yongnian\" width=\"800\" height=\"533\" style=\"max-width:800px;max-height:533px\" src=\"https:\/\/www.discoverypublisher.com\/it\/wp-content\/uploads\/sites\/1\/nggallery\/yu-yongnian\/yu-yongnian-3.jpg\" srcset=\"https:\/\/www.discoverypublisher.com\/it\/wp-content\/uploads\/sites\/1\/nggallery\/yu-yongnian\/yu-yongnian-3.jpg\" onerror=\"nggRetryFailedImage(this);\"\/>\n<\/picture>            <\/a>\n                        <a href=\"https:\/\/www.discoverypublisher.com\/it\/wp-content\/uploads\/sites\/1\/nggallery\/yu-yongnian\/yu-yongnian-4.jpg\"\n               title=\"yu yongnian\"\n               data-src=\"https:\/\/www.discoverypublisher.com\/it\/wp-content\/uploads\/sites\/1\/nggallery\/yu-yongnian\/yu-yongnian-4.jpg\"\n               data-thumbnail=\"https:\/\/www.discoverypublisher.com\/it\/wp-content\/uploads\/sites\/1\/nggallery\/yu-yongnian\/thumbs\/thumbs_yu-yongnian-4.jpg\"\n               data-image-id=\"884\"\n               data-title=\"yu yongnian\"\n               data-description=\"yu yongnian\"\n                class=\"ngg-fancybox\" rel=\"f25963ff37c80332eb30692fe690a7a0\">\n                <picture>\n\t\n<source srcset='https:\/\/www.discoverypublisher.com\/it\/wp-content\/uploads\/sites\/1\/nggallery\/yu-yongnian\/yu-yongnian-4.jpg' media=''>\n<img title=\"yu yongnian\" alt=\"yu yongnian\" width=\"800\" height=\"549\" style=\"max-width:800px;max-height:549px\" src=\"https:\/\/www.discoverypublisher.com\/it\/wp-content\/uploads\/sites\/1\/nggallery\/yu-yongnian\/yu-yongnian-4.jpg\" srcset=\"https:\/\/www.discoverypublisher.com\/it\/wp-content\/uploads\/sites\/1\/nggallery\/yu-yongnian\/yu-yongnian-4.jpg\" onerror=\"nggRetryFailedImage(this);\"\/>\n<\/picture>            <\/a>\n                <\/div>\n<\/div>\n[\/vc_column_text][\/vc_column][\/vc_row][vc_row css_animation=&#8221;&#8221; row_type=&#8221;row&#8221; use_row_as_full_screen_section=&#8221;no&#8221; type=&#8221;full_width&#8221; angled_section=&#8221;no&#8221; text_align=&#8221;left&#8221; background_image_as_pattern=&#8221;without_pattern&#8221; padding_top=&#8221;69&#8243; z_index=&#8221;&#8221;][vc_column][vc_separator type=&#8221;transparent&#8221; down=&#8221;84&#8243;][\/vc_column][\/vc_row]<\/p>\n","protected":false},"excerpt":{"rendered":"<p>Il professor Yu divenne autorit\u00e0 mondiale per quanto riguarda lo Zhan Zhuang ed \u00e8 stato apprezzato a livello internazionale. Ha viaggiato in Asia e in Europa, insegnando quest&#8217;arte e istruendo i praticanti dello zhan zhuang provenienti da molti paesi.<\/p>\n","protected":false},"author":1,"featured_media":25220,"parent":16021,"menu_order":0,"comment_status":"closed","ping_status":"closed","template":"","meta":{"_seopress_robots_primary_cat":"","ngg_post_thumbnail":0},"tags":[8978,9044,8803,8979,8711],"_links":{"self":[{"href":"https:\/\/www.discoverypublisher.com\/it\/wp-json\/wp\/v2\/pages\/16030"}],"collection":[{"href":"https:\/\/www.discoverypublisher.com\/it\/wp-json\/wp\/v2\/pages"}],"about":[{"href":"https:\/\/www.discoverypublisher.com\/it\/wp-json\/wp\/v2\/types\/page"}],"author":[{"embeddable":true,"href":"https:\/\/www.discoverypublisher.com\/it\/wp-json\/wp\/v2\/users\/1"}],"replies":[{"embeddable":true,"href":"https:\/\/www.discoverypublisher.com\/it\/wp-json\/wp\/v2\/comments?post=16030"}],"version-history":[{"count":8,"href":"https:\/\/www.discoverypublisher.com\/it\/wp-json\/wp\/v2\/pages\/16030\/revisions"}],"predecessor-version":[{"id":27318,"href":"https:\/\/www.discoverypublisher.com\/it\/wp-json\/wp\/v2\/pages\/16030\/revisions\/27318"}],"up":[{"embeddable":true,"href":"https:\/\/www.discoverypublisher.com\/it\/wp-json\/wp\/v2\/pages\/16021"}],"wp:featuredmedia":[{"embeddable":true,"href":"https:\/\/www.discoverypublisher.com\/it\/wp-json\/wp\/v2\/media\/25220"}],"wp:attachment":[{"href":"https:\/\/www.discoverypublisher.com\/it\/wp-json\/wp\/v2\/media?parent=16030"}],"wp:term":[{"taxonomy":"post_tag","embeddable":true,"href":"https:\/\/www.discoverypublisher.com\/it\/wp-json\/wp\/v2\/tags?post=16030"}],"curies":[{"name":"wp","href":"https:\/\/api.w.org\/{rel}","templated":true}]}}