{"id":27257,"date":"2026-04-02T04:10:42","date_gmt":"2026-04-02T02:10:42","guid":{"rendered":"https:\/\/www.discoverypublisher.com\/fr\/?page_id=27257"},"modified":"2026-04-02T07:17:33","modified_gmt":"2026-04-02T05:17:33","slug":"fadel-challoub","status":"publish","type":"page","link":"https:\/\/www.discoverypublisher.com\/fr\/auteurs\/fadel-challoub\/","title":{"rendered":"Fadel Challoub"},"content":{"rendered":"<p>[vc_row css_animation=&#8221;&#8221; row_type=&#8221;row&#8221; use_row_as_full_screen_section=&#8221;no&#8221; type=&#8221;full_width&#8221; angled_section=&#8221;no&#8221; text_align=&#8221;left&#8221; background_image_as_pattern=&#8221;without_pattern&#8221; padding_top=&#8221;15&#8243; z_index=&#8221;&#8221;][vc_column][vc_column_text]<\/p>\n<h2 style=\"text-align: center;\">BIOGRAPHIE<\/h2>\n<p>[\/vc_column_text][\/vc_column][\/vc_row][vc_row css_animation=&#8221;&#8221; row_type=&#8221;row&#8221; use_row_as_full_screen_section=&#8221;no&#8221; type=&#8221;full_width&#8221; angled_section=&#8221;no&#8221; text_align=&#8221;left&#8221; background_image_as_pattern=&#8221;without_pattern&#8221; padding_top=&#8221;25&#8243; z_index=&#8221;&#8221;][vc_column][vc_column_text]<\/p>\n<p style=\"text-align: justify;\">Fadel Challoub poss\u00e8de un profil atypique o\u00f9 l&#8217;exigence cart\u00e9sienne rencontre le vertige de l&#8217;infini. Form\u00e9 \u00e0 la gestion sur les bancs de la Sorbonne et du Conservatoire National des Arts et M\u00e9tiers (CNAM), il a d&#8217;abord b\u00e2ti une solide carri\u00e8re de chef d&#8217;entreprise dans le commerce international en Afrique. Mais derri\u00e8re ce parcours pragmatique, profond\u00e9ment ancr\u00e9 dans la r\u00e9alit\u00e9 mat\u00e9rielle, s&#8217;est toujours profil\u00e9e une qu\u00eate de sens vertigineuse.<\/p>\n<p>[\/vc_column_text][vc_separator type=&#8221;transparent&#8221; down=&#8221;15&#8243;][vc_column_text]<\/p>\n<p style=\"text-align: justify;\">Plut\u00f4t que d&#8217;opposer le monde des affaires et le mysticisme, Fadel Challoub a choisi d&#8217;utiliser sa rigueur analytique pour sonder les plus grands myst\u00e8res de l&#8217;existence. Depuis plusieurs ann\u00e9es, il m\u00e8ne une v\u00e9ritable investigation \u00e0 la fronti\u00e8re du visible. Il analyse, compare et synth\u00e9tise les exp\u00e9riences de mort imminente (NDE), les d\u00e9couvertes en physique de la conscience, la transcommunication instrumentale (TCI) ou encore les s\u00e9ances d&#8217;hypnose r\u00e9gressive. L\u00e0 o\u00f9 d&#8217;autres se contentent de croyances, il cherche des lois, des r\u00e9currences et des structures.<\/p>\n<p>[\/vc_column_text][vc_separator type=&#8221;transparent&#8221; down=&#8221;15&#8243;][vc_column_text]<\/p>\n<p style=\"text-align: justify;\">De cette recherche encyclop\u00e9dique titanesque est n\u00e9 son ouvrage <i data-path-to-node=\"7\" data-index-in-node=\"64\">L\u2019Ordoca\u00e9lisme<\/i>. Il ne s&#8217;y contente pas de disserter sur l&#8217;au-del\u00e0 : il en dresse une v\u00e9ritable cartographie. En s&#8217;appuyant sur l&#8217;\u00e9tude crois\u00e9e des traditions mill\u00e9naires et de la science contemporaine, il y d\u00e9voile une architecture invisible fascinante, structur\u00e9e en dix-sept strates hi\u00e9rarchis\u00e9es de la conscience.<\/p>\n<p>[\/vc_column_text][vc_separator type=&#8221;transparent&#8221; down=&#8221;15&#8243;][vc_column_text]<\/p>\n<p style=\"text-align: justify;\">L&#8217;exploration de Fadel Challoub est cependant loin d&#8217;\u00eatre achev\u00e9e. Face \u00e0 l&#8217;afflux constant de nouvelles donn\u00e9es issues des NDE et de la TCI, un second tome est d&#8217;ores et d\u00e9j\u00e0 en pr\u00e9paration pour repousser les limites de cette cartographie in\u00e9dite.<\/p>\n<p>[\/vc_column_text][vc_separator type=&#8221;transparent&#8221; down=&#8221;15&#8243;][vc_column_text]<\/p>\n<p style=\"text-align: justify;\">D\u00e9sireux de partager cette vision au plus grand nombre, il d\u00e9veloppe actuellement une s\u00e9rie de conf\u00e9rences immersives. En s&#8217;appuyant sur des images de synth\u00e8se et des animations visuelles de pointe, il ambitionne de donner vie aux strates spirituelles d\u00e9crites dans son livre, transformant l&#8217;exploration de l&#8217;au-del\u00e0 en une exp\u00e9rience \u00e0 la fois intellectuelle, visuelle et profond\u00e9ment humaine.<\/p>\n<p>[\/vc_column_text][\/vc_column][\/vc_row][vc_row css_animation=&#8221;&#8221; row_type=&#8221;row&#8221; use_row_as_full_screen_section=&#8221;no&#8221; type=&#8221;full_width&#8221; angled_section=&#8221;no&#8221; text_align=&#8221;left&#8221; background_image_as_pattern=&#8221;without_pattern&#8221; z_index=&#8221;&#8221;][vc_column][vc_separator type=&#8221;transparent&#8221; down=&#8221;84&#8243;][\/vc_column][\/vc_row]<\/p>\n","protected":false},"excerpt":{"rendered":"<p>D\u00e9couvrez Fadel Challoub, auteur de L&#8217;Ordoca\u00e9lisme. \u00c0 la crois\u00e9e de la science et de la spiritualit\u00e9, il d\u00e9voile la cartographie in\u00e9dite de l&#8217;au-del\u00e0.<\/p>\n","protected":false},"author":1,"featured_media":27262,"parent":16021,"menu_order":0,"comment_status":"closed","ping_status":"closed","template":"","meta":{"ngg_post_thumbnail":0},"tags":[9420,9045,10201,9416],"yst_prominent_words":[],"_links":{"self":[{"href":"https:\/\/www.discoverypublisher.com\/fr\/wp-json\/wp\/v2\/pages\/27257"}],"collection":[{"href":"https:\/\/www.discoverypublisher.com\/fr\/wp-json\/wp\/v2\/pages"}],"about":[{"href":"https:\/\/www.discoverypublisher.com\/fr\/wp-json\/wp\/v2\/types\/page"}],"author":[{"embeddable":true,"href":"https:\/\/www.discoverypublisher.com\/fr\/wp-json\/wp\/v2\/users\/1"}],"replies":[{"embeddable":true,"href":"https:\/\/www.discoverypublisher.com\/fr\/wp-json\/wp\/v2\/comments?post=27257"}],"version-history":[{"count":10,"href":"https:\/\/www.discoverypublisher.com\/fr\/wp-json\/wp\/v2\/pages\/27257\/revisions"}],"predecessor-version":[{"id":27292,"href":"https:\/\/www.discoverypublisher.com\/fr\/wp-json\/wp\/v2\/pages\/27257\/revisions\/27292"}],"up":[{"embeddable":true,"href":"https:\/\/www.discoverypublisher.com\/fr\/wp-json\/wp\/v2\/pages\/16021"}],"wp:featuredmedia":[{"embeddable":true,"href":"https:\/\/www.discoverypublisher.com\/fr\/wp-json\/wp\/v2\/media\/27262"}],"wp:attachment":[{"href":"https:\/\/www.discoverypublisher.com\/fr\/wp-json\/wp\/v2\/media?parent=27257"}],"wp:term":[{"taxonomy":"post_tag","embeddable":true,"href":"https:\/\/www.discoverypublisher.com\/fr\/wp-json\/wp\/v2\/tags?post=27257"},{"taxonomy":"yst_prominent_words","embeddable":true,"href":"https:\/\/www.discoverypublisher.com\/fr\/wp-json\/wp\/v2\/yst_prominent_words?post=27257"}],"curies":[{"name":"wp","href":"https:\/\/api.w.org\/{rel}","templated":true}]}}