{"id":27253,"date":"2026-03-20T09:18:12","date_gmt":"2026-03-20T08:18:12","guid":{"rendered":"https:\/\/www.discoverypublisher.com\/fr\/?page_id=27253"},"modified":"2026-03-20T09:18:12","modified_gmt":"2026-03-20T08:18:12","slug":"conditions-generales-dutilisation","status":"publish","type":"page","link":"https:\/\/www.discoverypublisher.com\/fr\/conditions-generales-dutilisation\/","title":{"rendered":"Conditions g\u00e9n\u00e9rales d\u2019utilisation"},"content":{"rendered":"<p>[vc_row css_animation=&#8221;&#8221; row_type=&#8221;row&#8221; use_row_as_full_screen_section=&#8221;no&#8221; type=&#8221;full_width&#8221; angled_section=&#8221;no&#8221; text_align=&#8221;left&#8221; background_image_as_pattern=&#8221;without_pattern&#8221; padding_top=&#8221;35&#8243; z_index=&#8221;&#8221;][vc_column width=&#8221;1\/6&#8243;][vc_separator type=&#8221;transparent&#8221; down=&#8221;5&#8243;][\/vc_column][vc_column width=&#8221;2\/3&#8243;][vc_column_text]En utilisant le site web de <strong>Discovery Publisher<\/strong>, vous acceptez les conditions suivantes :[\/vc_column_text][vc_separator type=&#8221;transparent&#8221; down=&#8221;5&#8243;][vc_column_text]<\/p>\n<h2>1. Propri\u00e9t\u00e9 du contenu<\/h2>\n<p>Tout le contenu de ce site \u2014 y compris les textes, graphiques et logos \u2014 est la propri\u00e9t\u00e9 de Discovery Publisher ou de nos auteurs repr\u00e9sent\u00e9s. Vous ne pouvez reproduire ou distribuer aucune partie de ce site sans une autorisation \u00e9crite expresse.[\/vc_column_text][vc_separator type=&#8221;transparent&#8221; down=&#8221;5&#8243;][vc_column_text]<\/p>\n<h2>2. Absence de relation d&#8217;agence<\/h2>\n<p>La soumission d&#8217;un manuscrit ou la prise de contact via ce site ne constitue pas un accord juridique de repr\u00e9sentation ou de publication. Une relation formelle n&#8217;est \u00e9tablie qu&#8217;une fois qu&#8217;un contrat \u00e9crit est sign\u00e9 par les deux parties.[\/vc_column_text][vc_separator type=&#8221;transparent&#8221; down=&#8221;5&#8243;][vc_column_text]<\/p>\n<h2>3. Conduite de l&#8217;utilisateur<\/h2>\n<p>Nous accueillons les demandes r\u00e9fl\u00e9chies. Toutefois, toute tentative de perturber la s\u00e9curit\u00e9 du site, d&#8217;extraire des donn\u00e9es pour l&#8217;entra\u00eenement d&#8217;IA sans autorisation ou de soumettre des fichiers malveillants est strictement interdite.[\/vc_column_text][vc_separator type=&#8221;transparent&#8221; down=&#8221;5&#8243;][vc_column_text]<\/p>\n<h2>4. Limitation de responsabilit\u00e9<\/h2>\n<p>Discovery Publisher fournit ce site \u00ab en l&#8217;\u00e9tat \u00bb. Nous ne sommes pas responsables des dommages indirects ou cons\u00e9cutifs r\u00e9sultant de votre utilisation du site ou des informations qui y sont fournies.[\/vc_column_text][vc_separator type=&#8221;transparent&#8221; down=&#8221;5&#8243;][vc_column_text]<\/p>\n<h2>5. Droit applicable<\/h2>\n<p>Ces conditions sont r\u00e9gies par les lois de l&#8217;Irlande, et tout litige sera r\u00e9solu devant les tribunaux comp\u00e9tents de cette juridiction.[\/vc_column_text][vc_separator type=&#8221;transparent&#8221; down=&#8221;5&#8243;][vc_column_text]<\/p>\n<h2>6. Coordonn\u00e9es<\/h2>\n<p>Pour exercer vos droits ou poser des questions concernant nos pratiques en mati\u00e8re de confidentialit\u00e9, veuillez contacter <a href=\"https:\/\/www.discoverypublisher.com\/fr\/contactez-nous\/\">l&#8217;\u00e9quipe charg\u00e9e de conditions g\u00e9n\u00e9rales d\u2019utilisation chez Discovery Publisher<\/a>.[\/vc_column_text][\/vc_column][vc_column width=&#8221;1\/6&#8243;][\/vc_column][\/vc_row][vc_row css_animation=&#8221;&#8221; row_type=&#8221;row&#8221; use_row_as_full_screen_section=&#8221;no&#8221; type=&#8221;full_width&#8221; angled_section=&#8221;no&#8221; text_align=&#8221;left&#8221; background_image_as_pattern=&#8221;without_pattern&#8221; background_color=&#8221;#ffffff&#8221; padding_top=&#8221;40&#8243;][vc_column][vc_separator type=&#8221;transparent&#8221; down=&#8221;40&#8243;][\/vc_column][\/vc_row]<\/p>\n","protected":false},"excerpt":{"rendered":"<p>En utilisant le site web Discovery Publisher, vous acceptez les conditions suivantes : propri\u00e9t\u00e9 du contenu, absence de relation de mandataire, conduite de l&#8217;utilisateur, limitation de responsabilit\u00e9, droit applicable et coordonn\u00e9es.<\/p>\n","protected":false},"author":1,"featured_media":0,"parent":0,"menu_order":0,"comment_status":"closed","ping_status":"closed","template":"","meta":{"_seopress_robots_primary_cat":"","ngg_post_thumbnail":0},"tags":[10200,9420,9045],"_links":{"self":[{"href":"https:\/\/www.discoverypublisher.com\/fr\/wp-json\/wp\/v2\/pages\/27253"}],"collection":[{"href":"https:\/\/www.discoverypublisher.com\/fr\/wp-json\/wp\/v2\/pages"}],"about":[{"href":"https:\/\/www.discoverypublisher.com\/fr\/wp-json\/wp\/v2\/types\/page"}],"author":[{"embeddable":true,"href":"https:\/\/www.discoverypublisher.com\/fr\/wp-json\/wp\/v2\/users\/1"}],"replies":[{"embeddable":true,"href":"https:\/\/www.discoverypublisher.com\/fr\/wp-json\/wp\/v2\/comments?post=27253"}],"version-history":[{"count":1,"href":"https:\/\/www.discoverypublisher.com\/fr\/wp-json\/wp\/v2\/pages\/27253\/revisions"}],"predecessor-version":[{"id":27255,"href":"https:\/\/www.discoverypublisher.com\/fr\/wp-json\/wp\/v2\/pages\/27253\/revisions\/27255"}],"wp:attachment":[{"href":"https:\/\/www.discoverypublisher.com\/fr\/wp-json\/wp\/v2\/media?parent=27253"}],"wp:term":[{"taxonomy":"post_tag","embeddable":true,"href":"https:\/\/www.discoverypublisher.com\/fr\/wp-json\/wp\/v2\/tags?post=27253"}],"curies":[{"name":"wp","href":"https:\/\/api.w.org\/{rel}","templated":true}]}}