{"id":27246,"date":"2026-03-20T08:30:51","date_gmt":"2026-03-20T07:30:51","guid":{"rendered":"https:\/\/www.discoverypublisher.com\/fr\/?page_id=27246"},"modified":"2026-03-20T08:39:21","modified_gmt":"2026-03-20T07:39:21","slug":"code-de-deontologie-et-dethique","status":"publish","type":"page","link":"https:\/\/www.discoverypublisher.com\/fr\/code-de-deontologie-et-dethique\/","title":{"rendered":"Code de d\u00e9ontologie et d\u2019\u00e9thique"},"content":{"rendered":"<p>[vc_row css_animation=&#8221;&#8221; row_type=&#8221;row&#8221; use_row_as_full_screen_section=&#8221;no&#8221; type=&#8221;full_width&#8221; angled_section=&#8221;no&#8221; text_align=&#8221;left&#8221; background_image_as_pattern=&#8221;without_pattern&#8221; padding_top=&#8221;35&#8243; z_index=&#8221;&#8221;][vc_column width=&#8221;1\/6&#8243;][vc_separator type=&#8221;transparent&#8221; down=&#8221;5&#8243;][\/vc_column][vc_column width=&#8221;2\/3&#8243;][vc_column_text]<strong>Discovery Publisher<\/strong> s&#8217;engage \u00e0 respecter les normes les plus strictes de conduite professionnelle dans le secteur de l&#8217;\u00e9dition. Nous alignons nos op\u00e9rations sur le <strong>Code de d\u00e9ontologie de l&#8217;Alliance of Independent Authors (ALLi)<\/strong> pour garantir que nos auteurs soient trait\u00e9s comme de v\u00e9ritables partenaires.[\/vc_column_text][vc_separator type=&#8221;transparent&#8221; down=&#8221;5&#8243;][vc_column_text]<\/p>\n<h2>1. Transparence et clart\u00e9<\/h2>\n<p>Nous fournissons des accords \u00e9crits clairs pour chaque projet. Nous ne faisons aucune \u00ab promesse exag\u00e9r\u00e9e \u00bb concernant les ventes ou les r\u00e9sultats, et nous nous assurons que les auteurs comprennent parfaitement les services fournis, les co\u00fbts impliqu\u00e9s et le calendrier de livraison.[\/vc_column_text][vc_separator type=&#8221;transparent&#8221; down=&#8221;5&#8243;][vc_column_text]<\/p>\n<h2>2. Droits et propri\u00e9t\u00e9<\/h2>\n<p>Nous pensons que les auteurs doivent conserver autant de contr\u00f4le et de propri\u00e9t\u00e9 que possible sur leur propri\u00e9t\u00e9 intellectuelle.<\/p>\n<ul>\n<li><strong>Options de non-exclusivit\u00e9<\/strong> : Dans la mesure du possible, nous proposons des accords non exclusifs.<\/li>\n<li><strong>R\u00e9version des droits<\/strong> : Nos contrats incluent des clauses de r\u00e9siliation claires et des conditions de r\u00e9version des droits si un livre n&#8217;est plus commercialis\u00e9 ou si les objectifs de performance ne sont pas atteints.<\/li>\n<li><strong>Propri\u00e9t\u00e9 des fichiers<\/strong> : Les auteurs ont droit aux fichiers de production finaux de leur \u0153uvre une fois les termes du contrat remplis.<\/li>\n<\/ul>\n<p>[\/vc_column_text][vc_separator type=&#8221;transparent&#8221; down=&#8221;5&#8243;][vc_column_text]<\/p>\n<h2>3. \u00c9thique financi\u00e8re<\/h2>\n<ul>\n<li><strong>Aucun frais cach\u00e9<\/strong> : Tous les co\u00fbts sont divulgu\u00e9s \u00e0 l&#8217;avance. Nous ne facturons pas de frais \u00ab pr\u00e9dateurs \u00bb et ne cachons aucune marge sur les services tiers tels que l&#8217;impression ou la distribution.<\/li>\n<li><strong>Redevances ponctuelles<\/strong> : Nous fournissons des rapports de redevances transparents et veillons \u00e0 ce que les paiements soient effectu\u00e9s selon le calendrier convenu dans le contrat.<\/li>\n<\/ul>\n<p>[\/vc_column_text][vc_separator type=&#8221;transparent&#8221; down=&#8221;5&#8243;][vc_column_text]<\/p>\n<h2>4. Communication et responsabilit\u00e9<\/h2>\n<p>Nous consid\u00e9rons nos auteurs comme des pairs, et non comme de simples \u00ab cr\u00e9ateurs de contenu \u00bb. Nous entretenons une communication ouverte tout au long du processus de r\u00e9vision, de conception et de diffusion, en veillant \u00e0 ce que l&#8217;auteur soit associ\u00e9 \u00e0 chaque d\u00e9cision cr\u00e9ative importante.[\/vc_column_text][vc_separator type=&#8221;transparent&#8221; down=&#8221;5&#8243;][vc_column_text]<\/p>\n<h2>4. IA et Technologie<\/h2>\n<p>Fid\u00e8les \u00e0 notre engagement envers la cr\u00e9ativit\u00e9 humaine, nous n&#8217;utilisons la technologie \u2014 y compris l&#8217;IA \u2014 que comme un outil d&#8217;efficacit\u00e9 (t\u00e2ches administratives ou gestion de donn\u00e9es locales) et jamais pour remplacer la voix cr\u00e9ative centrale de l&#8217;auteur.[\/vc_column_text][vc_separator type=&#8221;transparent&#8221; down=&#8221;5&#8243;][vc_column_text]<\/p>\n<h2>6. Coordonn\u00e9es<\/h2>\n<p>Pour exercer vos droits ou poser des questions concernant nos pratiques en mati\u00e8re de confidentialit\u00e9, veuillez contacter <a href=\"https:\/\/www.discoverypublisher.com\/fr\/contactez-nous\/\">l&#8217;\u00e9quipe charg\u00e9e du code de d\u00e9ontologie et d\u2019\u00e9thique chez Discovery Publisher<\/a>.[\/vc_column_text][\/vc_column][vc_column width=&#8221;1\/6&#8243;][\/vc_column][\/vc_row][vc_row css_animation=&#8221;&#8221; row_type=&#8221;row&#8221; use_row_as_full_screen_section=&#8221;no&#8221; type=&#8221;full_width&#8221; angled_section=&#8221;no&#8221; text_align=&#8221;left&#8221; background_image_as_pattern=&#8221;without_pattern&#8221; background_color=&#8221;#ffffff&#8221; padding_top=&#8221;40&#8243;][vc_column][vc_separator type=&#8221;transparent&#8221; down=&#8221;40&#8243;][\/vc_column][\/vc_row]<\/p>\n","protected":false},"excerpt":{"rendered":"<p>Discovery Publisher s&#8217;engage \u00e0 respecter les normes les plus strictes de conduite professionnelle dans le secteur de l&#8217;\u00e9dition. Nous alignons nos op\u00e9rations sur le Code de d\u00e9ontologie de l&#8217;Alliance of Independent Authors (ALLi) pour garantir que nos auteurs soient trait\u00e9s comme de v\u00e9ritables partenaires.<\/p>\n","protected":false},"author":1,"featured_media":0,"parent":0,"menu_order":0,"comment_status":"closed","ping_status":"closed","template":"","meta":{"_seopress_robots_primary_cat":"","ngg_post_thumbnail":0},"tags":[10199,9420,9045],"_links":{"self":[{"href":"https:\/\/www.discoverypublisher.com\/fr\/wp-json\/wp\/v2\/pages\/27246"}],"collection":[{"href":"https:\/\/www.discoverypublisher.com\/fr\/wp-json\/wp\/v2\/pages"}],"about":[{"href":"https:\/\/www.discoverypublisher.com\/fr\/wp-json\/wp\/v2\/types\/page"}],"author":[{"embeddable":true,"href":"https:\/\/www.discoverypublisher.com\/fr\/wp-json\/wp\/v2\/users\/1"}],"replies":[{"embeddable":true,"href":"https:\/\/www.discoverypublisher.com\/fr\/wp-json\/wp\/v2\/comments?post=27246"}],"version-history":[{"count":3,"href":"https:\/\/www.discoverypublisher.com\/fr\/wp-json\/wp\/v2\/pages\/27246\/revisions"}],"predecessor-version":[{"id":27249,"href":"https:\/\/www.discoverypublisher.com\/fr\/wp-json\/wp\/v2\/pages\/27246\/revisions\/27249"}],"wp:attachment":[{"href":"https:\/\/www.discoverypublisher.com\/fr\/wp-json\/wp\/v2\/media?parent=27246"}],"wp:term":[{"taxonomy":"post_tag","embeddable":true,"href":"https:\/\/www.discoverypublisher.com\/fr\/wp-json\/wp\/v2\/tags?post=27246"}],"curies":[{"name":"wp","href":"https:\/\/api.w.org\/{rel}","templated":true}]}}