{"id":27063,"date":"2023-11-13T09:13:46","date_gmt":"2023-11-13T08:13:46","guid":{"rendered":"https:\/\/www.discoverypublisher.com\/fr\/?page_id=27063"},"modified":"2026-03-20T09:40:29","modified_gmt":"2026-03-20T08:40:29","slug":"bhagwandas-patel","status":"publish","type":"page","link":"https:\/\/www.discoverypublisher.com\/fr\/auteurs\/bhagwandas-patel\/","title":{"rendered":"Bhagwandas Patel"},"content":{"rendered":"<p>[vc_row css_animation=&#8221;&#8221; row_type=&#8221;row&#8221; use_row_as_full_screen_section=&#8221;no&#8221; type=&#8221;full_width&#8221; angled_section=&#8221;no&#8221; text_align=&#8221;left&#8221; background_image_as_pattern=&#8221;without_pattern&#8221; padding_top=&#8221;15&#8243; z_index=&#8221;&#8221;][vc_column]<blockquote class=' with_quote_icon' style=''><i class='fa fa-quote-right' style=''><\/i><h5 class='blockquote-text' style=''>Une telle combinaison de rigueur scientifique et de sensibilit\u00e9 litt\u00e9raire est rare. Son \u0153uvre a donn\u00e9 naissance \u00e0 un mouvement puissant en faveur de la litt\u00e9rature tribale dans le Gujarat.<\/h5><\/blockquote>[\/vc_column][\/vc_row][vc_row css_animation=&#8221;&#8221; row_type=&#8221;row&#8221; use_row_as_full_screen_section=&#8221;no&#8221; type=&#8221;full_width&#8221; angled_section=&#8221;no&#8221; text_align=&#8221;left&#8221; background_image_as_pattern=&#8221;without_pattern&#8221; padding_top=&#8221;15&#8243; z_index=&#8221;&#8221;][vc_column][vc_column_text]<\/p>\n<p style=\"text-align: justify;\">Bhagwandas Patel a fait \u0153uvre de pionnier dans la compilation en gujarati des contes des Dungari Bhils.<\/p>\n<p>[\/vc_column_text][\/vc_column][\/vc_row][vc_row css_animation=&#8221;&#8221; row_type=&#8221;row&#8221; use_row_as_full_screen_section=&#8221;no&#8221; type=&#8221;full_width&#8221; angled_section=&#8221;no&#8221; text_align=&#8221;left&#8221; background_image_as_pattern=&#8221;without_pattern&#8221; padding_top=&#8221;15&#8243; z_index=&#8221;&#8221;][vc_column][vc_column_text]<\/p>\n<p style=\"text-align: justify;\">Professeur de gujarati dans un lyc\u00e9e \u00e0 Khedbrahma , il s\u2019est \u00e9pris de la culture Bhil, et a ma\u00eetris\u00e9 leur langue. Sachant que c\u2019\u00e9tait une culture en p\u00e9ril, il a parcouru les collines et les for\u00eats pendant des ann\u00e9es pour transcrire et, en partie, enregistrer les contes. Sa contribution majeure : la transcription int\u00e9grale du Mahabharat des Bhils. Auteur de plus de quarante livres, il est aujourd\u2019hui sp\u00e9cialiste reconnu de la litt\u00e9rature orale du Gujarat.<\/p>\n<p>[\/vc_column_text][\/vc_column][\/vc_row][vc_row css_animation=&#8221;&#8221; row_type=&#8221;row&#8221; use_row_as_full_screen_section=&#8221;no&#8221; type=&#8221;full_width&#8221; angled_section=&#8221;no&#8221; text_align=&#8221;left&#8221; background_image_as_pattern=&#8221;without_pattern&#8221; padding_top=&#8221;15&#8243; z_index=&#8221;&#8221;][vc_column][vc_column_text]<\/p>\n<p style=\"text-align: justify;\">Professeur Ganesh Devi, un autre sp\u00e9cialiste de la litt\u00e9rature orale, \u00e9crit \u00e0 son propos : \u00ab Une telle combinaison de rigueur scientifique et de sensibilit\u00e9 litt\u00e9raire est rare. Son \u0153uvre a donn\u00e9 naissance \u00e0 un mouvement puissant en faveur de la litt\u00e9rature tribale dans le Gujarat. \u00bb<\/p>\n<p>[\/vc_column_text][\/vc_column][\/vc_row][vc_row css_animation=&#8221;&#8221; row_type=&#8221;row&#8221; use_row_as_full_screen_section=&#8221;no&#8221; type=&#8221;full_width&#8221; angled_section=&#8221;no&#8221; text_align=&#8221;left&#8221; background_image_as_pattern=&#8221;without_pattern&#8221; z_index=&#8221;&#8221;][vc_column][vc_separator type=&#8221;transparent&#8221; down=&#8221;84&#8243;][\/vc_column][\/vc_row]<\/p>\n","protected":false},"excerpt":{"rendered":"<p>Une telle combinaison de rigueur scientifique et de sensibilit\u00e9 litt\u00e9raire est rare. Son \u0153uvre a donn\u00e9 naissance \u00e0 un mouvement puissant en faveur de la litt\u00e9rature tribale dans le Gujarat.<\/p>\n","protected":false},"author":1,"featured_media":27067,"parent":16021,"menu_order":0,"comment_status":"closed","ping_status":"closed","template":"","meta":{"_seopress_robots_primary_cat":"","ngg_post_thumbnail":0},"tags":[9990,10177,10167,9420,9416],"_links":{"self":[{"href":"https:\/\/www.discoverypublisher.com\/fr\/wp-json\/wp\/v2\/pages\/27063"}],"collection":[{"href":"https:\/\/www.discoverypublisher.com\/fr\/wp-json\/wp\/v2\/pages"}],"about":[{"href":"https:\/\/www.discoverypublisher.com\/fr\/wp-json\/wp\/v2\/types\/page"}],"author":[{"embeddable":true,"href":"https:\/\/www.discoverypublisher.com\/fr\/wp-json\/wp\/v2\/users\/1"}],"replies":[{"embeddable":true,"href":"https:\/\/www.discoverypublisher.com\/fr\/wp-json\/wp\/v2\/comments?post=27063"}],"version-history":[{"count":4,"href":"https:\/\/www.discoverypublisher.com\/fr\/wp-json\/wp\/v2\/pages\/27063\/revisions"}],"predecessor-version":[{"id":27068,"href":"https:\/\/www.discoverypublisher.com\/fr\/wp-json\/wp\/v2\/pages\/27063\/revisions\/27068"}],"up":[{"embeddable":true,"href":"https:\/\/www.discoverypublisher.com\/fr\/wp-json\/wp\/v2\/pages\/16021"}],"wp:featuredmedia":[{"embeddable":true,"href":"https:\/\/www.discoverypublisher.com\/fr\/wp-json\/wp\/v2\/media\/27067"}],"wp:attachment":[{"href":"https:\/\/www.discoverypublisher.com\/fr\/wp-json\/wp\/v2\/media?parent=27063"}],"wp:term":[{"taxonomy":"post_tag","embeddable":true,"href":"https:\/\/www.discoverypublisher.com\/fr\/wp-json\/wp\/v2\/tags?post=27063"}],"curies":[{"name":"wp","href":"https:\/\/api.w.org\/{rel}","templated":true}]}}