{"id":26667,"date":"2022-02-07T05:39:15","date_gmt":"2022-02-07T04:39:15","guid":{"rendered":"https:\/\/www.discoverypublisher.com\/fr\/?page_id=26667"},"modified":"2023-10-18T07:41:47","modified_gmt":"2023-10-18T05:41:47","slug":"patrice-godart","status":"publish","type":"page","link":"https:\/\/www.discoverypublisher.com\/fr\/auteurs\/patrice-godart\/","title":{"rendered":"Patrice Godart"},"content":{"rendered":"<p>[vc_row css_animation=&#8221;&#8221; row_type=&#8221;row&#8221; use_row_as_full_screen_section=&#8221;no&#8221; type=&#8221;full_width&#8221; angled_section=&#8221;no&#8221; text_align=&#8221;left&#8221; background_image_as_pattern=&#8221;without_pattern&#8221; z_index=&#8221;&#8221; padding_top=&#8221;15&#8243;][vc_column][vc_column_text]Patrice Godart est n\u00e9 en 1947, dans le nord de la France. Il aime chercher, d\u00e9couvrir, inventer et exp\u00e9rimenter. Chemin faisant, il se d\u00e9couvre trois passions :<br \/>\n\u2014 L\u2019aviation, dans sa jeunesse, o\u00f9 il a poursuivi une formation de pilote professionnel.<br \/>\n\u2014 Le Yoga.<br \/>\n\u2014 L\u2019Information.[\/vc_column_text][\/vc_column][\/vc_row][vc_row css_animation=&#8221;&#8221; row_type=&#8221;row&#8221; use_row_as_full_screen_section=&#8221;no&#8221; type=&#8221;full_width&#8221; angled_section=&#8221;no&#8221; text_align=&#8221;left&#8221; background_image_as_pattern=&#8221;without_pattern&#8221; z_index=&#8221;&#8221; padding_top=&#8221;15&#8243;][vc_column][vc_column_text]<\/p>\n<h3 style=\"padding-top: 15px; padding-bottom: 10px;\">LE YOGA<\/h3>\n<p style=\"text-align: justify;\">Insatisfait par l\u2019orientation des pratiques yogiques, dans le contexte de la vie moderne et du psychisme fortement perturb\u00e9 et d\u00e9g\u00e9n\u00e9r\u00e9 de l\u2019homme technologique, il s\u00e9lectionne, adapte et exp\u00e9rimente pendant de nombreuses ann\u00e9es, de nouvelles approches parmi la multitude des techniques yogiques, des plus simples aux plus puissantes.<\/p>\n<p style=\"text-align: justify;\">Sans toutefois perdre de vue le but central du Yoga, mais aussi le sens le plus profond et le plus complet de la vie humaine, en particulier dans la repr\u00e9sentation de Sri Aurobindo et de La M\u00e8re il va revisiter et mettre au point un certain nombre de pratiques fort anciennes pour les adapter aux besoins de notre \u00e9poque. Il en d\u00e9coulera une grande efficacit\u00e9 dans les pratiques, parce qu\u2019elles sont diversifi\u00e9es et progressives, et parce qu\u2019elles accentuent l\u2019int\u00e9r\u00eat et le plaisir au coeur de l\u2019exercice.<\/p>\n<p style=\"text-align: justify;\">Nous le savons. Dans la profondeur de la nature humaine &#8211; et \u00e0 plus forte raison spirituelle, r\u00e9sident l\u2019\u00e9nergie et la joie illimit\u00e9e, la possibilit\u00e9 d\u2019une connaissance sans fin, mais aussi la capacit\u00e9 d\u2019entreprendre, de cr\u00e9er, d\u2019explorer, d\u2019exprimer et de r\u00e9aliser.<\/p>\n<p style=\"text-align: justify;\">Il n\u2019y a plus besoin d\u2019une vie asc\u00e9tique et recluse ni de passer chaque jour de longues heures dans l\u2019assise m\u00e9ditative, \u00e0 la poursuite d\u2019une lib\u00e9ration qui devient souvent hypoth\u00e9tique tant elle est radicale.<\/p>\n<p style=\"text-align: justify;\">Patrice Godart est conscient qu\u2019il a eu la chance de conna\u00eetre l\u2019Inde et le Yoga \u00e0 un moment privil\u00e9gi\u00e9 de notre histoire, dans les ann\u00e9es 70. Il a pu avoir acc\u00e8s \u00e0 des enseignements directs, rencontrer des personnes exceptionnelles, non pas dans ce qu\u2019ils font, mais dans ce qu\u2019ils sont, \u00e0 des ma\u00eetres en Yoga, \u00e0 des sages et des yogis accomplis qui lui ont donn\u00e9 une grille de lecture du monde et des hommes bien utile dans notre soci\u00e9t\u00e9 et notre \u00e9poque chaotique et artificielle.<\/p>\n<p style=\"text-align: justify;\">C\u2019est l\u00e0 qu\u2019il a pu constater la grande diversit\u00e9 des ma\u00eetres, des enseignements, des philosophies et des exp\u00e9riences spirituelles. Et de pouvoir le constater, ou mieux de le vivre, apporte une profonde compr\u00e9hension et une possibilit\u00e9 de choix quand nous rencontrons sur le chemin les diff\u00e9rents courants de la transformation et du d\u00e9veloppement de soi.<\/p>\n<p style=\"text-align: justify;\">Sans parler de sa relation privil\u00e9gi\u00e9e avec la M\u00e8re, \u00e0 l\u2019ashram de Sri Aurobindo et \u00e0 Auroville, il rejoint \u00e0 plusieurs reprises Baba Muktananda au cours de plusieurs s\u00e9jours et il re\u00e7oit des enseignements et des disciplines yogiques dans diff\u00e9rents centres et ashrams, \u00e0 B\u00e9nar\u00e8s, Rameshwaram, Rishikesh, \u00e0 l\u2019h\u00f4pital yogique de Lonavla, aupr\u00e8s de Pattaby Jo\u00efs \u00e0 Mysore, mais surtout \u00e0 l\u2019ashram de Paramahansa Satyananda \u00e0 Monghyr.<\/p>\n<p style=\"text-align: justify;\">Au cours de ses premi\u00e8res ann\u00e9es de contact avec l\u2019Inde, il exp\u00e9rimente \u00e0 plusieurs reprises les exp\u00e9riences antagonistes de l\u2019illusion du monde et du Divin individuel.<\/p>\n<p style=\"text-align: justify;\">Ces rencontres et ces exp\u00e9riences nourriront son parcours de professeur de Yoga et de pratiquant.<\/p>\n<p>[\/vc_column_text][\/vc_column][\/vc_row][vc_row css_animation=&#8221;&#8221; row_type=&#8221;row&#8221; use_row_as_full_screen_section=&#8221;no&#8221; type=&#8221;full_width&#8221; angled_section=&#8221;no&#8221; text_align=&#8221;left&#8221; background_image_as_pattern=&#8221;without_pattern&#8221; z_index=&#8221;&#8221; padding_top=&#8221;15&#8243;][vc_column][vc_column_text]<\/p>\n<h3 style=\"padding-top: 15px; padding-bottom: 10px;\">L\u2019INFORMATION<\/h3>\n<p style=\"text-align: justify;\">Nous ne parlons pas ici du monde des m\u00e9dias, mais de l\u2019\u00e9tude de l\u2019existence des objets, des forces et des \u00eatres par del\u00e0 les apparences et les caract\u00e9ristiques de la surface. La physique quantique a d\u2019ailleurs repris cette terminologie dans un sens similaire.<\/p>\n<p style=\"text-align: justify;\">Il est possible de r\u00e9v\u00e9ler cette information fondamentale ou d\u2019y avoir acc\u00e8s et de l\u2019exploiter dans la mati\u00e8re et dans la vie.<\/p>\n<p style=\"text-align: justify;\">L\u2019eau ou la silice inform\u00e9e, le champ magn\u00e9tique inform\u00e9, la plante r\u00e9v\u00e9l\u00e9e, en sont quelques exemples.<br \/>\nLa mati\u00e8re, la force ou l\u2019\u00eatre vivant \u00ab inform\u00e9 \u00bb retrouve ou concentre sa relation \u00e0 son arch\u00e9type \u2013 ou dit autrement, \u00e0 son origine dans le Champ unifi\u00e9 universel.<\/p>\n<p style=\"text-align: justify;\">Il en r\u00e9sulte une r\u00e9volution qui touche la mati\u00e8re et la vie dans tous ses aspects fondamentaux dans une conscience unifi\u00e9e, reli\u00e9e \u00e0 l\u2019univers, \u00e0 ses lois d\u2019harmonie et ses connexions infinies. De nouvelles propri\u00e9t\u00e9s en \u00e9mergent, de nouvelles possibilit\u00e9s.<\/p>\n<p style=\"text-align: justify;\">La science rationnelle mat\u00e9rialiste isole, diff\u00e9rencie, analyse et fonde ses connaissances \u00e0 partir d\u2019un monde d\u00e9membr\u00e9, d\u00e9coup\u00e9 \u00e0 l\u2019infini. Elle \u00e9volue dans un monde de division qui produit logiquement une repr\u00e9sentation, une technologie et une soci\u00e9t\u00e9 autour du pouvoir, du d\u00e9sir et de l\u2019ego.<\/p>\n<p style=\"text-align: justify;\">La science et la technologie qui se construisent autour de l\u2019information, par d\u00e9finition, ne sont pas le r\u00e9sultat d\u2019une repr\u00e9sentation, mais d\u2018une exp\u00e9rience ; elles fonctionnent donc dans l\u2019unit\u00e9 et dans la relation, la connexion avec toutes les parties et avec le tout. Comme le dit Nassim Haramein, l\u2019univers appara\u00eet ainsi fractal et holographique.<\/p>\n<p style=\"text-align: justify;\">Patrice Godart, de par ses exp\u00e9riences personnelles, qui se d\u00e9roulent sur une p\u00e9riode de pr\u00e8s de cinquante ann\u00e9es, mais aussi par celle de nombreux chercheurs et scientifiques alternatifs, et leurs travaux, y voit une r\u00e9volution dans la transformation de la conscience et de la vie, dans toutes les disciplines spirituelles, dans l\u2019\u00e9ducation ou la m\u00e9decine, dans la perception extra-sensorielle et l\u2019acc\u00e8s aux diff\u00e9rentes formes de l\u2019intuition. Mais aussi une r\u00e9volution de toute la science et de la technologie.<\/p>\n<p style=\"text-align: justify;\">Pour l\u2019auteur, parmi les physiciens les plus \u00e0 la pointe de la physique unifi\u00e9e, Nassim Haramein apportera, fort possiblement \u00e0 court terme, la th\u00e9orie \u00e0 la fois conceptuelle et math\u00e9matique, le Graal de la physique, qui r\u00e9conciliera les mondes quantique et cosmologique.<\/p>\n<p style=\"text-align: justify;\">Une nouvelle \u00e8re, n\u00e9e de l\u2019Information, d\u2019harmonie et d\u2019\u00e9volution continue, pourra alors voir le jour.<\/p>\n<p style=\"text-align: justify;\">L\u2019information, au sens le plus profond, peut \u00eatre mat\u00e9rialis\u00e9e par la conscience individuelle ou collective, mais aussi par sa signature \u00e9lectromagn\u00e9tique, par le nombre et la forme, par la sp\u00e9cificit\u00e9 profonde des mat\u00e9riaux et des technologies, tout en \u00e9tant toujours en connexion avec le Tout. Elle doit \u00eatre \u00e9tudi\u00e9e avec un mental connect\u00e9 au Tout . Elle rejoint les fondements philosophiques et spirituels des traditions les plus anciennes, notamment indienne.<\/p>\n<p>[\/vc_column_text][\/vc_column][\/vc_row][vc_row css_animation=&#8221;&#8221; row_type=&#8221;row&#8221; use_row_as_full_screen_section=&#8221;no&#8221; type=&#8221;full_width&#8221; angled_section=&#8221;no&#8221; text_align=&#8221;left&#8221; background_image_as_pattern=&#8221;without_pattern&#8221; z_index=&#8221;&#8221; padding_top=&#8221;15&#8243;][vc_column][vc_column_text]Patrice Godart a publi\u00e9 trois livres :<br \/>\n\u2014 <em>Apaisez votre mental<\/em>, paru en 1998, \u00e9puis\u00e9.<br \/>\n\u2014 <em>Apaisez et transformez votre mental<\/em>, paru en 2016, \u00e9puis\u00e9.<br \/>\n\u2014 <em>Au jardin du Silence, pr\u00e2n\u00e2y\u00e2ma et m\u00e9ditation<\/em>, aux \u00c9ditions Discovery.<br \/>\nEt en pr\u00e9paration : <em>Au jardin du Silence, silence mental et m\u00e9ditation.<\/em>[\/vc_column_text][\/vc_column][\/vc_row][vc_row css_animation=&#8221;&#8221; row_type=&#8221;row&#8221; use_row_as_full_screen_section=&#8221;no&#8221; type=&#8221;full_width&#8221; angled_section=&#8221;no&#8221; text_align=&#8221;left&#8221; background_image_as_pattern=&#8221;without_pattern&#8221;][vc_column][vc_separator type=&#8221;transparent&#8221; down=&#8221;84&#8243;][\/vc_column][\/vc_row]<\/p>\n","protected":false},"excerpt":{"rendered":"<p>Patrice Godart est conscient qu\u2019il a eu la chance de conna\u00eetre l\u2019Inde et le Yoga \u00e0 un moment privil\u00e9gi\u00e9 de notre histoire, dans les ann\u00e9es 70. Il a pu avoir acc\u00e8s \u00e0 des enseignements directs, rencontrer des personnes exceptionnelles, non pas dans ce qu\u2019ils font, mais dans ce qu\u2019ils sont, \u00e0 des ma\u00eetres en Yoga, \u00e0 des sages et des yogis accomplis qui lui ont donn\u00e9 une grille de lecture du monde et des hommes bien utile dans notre soci\u00e9t\u00e9 et notre \u00e9poque chaotique et artificielle.<\/p>\n","protected":false},"author":1,"featured_media":27034,"parent":16021,"menu_order":0,"comment_status":"closed","ping_status":"closed","template":"","meta":{"_seopress_robots_primary_cat":"","ngg_post_thumbnail":0},"tags":[9416,10124],"_links":{"self":[{"href":"https:\/\/www.discoverypublisher.com\/fr\/wp-json\/wp\/v2\/pages\/26667"}],"collection":[{"href":"https:\/\/www.discoverypublisher.com\/fr\/wp-json\/wp\/v2\/pages"}],"about":[{"href":"https:\/\/www.discoverypublisher.com\/fr\/wp-json\/wp\/v2\/types\/page"}],"author":[{"embeddable":true,"href":"https:\/\/www.discoverypublisher.com\/fr\/wp-json\/wp\/v2\/users\/1"}],"replies":[{"embeddable":true,"href":"https:\/\/www.discoverypublisher.com\/fr\/wp-json\/wp\/v2\/comments?post=26667"}],"version-history":[{"count":9,"href":"https:\/\/www.discoverypublisher.com\/fr\/wp-json\/wp\/v2\/pages\/26667\/revisions"}],"predecessor-version":[{"id":27035,"href":"https:\/\/www.discoverypublisher.com\/fr\/wp-json\/wp\/v2\/pages\/26667\/revisions\/27035"}],"up":[{"embeddable":true,"href":"https:\/\/www.discoverypublisher.com\/fr\/wp-json\/wp\/v2\/pages\/16021"}],"wp:featuredmedia":[{"embeddable":true,"href":"https:\/\/www.discoverypublisher.com\/fr\/wp-json\/wp\/v2\/media\/27034"}],"wp:attachment":[{"href":"https:\/\/www.discoverypublisher.com\/fr\/wp-json\/wp\/v2\/media?parent=26667"}],"wp:term":[{"taxonomy":"post_tag","embeddable":true,"href":"https:\/\/www.discoverypublisher.com\/fr\/wp-json\/wp\/v2\/tags?post=26667"}],"curies":[{"name":"wp","href":"https:\/\/api.w.org\/{rel}","templated":true}]}}