{"id":23636,"date":"2021-11-14T07:43:47","date_gmt":"2021-11-14T06:43:47","guid":{"rendered":"https:\/\/www.discoverypublisher.com\/fr\/?page_id=23636"},"modified":"2021-12-04T14:17:39","modified_gmt":"2021-12-04T13:17:39","slug":"yram-marcel-forhan","status":"publish","type":"page","link":"https:\/\/www.discoverypublisher.com\/fr\/auteurs\/yram-marcel-forhan\/","title":{"rendered":"Yram \u2022 Marcel Forhan"},"content":{"rendered":"<p>[vc_row css_animation=&#8221;&#8221; row_type=&#8221;row&#8221; use_row_as_full_screen_section=&#8221;no&#8221; type=&#8221;full_width&#8221; angled_section=&#8221;no&#8221; text_align=&#8221;left&#8221; background_image_as_pattern=&#8221;without_pattern&#8221; padding_top=&#8221;15&#8243; z_index=&#8221;&#8221;][vc_column][vc_column_text]<\/p>\n<p style=\"text-align: justify;\">Yram (n\u00e9 Marcel Forhan \u00e0 Corbeil-Essonnes le 17 novembre 1884 et mort \u00e0 Shanghai le 1er octobre 1927) est ing\u00e9nieur \u00e9lectricien, sp\u00e9cialis\u00e9 dans les installations \u00e9lectriques de tramways et de stations TSF. Il doit sa notori\u00e9t\u00e9 \u00e0 une trilogie m\u00e9taphysique publi\u00e9e dans de nombreux pays.<\/p>\n<p>[\/vc_column_text][\/vc_column][\/vc_row][vc_row css_animation=&#8221;&#8221; row_type=&#8221;row&#8221; use_row_as_full_screen_section=&#8221;no&#8221; type=&#8221;full_width&#8221; angled_section=&#8221;no&#8221; text_align=&#8221;left&#8221; background_image_as_pattern=&#8221;without_pattern&#8221; padding_top=&#8221;25&#8243; z_index=&#8221;&#8221;][vc_column][vc_column_text]<\/p>\n<h3 style=\"text-align: justify;\">Biographie<\/h3>\n<p>[\/vc_column_text][vc_separator type=&#8221;transparent&#8221; down=&#8221;5&#8243;][vc_column_text]<\/p>\n<p style=\"text-align: justify;\">Fils de Louis Forhan et C\u00e9line Berthelot, Yram avait un fr\u00e8re, Julien, et deux s\u0153urs, Marcelline et L\u00e9a.<\/p>\n<p style=\"text-align: justify;\">Il a travaill\u00e9 en qualit\u00e9 d&#8217;ing\u00e9nieur \u00e9lectricien pour la Compagnie fran\u00e7aise de tramways et d&#8217;\u00e9clairage \u00e9lectrique qui l&#8217;a envoy\u00e9 s&#8217;installer, peu avant la premi\u00e8re guerre mondiale, dans la concession fran\u00e7aise de Shanghai afin d&#8217;y installer une importante centrale \u00e9lectrique de laquelle d\u00e9pendait son tramway. Il a \u00e9galement particip\u00e9 \u00e0 l&#8217;installation des stations de radiodiffusion TSF (transmission sans fil). C&#8217;est en effet en 1908 que les premi\u00e8res lignes de tramway ont \u00e9t\u00e9 op\u00e9rationnelles \u00e0 Shanghai, la France et l&#8217;Angleterre ayant beaucoup contribu\u00e9 aux efforts d&#8217;am\u00e9nagements et d&#8217;urbanisme de la ville.<\/p>\n<p style=\"text-align: justify;\">Il r\u00e9sida dans cette Concession afin d&#8217;y effectuer ces installations (dont les travaux li\u00e9s \u00e0 la centrale \u00e9lectrique devaient durer dix ans).<\/p>\n<p style=\"text-align: justify;\">Sa fianc\u00e9e Suzanne Garbe, n\u00e9e le 4 f\u00e9vrier 1892 \u00e0 Guise, le rejoint en Chine depuis l\u2019\u00c9gypte o\u00f9 elle vivait avec sa m\u00e8re. Ils se mari\u00e8rent le 17 ao\u00fbt 1914 \u00e0 Shanghai. De cette union, na\u00eetra trois enfants sur le sol chinois : Max (n\u00e9 en 1915), Marcel Andr\u00e9 (n\u00e9 en 1919) et Robert (n\u00e9 en 1920).<\/p>\n<p style=\"text-align: justify;\">En 1927, il attrape une dysenterie qui, faute de soins urgents, se d\u00e9veloppe en septic\u00e9mie : il d\u00e9c\u00e8de le 1er octobre 1927 \u00e0 Shanghai.<\/p>\n<p style=\"text-align: justify;\">Sa femme retourne en France avec ses trois enfants, o\u00f9 elle trouve un travail dans l\u2019administration d\u2019une industrie pharmaceutique. Elle d\u00e9c\u00e9dera le 10 d\u00e9cembre 1964.<\/p>\n<p>[\/vc_column_text][\/vc_column][\/vc_row][vc_row css_animation=&#8221;&#8221; row_type=&#8221;row&#8221; use_row_as_full_screen_section=&#8221;no&#8221; type=&#8221;full_width&#8221; angled_section=&#8221;no&#8221; text_align=&#8221;left&#8221; background_image_as_pattern=&#8221;without_pattern&#8221; padding_top=&#8221;25&#8243; z_index=&#8221;&#8221;][vc_column][vc_column_text]<\/p>\n<h3 style=\"text-align: justify;\">Ses oeuvres<\/h3>\n<p>[\/vc_column_text][vc_separator type=&#8221;transparent&#8221; down=&#8221;5&#8243;][vc_column_text]<\/p>\n<p style=\"text-align: justify;\">Ses livres, publi\u00e9s dans plusieurs pays (\u00c9tats-Unis, Angleterre, Espagne, Argentine, Moldavie, Roumanie), relatent des exp\u00e9riences v\u00e9cues hors du corps physique. Les d\u00e9ductions auxquelles il parvient fondent \u00e0 ses yeux un nouveau paradigme, peut-\u00eatre utopique, susceptible de cr\u00e9er une soci\u00e9t\u00e9 plus \u00e9quitable qui ne craindrait plus l&#8217;av\u00e8nement de la mort et agirait de fa\u00e7on philanthropique. Sur le plan philosophique et social, son \u0153uvre \u00e9voque fortement l&#8217;utilitarisme de John Stuart Mill, sur le plan m\u00e9taphysique, Hegel, dans sa conception de l&#8217;Absolu notamment, et sur le plan de l&#8217;\u00e9volution spirituelle ou psychagogique, Teilhard de Chardin.<\/p>\n<p style=\"text-align: justify;\">Certaines de ses th\u00e9matiques sont communes (sans \u00eatre toutefois sp\u00e9cifiques) \u00e0 la Th\u00e9osophie (la notion de karma, de corps astral, de plans sup\u00e9rieurs successifs et d&#8217;\u00e9volution spirituelle) et \u00e0 des auteurs repr\u00e9sentatifs tels qu&#8217;Arthur Edward Powell (1882-1969). Cependant, il n&#8217;en est pas un fid\u00e8le repr\u00e9sentant. Preuve en est que les ouvrages du compilateur Powell ne citent pas Yram dans leur riche bibliographie, ni les livres des th\u00e9osophes, de surcro\u00eet\u2026 Marcel Forhan ne fait en effet aucune apolog\u00e9tique et n&#8217;adh\u00e8re d&#8217;embl\u00e9e \u00e0 aucune doctrine, car il entend placer les exp\u00e9riences au fondement m\u00eame des convictions (qui doivent rester non dogmatiques), selon une d\u00e9marche assez proche de la ph\u00e9nom\u00e9nologie husserlienne qui met entre parenth\u00e8ses8 toutes les connaissances acquises. Ses critiques envers les dogmes, les pr\u00e9jug\u00e9s, les croyances, les superstitions, les id\u00e9ologies, \u00e9tant pr\u00e9sentes dans chacun de ses livres. Profond\u00e9ment anti-sectaire, d\u00e9fendant la libre pens\u00e9e et le d\u00e9conditionnement mental, il entendait donner \u00e0 chacun des cl\u00e9s exp\u00e9rimentales pour corroborer ses propres exp\u00e9riences. Tout comme l&#8217;am\u00e9ricain Robert Monroe ou le br\u00e9silien Waldo Vieira, il esp\u00e9rait qu&#8217;un centre d&#8217;\u00e9tudes scientifiques puisse aborder ces ph\u00e9nom\u00e8nes.<\/p>\n<p style=\"text-align: justify;\">Du fait de l&#8217;originalit\u00e9 de sa d\u00e9marche, sans \u00eatre toutefois un pr\u00e9curseur ou un novateur, cet auteur rel\u00e8ve \u00e0 la fois de la spiritualit\u00e9 (par sa m\u00e9taphysique qui d\u00e9fend des valeurs \u00e9thiques et morales), de l&#8217;\u00e9sot\u00e9risme (par l&#8217;exp\u00e9rimentation dans des dimensions astrales et sup\u00e9rieures, ainsi que la t\u00e9l\u00e9pathie notamment) et de la ph\u00e9nom\u00e9nologie (par une analyse et une synth\u00e8se logiques, men\u00e9es rationnellement, sans a priori, partant de l&#8217;exp\u00e9rience pure). Sa formation scientifique \u00e9tant certainement responsable de cette m\u00e9thodologie qui laisse place au doute sceptique avant de donner du cr\u00e9dit \u00e0 un postulat corrobor\u00e9 par des exp\u00e9riences.<\/p>\n<p>[\/vc_column_text][\/vc_column][\/vc_row][vc_row css_animation=&#8221;&#8221; row_type=&#8221;row&#8221; use_row_as_full_screen_section=&#8221;no&#8221; type=&#8221;full_width&#8221; angled_section=&#8221;no&#8221; text_align=&#8221;left&#8221; background_image_as_pattern=&#8221;without_pattern&#8221; background_color=&#8221;#ffffff&#8221; z_index=&#8221;&#8221;][vc_column][vc_separator type=&#8221;transparent&#8221; down=&#8221;84&#8243;][\/vc_column][\/vc_row]<\/p>\n","protected":false},"excerpt":{"rendered":"<p>Yram, de son vrai nom Marcel Forhan, \u00e9tait un ing\u00e9nieur \u00e9lectricien et \u00e9crivain spiritualiste.<\/p>\n","protected":false},"author":1,"featured_media":23641,"parent":16021,"menu_order":0,"comment_status":"closed","ping_status":"closed","template":"","meta":{"_seopress_robots_primary_cat":"","ngg_post_thumbnail":0},"tags":[9990,9420,9045,9946,9416,9611],"_links":{"self":[{"href":"https:\/\/www.discoverypublisher.com\/fr\/wp-json\/wp\/v2\/pages\/23636"}],"collection":[{"href":"https:\/\/www.discoverypublisher.com\/fr\/wp-json\/wp\/v2\/pages"}],"about":[{"href":"https:\/\/www.discoverypublisher.com\/fr\/wp-json\/wp\/v2\/types\/page"}],"author":[{"embeddable":true,"href":"https:\/\/www.discoverypublisher.com\/fr\/wp-json\/wp\/v2\/users\/1"}],"replies":[{"embeddable":true,"href":"https:\/\/www.discoverypublisher.com\/fr\/wp-json\/wp\/v2\/comments?post=23636"}],"version-history":[{"count":8,"href":"https:\/\/www.discoverypublisher.com\/fr\/wp-json\/wp\/v2\/pages\/23636\/revisions"}],"predecessor-version":[{"id":25737,"href":"https:\/\/www.discoverypublisher.com\/fr\/wp-json\/wp\/v2\/pages\/23636\/revisions\/25737"}],"up":[{"embeddable":true,"href":"https:\/\/www.discoverypublisher.com\/fr\/wp-json\/wp\/v2\/pages\/16021"}],"wp:featuredmedia":[{"embeddable":true,"href":"https:\/\/www.discoverypublisher.com\/fr\/wp-json\/wp\/v2\/media\/23641"}],"wp:attachment":[{"href":"https:\/\/www.discoverypublisher.com\/fr\/wp-json\/wp\/v2\/media?parent=23636"}],"wp:term":[{"taxonomy":"post_tag","embeddable":true,"href":"https:\/\/www.discoverypublisher.com\/fr\/wp-json\/wp\/v2\/tags?post=23636"}],"curies":[{"name":"wp","href":"https:\/\/api.w.org\/{rel}","templated":true}]}}