{"id":23593,"date":"2021-11-14T04:23:25","date_gmt":"2021-11-14T03:23:25","guid":{"rendered":"https:\/\/www.discoverypublisher.com\/fr\/?page_id=23593"},"modified":"2021-12-04T14:17:35","modified_gmt":"2021-12-04T13:17:35","slug":"albert-poisson","status":"publish","type":"page","link":"https:\/\/www.discoverypublisher.com\/fr\/auteurs\/albert-poisson\/","title":{"rendered":"Albert Poisson"},"content":{"rendered":"<p>[vc_row css_animation=&#8221;&#8221; row_type=&#8221;row&#8221; use_row_as_full_screen_section=&#8221;no&#8221; type=&#8221;full_width&#8221; angled_section=&#8221;no&#8221; text_align=&#8221;left&#8221; background_image_as_pattern=&#8221;without_pattern&#8221; padding_top=&#8221;15&#8243; z_index=&#8221;&#8221;][vc_column][vc_column_text]<\/p>\n<p style=\"text-align: justify;\">Albert Poisson (1868-1894) est un de ces alchimistes mal connus du grand public, comme d\u2019autres d\u00e9c\u00e9d\u00e9 pr\u00e9matur\u00e9ment, et dont pourtant l\u2019oeuvre reste consid\u00e9rable. Non seulement il me semble avoir marqu\u00e9 l\u2019alchimie fran\u00e7aise et europ\u00e9enne du XIX<sup>e<\/sup> si\u00e8cle, mais son influence me para\u00eet devoir encore perdurer de nos jours.<\/p>\n<p style=\"text-align: center;\"><img loading=\"lazy\" style=\"padding-top: 20px; padding-bottom: 20px;\" src=\"https:\/\/www.discoverypublisher.com\/fr\/wp-content\/uploads\/2021\/11\/5trait.jpg\" width=\"443\" height=\"569\"><\/p>\n<p style=\"text-align: justify;\">Dans son ouvrage sur Fulcanelli, Genevi\u00e8ve Dubois en fait un familier parmi d&#8217;autres du cordonnier-concierge parisien R\u00e9mi Pierret, voire son disciple.&nbsp;Pour elle il fut un intime de Stanislas de Gua\u00efta. Tr\u00e8s t\u00f4t passionn\u00e9 d&#8217;alchimie, il gagnait sa vie comme laborantin \u00e0 la facult\u00e9 de m\u00e9decine de Paris. En 1889, il rejoint ainsi le groupe ind\u00e9pendant d&#8217;\u00e9tudes \u00e9sot\u00e9riques de Papus et consorts, Papus qui venait de cr\u00e9er la revue L&#8217;Initiation, dont est extraite la photo ci-dessus, et revue qui rendit \u00e0 Poisson en 1894 un hommage appuy\u00e9.<\/p>\n<p style=\"text-align: justify;\">Notons \u00e9galement que Victor-Emile Michelet le rangera au nombre de ses Compagnons de la Hi\u00e9rophanie (Dorbon, 1937 et B\u00e9lisane, 1977), confr\u00e9rie sans doute informelle dont les initiales rappellent fort celles de l&#8217;assembl\u00e9e des fr\u00e8res Chevaliers d&#8217;H\u00e9liopolis.&nbsp;D\u00e8s 1890, Albert Poisson publie chez Chacornac ses Cinq trait\u00e9s d&#8217;alchimie, sur lesquels nous allons revenir.<\/p>\n<p style=\"text-align: center;\"><img loading=\"lazy\" style=\"padding-top: 20px; padding-bottom: 20px;\" src=\"https:\/\/www.discoverypublisher.com\/fr\/wp-content\/uploads\/2021\/11\/APTHEORIE.jpg\" width=\"282\" height=\"400\"><\/p>\n<p style=\"text-align: justify;\">L&#8217;ann\u00e9e suivante, toujours chez Chacornac, il fait para\u00eetre le livre qui reste sans doute sa contribution majeure \u00e0 l&#8217;alchimie, et qu&#8217;apr\u00e8s Canseliet on peut de nos jours encore conseiller \u00e0 tout \u00e9tudiant \u00e8s-herm\u00e9tisme: Th\u00e9ories et symboles des alchimistes. Ce livre a d&#8217;ailleurs fait l&#8217;objet de nombreuses r\u00e9\u00e9ditions, tant en France qu&#8217;\u00e0 l&#8217;\u00e9tranger (par exemple en Italie). Enfin para\u00eet son oeuvre la plus c\u00e9l\u00e8bre, consacr\u00e9e \u00e0 Nicolas Flamel, dont il prend la d\u00e9fense en tant qu&#8217;alchimiste, et qui sera cit\u00e9e favorablement, quoique avec r\u00e9serves, aussi bien par Fulcanelli que par Eug\u00e8ne Canseliet, disciple de ce dernier.<\/p>\n<p style=\"text-align: center;\"><img loading=\"lazy\" style=\"padding-top: 20px; padding-bottom: 20px;\" src=\"https:\/\/www.discoverypublisher.com\/fr\/wp-content\/uploads\/2021\/11\/APNF.jpg\" width=\"445\" height=\"599\"><\/p>\n<p style=\"text-align: justify;\">D&#8217;apr\u00e8s Dubois, il serait d\u00e9c\u00e9d\u00e9 pr\u00e9matur\u00e9ment d&#8217;une tuberculose contract\u00e9e \u00e0 l&#8217;arm\u00e9e. Pour d&#8217;autres, il se serait tout bonnement <a href=\"http:\/\/www.alchymie.net\/alchimistes\/albert_poisson.htm\">\u00e9puis\u00e9 \u00e0 la t\u00e2che<\/a>. En tout cas, Genevi\u00e8ve Dubois nous livre une information utile dans le cadre de cet article: &#8220;Il l\u00e9gua sa biblioth\u00e8que \u00e0 Papus et \u00e0 Marc Haven.&#8221; Canseliet pr\u00e9cise d&#8217;ailleurs dans son \u00e9dition du Mutus Liber que Marc Haven (Emmanuel Lalande) tenait son exemplaire de ce livre d&#8217;Albert Poisson.<\/p>\n<p style=\"text-align: justify;\">Notons \u00e9galement le fait que Jollivet-Castelot le consid\u00e9rait visiblement comme un ma\u00eetre, ce qui n&#8217;est pas rien, et qu&#8217;il affirme qu&#8217;il fut un ami de Paul S\u00e9dir, relation \u00e9vidente de Julien Champagne. Eug\u00e8ne Canseliet pour sa part d\u00e9cerne \u00e0 Albert Poisson un qualificatif finalement assez rare sous sa plume: Pour lui, Poisson est tout simplement &#8220;admirable.&#8221;<\/p>\n<p style=\"text-align: center;\"><img loading=\"lazy\" style=\"padding-top: 20px; padding-bottom: 20px;\" src=\"https:\/\/www.discoverypublisher.com\/fr\/wp-content\/uploads\/2021\/11\/cinqima.jpg\" width=\"142\" height=\"153\"><\/p>\n<p style=\"text-align: justify;\">Poisson et Champagne se connurent-ils? La r\u00e9ponse me semble incertaine, et dans l&#8217;\u00e9tat actuel des choses il peut para\u00eetre raisonnable de conclure \u00e0 l&#8217;improbabilit\u00e9. La vraie v\u00e9rit\u00e9 est sans doute dans cette sacr\u00e9e&nbsp; &#8220;dive bouteille&#8221; ch\u00e8re \u00e0 Rabelais, que cerne le triangle mercure-sel-soufre, au centre m\u00eame de la pierre cubique. Elle figure sur bien des ouvrages de Poisson, et a d&#8217;ailleurs justement attir\u00e9 l&#8217;attention de l&#8217;herm\u00e9tiste \u00e9cossais Adam McLean, qui l&#8217;a agr\u00e9ablement coloris\u00e9e:<\/p>\n<p style=\"text-align: center;\"><img loading=\"lazy\" style=\"padding-top: 20px; padding-bottom: 20px;\" src=\"https:\/\/www.discoverypublisher.com\/fr\/wp-content\/uploads\/2021\/11\/divebouteille.jpg\" width=\"162\" height=\"170\"><\/p>\n<p style=\"text-align: justify;\">Dubois nous explique \u00e9galement que Poisson, sous le pseudonyme de Philophotes, que je suis tent\u00e9 de traduire par &#8220;l&#8217;ami de la lumi\u00e8re&#8221;, r\u00e9digea plusieurs articles pour la revue <em>Le Voile d&#8217;Isis<\/em>.&nbsp;C&#8217;est en tout cas celle de L&#8217;Initiation qui fit en 1900 para\u00eetre d&#8217;Albert un \u00e9mouvant \u00e9change de correspondances avec un alchimiste anonyme de Saint-Dizier, laquelle apparemment ne fut interrompue que par la mort de Poisson. J&#8217;ai lu qu&#8217;on y trouve mentionn\u00e9e une &#8220;Soci\u00e9t\u00e9 Herm\u00e9tique&#8221; que Poisson aurait bri\u00e8vement anim\u00e9e de mars 1893 \u00e0 son d\u00e9c\u00e8s, intervenu la m\u00eame ann\u00e9e.&nbsp;Mais Champagne dans tout \u00e7a, allez-vous me r\u00e9torquer? Et bien mais nous y voici, gr\u00e2ce \u00e0 V\u00e9rax.<\/p>\n<p style=\"text-align: center;\"><img loading=\"lazy\" style=\"padding-top: 20px; padding-bottom: 20px;\" src=\"https:\/\/www.discoverypublisher.com\/fr\/wp-content\/uploads\/2021\/11\/13.jpg\" width=\"310\" height=\"433\"><\/p>\n<p style=\"text-align: justify;\">Gr\u00e2ce \u00e0 V\u00e9rax, \u00e0 qui je dois la plupart des clich\u00e9s ci-dessous, il devient \u00e9vident que Julien Champagne poss\u00e9da et lut, dans leurs \u00e9ditions originales, certains des ouvrages de Poisson. Ce fut le cas du Flamel, qu&#8217;il n&#8217;aurait pas annot\u00e9, mais aussi des Cinq trait\u00e9s, dont son exemplaire porte diverses mentions manuscrites et imprim\u00e9es, comme ce premier ex-libris. Il est analogue \u00e0 celui d\u00e9crit par Dubois, \u00e0 la couleur pr\u00e8s, verte chez elle, ici violette.<\/p>\n<p style=\"text-align: center;\"><img loading=\"lazy\" style=\"padding-top: 20px; padding-bottom: 20px;\" src=\"https:\/\/www.discoverypublisher.com\/fr\/wp-content\/uploads\/2021\/11\/5trait-1.jpg\" width=\"600\" height=\"327\"><\/p>\n<p style=\"text-align: justify;\">Une explication possible de cette diff\u00e9rence, raison triviale quoique ne pouvant \u00eatre exclue, tiendrait ici \u00e0 la qualit\u00e9 du tempon encreur. Notons \u00e9galement qu&#8217;\u00e0 ce stade Champagne se consid\u00e8re lui-m\u00eame plus comme spagyriste que comme alchimiste, et que par cons\u00e9quent sa premi\u00e8re lecture de ce Poisson l\u00e0 a pu \u00eatre passablement pr\u00e9coce. Nous sommes ici vraisemblablement avant 1900, et Julien n&#8217;a sans doute pas encore rencontr\u00e9 Fulcanelli.<\/p>\n<p style=\"text-align: center;\"><img style=\"padding-top: 20px; padding-bottom: 20px;\" src=\"https:\/\/www.discoverypublisher.com\/fr\/wp-content\/uploads\/2021\/11\/julienexlibris1.jpg\"><\/p>\n<p style=\"text-align: justify;\">Ce livre a-t-il \u00e9t\u00e9 lu et relu par Julien? Ou a-t-il eu tout bonnement plusieurs d\u00e9tenteurs ? Ou les deux ? En tout cas le commentaire joint, port\u00e9 \u00e0 l&#8217;encre rouge, me rappelle fortement l&#8217;\u00e9criture de Champagne. Il est d&#8217;orientation nettement bibliographique:<\/p>\n<p style=\"text-align: justify; padding-left: 40px;\">&#8220;Le m\u00eame trait\u00e9 th\u00e9orique, avec les m\u00eames tournures de style et la m\u00eame division en chapitres, est traduit sous le titre: Le Miroir d&#8217;Alquimie de Jean de Mehun, Philosophe tr\u00e8s excellent, Paris, Claude Sevestre, rue St Jacques,1613.&nbsp;Auquel de ces auteurs en revient la paternit\u00e9 ?&#8221;<\/p>\n<p style=\"text-align: center;\"><img style=\"padding-top: 20px; padding-bottom: 20px;\" src=\"https:\/\/www.discoverypublisher.com\/fr\/wp-content\/uploads\/2021\/11\/bacon.jpg\"><\/p>\n<p style=\"text-align: justify;\">Un peu plus avant, &#8220;Hubert&#8221; insiste:<\/p>\n<p style=\"text-align: justify; padding-left: 40px;\">&#8220;Reproduction quasi textuelle de La quintessence des m\u00e9taux de Jean de Mehun (Meung) en son Miroir d&#8217;alchimie.&#8221;<\/p>\n<p style=\"text-align: justify;\">Mais cette fois, il ajoute une notation sur le fond: &#8220;Il est \u00e0 remarquer que dans ces deux ouvrages d&#8217;auteurs diff\u00e9rents il n&#8217;est pas fait mention de mercure.&#8221;<\/p>\n<p style=\"text-align: center;\"><img loading=\"lazy\" style=\"padding-top: 20px; padding-bottom: 20px;\" src=\"https:\/\/www.discoverypublisher.com\/fr\/wp-content\/uploads\/2021\/11\/mehun.jpg\" width=\"599\" height=\"488\"><\/p>\n<p style=\"text-align: justify;\">Apr\u00e8s avoir relev\u00e9 le fait que par bonheur certains textes de Poisson sont d\u00e9sormais disponibles en ligne, dont celui des <a href=\"http:\/\/www.viamenta.com\/textesesoteriques\/cinqtraitesalchimie.htm\">Cinq trait\u00e9s<\/a>.&nbsp;Remarquons qu&#8217;en r\u00e9alit\u00e9, et ceci a d\u00e9j\u00e0 \u00e9t\u00e9 relev\u00e9 par d&#8217;autres, les cinq trait\u00e9s en question en comportent bien un sixi\u00e8me, et non des moindres, puisqu&#8217;il s&#8217;agit ni plus ni moins que de la Table d&#8217;\u00e9meraude d&#8217;Herm\u00e8s, patron des alchimistes.<\/p>\n<p style=\"text-align: center;\"><img loading=\"lazy\" style=\"padding-top: 20px; padding-bottom: 20px;\" src=\"https:\/\/www.discoverypublisher.com\/fr\/wp-content\/uploads\/2021\/11\/Table-demeraude.jpg\" width=\"438\" height=\"599\"><\/p>\n<p style=\"text-align: justify;\">Mais, illusion ou pas, non seulement l&#8217;encre utilis\u00e9e pour le commentaire est cette fois diff\u00e9rente, mais l&#8217;\u00e9criture pourrait bien l&#8217;\u00eatre aussi, et incline \u00e0 consid\u00e9rer que ce livre a eu au moins deux, voire trois lecteurs:<\/p>\n<p style=\"text-align: justify; padding-left: 40px;\">Il est d&#8217;abord \u00e9crit, \u00e0 l&#8217;encre noire: &#8220;Figure symbolique des Douze clefs de Philosophie de Basile Valentin.&#8221; Puis, comme au crayon et peut-\u00eatre d&#8217;un autre scripteur, cette remarque importante: &#8220;Invers\u00e9e.&#8221;<\/p>\n<p style=\"text-align: center;\"><img loading=\"lazy\" style=\"padding-top: 20px; padding-bottom: 20px;\" src=\"https:\/\/www.discoverypublisher.com\/fr\/wp-content\/uploads\/2021\/11\/exlibrisjulien2.jpg\" width=\"320\" height=\"313\"><\/p>\n<p style=\"text-align: justify;\">Quoiqu&#8217;il en soit, Jean-Julien Champagne tenait tellement \u00e0 ce volume qu&#8217;il l&#8217;a fait pr\u00e9c\u00e9der d&#8217;un autre de ses ex-libris, cette fois bien plus solennel, et dont je vous laisse appr\u00e9cier le d\u00e9tail de la symbolique:<\/p>\n<p style=\"text-align: justify; padding-left: 40px;\">&#8220;Ex libris hermeticis&#8221;.<\/p>\n<p style=\"text-align: justify;\">Ce motif n&#8217;est d&#8217;ailleurs pas sans nous rappeler celui du frontispice du Myst\u00e8re des cath\u00e9drales de Fulcanelli, frontispice qui, souvenons-nous en, fut d\u00e8s 1912 publi\u00e9 par Chacornac.<\/p>\n<p style=\"text-align: center;\"><img loading=\"lazy\" style=\"padding-top: 20px; padding-bottom: 20px;\" src=\"https:\/\/www.discoverypublisher.com\/fr\/wp-content\/uploads\/2021\/11\/poissonportraitjulien.jpg\" width=\"418\" height=\"599\"><\/p>\n<p style=\"text-align: justify;\">Et pour couronner le tout, jouxtant le motif pr\u00e9c\u00e9dent, le m\u00eame chef-d&#8217;oeuvre d&#8217;Albert Poisson permet \u00e0 son heureux propri\u00e9taire actuel de contempler un clich\u00e9 jusqu&#8217;alors in\u00e9dit d&#8217;un Julien Champagne \u00e0 la fleur de son \u00e2ge. Sans doute sommes-nous ici quelque part entre 1895 et 1905, au moment m\u00eame o\u00f9 Champagne s&#8217;appr\u00eate \u00e0 rencontrer Fulcanelli. Merci V\u00e9rax, et merci aussi \u00e0 Philophotes&#8230;<\/p>\n<p style=\"text-align: center;\"><img loading=\"lazy\" style=\"padding-top: 20px; padding-bottom: 20px;\" src=\"https:\/\/www.discoverypublisher.com\/fr\/wp-content\/uploads\/2021\/11\/exlibrispoisson.jpg\" width=\"600\" height=\"325\"><br \/>\n<img loading=\"lazy\" style=\"padding-top: 20px; padding-bottom: 20px;\" src=\"https:\/\/www.discoverypublisher.com\/fr\/wp-content\/uploads\/2021\/11\/apsignure.jpg\" alt=\"apsignure\" width=\"264\" height=\"135\"><\/p>\n<p style=\"text-align: justify;\">&#8230;ou Albert Poisson, \u00e0 qui il me semble juste de laisser finalement la parole:<\/p>\n<p style=\"text-align: justify; padding-left: 40px;\">&#8220;Voici en peu de mots ce que c&#8217;est que l&#8217;Alchimie: &#8220;C&#8217;est, dit Pernety, l&#8217;art de travailler avec la nature sur les corps pour les perfectionner.&#8221;<\/p>\n<p style=\"text-align: justify;\">Le but principal de cette science est la pr\u00e9paration d&#8217;un compos\u00e9: la Pierre philosophale, ayant la propri\u00e9t\u00e9 de transmuer les m\u00e9taux fondus en or ou en argent.&nbsp;La mati\u00e8re premi\u00e8re de la Pierre philosophale est le Mercure des philosophes. On lui donne la propri\u00e9t\u00e9 de transmuer en lui faisant subir diverses op\u00e9rations, pendant lesquelles il change trois fois de couleur.&nbsp;De noir il devient blanc, puis rouge. Blanc, il constitue l&#8217;Elixir blanc ou petite Pierre, qui change les m\u00e9taux en argent.&nbsp;Rouge, il constitue la m\u00e9decine ou Elixir rouge ou grande Pierre, qui change les m\u00e9taux en or.&#8221;<\/p>\n<p style=\"text-align: center;\"><img loading=\"lazy\" style=\"padding-top: 20px; padding-bottom: 20px;\" src=\"https:\/\/www.discoverypublisher.com\/fr\/wp-content\/uploads\/2021\/11\/JClaboNBTSJ.jpg\" width=\"599\" height=\"372\"><\/p>\n<p style=\"text-align: right;\">Sources et remerciements : <a href=\"http:\/\/www.archerjulienchampagne.com\/article-17159081.html\">Philophotes, pcc ARCHER<\/a><\/p>\n<p>[\/vc_column_text][\/vc_column][\/vc_row][vc_row css_animation=&#8221;&#8221; row_type=&#8221;row&#8221; use_row_as_full_screen_section=&#8221;no&#8221; type=&#8221;full_width&#8221; angled_section=&#8221;no&#8221; text_align=&#8221;left&#8221; background_image_as_pattern=&#8221;without_pattern&#8221; background_color=&#8221;#ffffff&#8221; z_index=&#8221;&#8221;][vc_column][vc_separator type=&#8221;transparent&#8221; down=&#8221;84&#8243;][\/vc_column][\/vc_row]<\/p>\n","protected":false},"excerpt":{"rendered":"<p>Albert Poisson, dont l\u2019oeuvre reste consid\u00e9rable, a marqu\u00e9 l\u2019alchimie fran\u00e7aise et europ\u00e9enne du XIXe si\u00e8cle. Son influence me para\u00eet devoir encore perdurer de nos jours.<\/p>\n","protected":false},"author":1,"featured_media":23623,"parent":16021,"menu_order":0,"comment_status":"closed","ping_status":"closed","template":"","meta":{"_seopress_robots_primary_cat":"","ngg_post_thumbnail":0},"tags":[9624,9990,9420,9045,9416],"_links":{"self":[{"href":"https:\/\/www.discoverypublisher.com\/fr\/wp-json\/wp\/v2\/pages\/23593"}],"collection":[{"href":"https:\/\/www.discoverypublisher.com\/fr\/wp-json\/wp\/v2\/pages"}],"about":[{"href":"https:\/\/www.discoverypublisher.com\/fr\/wp-json\/wp\/v2\/types\/page"}],"author":[{"embeddable":true,"href":"https:\/\/www.discoverypublisher.com\/fr\/wp-json\/wp\/v2\/users\/1"}],"replies":[{"embeddable":true,"href":"https:\/\/www.discoverypublisher.com\/fr\/wp-json\/wp\/v2\/comments?post=23593"}],"version-history":[{"count":10,"href":"https:\/\/www.discoverypublisher.com\/fr\/wp-json\/wp\/v2\/pages\/23593\/revisions"}],"predecessor-version":[{"id":25682,"href":"https:\/\/www.discoverypublisher.com\/fr\/wp-json\/wp\/v2\/pages\/23593\/revisions\/25682"}],"up":[{"embeddable":true,"href":"https:\/\/www.discoverypublisher.com\/fr\/wp-json\/wp\/v2\/pages\/16021"}],"wp:featuredmedia":[{"embeddable":true,"href":"https:\/\/www.discoverypublisher.com\/fr\/wp-json\/wp\/v2\/media\/23623"}],"wp:attachment":[{"href":"https:\/\/www.discoverypublisher.com\/fr\/wp-json\/wp\/v2\/media?parent=23593"}],"wp:term":[{"taxonomy":"post_tag","embeddable":true,"href":"https:\/\/www.discoverypublisher.com\/fr\/wp-json\/wp\/v2\/tags?post=23593"}],"curies":[{"name":"wp","href":"https:\/\/api.w.org\/{rel}","templated":true}]}}