{"id":23566,"date":"2021-11-14T02:55:17","date_gmt":"2021-11-14T01:55:17","guid":{"rendered":"https:\/\/www.discoverypublisher.com\/fr\/?page_id=23566"},"modified":"2021-12-04T14:17:38","modified_gmt":"2021-12-04T13:17:38","slug":"louis-figuier","status":"publish","type":"page","link":"https:\/\/www.discoverypublisher.com\/fr\/auteurs\/louis-figuier\/","title":{"rendered":"Louis Figuier"},"content":{"rendered":"<p>[vc_row css_animation=&#8221;&#8221; row_type=&#8221;row&#8221; use_row_as_full_screen_section=&#8221;no&#8221; type=&#8221;full_width&#8221; angled_section=&#8221;no&#8221; text_align=&#8221;left&#8221; background_image_as_pattern=&#8221;without_pattern&#8221; padding_top=&#8221;15&#8243; z_index=&#8221;&#8221;][vc_column][vc_column_text]<\/p>\n<p style=\"text-align: justify;\">Guillaume Louis Figuier, n\u00e9 le 15 f\u00e9vrier 1819 \u00e0 Montpellier, est un \u00e9crivain et vulgarisateur scientifique fran\u00e7ais. Louis Figuier est le vulgarisateur scientifique le plus prolifique du XIXe si\u00e8cle, c\u00e9l\u00e8bre par le nombre et la qualit\u00e9 des articles de revues et des ouvrages qu&#8217;il a publi\u00e9s de 1848 \u00e0 1894. Ayant d\u00e9but\u00e9 par une prometteuse carri\u00e8re scientifique en pharmacie, chimie, physique, celle-ci s&#8217;ach\u00e8ve par son affrontement avec Claude Bernard en 1854. Apr\u00e8s cet \u00e9chec, il se consacre enti\u00e8rement \u00e0 la vulgarisation, inventant m\u00eame un th\u00e9\u00e2tre scientifique qui n&#8217;aura pas le succ\u00e8s escompt\u00e9.<\/p>\n<p>[\/vc_column_text][\/vc_column][\/vc_row][vc_row css_animation=&#8221;&#8221; row_type=&#8221;row&#8221; use_row_as_full_screen_section=&#8221;no&#8221; type=&#8221;full_width&#8221; angled_section=&#8221;no&#8221; text_align=&#8221;left&#8221; background_image_as_pattern=&#8221;without_pattern&#8221; padding_top=&#8221;35&#8243; z_index=&#8221;&#8221;][vc_column][vc_column_text]<\/p>\n<h3>Carri\u00e8re scientifique<\/h3>\n<p>[\/vc_column_text][vc_separator type=&#8221;transparent&#8221; down=&#8221;5&#8243;][vc_column_text]<\/p>\n<p style=\"text-align: justify;\">Louis Figuier est issu d&#8217;une famille de scientifiques. Son p\u00e8re, Jean Figuier, \u00e9tait pharmacien \u00e0 Montpellier, et son oncle Pierre-Oscar Figuier avait d\u00e9couvert et appliqu\u00e9 le pouvoir de d\u00e9coloration des os calcin\u00e9s. Figuier est dipl\u00f4m\u00e9 de pharmacie, puis docteur en m\u00e9decine en 1841. En 1844, il entre au laboratoire de chimie de la Sorbonne, dirig\u00e9 par Antoine Balard, montpelli\u00e9rain comme lui.<\/p>\n<p style=\"text-align: justify;\">En 1846, il est nomm\u00e9 professeur adjoint \u00e0 l&#8217;\u00e9cole de pharmacie de Montpellier, o\u00f9 il pr\u00e9sente une th\u00e8se de chimie (dosage du brome), et une th\u00e8se de physique (action de la lumi\u00e8re sur quelques substances impressionnables). Apr\u00e8s son agr\u00e9gation \u00e0 l\u2019\u00c9cole de pharmacie de Paris, en 1853, il enseigne la chimie dans cette \u00e9cole. C\u2019est l\u00e0 qu&#8217;il entreprend une s\u00e9rie d\u2019exp\u00e9riences physiologiques en vue de d\u00e9montrer que le r\u00f4le du foie, dans l&#8217;organisme, est de condenser le sucre qui existe dans le sang, contrairement aux travaux de Claude Bernard, qui niait, lui, la pr\u00e9sence spontan\u00e9e du sucre.<\/p>\n<p style=\"text-align: justify;\">Cette lutte scientifique tourne au d\u00e9savantage de Figuier. Sur les conseils de Fran\u00e7ois Arago, il abandonne sa carri\u00e8re scientifique pour se consacrer \u00e0 son \u0153uvre de vulgarisation scientifique, d\u00e9j\u00e0 largement amorc\u00e9e les ann\u00e9es pr\u00e9c\u00e9dentes.<\/p>\n<p>[\/vc_column_text][\/vc_column][\/vc_row][vc_row css_animation=&#8221;&#8221; row_type=&#8221;row&#8221; use_row_as_full_screen_section=&#8221;no&#8221; type=&#8221;full_width&#8221; angled_section=&#8221;no&#8221; text_align=&#8221;left&#8221; background_image_as_pattern=&#8221;without_pattern&#8221; padding_top=&#8221;35&#8243; z_index=&#8221;&#8221;][vc_column][vc_column_text]<\/p>\n<h3>\u0152uvres de vulgarisation scientifique<\/h3>\n<p>[\/vc_column_text][vc_separator type=&#8221;transparent&#8221; down=&#8221;5&#8243;][vc_column_text]<\/p>\n<p style=\"text-align: justify;\">D\u00e9j\u00e0 connu des savants par de nombreux m\u00e9moires publi\u00e9s de 1847 \u00e0 1854 dans les <em>Annales des sciences<\/em> et le <em>Journal de pharmacie<\/em>, ainsi que par ses articles \u00e0 la <em>Revue des deux Mondes<\/em>, \u00e0 la <em>Revue scientifique<\/em> ou encore aux <em>Annales des sciences<\/em>, Figuier remplace Victor Meunier comme r\u00e9dacteur du feuilleton scientifique du quotidien <em>La Presse<\/em>, en 1855. Ses articles sont publi\u00e9s chaque semaine jusqu&#8217;en 1878. D\u00e8s 1856, l&#8217;auteur utilise une partie de cette chronique pour publier l&#8217;<em>Ann\u00e9e scientifique et industrielle<\/em> ou <em>Expos\u00e9 annuel des travaux<\/em>. Cet inventaire exact des productions scientifiques de l&#8217;ann\u00e9e, qui sera publi\u00e9 chaque ann\u00e9e jusqu&#8217;\u00e0 la mort de Figuier, aura beaucoup de succ\u00e8s et inspirera plusieurs revues \u00e9quivalentes.<\/p>\n<p style=\"text-align: justify;\">Figuier est ainsi devenu un vulgarisateur populaire, publiant de nombreux ouvrages de science et d&#8217;histoire vulgaris\u00e9es : <em>La Vie des savants illustres<\/em>, <em>La Terre avant le d\u00e9luge<\/em>, et des collections de 4 ou 5 livres, <em>Tableau de la nature<\/em>, <em>Les Merveilles de la science<\/em>, <em>Les Myst\u00e8res de la science<\/em>, <em>Les Merveilles de l\u2019industrie<\/em>\u2026<\/p>\n<p style=\"text-align: justify;\">Vers le mois de mai 1857, Il est, aux c\u00f4t\u00e9s d&#8217;Augustin Barral, d\u2019Henri Lecouturier et F\u00e9lix Roubaud, au nombre des fondateurs d&#8217;une association de vulgarisateurs, le Cercle de la presse scientifique.<\/p>\n<p style=\"text-align: justify;\">Il fut \u00e9galement r\u00e9dacteur en chef de <em>La Science illustr\u00e9e<\/em>, revue hebdomadaire de vulgarisation scientifique cr\u00e9\u00e9e par Adolphe Bitard et \u00e0 laquelle particip\u00e8rent aussi Jules Verne, Louis-Henri Boussenard et Camille Flammarion.<\/p>\n<p style=\"text-align: justify;\">Son \u0153uvre suscita beaucoup d\u2019engouement, mais aussi des critiques, de la part notamment d\u2019\u00c9mile Zola. Il en vint \u00e0 incarner, dans les ann\u00e9es 1870-1880, la figure par excellence du vulgarisateur scientifique en France.<\/p>\n<p style=\"text-align: justify;\">Avec son \u00e9pouse Juliette Figuier, qui publiait des nouvelles et des romans languedociens dans la <em>Revue des deux Mondes<\/em>, Figuier tenta aussi de cr\u00e9er un genre nouveau, et finan\u00e7a le \u00ab th\u00e9\u00e2tre scientifique \u00bb, une s\u00e9rie de pi\u00e8ces ayant pour h\u00e9ros les grands inventeurs ou les grands savants (Denis Papin, 1882 ; Keppler ou l\u2019Astrologue et l\u2019Astronomie, 1889), qui se fixait pour but de \u00ab r\u00e9g\u00e9n\u00e9rer le th\u00e9\u00e2tre en le rendant instructif, en faire un instrument de moralisation et de progr\u00e8s \u00bb. Cette tentative eut peu de succ\u00e8s et lui attira des critiques. Sur la fin de sa vie, il a publi\u00e9 quelques livres philosophico-scientifiques sur la vie apr\u00e8s la mort.<\/p>\n<p style=\"text-align: justify;\">Louis Figuier et mort le 8 novembre 1894 \u00e0 Paris 9e et est inhum\u00e9 au cimeti\u00e8re du P\u00e8re-Lachaise.<\/p>\n<p>[\/vc_column_text][\/vc_column][\/vc_row][vc_row css_animation=&#8221;&#8221; row_type=&#8221;row&#8221; use_row_as_full_screen_section=&#8221;no&#8221; type=&#8221;full_width&#8221; angled_section=&#8221;no&#8221; text_align=&#8221;left&#8221; background_image_as_pattern=&#8221;without_pattern&#8221; background_color=&#8221;#ffffff&#8221; z_index=&#8221;&#8221;][vc_column][vc_separator type=&#8221;transparent&#8221; down=&#8221;84&#8243;][\/vc_column][\/vc_row]<\/p>\n","protected":false},"excerpt":{"rendered":"<p>Guillaume Louis Figuier \u00e9tait un \u00e9crivain et vulgarisateur scientifique fran\u00e7ais.<\/p>\n","protected":false},"author":1,"featured_media":23572,"parent":16021,"menu_order":0,"comment_status":"closed","ping_status":"closed","template":"","meta":{"_seopress_robots_primary_cat":"","ngg_post_thumbnail":0},"tags":[9990,9420,9045,9613,9416],"_links":{"self":[{"href":"https:\/\/www.discoverypublisher.com\/fr\/wp-json\/wp\/v2\/pages\/23566"}],"collection":[{"href":"https:\/\/www.discoverypublisher.com\/fr\/wp-json\/wp\/v2\/pages"}],"about":[{"href":"https:\/\/www.discoverypublisher.com\/fr\/wp-json\/wp\/v2\/types\/page"}],"author":[{"embeddable":true,"href":"https:\/\/www.discoverypublisher.com\/fr\/wp-json\/wp\/v2\/users\/1"}],"replies":[{"embeddable":true,"href":"https:\/\/www.discoverypublisher.com\/fr\/wp-json\/wp\/v2\/comments?post=23566"}],"version-history":[{"count":9,"href":"https:\/\/www.discoverypublisher.com\/fr\/wp-json\/wp\/v2\/pages\/23566\/revisions"}],"predecessor-version":[{"id":25712,"href":"https:\/\/www.discoverypublisher.com\/fr\/wp-json\/wp\/v2\/pages\/23566\/revisions\/25712"}],"up":[{"embeddable":true,"href":"https:\/\/www.discoverypublisher.com\/fr\/wp-json\/wp\/v2\/pages\/16021"}],"wp:featuredmedia":[{"embeddable":true,"href":"https:\/\/www.discoverypublisher.com\/fr\/wp-json\/wp\/v2\/media\/23572"}],"wp:attachment":[{"href":"https:\/\/www.discoverypublisher.com\/fr\/wp-json\/wp\/v2\/media?parent=23566"}],"wp:term":[{"taxonomy":"post_tag","embeddable":true,"href":"https:\/\/www.discoverypublisher.com\/fr\/wp-json\/wp\/v2\/tags?post=23566"}],"curies":[{"name":"wp","href":"https:\/\/api.w.org\/{rel}","templated":true}]}}