{"id":23515,"date":"2021-11-13T05:17:59","date_gmt":"2021-11-13T04:17:59","guid":{"rendered":"https:\/\/www.discoverypublisher.com\/fr\/?page_id=23515"},"modified":"2021-12-04T14:17:36","modified_gmt":"2021-12-04T13:17:36","slug":"emmanuel-aegerter","status":"publish","type":"page","link":"https:\/\/www.discoverypublisher.com\/fr\/auteurs\/emmanuel-aegerter\/","title":{"rendered":"Emmanuel Aegerter"},"content":{"rendered":"<p>[vc_row css_animation=&#8221;&#8221; row_type=&#8221;row&#8221; use_row_as_full_screen_section=&#8221;no&#8221; type=&#8221;full_width&#8221; angled_section=&#8221;no&#8221; text_align=&#8221;left&#8221; background_image_as_pattern=&#8221;without_pattern&#8221; padding_top=&#8221;15&#8243; z_index=&#8221;&#8221;][vc_column][vc_column_text]Emmanuel Aegerter, n\u00e9 le 18 d\u00e9cembre 1883 \u00e0 Cahors et mort le 16 d\u00e9cembre 1945 \u00e0 Paris, est un \u00e9crivain, historien et po\u00e8te fran\u00e7ais.[\/vc_column_text][vc_column_text]<\/p>\n<p style=\"text-align: justify;\">D\u2019origine am\u00e9ricaine par son p\u00e8re et quercynois par sa m\u00e8re, Emmanuel Aegerter a pass\u00e9 son enfance \u00e0 Cahors dans le Lot dont il s&#8217;est fait un port d&#8217;attache toute sa vie. Il a poursuivi ses \u00e9tudes et sa carri\u00e8re \u00e0 Paris.<\/p>\n<p style=\"text-align: justify;\">En vers strictement classiques, il a compos\u00e9 de nombreux recueils (<em>Les Com\u00e9diens d&#8217;\u00c9lseneur<\/em>, 1922; <em>Les \u00c2mes sous l&#8217;autel<\/em>, 1924; <em>Dix Po\u00e8mes freudiens<\/em>, 1927; <em>Disques pour le cr\u00e9puscule<\/em>, 1936; <em>Derniers Po\u00e8mes<\/em>) o\u00f9 il se montre attentif aux propositions de l&#8217;inconscient, \u00e0 la signification des lieux, et \u00e0 l&#8217;importance des symboles. Il fut conservateur de la bibliot\u00e8que du minist\u00e8re de la Marine marchande jusqu&#8217;\u00e0 sa mort.<\/p>\n<p style=\"text-align: justify;\">Emmanuel Aegerter a \u00e9crit des ouvrages sur les religions, Saint-Just, L\u00e9nine, Joachim de Flore, Guillaume Apollinaire, le mysticisme, les h\u00e9r\u00e9sies du Moyen \u00c2ge, le qui\u00e9tisme et Mme Guyon, Vatel.<\/p>\n<p style=\"text-align: justify;\">Comme po\u00e8te, Andr\u00e9 Dumas le cite dans son anthologie de 1937, Po\u00e8tes nouveaux, consacrant plusieurs pages \u00e0 sa biographie et \u00e0 quelques morceaux choisis11. Il a collabor\u00e9 \u00e0 La Nouvelle Revue fran\u00e7aise, dans laquelle il a publi\u00e9 par exemple le 1er septembre 1942, un article sur \u00ab Apul\u00e9e et la m\u00e9taphysique du IIe si\u00e8cle \u00bb.<\/p>\n<p>[\/vc_column_text][\/vc_column][\/vc_row][vc_row css_animation=&#8221;&#8221; row_type=&#8221;row&#8221; use_row_as_full_screen_section=&#8221;no&#8221; type=&#8221;full_width&#8221; angled_section=&#8221;no&#8221; text_align=&#8221;left&#8221; background_image_as_pattern=&#8221;without_pattern&#8221; z_index=&#8221;&#8221;][vc_column][vc_separator type=&#8221;transparent&#8221; down=&#8221;84&#8243;][\/vc_column][\/vc_row]<\/p>\n","protected":false},"excerpt":{"rendered":"<p>Emmanuel Aegerter est un \u00e9crivain, historien et po\u00e8te fran\u00e7ais.<\/p>\n","protected":false},"author":1,"featured_media":23519,"parent":16021,"menu_order":0,"comment_status":"closed","ping_status":"closed","template":"","meta":{"_seopress_robots_primary_cat":"","ngg_post_thumbnail":0},"tags":[9990,9420,9045,9615,9416],"_links":{"self":[{"href":"https:\/\/www.discoverypublisher.com\/fr\/wp-json\/wp\/v2\/pages\/23515"}],"collection":[{"href":"https:\/\/www.discoverypublisher.com\/fr\/wp-json\/wp\/v2\/pages"}],"about":[{"href":"https:\/\/www.discoverypublisher.com\/fr\/wp-json\/wp\/v2\/types\/page"}],"author":[{"embeddable":true,"href":"https:\/\/www.discoverypublisher.com\/fr\/wp-json\/wp\/v2\/users\/1"}],"replies":[{"embeddable":true,"href":"https:\/\/www.discoverypublisher.com\/fr\/wp-json\/wp\/v2\/comments?post=23515"}],"version-history":[{"count":4,"href":"https:\/\/www.discoverypublisher.com\/fr\/wp-json\/wp\/v2\/pages\/23515\/revisions"}],"predecessor-version":[{"id":25696,"href":"https:\/\/www.discoverypublisher.com\/fr\/wp-json\/wp\/v2\/pages\/23515\/revisions\/25696"}],"up":[{"embeddable":true,"href":"https:\/\/www.discoverypublisher.com\/fr\/wp-json\/wp\/v2\/pages\/16021"}],"wp:featuredmedia":[{"embeddable":true,"href":"https:\/\/www.discoverypublisher.com\/fr\/wp-json\/wp\/v2\/media\/23519"}],"wp:attachment":[{"href":"https:\/\/www.discoverypublisher.com\/fr\/wp-json\/wp\/v2\/media?parent=23515"}],"wp:term":[{"taxonomy":"post_tag","embeddable":true,"href":"https:\/\/www.discoverypublisher.com\/fr\/wp-json\/wp\/v2\/tags?post=23515"}],"curies":[{"name":"wp","href":"https:\/\/api.w.org\/{rel}","templated":true}]}}