{"id":23502,"date":"2021-11-13T04:47:38","date_gmt":"2021-11-13T03:47:38","guid":{"rendered":"https:\/\/www.discoverypublisher.com\/fr\/?page_id=23502"},"modified":"2021-12-04T14:17:37","modified_gmt":"2021-12-04T13:17:37","slug":"jules-de-saint-felix","status":"publish","type":"page","link":"https:\/\/www.discoverypublisher.com\/fr\/auteurs\/jules-de-saint-felix\/","title":{"rendered":"Jules de Saint-F\u00e9lix"},"content":{"rendered":"<p>[vc_row css_animation=&#8221;&#8221; row_type=&#8221;row&#8221; use_row_as_full_screen_section=&#8221;no&#8221; type=&#8221;full_width&#8221; angled_section=&#8221;no&#8221; text_align=&#8221;left&#8221; background_image_as_pattern=&#8221;without_pattern&#8221; padding_top=&#8221;15&#8243; z_index=&#8221;&#8221;][vc_column][vc_column_text]<strong>Naissance<\/strong> : Uz\u00e8s (Gard), 1806<\/p>\n<p><strong>Mort<\/strong> : 1874<\/p>\n<p><strong>Profession<\/strong> : \u00c9crivain fran\u00e7ais.<\/p>\n<p><strong>Note<\/strong>: A probablement \u00e9crit sous le pseudonyme T. de Robville, pseudonyme de F\u00e9lix d&#8217;Amoreux.<\/p>\n<p><strong>Autres formes du nom<\/strong> : F\u00e9lix d&#8217; Amoreux (1806-1874), Trimalcion (1806-1874), Jules de Saint-F\u00e9lix d&#8217;Amoreux (1806-1874), Jules de Saint-F\u00e9lix d&#8217; Amoreux (1806-1874).[\/vc_column_text][\/vc_column][\/vc_row][vc_row css_animation=&#8221;&#8221; row_type=&#8221;row&#8221; use_row_as_full_screen_section=&#8221;no&#8221; type=&#8221;full_width&#8221; angled_section=&#8221;no&#8221; text_align=&#8221;left&#8221; background_image_as_pattern=&#8221;without_pattern&#8221; z_index=&#8221;&#8221;][vc_column][vc_separator type=&#8221;transparent&#8221; down=&#8221;84&#8243;][\/vc_column][\/vc_row]<\/p>\n","protected":false},"excerpt":{"rendered":"<p>Jules de Saint-F\u00e9lix \u00e9tait un \u00e9crivain fran\u00e7ais.<\/p>\n","protected":false},"author":1,"featured_media":23507,"parent":16021,"menu_order":0,"comment_status":"closed","ping_status":"closed","template":"","meta":{"_seopress_robots_primary_cat":"","ngg_post_thumbnail":0},"tags":[9990,9420,9045,9621,9416],"_links":{"self":[{"href":"https:\/\/www.discoverypublisher.com\/fr\/wp-json\/wp\/v2\/pages\/23502"}],"collection":[{"href":"https:\/\/www.discoverypublisher.com\/fr\/wp-json\/wp\/v2\/pages"}],"about":[{"href":"https:\/\/www.discoverypublisher.com\/fr\/wp-json\/wp\/v2\/types\/page"}],"author":[{"embeddable":true,"href":"https:\/\/www.discoverypublisher.com\/fr\/wp-json\/wp\/v2\/users\/1"}],"replies":[{"embeddable":true,"href":"https:\/\/www.discoverypublisher.com\/fr\/wp-json\/wp\/v2\/comments?post=23502"}],"version-history":[{"count":6,"href":"https:\/\/www.discoverypublisher.com\/fr\/wp-json\/wp\/v2\/pages\/23502\/revisions"}],"predecessor-version":[{"id":25708,"href":"https:\/\/www.discoverypublisher.com\/fr\/wp-json\/wp\/v2\/pages\/23502\/revisions\/25708"}],"up":[{"embeddable":true,"href":"https:\/\/www.discoverypublisher.com\/fr\/wp-json\/wp\/v2\/pages\/16021"}],"wp:featuredmedia":[{"embeddable":true,"href":"https:\/\/www.discoverypublisher.com\/fr\/wp-json\/wp\/v2\/media\/23507"}],"wp:attachment":[{"href":"https:\/\/www.discoverypublisher.com\/fr\/wp-json\/wp\/v2\/media?parent=23502"}],"wp:term":[{"taxonomy":"post_tag","embeddable":true,"href":"https:\/\/www.discoverypublisher.com\/fr\/wp-json\/wp\/v2\/tags?post=23502"}],"curies":[{"name":"wp","href":"https:\/\/api.w.org\/{rel}","templated":true}]}}