{"id":23498,"date":"2021-11-13T04:03:47","date_gmt":"2021-11-13T03:03:47","guid":{"rendered":"https:\/\/www.discoverypublisher.com\/fr\/?page_id=23498"},"modified":"2021-12-04T14:17:36","modified_gmt":"2021-12-04T13:17:36","slug":"ernest-bosc","status":"publish","type":"page","link":"https:\/\/www.discoverypublisher.com\/fr\/auteurs\/ernest-bosc\/","title":{"rendered":"Ernest Bosc"},"content":{"rendered":"<p>[vc_row css_animation=&#8221;&#8221; row_type=&#8221;row&#8221; use_row_as_full_screen_section=&#8221;no&#8221; type=&#8221;full_width&#8221; angled_section=&#8221;no&#8221; text_align=&#8221;left&#8221; background_image_as_pattern=&#8221;without_pattern&#8221; padding_top=&#8221;15&#8243; z_index=&#8221;&#8221;][vc_column][vc_column_text]<\/p>\n<p style=\"text-align: justify;\">Ernest Bosc, connu aussi sous les pseudonymes de J. Marcus de V\u00e8ze, Jean Darl\u00e8s et Ernest Bosc de V\u00e8ze (19 d\u00e9cembre 1837 \u00e0 N\u00eemes &#8211; 1913), est un architecte et \u00e9crivain fran\u00e7ais.<\/p>\n<p style=\"text-align: justify;\">Il a \u00e9crit \u00e0 la fin du xixe si\u00e8cle et au d\u00e9but du suivant de nombreux ouvrages consacr\u00e9s \u00e0 l&#8217;\u00e9sot\u00e9risme, \u00e0 la transmutation des m\u00e9taux, la magie, la vie astrale, les miroirs magiques, ainsi qu&#8217;aux drogues. Il a collabor\u00e9 aux divers p\u00e9riodiques cr\u00e9\u00e9s par Papus, comme l&#8217;Initiation ou Le Voile d&#8217;Isis, \u00c9galement il a contribu\u00e9 aussi entre autres avec Baron du Potet, Horace Pelletier, Fabre des Essarts, Jean Bricaud, Jules Giraud (Numa Pandorac)1, Paul S\u00e9dir, Stanislas de Gua\u00efta, Jos\u00e9phin Sar P\u00e9ladan, et avec Lucien Chamuel, ainsi qu&#8217;\u00e0 bien d&#8217;autres Journaux p\u00e9riodiques, tel que La Paix Universel, La Curiosit\u00e9 (1889-1924) avec la collaboration de Paul S\u00e9dir comme successeur et \u00e9diteur en chef.<\/p>\n<p style=\"text-align: justify;\">Ernest Bosc a \u00e9galement contribu\u00e9 au diverses Romans et publications de sa ch\u00e8re \u00e9pouse Mme Marie Antoinette Bosc de V\u00e8ze (18_-1906), (a.k.a., M.A.B.), et autre th\u00e9osophe f\u00e9ministe tel qu\u2019Annie Besant.<\/p>\n<p style=\"text-align: justify;\">Il a aussi \u00e9t\u00e9 r\u00e9dacteur en chef du Moniteur des architectes et inspecteur des travaux publics.<\/p>\n<p style=\"text-align: justify;\">Il a utilis\u00e9 aussi les pseudonymes J. Marcus de V\u00e8ze, Gardener, Zacharie, Bibliophile, et Jean Darl\u00e8s.<\/p>\n<p>[\/vc_column_text][\/vc_column][\/vc_row][vc_row css_animation=&#8221;&#8221; row_type=&#8221;row&#8221; use_row_as_full_screen_section=&#8221;no&#8221; type=&#8221;full_width&#8221; angled_section=&#8221;no&#8221; text_align=&#8221;left&#8221; background_image_as_pattern=&#8221;without_pattern&#8221; z_index=&#8221;&#8221;][vc_column][vc_separator type=&#8221;transparent&#8221; down=&#8221;84&#8243;][\/vc_column][\/vc_row]<\/p>\n","protected":false},"excerpt":{"rendered":"<p>Ernest Bosc, connu aussi sous les pseudonymes de J. Marcus de V\u00e8ze, Jean Darl\u00e8s et Ernest Bosc de V\u00e8ze, est un architecte et \u00e9crivain fran\u00e7ais.<\/p>\n","protected":false},"author":1,"featured_media":23500,"parent":16021,"menu_order":0,"comment_status":"closed","ping_status":"closed","template":"","meta":{"_seopress_robots_primary_cat":"","ngg_post_thumbnail":0},"tags":[9990,9420,9045,9619,9416],"_links":{"self":[{"href":"https:\/\/www.discoverypublisher.com\/fr\/wp-json\/wp\/v2\/pages\/23498"}],"collection":[{"href":"https:\/\/www.discoverypublisher.com\/fr\/wp-json\/wp\/v2\/pages"}],"about":[{"href":"https:\/\/www.discoverypublisher.com\/fr\/wp-json\/wp\/v2\/types\/page"}],"author":[{"embeddable":true,"href":"https:\/\/www.discoverypublisher.com\/fr\/wp-json\/wp\/v2\/users\/1"}],"replies":[{"embeddable":true,"href":"https:\/\/www.discoverypublisher.com\/fr\/wp-json\/wp\/v2\/comments?post=23498"}],"version-history":[{"count":2,"href":"https:\/\/www.discoverypublisher.com\/fr\/wp-json\/wp\/v2\/pages\/23498\/revisions"}],"predecessor-version":[{"id":25698,"href":"https:\/\/www.discoverypublisher.com\/fr\/wp-json\/wp\/v2\/pages\/23498\/revisions\/25698"}],"up":[{"embeddable":true,"href":"https:\/\/www.discoverypublisher.com\/fr\/wp-json\/wp\/v2\/pages\/16021"}],"wp:featuredmedia":[{"embeddable":true,"href":"https:\/\/www.discoverypublisher.com\/fr\/wp-json\/wp\/v2\/media\/23500"}],"wp:attachment":[{"href":"https:\/\/www.discoverypublisher.com\/fr\/wp-json\/wp\/v2\/media?parent=23498"}],"wp:term":[{"taxonomy":"post_tag","embeddable":true,"href":"https:\/\/www.discoverypublisher.com\/fr\/wp-json\/wp\/v2\/tags?post=23498"}],"curies":[{"name":"wp","href":"https:\/\/api.w.org\/{rel}","templated":true}]}}