{"id":23462,"date":"2021-11-13T02:46:19","date_gmt":"2021-11-13T01:46:19","guid":{"rendered":"https:\/\/www.discoverypublisher.com\/fr\/?page_id=23462"},"modified":"2021-12-04T14:17:37","modified_gmt":"2021-12-04T13:17:37","slug":"henri-borel","status":"publish","type":"page","link":"https:\/\/www.discoverypublisher.com\/fr\/auteurs\/henri-borel\/","title":{"rendered":"Henri Borel"},"content":{"rendered":"<p>[vc_row css_animation=&#8221;&#8221; row_type=&#8221;row&#8221; use_row_as_full_screen_section=&#8221;no&#8221; type=&#8221;full_width&#8221; angled_section=&#8221;no&#8221; text_align=&#8221;left&#8221; background_image_as_pattern=&#8221;without_pattern&#8221; padding_top=&#8221;15&#8243; z_index=&#8221;&#8221;][vc_column][vc_column_text]<\/p>\n<p style=\"text-align: justify;\">Henri Jean Fran\u00e7ois (Henri) Borel (Dordrecht, 23 novembre 1869 &#8211; La Haye, 31 ao\u00fbt 1933) \u00e9tait un \u00e9crivain et journaliste n\u00e9erlandais.<\/p>\n<p>[\/vc_column_text][\/vc_column][\/vc_row][vc_row css_animation=&#8221;&#8221; row_type=&#8221;row&#8221; use_row_as_full_screen_section=&#8221;no&#8221; type=&#8221;full_width&#8221; angled_section=&#8221;no&#8221; text_align=&#8221;left&#8221; background_image_as_pattern=&#8221;without_pattern&#8221; padding_top=&#8221;35&#8243; z_index=&#8221;&#8221;][vc_column][vc_column_text]<\/p>\n<h3 style=\"text-align: justify;\">Famille<\/h3>\n<p>[\/vc_column_text][vc_separator type=&#8221;transparent&#8221; up=&#8221;10&#8243;][vc_column_text]<\/p>\n<p style=\"text-align: justify;\">Borel \u00e9tait le fils du futur major g\u00e9n\u00e9ral et gouverneur de l&#8217;Acad\u00e9mie royale militaire George Frederik Willem Borel et de Suzanna Elisabeth Marcella. Sa m\u00e8re \u00e9tait une descendante de la famille Marcella, et une petite-fille du g\u00e9n\u00e9ral Bernardus Johannes Cornelis Dibbets. Il avait un fr\u00e8re cadet, Eduard Arnold, qui mourut \u00e0 l&#8217;\u00e2ge de presque 16 ans et une s\u0153ur a\u00een\u00e9e, Julie D\u00e9sir\u00e9e Borel (1867-1933), mari\u00e9e \u00e0 l&#8217;assistant-r\u00e9sident Eduard Ludwig Martin K\u00fchr, fonctionnaire aux Indes orientales n\u00e9erlandaises. Un cousin, le fils de l&#8217;oncle de Borel, Harry Hubert Borel, \u00e9tait George Borel, lieutenant de marine de deuxi\u00e8me classe, qui est mort dans le d\u00e9sastre avec le bateau \u00e9peron Adder. Un autre cousin, fils de son oncle Henri Ferdinand Borel, \u00e9tait le futur lieutenant-g\u00e9n\u00e9ral Jean Henri Borel.<\/p>\n<p style=\"text-align: justify;\">Borel s&#8217;est mari\u00e9 trois fois : la premi\u00e8re fois le 8 juin 1892 avec Maria Christina zur Haar, fille de Franciscus Egbertus zur Haar, ma\u00eetre de musique, et d&#8217;Anna Maria de Jong, la deuxi\u00e8me fois le 10 d\u00e9cembre 1902 avec Helena Maria de Hartog, fille de Henri de Hartog, marchand de tabac, et de Carolina Manson[1], et la troisi\u00e8me fois le 23 f\u00e9vrier 1911 avec Anna Maria Huffstad. De son mariage avec Helena Maria de Hartog est n\u00e9 son fils, le futur acteur Louis Borel. De son premier mariage, il a eu une autre fille et un fils, Wilhelmina Suzanna et Paul Frederik Borel, et de son troisi\u00e8me mariage, une autre fille, Machteld Irmgard Borel.<\/p>\n<p>[\/vc_column_text][\/vc_column][\/vc_row][vc_row css_animation=&#8221;&#8221; row_type=&#8221;row&#8221; use_row_as_full_screen_section=&#8221;no&#8221; type=&#8221;full_width&#8221; angled_section=&#8221;no&#8221; text_align=&#8221;left&#8221; background_image_as_pattern=&#8221;without_pattern&#8221; padding_top=&#8221;35&#8243; z_index=&#8221;&#8221;][vc_column][vc_column_text]<\/p>\n<h3 style=\"text-align: justify;\">Carri\u00e8re<\/h3>\n<p>[\/vc_column_text][vc_separator type=&#8221;transparent&#8221; up=&#8221;10&#8243;][vc_column_text]<strong>Carri\u00e8re en Inde<\/strong><\/p>\n<p style=\"text-align: justify;\">Borel a fr\u00e9quent\u00e9 les H.B.S. de La Haye, Goes et Roermond, a pass\u00e9 l&#8217;examen pour la formation d&#8217;interpr\u00e8te en langue chinoise et a poursuivi l&#8217;\u00e9tude de cette langue \u00e0 l&#8217;Universit\u00e9 de Leyde, entre autres avec le professeur Schlegel. Il part en Chine en 1892, o\u00f9 il poursuit ses \u00e9tudes sur l&#8217;\u00eele de Ku Lang Su ; \u00e0 cette \u00e9poque, la guerre sino-japonaise \u00e9clate (1894) et Borel \u00e9crit des lettres en tant que correspondant du Nieuwe Rotterdamse Courant, d\u00e9crivant la situation en Chine. Il a ensuite \u00e9t\u00e9 nomm\u00e9 interpr\u00e8te pour les affaires chinoises \u00e0 Makassar, Surabaya, Semarang et Pontianak, puis fonctionnaire pour les affaires chinoises \u00e0 Tandjong Pinang. Dans ses rapports, il fait souvent \u00e9tat d&#8217;abus, de corruption et d&#8217;injustice, ce qui lui vaut le m\u00e9contentement du r\u00e9sident. En 1896, il est transf\u00e9r\u00e9 \u00e0 Makassar, o\u00f9 la situation se r\u00e9p\u00e8te. Borel d\u00e9cide, en 1898, de se rapatrier d\u00e9finitivement aux Pays-Bas. Entre-temps, il avait commenc\u00e9 son \u0153uvre litt\u00e9raire Wu Wei, une fantaisie philosophique, \u00e9crite en r\u00e9ponse \u00e0 la philosophie de Lao Tze. Cette \u00e9tude a ensuite \u00e9t\u00e9 incluse dans le volume Wisdom and Beauty in China. Le livre a \u00e9t\u00e9 traduit en allemand (trois \u00e9ditions), en fran\u00e7ais et en anglais (quatre \u00e9ditions) ; Borel l&#8217;a par la suite consid\u00e9r\u00e9 comme son meilleur ouvrage, d\u00e9clarant : \u00ab&nbsp;C&#8217;est mon \u0153uvre pr\u00e9f\u00e9r\u00e9e, \u00e0 tel point que je ne me soucierais pas que toutes mes autres publications soient br\u00fbl\u00e9es, pourvu que &#8220;Wu Wei&#8221; subsiste&nbsp;\u00bb.<\/p>\n<p style=\"text-align: justify;\">En 1903, Borel retourne aux Indes orientales, o\u00f9 il est \u00e0 nouveau stationn\u00e9 \u00e0 Tandjong Pinang et charg\u00e9 d&#8217;enqu\u00eater sur le fonctionnement des ordonnances sur les coolies dans les mines d&#8217;\u00e9tain de Singkep. Il a enqu\u00eat\u00e9 de son c\u00f4t\u00e9 et s&#8217;est heurt\u00e9 \u00e0 des conditions qu&#8217;il jugeait exasp\u00e9rantes. Le rapport sans complaisance qu&#8217;il a r\u00e9dig\u00e9 \u00e0 ce sujet n&#8217;a pas \u00e9t\u00e9 rendu public par la suite. Cela a donn\u00e9 lieu \u00e0 de graves conflits et c&#8217;est la raison pour laquelle Borel est finalement rentr\u00e9 aux Pays-Bas en cong\u00e9 de maladie. En 1905, il re\u00e7oit un t\u00e9l\u00e9gramme du gouverneur g\u00e9n\u00e9ral J.B. van Heutsz \u00e0 Amsterdam, o\u00f9 il s&#8217;\u00e9tait install\u00e9, indiquant que si Borel voulait retourner aux Indes orientales, il serait affect\u00e9 \u00e0 Semarang. Borel consid\u00e8re ce message comme une r\u00e9habilitation et part aux Indes pour la troisi\u00e8me fois. L\u00e0-bas, le mouvement chinois \u00e9tait en plein essor et il s&#8217;est efforc\u00e9, du mieux qu&#8217;il a pu, de veiller \u00e0 ses int\u00e9r\u00eats. En 1911, il re\u00e7oit le titre personnel de conseiller pour les affaires chinoises. Pendant son s\u00e9jour aux Indes, Borel se lie d&#8217;amiti\u00e9 avec, entre autres, Karel Wijbrands et H.C. Zentgraaff, ce qui n&#8217;est pas encourag\u00e9 par ses sup\u00e9rieurs et qui nuit \u00e9galement \u00e0 sa carri\u00e8re sur place. Wijbrands et Borel partageaient une attitude implacable contre et pour signaler l&#8217;injustice, les abus et la corruption.<\/p>\n<p>[\/vc_column_text][\/vc_column][\/vc_row][vc_row css_animation=&#8221;&#8221; row_type=&#8221;row&#8221; use_row_as_full_screen_section=&#8221;no&#8221; type=&#8221;full_width&#8221; angled_section=&#8221;no&#8221; text_align=&#8221;left&#8221; background_image_as_pattern=&#8221;without_pattern&#8221; padding_top=&#8221;15&#8243; z_index=&#8221;&#8221;][vc_column][vc_column_text]<strong>Carri\u00e8re aux Pays-Bas<\/strong><\/p>\n<p style=\"text-align: justify;\">En 1913, Borel retourne aux Pays-Bas en cong\u00e9, o\u00f9 il perd une partie de sa vue \u00e0 la suite d&#8217;un accident. Il s&#8217;installe ensuite \u00e0 La Haye et, \u00e0 partir du 1er novembre 1916, il commence \u00e0 \u00e9crire des critiques de th\u00e9\u00e2tre et des critiques de livres dans Het Vaderland. Dans son r\u00f4le de critique, il a assum\u00e9 la position d&#8217;\u00eatre toujours impartial, ne connaissant pas de vaches sacr\u00e9es et ne laissant pas les consid\u00e9rations d&#8217;amiti\u00e9 ou d&#8217;inimiti\u00e9 jouer un r\u00f4le, ce qui lui a valu de nombreux ennemis. Borel consid\u00e9rait cet esprit critique comme un h\u00e9ritage de son p\u00e8re, qui en 1878, avec le grade de capitaine, \u00e9crivit un livre critique sur la deuxi\u00e8me exp\u00e9dition \u00e0 Aceh ; il d\u00e9clara \u00e0 ce sujet : \u00ab&nbsp;Je peux terminer en rendant hommage \u00e0 la m\u00e9moire du courageux critique qu&#8217;\u00e9tait mon p\u00e8re, et de qui j&#8217;ai aussi h\u00e9rit\u00e9 mon grand amour et mon talent pour la musique&nbsp;\u00bb Borel \u00e9tait ami avec Frederik van Eeden, Johan Thorn Prikker et Louis Couperus. Une correspondance compos\u00e9e de plus de 400 lettres, \u00e9chang\u00e9es avec Van Eeden entre 1889 et 1930, est conserv\u00e9e \u00e0 l&#8217;universit\u00e9 d&#8217;Amsterdam et au Letterkundig Museum.<\/p>\n<p>[\/vc_column_text][\/vc_column][\/vc_row][vc_row css_animation=&#8221;&#8221; row_type=&#8221;row&#8221; use_row_as_full_screen_section=&#8221;no&#8221; type=&#8221;full_width&#8221; angled_section=&#8221;no&#8221; text_align=&#8221;left&#8221; background_image_as_pattern=&#8221;without_pattern&#8221; padding_top=&#8221;35&#8243; z_index=&#8221;&#8221;][vc_column][vc_column_text]<\/p>\n<h3 style=\"text-align: justify;\">Maladie et d\u00e9c\u00e8s<\/h3>\n<p>[\/vc_column_text][vc_separator type=&#8221;transparent&#8221; up=&#8221;10&#8243;][vc_column_text]<\/p>\n<p style=\"text-align: justify;\">Au cours des trois derni\u00e8res ann\u00e9es de sa vie, Borel a souffert de son c\u0153ur, puis a march\u00e9 avec difficult\u00e9, a souffert de fortes fi\u00e8vres et a d\u00fb faire face \u00e0 une inflammation du bras. Son \u00e9tat s&#8217;est tellement aggrav\u00e9 la semaine pr\u00e9c\u00e9dant sa mort qu&#8217;il s&#8217;est effondr\u00e9. Le lundi avant sa mort, il livrait encore la copie pour le journal. Le m\u00eame jour, une forte fi\u00e8vre, qui a d\u00e9pass\u00e9 les 40 degr\u00e9s, l&#8217;a envahi ; le mardi, on a signal\u00e9 qu&#8217;il \u00e9tait malade et le mercredi qu&#8217;il \u00e9tait inconscient. Il est d\u00e9c\u00e9d\u00e9 dans la nuit du 31 ao\u00fbt 1933, apr\u00e8s une courte maladie, \u00e0 La Haye. Sur son lit de mort, il a \u00e9t\u00e9 admis dans l&#8217;\u00c9glise catholique. Auparavant, Borel avait \u00e9t\u00e9 romanis\u00e9, mais il y avait \u00e0 nouveau une s\u00e9paration. Lorsqu&#8217;il est tomb\u00e9 malade, il a re\u00e7u le saint bapt\u00eame sous condition. Pendant le processus d&#8217;agonie, Wouter Lutkie, un pr\u00eatre de Nuland, a pri\u00e9 le Notre P\u00e8re et l&#8217;Ave Maria pour le converti mourant, ainsi que sa famille. 8] Plus tard, divers milieux ont affirm\u00e9 que Borel avait \u00e9t\u00e9 admis dans l&#8217;\u00e9glise dans un \u00e9tat inconscient et peut-\u00eatre sans sa volont\u00e9, bien que cela ait \u00e9t\u00e9 ni\u00e9 par l&#8217;\u00c9glise catholique romaine. Le pr\u00eatre Wouter Lutkie \u00e9crira plus tard dans un article du Nieuwe Tilburgse Courant : Henri Borel et Frederik van Eeden &#8211; Le journal de Van Eeden t\u00e9moigne de la loyaut\u00e9 infatigable de Borel. L\u00e0 o\u00f9 d&#8217;autres l&#8217;ont quitt\u00e9 ou n&#8217;ont pas pu le suivre, Borel est rest\u00e9 uni, ou du moins sympathique. Une amiti\u00e9 loyale au-del\u00e0 de la mort. Borel n&#8217;a pas rejet\u00e9 la piti\u00e9 accept\u00e9e par Van Eeden.<\/p>\n<p style=\"text-align: justify;\">Borel a \u00e9t\u00e9 enterr\u00e9 dans le cimeti\u00e8re catholique de La Haye, juste avant que le service fun\u00e8bre solennel ait eu lieu dans l&#8217;\u00e9glise paroissiale O.L. Vrouw van Lourdes sur la Parklaan \u00e0 La Haye. Apr\u00e8s la mort de Borel, Het Vaderland a re\u00e7u de nombreuses participations, entre autres de l&#8217;acteur Alexander Moisi, qui a \u00e9crit : &#8220;Dans mon c\u0153ur, mon ami Borel continue \u00e0 vivre&#8221;, de l&#8217;actrice Tilla Durieux, qui a dit : \u00ab&nbsp;La Haye est impensable sans Henri Borel&nbsp;\u00bb et de Marie Kalff Lenormand, qui a remarqu\u00e9 : \u00ab&nbsp;Personne parmi les critiques n\u00e9erlandais n&#8217;\u00e9tait aussi bien inform\u00e9 sur le th\u00e9\u00e2tre fran\u00e7ais et la litt\u00e9rature fran\u00e7aise&nbsp;\u00bb. Menno ter Braak, alors professeur de litt\u00e9rature classique \u00e0 Rotterdam, a succ\u00e9d\u00e9 \u00e0 Borel comme r\u00e9dacteur artistique de Het Vaderland. Apr\u00e8s sa mort, sa femme a re\u00e7u le saint bapt\u00eame et la premi\u00e8re communion dans la chapelle du pensionnat J\u00e9rusalem de Venray, car elle voulait rejoindre son mari et sa fille dans la m\u00eame foi. Borel \u00e9tait le commandant du Dragon Vert d&#8217;Annam.<\/p>\n<p>[\/vc_column_text][\/vc_column][\/vc_row][vc_row css_animation=&#8221;&#8221; row_type=&#8221;row&#8221; use_row_as_full_screen_section=&#8221;no&#8221; type=&#8221;full_width&#8221; angled_section=&#8221;no&#8221; text_align=&#8221;left&#8221; background_image_as_pattern=&#8221;without_pattern&#8221; background_color=&#8221;#ffffff&#8221; z_index=&#8221;&#8221;][vc_column][vc_separator type=&#8221;transparent&#8221; down=&#8221;84&#8243;][\/vc_column][\/vc_row]<\/p>\n","protected":false},"excerpt":{"rendered":"<p>Henri Jean Fran\u00e7ois, (Henri) Borel, \u00e9tait un \u00e9crivain et journaliste n\u00e9erlandais.<\/p>\n","protected":false},"author":1,"featured_media":23465,"parent":16021,"menu_order":0,"comment_status":"closed","ping_status":"closed","template":"","meta":{"_seopress_robots_primary_cat":"","ngg_post_thumbnail":0},"tags":[9990,9420,9045,9633,9416],"_links":{"self":[{"href":"https:\/\/www.discoverypublisher.com\/fr\/wp-json\/wp\/v2\/pages\/23462"}],"collection":[{"href":"https:\/\/www.discoverypublisher.com\/fr\/wp-json\/wp\/v2\/pages"}],"about":[{"href":"https:\/\/www.discoverypublisher.com\/fr\/wp-json\/wp\/v2\/types\/page"}],"author":[{"embeddable":true,"href":"https:\/\/www.discoverypublisher.com\/fr\/wp-json\/wp\/v2\/users\/1"}],"replies":[{"embeddable":true,"href":"https:\/\/www.discoverypublisher.com\/fr\/wp-json\/wp\/v2\/comments?post=23462"}],"version-history":[{"count":8,"href":"https:\/\/www.discoverypublisher.com\/fr\/wp-json\/wp\/v2\/pages\/23462\/revisions"}],"predecessor-version":[{"id":25701,"href":"https:\/\/www.discoverypublisher.com\/fr\/wp-json\/wp\/v2\/pages\/23462\/revisions\/25701"}],"up":[{"embeddable":true,"href":"https:\/\/www.discoverypublisher.com\/fr\/wp-json\/wp\/v2\/pages\/16021"}],"wp:featuredmedia":[{"embeddable":true,"href":"https:\/\/www.discoverypublisher.com\/fr\/wp-json\/wp\/v2\/media\/23465"}],"wp:attachment":[{"href":"https:\/\/www.discoverypublisher.com\/fr\/wp-json\/wp\/v2\/media?parent=23462"}],"wp:term":[{"taxonomy":"post_tag","embeddable":true,"href":"https:\/\/www.discoverypublisher.com\/fr\/wp-json\/wp\/v2\/tags?post=23462"}],"curies":[{"name":"wp","href":"https:\/\/api.w.org\/{rel}","templated":true}]}}