{"id":23440,"date":"2021-11-12T08:05:09","date_gmt":"2021-11-12T07:05:09","guid":{"rendered":"https:\/\/www.discoverypublisher.com\/fr\/?page_id=23440"},"modified":"2024-09-07T08:17:32","modified_gmt":"2024-09-07T06:17:32","slug":"emile-louis-burnouf","status":"publish","type":"page","link":"https:\/\/www.discoverypublisher.com\/fr\/auteurs\/emile-louis-burnouf\/","title":{"rendered":"E\u0301mile-Louis Burnouf"},"content":{"rendered":"<p>[vc_row css_animation=&#8221;&#8221; row_type=&#8221;row&#8221; use_row_as_full_screen_section=&#8221;no&#8221; type=&#8221;full_width&#8221; angled_section=&#8221;no&#8221; text_align=&#8221;left&#8221; background_image_as_pattern=&#8221;without_pattern&#8221; padding_top=&#8221;15&#8243; z_index=&#8221;&#8221;][vc_column][vc_column_text]<\/p>\n<h3 style=\"text-align: justify;\">Biographie<\/h3>\n<p>[\/vc_column_text][vc_separator type=&#8221;transparent&#8221; up=&#8221;0&#8243;][vc_column_text]<\/p>\n<p style=\"text-align: justify;\">\u00c9mile Burnouf fait ses \u00e9tudes au coll\u00e8ge de Valognes, puis \u00e0 Paris au lyc\u00e9e Saint-Louis. En 1840, il est deux fois prim\u00e9 au Concours g\u00e9n\u00e9ral. Il entre \u00e0 l&#8217;\u00c9cole normale en 1841 et en ressort agr\u00e9g\u00e9 en philosophie deux ans plus tard. Il enseigne \u00e0 Angoul\u00eame, \u00e0 Avignon et \u00e0 Rodez. En 1847, il devient \u00e9l\u00e8ve de l&#8217;\u00e9cole fran\u00e7aise d&#8217;Ath\u00e8nes (Gr\u00e8ce). \u00c0 son retour, il enseigne \u00e0 la facult\u00e9 de Grenoble. Il est re\u00e7u docteur en 1850.<\/p>\n<p style=\"text-align: justify;\">En d\u00e9cembre 1854, il refuse de s&#8217;associer \u00e0 une adresse de f\u00e9licitations \u00e0 Louis-Napol\u00e9on, ce qui lui co\u00fbte la chaire \u00e0 la Facult\u00e9 de Grenoble. On l&#8217;envoie en disgr\u00e2ce au lyc\u00e9e Toulouse.<\/p>\n<p style=\"text-align: justify;\">De 1854 \u00e0 1867, il enseigne la litt\u00e9rature ancienne \u00e0 la facult\u00e9 de Nancy.<\/p>\n<p style=\"text-align: justify;\">De 1868 \u00e0 1875, il est directeur de l&#8217;\u00e9cole fran\u00e7aise d&#8217;Ath\u00e8nes. Il fait construire un nouveau b\u00e2timent pour l&#8217;abriter. En 1873, il obtient la cr\u00e9ation d&#8217;une succursale \u00e0 Rome.<\/p>\n<p style=\"text-align: justify;\">En 1875, il est nomm\u00e9 \u00e0 la Facult\u00e9 des lettres de Bordeaux, un poste inf\u00e9rieur qu&#8217;il refuse le jugeant vexatoire. Il prend sa retraite en juillet 1877.<\/p>\n<p style=\"text-align: justify;\">Il est fait chevalier de la L\u00e9gion d&#8217;honneur en 1852.<\/p>\n<p style=\"text-align: justify;\">\u00c9mile Burnouf est le neveu du philologue Jean-Louis Burnouf et le cousin germain de l&#8217;orientaliste Eug\u00e8ne Burnouf.<\/p>\n<p>[\/vc_column_text][\/vc_column][\/vc_row][vc_row css_animation=&#8221;&#8221; row_type=&#8221;row&#8221; use_row_as_full_screen_section=&#8221;no&#8221; type=&#8221;full_width&#8221; angled_section=&#8221;no&#8221; text_align=&#8221;left&#8221; background_image_as_pattern=&#8221;without_pattern&#8221; padding_top=&#8221;35&#8243; z_index=&#8221;&#8221;][vc_column][vc_column_text]<\/p>\n<h3 style=\"text-align: justify;\">Ouvrages<\/h3>\n<p>[\/vc_column_text][vc_separator type=&#8221;transparent&#8221; up=&#8221;0&#8243;][vc_column_text]<\/p>\n<p style=\"text-align: justify;\"><em>Des principes de l&#8217;art d&#8217;apr\u00e8s la m\u00e9thode et les doctrines de Platon<\/em>, 1850<br \/>\n<em>M\u00e9thode pour \u00e9tudier la langue sanscrite<\/em>, 1850<br \/>\n<em>Essai sur le V\u00e9da, ou Introduction \u00e0 la connaissance de l&#8217;Inde<\/em>, 1863, in-8\u00b0<br \/>\n<em>Dictionnaire classique sanscrit-fran\u00e7ais<\/em>, 1863-1864, en collaboration avec M. Leupol<br \/>\n<em>Histoire de la litt\u00e9rature grecque<\/em>, 2 vol., 1869<br \/>\n<em>La L\u00e9gende Ath\u00e9nienne<\/em>, 1872<br \/>\n<em>La Ville et l&#8217;Acropole d&#8217;Ath\u00e8nes aux diverses \u00e9poques<\/em>, 1877<br \/>\n<em>Le Catholicisme contemporain<\/em>, 1879<br \/>\n<em>M\u00e9moires sur l&#8217;Antiquit\u00e9<\/em>, 1879<br \/>\n<em>La science des religions<\/em>, 1885<br \/>\n<em>La Vie et la pens\u00e9e<\/em>, 1886<\/p>\n<p>[\/vc_column_text][\/vc_column][\/vc_row][vc_row css_animation=&#8221;&#8221; row_type=&#8221;row&#8221; use_row_as_full_screen_section=&#8221;no&#8221; type=&#8221;full_width&#8221; angled_section=&#8221;no&#8221; text_align=&#8221;left&#8221; background_image_as_pattern=&#8221;without_pattern&#8221;][vc_column][vc_separator type=&#8221;transparent&#8221; down=&#8221;84&#8243;][\/vc_column][\/vc_row]<\/p>\n","protected":false},"excerpt":{"rendered":"<p>E\u0301mile-Louis Burnouf est un \u00e9crivain et philosophe fran\u00e7ais.<\/p>\n","protected":false},"author":1,"featured_media":23446,"parent":16021,"menu_order":0,"comment_status":"closed","ping_status":"closed","template":"","meta":{"_seopress_robots_primary_cat":"","ngg_post_thumbnail":0},"tags":[9990,9420,9045,9677,9940,9416],"_links":{"self":[{"href":"https:\/\/www.discoverypublisher.com\/fr\/wp-json\/wp\/v2\/pages\/23440"}],"collection":[{"href":"https:\/\/www.discoverypublisher.com\/fr\/wp-json\/wp\/v2\/pages"}],"about":[{"href":"https:\/\/www.discoverypublisher.com\/fr\/wp-json\/wp\/v2\/types\/page"}],"author":[{"embeddable":true,"href":"https:\/\/www.discoverypublisher.com\/fr\/wp-json\/wp\/v2\/users\/1"}],"replies":[{"embeddable":true,"href":"https:\/\/www.discoverypublisher.com\/fr\/wp-json\/wp\/v2\/comments?post=23440"}],"version-history":[{"count":10,"href":"https:\/\/www.discoverypublisher.com\/fr\/wp-json\/wp\/v2\/pages\/23440\/revisions"}],"predecessor-version":[{"id":27000,"href":"https:\/\/www.discoverypublisher.com\/fr\/wp-json\/wp\/v2\/pages\/23440\/revisions\/27000"}],"up":[{"embeddable":true,"href":"https:\/\/www.discoverypublisher.com\/fr\/wp-json\/wp\/v2\/pages\/16021"}],"wp:featuredmedia":[{"embeddable":true,"href":"https:\/\/www.discoverypublisher.com\/fr\/wp-json\/wp\/v2\/media\/23446"}],"wp:attachment":[{"href":"https:\/\/www.discoverypublisher.com\/fr\/wp-json\/wp\/v2\/media?parent=23440"}],"wp:term":[{"taxonomy":"post_tag","embeddable":true,"href":"https:\/\/www.discoverypublisher.com\/fr\/wp-json\/wp\/v2\/tags?post=23440"}],"curies":[{"name":"wp","href":"https:\/\/api.w.org\/{rel}","templated":true}]}}