{"id":23137,"date":"2021-11-11T09:28:13","date_gmt":"2021-11-11T08:28:13","guid":{"rendered":"https:\/\/www.discoverypublisher.com\/fr\/?page_id=23137"},"modified":"2021-12-04T14:17:39","modified_gmt":"2021-12-04T13:17:39","slug":"samuel-edward-konkin-iii","status":"publish","type":"page","link":"https:\/\/www.discoverypublisher.com\/fr\/auteurs\/samuel-edward-konkin-iii\/","title":{"rendered":"Samuel Edward Konkin III"},"content":{"rendered":"<p>[vc_row css_animation=&#8221;&#8221; row_type=&#8221;row&#8221; use_row_as_full_screen_section=&#8221;no&#8221; type=&#8221;full_width&#8221; angled_section=&#8221;no&#8221; text_align=&#8221;left&#8221; background_image_as_pattern=&#8221;without_pattern&#8221; padding_top=&#8221;15&#8243; z_index=&#8221;&#8221;][vc_column]<blockquote class=' with_quote_icon' style=''><i class='fa fa-quote-right' style=''><\/i><h5 class='blockquote-text' style=''>Le terme libertaire est un autre terme pour d\u00e9signer les anarchistes du march\u00e9 libre, bien qu'il inclue souvent des compagnons de route plus souples comme les minarchistes.<\/h5><\/blockquote>[\/vc_column][\/vc_row][vc_row css_animation=&#8221;&#8221; row_type=&#8221;row&#8221; use_row_as_full_screen_section=&#8221;no&#8221; type=&#8221;full_width&#8221; angled_section=&#8221;no&#8221; text_align=&#8221;left&#8221; background_image_as_pattern=&#8221;without_pattern&#8221; padding_top=&#8221;25&#8243; z_index=&#8221;&#8221;][vc_column width=&#8221;1\/3&#8243;][vc_single_image image=&#8221;23153&#8243; img_size=&#8221;medium&#8221; alignment=&#8221;center&#8221; style=&#8221;vc_box_rounded&#8221; qode_css_animation=&#8221;element_from_left&#8221; transition_delay=&#8221;0.3&#8243;][\/vc_column][vc_column width=&#8221;2\/3&#8243;][vc_column_text]<\/p>\n<p style=\"text-align: justify;\">Samuel Edward Konkin III (8 juillet 1947 &#8211; 23 f\u00e9vrier 2004), \u00e9galement connu sous le nom de SEK3, \u00e9tait un philosophe libertaire am\u00e9ricain. Auteur de la publication <em>New Libertarian Manifesto<\/em>, il est partisan d&#8217;une philosophie politique qu&#8217;il nomme agorisme.<\/p>\n<p style=\"text-align: justify;\">Konkin consid\u00e9rait le libertarianisme comme radical. Il est l&#8217;un des initiateurs de l&#8217;Institut Agoriste.<\/p>\n<p>[\/vc_column_text][\/vc_column][\/vc_row][vc_row css_animation=&#8221;&#8221; row_type=&#8221;row&#8221; use_row_as_full_screen_section=&#8221;no&#8221; type=&#8221;full_width&#8221; angled_section=&#8221;no&#8221; text_align=&#8221;left&#8221; background_image_as_pattern=&#8221;without_pattern&#8221; background_color=&#8221;#ffffff&#8221; padding_top=&#8221;49&#8243; z_index=&#8221;&#8221;][vc_column width=&#8221;2\/3&#8243;][vc_column_text]<\/p>\n<p style=\"text-align: justify;\">Konkin rejette le vote, estimant qu&#8217;il est incompatible avec l&#8217;\u00e9thique libertaire. Il s&#8217;oppose \u00e9galement \u00e0 l&#8217;engagement dans le Parti libertaire, qu&#8217;il consid\u00e8re comme une cooptation \u00e9tatiste du libertarianisme. Il \u00e9tait un adversaire de l&#8217;influent philosophe minarchiste Robert Nozick, et qualifiait les adeptes de Nozick de \u00ab Nozis \u00bb.<\/p>\n<p style=\"text-align: justify;\">Konkin pr\u00e9sente sa strat\u00e9gie pour atteindre une soci\u00e9t\u00e9 libertaire dans son manifeste susmentionn\u00e9. Puisqu&#8217;il rejette le vote et les autres moyens par lesquels les gens tentent g\u00e9n\u00e9ralement de changer la soci\u00e9t\u00e9, il encourage les gens \u00e0 retirer leur consentement \u00e0 l&#8217;\u00c9tat en consacrant leurs activit\u00e9s \u00e9conomiques au march\u00e9 noir et au march\u00e9 gris, qui ne seraient ni tax\u00e9s ni r\u00e9glement\u00e9s. Konkin appelait &#8220;les transactions sur ces march\u00e9s, ainsi que d&#8217;autres activit\u00e9s qui contournaient l&#8217;\u00c9tat, de la \u00ab contre-\u00e9conomie \u00bb. Les transactions pacifiques ont lieu sur un march\u00e9 libre, ou agora : d&#8217;o\u00f9 son terme d&#8217;agorisme pour la soci\u00e9t\u00e9 qu&#8217;il cherchait \u00e0 atteindre. Il s&#8217;est \u00e9galement fortement oppos\u00e9 \u00e0 l&#8217;id\u00e9e de propri\u00e9t\u00e9 intellectuelle.<\/p>\n<p style=\"text-align: justify;\">Konkin a \u00e9t\u00e9 r\u00e9dacteur et \u00e9diteur des New Libertarian Notes (1971-1975), New Libertarian Weekly (1975-1978) et enfin du magazine New Libertarian (1978-1990), dont le dernier num\u00e9ro \u00e9tait un hommage sp\u00e9cial \u00e0 la science-fiction avec une couverture de Robert A. Heinlein (num\u00e9ro 187, 1990).<\/p>\n<p style=\"text-align: justify;\">Konkin \u00e9tait un adversaire de l&#8217;imp\u00e9rialisme ou de l&#8217;interventionnisme.<\/p>\n<p style=\"text-align: justify;\">In her book <em>Anarchism: Left, Right, and Green<\/em>, political theorist and anarcho-syndicalist, Ulrike Heider accused Konkin of endorsing historical negationism in his dealing with the Institute for Historical Review, where he served on the Board of Directors, which included allotting advertisement space to the IHR in New Libertarian, and writing a positive review of James J. Martin&#8217;s book on Raphael Lemkin, which was published by the IHR. Konkin personally rejected Holocaust denial, but defended the IHR because he believed its freedom of speech was being suppressed.<\/p>\n<p>[\/vc_column_text][\/vc_column][vc_column width=&#8221;1\/3&#8243;][vc_single_image image=&#8221;23141&#8243; img_size=&#8221;medium&#8221; alignment=&#8221;center&#8221; style=&#8221;vc_box_rounded&#8221; qode_css_animation=&#8221;element_from_left&#8221; transition_delay=&#8221;0.3&#8243;][\/vc_column][\/vc_row][vc_row css_animation=&#8221;&#8221; row_type=&#8221;row&#8221; use_row_as_full_screen_section=&#8221;no&#8221; type=&#8221;full_width&#8221; angled_section=&#8221;no&#8221; text_align=&#8221;left&#8221; background_image_as_pattern=&#8221;without_pattern&#8221; padding_top=&#8221;49&#8243; z_index=&#8221;&#8221;][vc_column width=&#8221;1\/3&#8243;][vc_single_image image=&#8221;23142&#8243; img_size=&#8221;medium&#8221; alignment=&#8221;center&#8221; style=&#8221;vc_box_rounded&#8221; qode_css_animation=&#8221;element_from_left&#8221; transition_delay=&#8221;0.3&#8243;][\/vc_column][vc_column width=&#8221;2\/3&#8243;][vc_column_text]<\/p>\n<p style=\"text-align: justify;\">\u00ab Le terme libertaire est un autre terme pour d\u00e9signer les anarchistes du march\u00e9 libre, bien qu&#8217;il inclue souvent des compagnons de route plus souples comme les minarchistes. \u00c0 l&#8217;origine, le mot \u00e9tait utilis\u00e9 par les libres penseurs en relation avec la religion pour d\u00e9signer ceux qui croyaient au libre arbitre plut\u00f4t qu&#8217;au d\u00e9terminisme (ce qui n&#8217;est pas une si mauvaise association pour nous), puis il est devenu un euph\u00e9misme pour anarchiste en Europe au XIXe si\u00e8cle. Il a \u00e9t\u00e9 remis au go\u00fbt du jour par Leonard Read dans les ann\u00e9es 1940 pour d\u00e9signer les lib\u00e9raux classiques qui refusaient de se joindre au reste du mouvement lib\u00e9ral pour devenir des \u00e9tatistes de gauche, et qui avaient largement rejoint la coalition de la vieille droite am\u00e9ricaine contre ce type de New Deal lib\u00e9ral, \u00e0 la limite du fascisme. Avec l&#8217;\u00e9lection d&#8217;Eisenhower et la mort de Robert Taft, la coalition de la vieille droite s&#8217;est d\u00e9sint\u00e9gr\u00e9e. Buckley a attir\u00e9 les conservateurs pro-\u00c9tat dans sa Nouvelle Droite tandis que Murray Rothbard a ralli\u00e9 les libertariens isolationnistes (non-interventionnistes en politique \u00e9trang\u00e8re) dans une alliance avec la Nouvelle Gauche. Rothbard, bas\u00e9 \u00e0 New York, est devenu anarchiste en 1950 et a d\u00e9fini la position des purs et durs en cons\u00e9quence. Robert LeFevre a fait de m\u00eame dans l&#8217;ouest des \u00c9tats-Unis. \u00bb \u2014 D\u00e9molir l&#8217;\u00c9tat pour le plaisir et le profit depuis 1969, entretien avec l&#8217;ic\u00f4ne libertaire Samuel Edward Konkin III<\/p>\n<p>[\/vc_column_text][\/vc_column][\/vc_row][vc_row css_animation=&#8221;&#8221; row_type=&#8221;row&#8221; use_row_as_full_screen_section=&#8221;no&#8221; type=&#8221;full_width&#8221; angled_section=&#8221;no&#8221; text_align=&#8221;left&#8221; background_image_as_pattern=&#8221;without_pattern&#8221;][vc_column][vc_separator type=&#8221;transparent&#8221; down=&#8221;84&#8243;][\/vc_column][\/vc_row]<\/p>\n","protected":false},"excerpt":{"rendered":"<p>Samuel Edward Konkin III, alias SK3, \u00e9tait un philosophe libertaire am\u00e9ricain. Auteur de la publication New Libertarian Manifesto, il est partisan d&#8217;une philosophie politique qu&#8217;il nomme agorisme.<\/p>\n","protected":false},"author":1,"featured_media":23140,"parent":16021,"menu_order":0,"comment_status":"closed","ping_status":"closed","template":"","meta":{"_seopress_robots_primary_cat":"","ngg_post_thumbnail":0},"tags":[9990,9420,9045,9416,9944,9943,9945],"_links":{"self":[{"href":"https:\/\/www.discoverypublisher.com\/fr\/wp-json\/wp\/v2\/pages\/23137"}],"collection":[{"href":"https:\/\/www.discoverypublisher.com\/fr\/wp-json\/wp\/v2\/pages"}],"about":[{"href":"https:\/\/www.discoverypublisher.com\/fr\/wp-json\/wp\/v2\/types\/page"}],"author":[{"embeddable":true,"href":"https:\/\/www.discoverypublisher.com\/fr\/wp-json\/wp\/v2\/users\/1"}],"replies":[{"embeddable":true,"href":"https:\/\/www.discoverypublisher.com\/fr\/wp-json\/wp\/v2\/comments?post=23137"}],"version-history":[{"count":10,"href":"https:\/\/www.discoverypublisher.com\/fr\/wp-json\/wp\/v2\/pages\/23137\/revisions"}],"predecessor-version":[{"id":25925,"href":"https:\/\/www.discoverypublisher.com\/fr\/wp-json\/wp\/v2\/pages\/23137\/revisions\/25925"}],"up":[{"embeddable":true,"href":"https:\/\/www.discoverypublisher.com\/fr\/wp-json\/wp\/v2\/pages\/16021"}],"wp:featuredmedia":[{"embeddable":true,"href":"https:\/\/www.discoverypublisher.com\/fr\/wp-json\/wp\/v2\/media\/23140"}],"wp:attachment":[{"href":"https:\/\/www.discoverypublisher.com\/fr\/wp-json\/wp\/v2\/media?parent=23137"}],"wp:term":[{"taxonomy":"post_tag","embeddable":true,"href":"https:\/\/www.discoverypublisher.com\/fr\/wp-json\/wp\/v2\/tags?post=23137"}],"curies":[{"name":"wp","href":"https:\/\/api.w.org\/{rel}","templated":true}]}}