{"id":23072,"date":"2021-11-11T00:37:13","date_gmt":"2021-11-10T23:37:13","guid":{"rendered":"https:\/\/www.discoverypublisher.com\/fr\/?page_id=23072"},"modified":"2021-12-04T14:17:37","modified_gmt":"2021-12-04T13:17:37","slug":"kireet-joshi","status":"publish","type":"page","link":"https:\/\/www.discoverypublisher.com\/fr\/auteurs\/kireet-joshi\/","title":{"rendered":"Kireet Joshi"},"content":{"rendered":"<p>[vc_row css_animation=&#8221;&#8221; row_type=&#8221;row&#8221; use_row_as_full_screen_section=&#8221;no&#8221; type=&#8221;full-width&#8221; angled_section=&#8221;no&#8221; text_align=&#8221;left&#8221; background_image_as_pattern=&#8221;without_pattern&#8221; padding_top=&#8221;15&#8243;][vc_column width=&#8221;1\/3&#8243;][vc_separator type=&#8221;transparent&#8221; up=&#8221;25&#8243;][vc_single_image image=&#8221;23078&#8243; img_size=&#8221;full&#8221; alignment=&#8221;center&#8221; style=&#8221;vc_box_rounded&#8221; qode_css_animation=&#8221;element_from_left&#8221; transition_delay=&#8221;0.3&#8243;][\/vc_column][vc_column width=&#8221;2\/3&#8243;][vc_column_text]<\/p>\n<h2>Professeur Kireet Joshi<\/h2>\n<p>[\/vc_column_text][vc_column_text]<\/p>\n<p style=\"text-align: justify;\"><em>10 ao\u00fbt 1931 &#8211; 14 septembre 2014<\/em><br \/>\nKireet Joshi \u00e9tait un philosophe indien, disciple de Sri Aurobindo et de Mirra Alfassa. En 1976, le Premier ministre indien, Indira Gandhi, a nomm\u00e9 Kireet conseiller en \u00e9ducation aupr\u00e8s du gouvernement indien. Il a \u00e9galement \u00e9t\u00e9 pr\u00e9sident du Conseil indien de la recherche philosophique. Conseiller en \u00e9ducation du ministre en chef du Gujarat, 2008-2010 et plusieurs autres postes importants. Auteur de plusieurs ouvrages sur la philosophie, le yoga, l&#8217;\u00e9ducation et la formation des enseignants.<\/p>\n<p>[\/vc_column_text][\/vc_column][\/vc_row][vc_row css_animation=&#8221;&#8221; row_type=&#8221;row&#8221; use_row_as_full_screen_section=&#8221;no&#8221; type=&#8221;full-width&#8221; angled_section=&#8221;no&#8221; text_align=&#8221;left&#8221; background_image_as_pattern=&#8221;without_pattern&#8221; padding_top=&#8221;30&#8243;][vc_column width=&#8221;2\/3&#8243;][vc_column_text]<\/p>\n<h2>Biographie<\/h2>\n<p>[\/vc_column_text][vc_column_text]<\/p>\n<p style=\"text-align: justify;\">Joshi a \u00e9tudi\u00e9 la philosophie et le droit \u00e0 l&#8217;Universit\u00e9 de Bombay. Il est s\u00e9lectionn\u00e9 pour l&#8217;I.A.S. en 1955 mais en 1956, il d\u00e9missionne du poste d&#8217;Assistant Collector de Surat afin de se consacrer \u00e0 Pondich\u00e9ry (aujourd&#8217;hui Puducherry) \u00e0 l&#8217;\u00e9tude et \u00e0 la pratique du Yoga Int\u00e9gral de Sri Aurobindo et de la M\u00e8re. Il enseigne la philosophie et la psychologie au Centre international d&#8217;\u00e9ducation Sri Aurobindo de Pondich\u00e9ry et participe \u00e0 de nombreuses exp\u00e9riences \u00e9ducatives sous la direction directe de la M\u00e8re.<\/p>\n<p style=\"text-align: justify;\">En 1976, le gouvernement indien l&#8217;invite \u00e0 devenir conseiller p\u00e9dagogique au minist\u00e8re de l&#8217;\u00e9ducation. En 1983, il a \u00e9t\u00e9 nomm\u00e9 secr\u00e9taire sp\u00e9cial du gouvernement indien, poste qu&#8217;il a occup\u00e9 jusqu&#8217;en 1988. Il a \u00e9t\u00e9 membre-secr\u00e9taire de l&#8217;Indian Council of Philosophical Research de 1981 \u00e0 1990. Il a \u00e9galement \u00e9t\u00e9 membre-secr\u00e9taire du Rashtriya Veda Vidya Pratishthan de 1987 \u00e0 1993. Il a \u00e9t\u00e9 vice-pr\u00e9sident de l&#8217;Institut de l&#8217;UNESCO pour l&#8217;\u00e9ducation, \u00e0 Hambourg, de 1987 \u00e0 1989.<\/p>\n<p style=\"text-align: justify;\">De 1999 \u00e0 2004, il a \u00e9t\u00e9 pr\u00e9sident de la Fondation Auroville. En tant que conseiller du ministre en chef du Gujarat, il a \u00e9galement contribu\u00e9 \u00e0 la cr\u00e9ation de l&#8217;Universit\u00e9 des enfants et de l&#8217;Institut de formation des enseignants dans l&#8217;\u00c9tat du Gujarat. De 2000 \u00e0 2006, il a \u00e9t\u00e9 pr\u00e9sident de l&#8217;Indian Council of Philosophical Research. De 2006 \u00e0 2008, il a \u00e9t\u00e9 membre de la r\u00e9daction du Project of History of Indian Science, Philosophy and Culture (PHISPC).<\/p>\n<p style=\"text-align: justify;\">Joshi est d\u00e9c\u00e9d\u00e9 le 14 septembre 2014 \u00e0 Puducherry.<\/p>\n<p>[\/vc_column_text][\/vc_column][vc_column width=&#8221;1\/3&#8243;][vc_separator type=&#8221;transparent&#8221; up=&#8221;25&#8243;][vc_single_image image=&#8221;23079&#8243; img_size=&#8221;full&#8221; alignment=&#8221;center&#8221; style=&#8221;vc_box_rounded&#8221; qode_css_animation=&#8221;element_from_left&#8221; transition_delay=&#8221;0.3&#8243;][\/vc_column][\/vc_row][vc_row css_animation=&#8221;&#8221; row_type=&#8221;row&#8221; use_row_as_full_screen_section=&#8221;no&#8221; type=&#8221;full_width&#8221; angled_section=&#8221;no&#8221; text_align=&#8221;left&#8221; background_image_as_pattern=&#8221;without_pattern&#8221; background_color=&#8221;#ffffff&#8221; padding_top=&#8221;40&#8243;][vc_column][vc_separator type=&#8221;transparent&#8221; down=&#8221;40&#8243;][\/vc_column][\/vc_row]<\/p>\n","protected":false},"excerpt":{"rendered":"<p>Kireet Joshi \u00e9tait un philosophe indien, disciple de Sri Aurobindo et de Mirra Alfassa.<\/p>\n","protected":false},"author":1,"featured_media":23073,"parent":16021,"menu_order":0,"comment_status":"closed","ping_status":"closed","template":"","meta":{"_seopress_robots_primary_cat":"","ngg_post_thumbnail":0},"tags":[9990,9420,9045,9664,9416],"_links":{"self":[{"href":"https:\/\/www.discoverypublisher.com\/fr\/wp-json\/wp\/v2\/pages\/23072"}],"collection":[{"href":"https:\/\/www.discoverypublisher.com\/fr\/wp-json\/wp\/v2\/pages"}],"about":[{"href":"https:\/\/www.discoverypublisher.com\/fr\/wp-json\/wp\/v2\/types\/page"}],"author":[{"embeddable":true,"href":"https:\/\/www.discoverypublisher.com\/fr\/wp-json\/wp\/v2\/users\/1"}],"replies":[{"embeddable":true,"href":"https:\/\/www.discoverypublisher.com\/fr\/wp-json\/wp\/v2\/comments?post=23072"}],"version-history":[{"count":5,"href":"https:\/\/www.discoverypublisher.com\/fr\/wp-json\/wp\/v2\/pages\/23072\/revisions"}],"predecessor-version":[{"id":25710,"href":"https:\/\/www.discoverypublisher.com\/fr\/wp-json\/wp\/v2\/pages\/23072\/revisions\/25710"}],"up":[{"embeddable":true,"href":"https:\/\/www.discoverypublisher.com\/fr\/wp-json\/wp\/v2\/pages\/16021"}],"wp:featuredmedia":[{"embeddable":true,"href":"https:\/\/www.discoverypublisher.com\/fr\/wp-json\/wp\/v2\/media\/23073"}],"wp:attachment":[{"href":"https:\/\/www.discoverypublisher.com\/fr\/wp-json\/wp\/v2\/media?parent=23072"}],"wp:term":[{"taxonomy":"post_tag","embeddable":true,"href":"https:\/\/www.discoverypublisher.com\/fr\/wp-json\/wp\/v2\/tags?post=23072"}],"curies":[{"name":"wp","href":"https:\/\/api.w.org\/{rel}","templated":true}]}}