{"id":23030,"date":"2021-11-10T09:59:26","date_gmt":"2021-11-10T08:59:26","guid":{"rendered":"https:\/\/www.discoverypublisher.com\/fr\/?page_id=23030"},"modified":"2021-12-04T14:17:37","modified_gmt":"2021-12-04T13:17:37","slug":"john-vibes","status":"publish","type":"page","link":"https:\/\/www.discoverypublisher.com\/fr\/auteurs\/john-vibes\/","title":{"rendered":"John Vibes"},"content":{"rendered":"<p>[vc_row css_animation=&#8221;&#8221; row_type=&#8221;row&#8221; use_row_as_full_screen_section=&#8221;no&#8221; type=&#8221;full-width&#8221; angled_section=&#8221;no&#8221; text_align=&#8221;left&#8221; background_image_as_pattern=&#8221;without_pattern&#8221; padding_top=&#8221;15&#8243;][vc_column width=&#8221;1\/3&#8243;][vc_separator type=&#8221;transparent&#8221; up=&#8221;25&#8243;][vc_single_image image=&#8221;23036&#8243; img_size=&#8221;full&#8221; alignment=&#8221;center&#8221; style=&#8221;vc_box_rounded&#8221; qode_css_animation=&#8221;element_from_left&#8221; transition_delay=&#8221;0.3&#8243;][\/vc_column][vc_column width=&#8221;2\/3&#8243;][vc_column_text]<\/p>\n<h2 style=\"text-align: justify;\">John Vibes<\/h2>\n<p>[\/vc_column_text][vc_column_text]<\/p>\n<p style=\"text-align: justify;\">John Vibes est un auteur et un chercheur qui organise des grands \u00e9v\u00e9nements, dont la conf\u00e9rence <em>Free Your Mind<\/em>. Il poss\u00e8de \u00e9galement une maison d&#8217;\u00e9dition o\u00f9 il offre une plateforme sans censure pour les auteurs de fiction et de non-fiction. Vous pouvez le contacter et rester en contact avec son travail sur son Twitter. John vient de remporter une bataille de trois ans contre le cancer et s&#8217;efforcera d&#8217;aider les autres gr\u00e2ce \u00e0 son exp\u00e9rience.<\/p>\n<p style=\"text-align: justify;\">Si vous souhaitez contribuer \u00e0 ses traitements, pensez \u00e0 vous abonner \u00e0 son podcast pour le soutenir.<\/p>\n<p>[\/vc_column_text][\/vc_column][\/vc_row][vc_row css_animation=&#8221;&#8221; row_type=&#8221;row&#8221; use_row_as_full_screen_section=&#8221;no&#8221; type=&#8221;full_width&#8221; angled_section=&#8221;no&#8221; text_align=&#8221;left&#8221; background_image_as_pattern=&#8221;without_pattern&#8221; background_color=&#8221;#ffffff&#8221; padding_top=&#8221;40&#8243;][vc_column][vc_separator type=&#8221;transparent&#8221; down=&#8221;40&#8243;][\/vc_column][\/vc_row]<\/p>\n","protected":false},"excerpt":{"rendered":"<p>John Vibes est un auteur et un chercheur qui organise des grands \u00e9v\u00e9nements, dont la conf\u00e9rence Free Your Mind.<\/p>\n","protected":false},"author":1,"featured_media":23046,"parent":16021,"menu_order":0,"comment_status":"closed","ping_status":"closed","template":"","meta":{"_seopress_robots_primary_cat":"","ngg_post_thumbnail":0},"tags":[9990,9420,9045,9649,9416],"_links":{"self":[{"href":"https:\/\/www.discoverypublisher.com\/fr\/wp-json\/wp\/v2\/pages\/23030"}],"collection":[{"href":"https:\/\/www.discoverypublisher.com\/fr\/wp-json\/wp\/v2\/pages"}],"about":[{"href":"https:\/\/www.discoverypublisher.com\/fr\/wp-json\/wp\/v2\/types\/page"}],"author":[{"embeddable":true,"href":"https:\/\/www.discoverypublisher.com\/fr\/wp-json\/wp\/v2\/users\/1"}],"replies":[{"embeddable":true,"href":"https:\/\/www.discoverypublisher.com\/fr\/wp-json\/wp\/v2\/comments?post=23030"}],"version-history":[{"count":5,"href":"https:\/\/www.discoverypublisher.com\/fr\/wp-json\/wp\/v2\/pages\/23030\/revisions"}],"predecessor-version":[{"id":25707,"href":"https:\/\/www.discoverypublisher.com\/fr\/wp-json\/wp\/v2\/pages\/23030\/revisions\/25707"}],"up":[{"embeddable":true,"href":"https:\/\/www.discoverypublisher.com\/fr\/wp-json\/wp\/v2\/pages\/16021"}],"wp:featuredmedia":[{"embeddable":true,"href":"https:\/\/www.discoverypublisher.com\/fr\/wp-json\/wp\/v2\/media\/23046"}],"wp:attachment":[{"href":"https:\/\/www.discoverypublisher.com\/fr\/wp-json\/wp\/v2\/media?parent=23030"}],"wp:term":[{"taxonomy":"post_tag","embeddable":true,"href":"https:\/\/www.discoverypublisher.com\/fr\/wp-json\/wp\/v2\/tags?post=23030"}],"curies":[{"name":"wp","href":"https:\/\/api.w.org\/{rel}","templated":true}]}}