{"id":23029,"date":"2021-11-10T09:59:21","date_gmt":"2021-11-10T08:59:21","guid":{"rendered":"https:\/\/www.discoverypublisher.com\/fr\/?page_id=23029"},"modified":"2021-12-04T14:17:35","modified_gmt":"2021-12-04T13:17:35","slug":"derrick-broze","status":"publish","type":"page","link":"https:\/\/www.discoverypublisher.com\/fr\/auteurs\/derrick-broze\/","title":{"rendered":"Derrick Broze"},"content":{"rendered":"<p>[vc_row css_animation=&#8221;&#8221; row_type=&#8221;row&#8221; use_row_as_full_screen_section=&#8221;no&#8221; type=&#8221;full-width&#8221; angled_section=&#8221;no&#8221; text_align=&#8221;left&#8221; background_image_as_pattern=&#8221;without_pattern&#8221; padding_top=&#8221;15&#8243;][vc_column width=&#8221;1\/3&#8243;][vc_single_image image=&#8221;23040&#8243; img_size=&#8221;full&#8221; alignment=&#8221;center&#8221; style=&#8221;vc_box_rounded&#8221; qode_css_animation=&#8221;element_from_left&#8221; transition_delay=&#8221;0.3&#8243;][\/vc_column][vc_column width=&#8221;2\/3&#8243;][vc_column_text]<\/p>\n<h2>1984 \u2013 2005: ma jeunesse<\/h2>\n<p>[\/vc_column_text][vc_column_text]<\/p>\n<p style=\"text-align: justify;\"><strong>Grandir \u00e0 Houston \u2013 survivre \u00e0 la d\u00e9pression \u2013 la toxicomanie et l&#8217;incarc\u00e9ration<\/strong><\/p>\n<p style=\"text-align: justify;\">Je suis n\u00e9e dans le quartier sud-ouest de Houston, au Texas, le 1er d\u00e9cembre 1984, d&#8217;Esther Sanchez et de Troy Broze. J&#8217;\u00e9tais le deuxi\u00e8me enfant d&#8217;une famille de trois. Mes parents nous aimaient tous les trois tendrement, j&#8217;en suis s\u00fbr. Cependant, la vie nous r\u00e9serve parfois des \u00e9preuves pour nous rendre plus forts.<\/p>\n<p style=\"text-align: justify;\">Je ne me souviens pas de grand-chose de ces premi\u00e8res ann\u00e9es, mais ce dont je me souviens, c&#8217;est surtout du chaos. Je me rappelle avoir d\u00e9m\u00e9nag\u00e9 d&#8217;un appartement \u00e0 l&#8217;autre avec mes parents et mes grands-parents du c\u00f4t\u00e9 de mon p\u00e8re. Je me souviens avoir \u00e9t\u00e9 vaguement conscient que mon p\u00e8re n&#8217;\u00e9tait pas l\u00e0 et que cela avait quelque chose \u00e0 voir avec la drogue. Je me souviens avoir rendu visite \u00e0 mon p\u00e8re en prison quand j&#8217;\u00e9tais jeune. J&#8217;ai pass\u00e9 la plus grande partie de mes premi\u00e8res ann\u00e9es \u00e0 \u00eatre entour\u00e9 de membres de ma famille qui \u00e9taient \u00e0 diff\u00e9rents stades de leur propre lutte contre la drogue et l&#8217;alcool. Je ne comprenais pas ce qu&#8217;\u00e9taient les drogues, mais je savais que, quelles qu&#8217;elles soient, elles \u00e9loignaient mon p\u00e8re de sa famille.<\/p>\n<p style=\"text-align: justify;\">Les luttes de mon p\u00e8re contre la toxicomanie l&#8217;ont fait entrer et sortir de ma conscience pendant les 14 premi\u00e8res ann\u00e9es de ma vie. Alors qu&#8217;il s&#8217;effor\u00e7ait de vaincre ses d\u00e9mons personnels, il faisait \u00e9galement de fausses promesses \u00e0 ses enfants et \u00e0 sa famille pour qu&#8217;ils changent ses habitudes. Pour moi, en tant que jeune gar\u00e7on sensible, ces promesses m&#8217;ont profond\u00e9ment affect\u00e9. J&#8217;ai sombr\u00e9 dans une profonde d\u00e9pression \u00e0 un jeune \u00e2ge et, au moment o\u00f9 je suis arriv\u00e9 au coll\u00e8ge, je pratiquais l&#8217;automutilation.<\/p>\n<p style=\"text-align: justify;\">Ma d\u00e9pression, mon anxi\u00e9t\u00e9 et mon comportement antisocial g\u00e9n\u00e9ral se sont accrus tout au long de mes ann\u00e9es de lyc\u00e9e, jusqu&#8217;\u00e0 aboutir \u00e0 des tentatives de suicide. Au moment o\u00f9 j&#8217;ai obtenu mon dipl\u00f4me d&#8217;\u00e9tudes secondaires, j&#8217;ai commenc\u00e9 \u00e0 exp\u00e9rimenter l&#8217;alcool et les drogues. De 2003 \u00e0 2005, je suis pass\u00e9 de la consommation excessive d&#8217;alcool partout o\u00f9 j&#8217;allais \u00e0 la prise d&#8217;ecstasy plusieurs fois par semaine, en passant par l&#8217;\u00e9vanouissement sous Xanax pendant des semaines.<\/p>\n<p style=\"text-align: justify;\">En janvier 2005, je me suis retrouv\u00e9 \u00e0 exp\u00e9rimenter le Crystal Methamphetamine. Je suis devenu accro en l&#8217;espace de quelques mois. \u00c0 l&#8217;\u00e9t\u00e9 2005, j&#8217;ai perdu mon appartement, mon emploi, ma relation, plusieurs amiti\u00e9s, et je vivais maintenant dans la rue et vendais de la drogue. En novembre, je me suis retrouv\u00e9e sous les verrous pour possession d&#8217;une substance contr\u00f4l\u00e9e.<\/p>\n<p style=\"text-align: justify;\">Une fois incarc\u00e9r\u00e9, j&#8217;ai commenc\u00e9 \u00e0 me regarder honn\u00eatement et \u00e0 examiner mes actions. J&#8217;avais grandi entour\u00e9 de toxicomanes, j&#8217;en voulais \u00e0 mon p\u00e8re pour ses propres d\u00e9pendances et son s\u00e9jour en prison &#8211; comment pouvais-je finir par faire la m\u00eame chose ?<\/p>\n<p style=\"text-align: justify;\">C&#8217;est dans cet espace que j&#8217;ai commenc\u00e9 mon voyage d&#8217;introspection et d&#8217;autor\u00e9flexion. J&#8217;ai pass\u00e9 l&#8217;ann\u00e9e et demie suivante \u00e0 \u00e9crire des pages et des pages de notes, de divagations et d&#8217;id\u00e9es sur la fa\u00e7on d&#8217;am\u00e9liorer ma vie. Un membre de ma famille a commenc\u00e9 \u00e0 m&#8217;envoyer de la litt\u00e9rature bouddhiste et j&#8217;ai commenc\u00e9 \u00e0 me familiariser avec la m\u00e9ditation. C&#8217;\u00e9tait le d\u00e9but d&#8217;un changement de vie massif pour moi.<\/p>\n<p style=\"text-align: justify;\">Les mesures prises \u00e0 cette \u00e9poque ont directement conduit \u00e0 mon espace actuel. Alors que j&#8217;\u00e9crivais des montagnes de manifestations, j&#8217;ai commenc\u00e9 \u00e0 remarquer que mon \u00e9criture devenait plus lente, plus pr\u00e9cise. Alors que mes pens\u00e9es ralentissaient et que la r\u00e9flexion devenait la norme, mon monde physique a commenc\u00e9 \u00e0 refl\u00e9ter les changements internes. Apprendre \u00e0 m\u00e9diter dans un environnement rempli de faux ego et de postures n&#8217;a pas \u00e9t\u00e9 une t\u00e2che facile. J&#8217;ai pers\u00e9v\u00e9r\u00e9 et j&#8217;ai trouv\u00e9 de nombreux moments de paix malgr\u00e9 la cage physique.<\/p>\n<p style=\"text-align: justify;\">De novembre 2005 \u00e0 octobre 2008, j&#8217;ai fait des allers-retours entre les prisons d&#8217;\u00c9tat, les centres de d\u00e9sintoxication, la probation et la libert\u00e9 conditionnelle. \u00c0 l&#8217;\u00e9t\u00e9 2009, j&#8217;ai \u00e9t\u00e9 lib\u00e9r\u00e9 sur parole. J&#8217;ai appris de premi\u00e8re main les \u00e9checs du syst\u00e8me de justice p\u00e9nale et j&#8217;ai compris l&#8217;origine de ma souffrance. Cette exp\u00e9rience a grandement fa\u00e7onn\u00e9 mon parcours et a directement conduit \u00e0 mon d\u00e9sir d&#8217;aider les autres et de m&#8217;impliquer dans la communaut\u00e9 qui m&#8217;entoure.<\/p>\n<p>[\/vc_column_text][\/vc_column][\/vc_row][vc_row css_animation=&#8221;&#8221; row_type=&#8221;row&#8221; use_row_as_full_screen_section=&#8221;no&#8221; type=&#8221;full-width&#8221; angled_section=&#8221;no&#8221; text_align=&#8221;left&#8221; background_image_as_pattern=&#8221;without_pattern&#8221; padding_top=&#8221;30&#8243;][vc_column width=&#8221;2\/3&#8243;][vc_column_text]<\/p>\n<h2>2010: cr\u00e9ation de la communaut\u00e9 militante des libres penseurs de Houston<\/h2>\n<p>[\/vc_column_text][vc_column_text]<\/p>\n<p style=\"text-align: justify;\"><strong>Le d\u00e9but de mon militantisme<\/strong><\/p>\n<p style=\"text-align: justify;\">Une fois lib\u00e9r\u00e9 sur parole, j&#8217;ai fait l&#8217;exp\u00e9rience de la recherche d&#8217;un emploi et d&#8217;un appartement en tant que criminel. J&#8217;ai d\u00e9couvert de premi\u00e8re main ce qu&#8217;est la vie de milliers d&#8217;habitants de Houston qui sont trait\u00e9s avec m\u00e9fiance et suspicion bien qu&#8217;ils aient pay\u00e9 leur \u00ab dette \u00e0 la soci\u00e9t\u00e9 \u00bb. Je passais mon temps \u00e0 la biblioth\u00e8que publique de Houston, dans les Heights, \u00e0 postuler pour des emplois. C&#8217;est \u00e0 cette \u00e9poque que j&#8217;ai r\u00e9alis\u00e9 que non seulement mon esprit s&#8217;\u00e9tait lib\u00e9r\u00e9 de l&#8217;encombrement d\u00fb \u00e0 la consommation constante de drogues, mais que mon d\u00e9sir d&#8217;apprendre \u00e9tait \u00e9galement revenu.<\/p>\n<p style=\"text-align: justify;\">En allant \u00e0 la biblioth\u00e8que, j&#8217;ai d\u00e9couvert un livre intitul\u00e9 <em>Cannabis : a History<\/em>. Il m&#8217;a aid\u00e9 \u00e0 comprendre que les v\u00e9ritables raisons de l&#8217;ill\u00e9galit\u00e9 de m\u00e9dicaments comme le cannabis avaient plus \u00e0 voir avec la motivation financi\u00e8re et la discrimination raciale qu&#8217;avec la s\u00e9curit\u00e9 des Am\u00e9ricains. C&#8217;\u00e9tait une nouvelle pour moi et j&#8217;ai \u00e9t\u00e9 stup\u00e9fait. J&#8217;ai r\u00e9alis\u00e9 que je n&#8217;avais jamais appris cette v\u00e9rit\u00e9 dans mon \u00e9ducation nationale. Je me suis demand\u00e9 ce que les autorit\u00e9s ne m&#8217;avaient pas appris d&#8217;autre.<\/p>\n<p style=\"text-align: justify;\">Ce questionnement a marqu\u00e9 le d\u00e9but de mon voyage dans le terrier du lapin, \u00e0 la recherche de r\u00e9ponses sur le monde qui m&#8217;entoure. Quel \u00e9tait le v\u00e9ritable r\u00f4le du gouvernement et de ses lois ? Quel r\u00f4le les entreprises jouent-elles dans notre monde ? Quel r\u00f4le est-ce que je joue dans le grand sch\u00e9ma des choses ?<\/p>\n<p style=\"text-align: justify;\">Toutes ces interrogations m&#8217;ont conduit \u00e0 cr\u00e9er un blog et \u00e0 cofonder une communaut\u00e9 d&#8217;activistes du monde r\u00e9el, les Houston Free Thinkers. Les HFT \u00e9taient une alliance communautaire d&#8217;habitants de Houston pr\u00e9occup\u00e9s par la question, qui se sont r\u00e9unis pour sensibiliser le public \u00e0 des sujets ignor\u00e9s par les m\u00e9dias grand public, le gouvernement et les entreprises. Nous mettions fortement l&#8217;accent et l&#8217;accent sur les solutions et la construction de la communaut\u00e9. De 2010 \u00e0 2018, nous avons organis\u00e9 des manifestations, des observations de policiers, des marches, des rassemblements et des actions de d\u00e9sob\u00e9issance civile. Pendant cette p\u00e9riode, nous avons \u00e9galement accueilli des &#8220;SkillShares&#8221; gratuits sur une s\u00e9rie de sujets, aid\u00e9 \u00e0 construire des jardins communautaires, organis\u00e9 des projections de documentaires et des infojams. Dans l&#8217;ensemble, notre objectif \u00e9tait de nous concentrer sur les solutions par le biais de la localisation et de fournir un forum de discussion sur les id\u00e9es et th\u00e9ories radicales.<\/p>\n<p style=\"text-align: justify;\">C&#8217;est \u00e9galement pendant mon s\u00e9jour \u00e0 la HFT que j&#8217;ai commenc\u00e9 \u00e0 m&#8217;int\u00e9resser au journalisme et \u00e0 demander des comptes aux fonctionnaires. Au cours de l&#8217;\u00e9t\u00e9 2011, on m&#8217;a propos\u00e9 un spot radio sur Local Live Houston, une station de radio sur Internet. C&#8217;\u00e9tait le d\u00e9but de Free Thinker Radio, un programme que je co-anime toujours avec mon bon ami Micah Jackson (maintenant sur 90.1 KPFT). \u00c0 peu pr\u00e8s \u00e0 la m\u00eame \u00e9poque, j&#8217;ai commenc\u00e9 \u00e0 interroger l&#8217;ancienne maire Annise Parker et l&#8217;ancien chef de la police de Houston Charles McClelland sur toute une s\u00e9rie de questions. C&#8217;\u00e9tait mon premier contact avec le journalisme et le reportage.<\/p>\n<p>[\/vc_column_text][\/vc_column][vc_column width=&#8221;1\/3&#8243;][vc_single_image image=&#8221;23037&#8243; img_size=&#8221;full&#8221; alignment=&#8221;center&#8221; style=&#8221;vc_box_rounded&#8221; qode_css_animation=&#8221;element_from_left&#8221; transition_delay=&#8221;0.3&#8243;][\/vc_column][\/vc_row][vc_row css_animation=&#8221;&#8221; row_type=&#8221;row&#8221; use_row_as_full_screen_section=&#8221;no&#8221; type=&#8221;full-width&#8221; angled_section=&#8221;no&#8221; text_align=&#8221;left&#8221; background_image_as_pattern=&#8221;without_pattern&#8221; padding_top=&#8221;30&#8243;][vc_column width=&#8221;1\/3&#8243;][vc_single_image image=&#8221;23041&#8243; img_size=&#8221;full&#8221; alignment=&#8221;center&#8221; style=&#8221;vc_box_rounded&#8221; qode_css_animation=&#8221;element_from_left&#8221; transition_delay=&#8221;0.3&#8243;][\/vc_column][vc_column width=&#8221;2\/3&#8243;][vc_column_text]<\/p>\n<h2>2013: lancement du r\u00e9seau de la r\u00e9sistance consciente<\/h2>\n<p>[\/vc_column_text][vc_column_text]<\/p>\n<p style=\"text-align: justify;\"><strong>Vous \u00eates puissant. Vous \u00eates beau. Vous \u00eates libre.<\/strong><\/p>\n<p style=\"text-align: justify;\">Au printemps 2012, je tenais r\u00e9guli\u00e8rement un blog sur le site The Houston Free Thinkers et j&#8217;utilisais les m\u00e9dias sociaux pour diffuser des nouvelles que je jugeais pr\u00e9cieuses pour les habitants de Houston et le monde en g\u00e9n\u00e9ral. En 2013, j&#8217;ai d\u00e9cid\u00e9 qu&#8217;il \u00e9tait temps de cr\u00e9er un m\u00e9dia qui pourrait \u00eatre un foyer pour mes reportages, analyses, divagations politiques, interviews et tout ce que j&#8217;avais envie de produire. Je voulais \u00e9galement un endroit qui pourrait non seulement explorer la politique et l&#8217;activisme, mais aussi parler du besoin de gu\u00e9rison interpersonnelle, de m\u00e9ditation, de communication non violente et de solutions pour les nombreux probl\u00e8mes dont je faisais souvent \u00e9tat. C&#8217;est ainsi qu&#8217;est n\u00e9 <em>The Conscious Resistance Network<\/em>.<\/p>\n<p style=\"text-align: justify;\">Le <em>Conscious Resistance Network<\/em> est une organisation m\u00e9diatique ind\u00e9pendante ax\u00e9e sur l&#8217;autonomisation des individus par l&#8217;\u00e9ducation, la philosophie, la sant\u00e9 et l&#8217;organisation communautaire. Nous travaillons \u00e0 la cr\u00e9ation d&#8217;un monde o\u00f9 le pouvoir des entreprises et de l&#8217;\u00c9tat ne domine pas la vie des \u00eatres humains libres. Le TCRN a pour objectif de fournir des \u00e9missions divertissantes sur Internet, avec des discussions sur l&#8217;actualit\u00e9, des interviews d&#8217;invit\u00e9s int\u00e9ressants qui sensibilisent aux crimes du gouvernement et des entreprises, des discussions sur l&#8217;organisation de la communaut\u00e9, et bien d&#8217;autres id\u00e9es.<\/p>\n<p style=\"text-align: justify;\">Cependant, <em>The Conscious Resistance<\/em> est plus qu&#8217;un simple groupe de m\u00e9dias. C&#8217;est une philosophie. Je d\u00e9cris souvent le TCR comme le moment o\u00f9 vous reconnaissez qu&#8217;\u00eatre libre va plus loin que de simplement voir les probl\u00e8mes dans l&#8217;ar\u00e8ne politique. R\u00e9sister consciemment signifie \u00eatre pr\u00eat \u00e0 s&#8217;engager dans une r\u00e9flexion sur soi et \u00e0 rechercher la connaissance de soi. Sans conna\u00eetre nos propres doutes, espoirs, peurs, r\u00eaves, ins\u00e9curit\u00e9s et forces, nous ne pouvons pas vraiment savoir ce que la libert\u00e9 signifie pour nous en tant qu&#8217;individu. Devenir conscient de ses actions est l&#8217;une des \u00e9tapes les plus importantes pour revendiquer sa propre libert\u00e9.<\/p>\n<p>[\/vc_column_text][\/vc_column][\/vc_row][vc_row css_animation=&#8221;&#8221; row_type=&#8221;row&#8221; use_row_as_full_screen_section=&#8221;no&#8221; type=&#8221;full-width&#8221; angled_section=&#8221;no&#8221; text_align=&#8221;left&#8221; background_image_as_pattern=&#8221;without_pattern&#8221; padding_top=&#8221;30&#8243;][vc_column width=&#8221;2\/3&#8243;][vc_column_text]<\/p>\n<h2>2013: journaliste, auteur, conf\u00e9rencier<\/h2>\n<p>[\/vc_column_text][vc_column_text]<\/p>\n<p style=\"text-align: justify;\"><strong>Faire briller la lumi\u00e8re dans l&#8217;obscurit\u00e9 avec mes mots<\/strong><\/p>\n<p style=\"text-align: justify;\">J&#8217;ai fini par obtenir quelques contrats de r\u00e9daction r\u00e9mun\u00e9r\u00e9s qui m&#8217;ont aid\u00e9 \u00e0 d\u00e9velopper mon nouvel amour pour la recherche, les questions et l&#8217;\u00e9criture. C&#8217;est \u00e9galement \u00e0 cette \u00e9poque que j&#8217;ai commenc\u00e9 \u00e0 voyager davantage pour couvrir des \u00e9v\u00e9nements qui se d\u00e9roulaient au-del\u00e0 des fronti\u00e8res de Houston. De Ferguson, dans le Missouri, \u00e0 Standing Rock, dans le Dakota du Nord, j&#8217;\u00e9tais d\u00e9sormais financ\u00e9e par une vari\u00e9t\u00e9 de m\u00e9dias ind\u00e9pendants et alternatifs pour partager des histoires provenant des lignes de front de l&#8217;activisme.<\/p>\n<p style=\"text-align: justify;\">Mon travail journalistique m&#8217;a permis de collaborer avec toute une s\u00e9rie de militants et de journalistes issus de l&#8217;ensemble du spectre politique. Ma volont\u00e9 de d\u00e9noncer la surveillance par Stingray dans la ville de Houston m&#8217;a permis de m&#8217;associer \u00e0 diff\u00e9rents groupes, dont l&#8217;American Civil Liberties Union de Houston. Mes livestreams depuis les lignes de front de l&#8217;affrontement de Standing Rock ont \u00e9t\u00e9 visionn\u00e9s plus d&#8217;un million de fois, ce qui a permis de diffuser la v\u00e9rit\u00e9 sur la brutalit\u00e9 polici\u00e8re aupr\u00e8s des t\u00e9l\u00e9spectateurs. Mon travail a \u00e9t\u00e9 pr\u00e9sent\u00e9 dans tous les m\u00e9dias ind\u00e9pendants et alternatifs, ainsi que sur Al-Jazeera, RT, Fox News et tous les m\u00e9dias locaux de Houston.<\/p>\n<p style=\"text-align: justify;\">J&#8217;ai \u00e9galement travaill\u00e9 sur un certain nombre de films de type mini-documentaire visant \u00e0 exposer les luttes des indig\u00e8nes dans la r\u00e9serve apache de San Carlos, la r\u00e9sistance au d\u00e9p\u00f4t de d\u00e9chets de Yucca Mountain, la poursuite de la justice contre le p\u00e9dophile condamn\u00e9 Jeffrey Epstein, et l&#8217;histoire peu connue de la secte Finders, parmi d&#8217;autres histoires importantes et peu m\u00e9diatis\u00e9es.<\/p>\n<p style=\"text-align: justify;\">En 2015, j&#8217;ai commenc\u00e9 \u00e0 co\u00e9crire la trilogie de livres The Conscious Resistance qui explore davantage l&#8217;intersection des pratiques spirituelles et la recherche d&#8217;un monde plus libre. J&#8217;ai publi\u00e9 Reflections on Anarchy and Spirituality en 2015, Finding Freedom In An Age of Confusion en 2016, Manifesto of the Free Humans en 2017, et The Holistic Self-Assessment en 2018. Je pr\u00e9vois de publier mon dernier livre, <em>Counter-Economics : How to Opt Out of The Coming Social Credit State<\/em>, \u00e0 l&#8217;\u00e9t\u00e9 2019.<\/p>\n<p style=\"text-align: justify;\">On me demande r\u00e9guli\u00e8rement de prendre la parole lors de conf\u00e9rences et de festivals \u00e0 travers les \u00c9tats-Unis et \u00e0 l&#8217;\u00e9tranger. En 2019, j&#8217;ai \u00e9t\u00e9 invit\u00e9e \u00e0 prendre la parole au Mexique, au Costa Rica, en Espagne, au Portugal et en Australie. J&#8217;ai effectu\u00e9 avec succ\u00e8s deux tourn\u00e9es de conf\u00e9rences aux \u00c9tats-Unis, impliquant des pr\u00e9sentations, des m\u00e9ditations guid\u00e9es et du travail b\u00e9n\u00e9vole dans chaque ville.<\/p>\n<p style=\"text-align: justify;\">Alors que mon journalisme s&#8217;attache \u00e0 d\u00e9noncer la corruption et \u00e0 mettre en lumi\u00e8re les luttes des mouvements militants, mes livres et mes conf\u00e9rences se concentrent sur l&#8217;aspect philosophique de mon travail. Je promeus la philosophie connue sous le nom d&#8217;agorisme, et ce que j&#8217;appelle l&#8217;activisme holistique ou l&#8217;anarchisme. Je suis convaincu que les \u00eatres humains n&#8217;ont pas besoin d&#8217;autorit\u00e9s centrales pour r\u00e9gir leurs vies &#8211; y compris les gouvernements. Tout mon \u00ab travail \u00bb vise \u00e0 donner aux individus les moyens de reconna\u00eetre leur propre pouvoir et d&#8217;abandonner la fausse croyance que le gouvernement est n\u00e9cessaire pour organiser la vie de l&#8217;humanit\u00e9.<\/p>\n<p>[\/vc_column_text][\/vc_column][vc_column width=&#8221;1\/3&#8243;][vc_single_image image=&#8221;23038&#8243; img_size=&#8221;full&#8221; alignment=&#8221;center&#8221; style=&#8221;vc_box_rounded&#8221; qode_css_animation=&#8221;element_from_left&#8221; transition_delay=&#8221;0.3&#8243;][\/vc_column][\/vc_row][vc_row css_animation=&#8221;&#8221; row_type=&#8221;row&#8221; use_row_as_full_screen_section=&#8221;no&#8221; type=&#8221;full-width&#8221; angled_section=&#8221;no&#8221; text_align=&#8221;left&#8221; background_image_as_pattern=&#8221;without_pattern&#8221; padding_top=&#8221;30&#8243;][vc_column width=&#8221;1\/3&#8243;][vc_single_image image=&#8221;23039&#8243; img_size=&#8221;full&#8221; alignment=&#8221;center&#8221; style=&#8221;vc_box_rounded&#8221; qode_css_animation=&#8221;element_from_left&#8221; transition_delay=&#8221;0.3&#8243;][\/vc_column][vc_column width=&#8221;2\/3&#8243;][vc_column_text]<\/p>\n<h2>Aujourd&#8217;hui<\/h2>\n<p>[\/vc_column_text][vc_column_text]<\/p>\n<p style=\"text-align: justify;\"><strong>O\u00f9 je suis maintenant&#8230;<\/strong><\/p>\n<p style=\"text-align: justify;\">En f\u00e9vrier 2019, j&#8217;ai sorti mon premier documentaire complet, <em>Who Will Find What The Finders Hide<\/em>, qui enqu\u00eate sur le culte The Finders. En mai 2019, j&#8217;ai choisi de me pr\u00e9senter au poste de maire de Houston pour voir si je pouvais injecter de vrais probl\u00e8mes dont les Houstoniens se soucient et de vraies solutions qui ne sont jamais discut\u00e9es dans l&#8217;ar\u00e8ne politique. J&#8217;ai r\u00e9ussi \u00e0 diffuser mes id\u00e9es et j&#8217;ai pu accro\u00eetre le dialogue autour de l&#8217;affaiblissement de la position du maire de Houston.<\/p>\n<p style=\"text-align: justify;\">2020- Et me voil\u00e0 maintenant. Je sors un nouveau documentaire (<em>The 5g Trojan Horse<\/em>) et un nouveau livre (<em>How to Opt Out Of The Technocratic State<\/em>) en janvier. Je vais continuer \u00e0 parler en public, \u00e0 \u00e9crire et \u00e0 faire du journalisme. Cependant, c&#8217;est l&#8217;ann\u00e9e o\u00f9 j&#8217;avance dans la construction de la vision communautaire que j&#8217;ai en t\u00eate. Je pr\u00e9vois de trouver un terrain, de construire ma vision et de l&#8217;utiliser comme un lieu d&#8217;\u00e9ducation, de croissance et de cr\u00e9ation d&#8217;ind\u00e9pendance.<\/p>\n<p style=\"text-align: justify;\">Pour l&#8217;instant, je passe mes journ\u00e9es \u00e0 cr\u00e9er des vid\u00e9os, \u00e0 \u00e9crire des articles, \u00e0 cr\u00e9er des r\u00e9seaux avec d&#8217;autres faiseurs de changement et solutionnaires qui cherchent \u00e0 donner du pouvoir au monde. Ce n&#8217;est pas bien pay\u00e9 et c&#8217;est parfois frustrant au point d&#8217;avoir envie de lever les mains en l&#8217;air et de dire : \u00ab Assez ! Je n&#8217;en peux plus ! \u00bb<\/p>\n<p style=\"text-align: justify;\">Et puis, juste au moment o\u00f9 je veux arr\u00eater, quelqu&#8217;un me tend la main et me dit que quelque chose que j&#8217;ai \u00e9crit, dit ou fait a eu un impact positif sur sa vie. Ils disent que je les ai aid\u00e9s \u00e0 se relever, ou que mes exp\u00e9riences avec les drogues et l&#8217;alcool leur ont donn\u00e9 l&#8217;espoir qu&#8217;ils pourraient \u00eatre capables d&#8217;abandonner leurs propres vices.<\/p>\n<p style=\"text-align: justify;\">Et juste comme \u00e7a, je d\u00e9cide de continuer. Je vais de l&#8217;avant et continue \u00e0 travailler pour qu&#8217;un jour la propri\u00e9t\u00e9 individuelle et la libert\u00e9 de tous les individus soient respect\u00e9es. Je travaille \u00e0 l&#8217;av\u00e8nement d&#8217;un jour o\u00f9 tous les humains comprendront l&#8217;importance de surmonter leurs propres traumatismes et chercheront \u00e0 trouver des solutions de mani\u00e8re d\u00e9centralis\u00e9e et non violente, sans recourir \u00e0 la force de l&#8217;\u00c9tat ou des entreprises.<\/p>\n<p style=\"text-align: justify;\">Cela peut sembler un objectif noble, id\u00e9aliste et utopique, mais pour moi, la v\u00e9ritable id\u00e9e de conte de f\u00e9es est que l&#8217;humanit\u00e9 peut continuer \u00e0 suivre le m\u00eame chemin que celui qu&#8217;elle a emprunt\u00e9 et esp\u00e9rer voir un r\u00e9el changement. La seule fa\u00e7on d&#8217;avancer est de modifier radicalement la fa\u00e7on dont nous vivons nos vies.<\/p>\n<p>[\/vc_column_text][\/vc_column][\/vc_row][vc_row css_animation=&#8221;&#8221; row_type=&#8221;row&#8221; use_row_as_full_screen_section=&#8221;no&#8221; type=&#8221;full_width&#8221; angled_section=&#8221;no&#8221; text_align=&#8221;left&#8221; background_image_as_pattern=&#8221;without_pattern&#8221; background_color=&#8221;#ffffff&#8221; padding_top=&#8221;40&#8243;][vc_column][vc_separator type=&#8221;transparent&#8221; down=&#8221;40&#8243;][\/vc_column][\/vc_row]<\/p>\n","protected":false},"excerpt":{"rendered":"<p>Derrick Broze est un \u00e9crivain et conf\u00e9rencier am\u00e9ricain.<\/p>\n","protected":false},"author":1,"featured_media":23035,"parent":16021,"menu_order":0,"comment_status":"closed","ping_status":"closed","template":"","meta":{"_seopress_robots_primary_cat":"","ngg_post_thumbnail":0},"tags":[9990,9643,9420,9045,9416],"_links":{"self":[{"href":"https:\/\/www.discoverypublisher.com\/fr\/wp-json\/wp\/v2\/pages\/23029"}],"collection":[{"href":"https:\/\/www.discoverypublisher.com\/fr\/wp-json\/wp\/v2\/pages"}],"about":[{"href":"https:\/\/www.discoverypublisher.com\/fr\/wp-json\/wp\/v2\/types\/page"}],"author":[{"embeddable":true,"href":"https:\/\/www.discoverypublisher.com\/fr\/wp-json\/wp\/v2\/users\/1"}],"replies":[{"embeddable":true,"href":"https:\/\/www.discoverypublisher.com\/fr\/wp-json\/wp\/v2\/comments?post=23029"}],"version-history":[{"count":5,"href":"https:\/\/www.discoverypublisher.com\/fr\/wp-json\/wp\/v2\/pages\/23029\/revisions"}],"predecessor-version":[{"id":25691,"href":"https:\/\/www.discoverypublisher.com\/fr\/wp-json\/wp\/v2\/pages\/23029\/revisions\/25691"}],"up":[{"embeddable":true,"href":"https:\/\/www.discoverypublisher.com\/fr\/wp-json\/wp\/v2\/pages\/16021"}],"wp:featuredmedia":[{"embeddable":true,"href":"https:\/\/www.discoverypublisher.com\/fr\/wp-json\/wp\/v2\/media\/23035"}],"wp:attachment":[{"href":"https:\/\/www.discoverypublisher.com\/fr\/wp-json\/wp\/v2\/media?parent=23029"}],"wp:term":[{"taxonomy":"post_tag","embeddable":true,"href":"https:\/\/www.discoverypublisher.com\/fr\/wp-json\/wp\/v2\/tags?post=23029"}],"curies":[{"name":"wp","href":"https:\/\/api.w.org\/{rel}","templated":true}]}}