{"id":23000,"date":"2021-11-10T08:38:30","date_gmt":"2021-11-10T07:38:30","guid":{"rendered":"https:\/\/www.discoverypublisher.com\/fr\/?page_id=23000"},"modified":"2021-12-04T14:17:35","modified_gmt":"2021-12-04T13:17:35","slug":"aimee-dostoievski","status":"publish","type":"page","link":"https:\/\/www.discoverypublisher.com\/fr\/auteurs\/aimee-dostoievski\/","title":{"rendered":"Aim\u00e9e Dosto\u00efevski"},"content":{"rendered":"<p>[vc_row css_animation=&#8221;&#8221; row_type=&#8221;row&#8221; use_row_as_full_screen_section=&#8221;no&#8221; type=&#8221;full_width&#8221; angled_section=&#8221;no&#8221; text_align=&#8221;left&#8221; background_image_as_pattern=&#8221;without_pattern&#8221; padding_top=&#8221;15&#8243; z_index=&#8221;&#8221;][vc_column]<blockquote class=' with_quote_icon' style=''><i class='fa fa-quote-right' style=''><\/i><h5 class='blockquote-text' style=''>Elle livre un r\u00e9cit familier et intime de sa vie quotidienne, de son caract\u00e8re et de ses habitudes. Elle est naturellement la partisane de son p\u00e8re dans toutes les querelles qu'il a eues, mais il y a des faits et des points de vue dans ce livre qui ne peuvent \u00eatre trouv\u00e9s dans aucun autre ouvrage. Pour ceux qui ont lu les romans de Dosto\u00efevski, ces r\u00e9v\u00e9lations nouvelles et intimes seront d'un vif int\u00e9r\u00eat, mais m\u00eame si l'on n'a jamais lu aucun des romans, cette biographie est \u00e9crite de mani\u00e8re \u00e0 retenir l'attention du lecteur du d\u00e9but \u00e0 la fin.<\/h5><\/blockquote>[\/vc_column][\/vc_row][vc_row css_animation=&#8221;&#8221; row_type=&#8221;row&#8221; use_row_as_full_screen_section=&#8221;no&#8221; type=&#8221;full_width&#8221; angled_section=&#8221;no&#8221; text_align=&#8221;left&#8221; background_image_as_pattern=&#8221;without_pattern&#8221; padding_top=&#8221;49&#8243; z_index=&#8221;&#8221;][vc_column width=&#8221;1\/3&#8243;][vc_single_image image=&#8221;23006&#8243; img_size=&#8221;medium&#8221; alignment=&#8221;center&#8221; style=&#8221;vc_box_rounded&#8221; qode_css_animation=&#8221;element_from_left&#8221; transition_delay=&#8221;0.3&#8243;][\/vc_column][vc_column width=&#8221;2\/3&#8243;][vc_column_text]<\/p>\n<p style=\"text-align: justify;\">Lyubov Fyodorovna Dosto\u00efevska\u00efa (1869-1926), \u00e9galement connue sous le nom d&#8217;Aim\u00e9e Dosto\u00efevska\u00efa, \u00e9tait une \u00e9crivain russe, m\u00e9morialiste, et la deuxi\u00e8me fille du c\u00e9l\u00e8bre \u00e9crivain Fyodor Dosto\u00efevski et de son \u00e9pouse Anna. Leur premi\u00e8re fille, Sonya, est n\u00e9e en 1868 et est d\u00e9c\u00e9d\u00e9e la m\u00eame ann\u00e9e.<\/p>\n<p style=\"text-align: justify;\">Plus tard dans sa vie, Lyubov s&#8217;est \u00e9loign\u00e9e de sa m\u00e8re et a quitt\u00e9 leur maison. Elle ne s&#8217;est jamais mari\u00e9e. En 1913, apr\u00e8s un voyage \u00e0 l&#8217;\u00e9tranger pour un traitement m\u00e9dical, Lyubov d\u00e9cide d&#8217;y rester. Elle vit \u00e0 l&#8217;\u00e9tranger jusqu&#8217;\u00e0 sa mort, en 1926. A cette \u00e9poque, elle est \u00e9galement connue sous le nom d&#8217;Aim\u00e9e Dosto\u00efevskaya. Elle est morte en Italie d&#8217;an\u00e9mie pernicieuse.<\/p>\n<p>[\/vc_column_text][\/vc_column][\/vc_row][vc_row css_animation=&#8221;&#8221; row_type=&#8221;row&#8221; use_row_as_full_screen_section=&#8221;no&#8221; type=&#8221;full_width&#8221; angled_section=&#8221;no&#8221; text_align=&#8221;left&#8221; background_image_as_pattern=&#8221;without_pattern&#8221; background_color=&#8221;#ffffff&#8221; padding_top=&#8221;49&#8243; z_index=&#8221;&#8221;][vc_column width=&#8221;2\/3&#8243;][vc_column_text]<\/p>\n<p style=\"text-align: justify;\">Bien que Lyubov Dosto\u00efevska\u00efa f\u00fbt orthodoxe, le rite fun\u00e9raire \u00e9tait catholique par erreur. Une simple croix de bois sur sa tombe fut bient\u00f4t remplac\u00e9e par une petite tombe en porphyre. En 1931, le magazine Italia Letteraria sugg\u00e9ra que puisque Dosto\u00efevska\u00efa \u00e9tait enterr\u00e9e en Italie, c&#8217;\u00e9tait le gouvernement italien qui devrait \u00e9tablir un m\u00e9morial. En d\u00e9cembre 1931, un pi\u00e9destal en granit fut construit, avec une \u00e9pitaphe \u00e9crite par le r\u00e9dacteur en chef du magazine <em>Venezia Tridentina<\/em>. Le lieu de repos de la fille de Fiodor Dosto\u00efevski, \u00e0 Gries, a \u00e9t\u00e9 pr\u00e9serv\u00e9 apr\u00e8s la reconstruction du cimeti\u00e8re. Sa tombe a \u00e9t\u00e9 d\u00e9plac\u00e9e au cimeti\u00e8re de la ville de Bolzano en 1957.<\/p>\n<p>[\/vc_column_text][\/vc_column][vc_column width=&#8221;1\/3&#8243;][vc_single_image image=&#8221;23005&#8243; img_size=&#8221;medium&#8221; alignment=&#8221;center&#8221; style=&#8221;vc_box_rounded&#8221; qode_css_animation=&#8221;element_from_right&#8221; transition_delay=&#8221;0.3&#8243;][\/vc_column][\/vc_row][vc_row css_animation=&#8221;&#8221; row_type=&#8221;row&#8221; use_row_as_full_screen_section=&#8221;no&#8221; type=&#8221;full_width&#8221; angled_section=&#8221;no&#8221; text_align=&#8221;left&#8221; background_image_as_pattern=&#8221;without_pattern&#8221; padding_top=&#8221;49&#8243; z_index=&#8221;&#8221;][vc_column width=&#8221;1\/3&#8243;][vc_single_image image=&#8221;23010&#8243; img_size=&#8221;medium&#8221; alignment=&#8221;center&#8221; style=&#8221;vc_box_rounded&#8221; qode_css_animation=&#8221;element_from_left&#8221; transition_delay=&#8221;0.3&#8243;][\/vc_column][vc_column width=&#8221;2\/3&#8243;][vc_column_text]<\/p>\n<p style=\"text-align: justify;\">Aim\u00e9e est surtout connue pour le livre Dosto\u00efevski interpr\u00e9t\u00e9 par sa fille, initialement publi\u00e9 \u00e0 Munich en 1920. Ses m\u00e9moires, r\u00e9dig\u00e9s en fran\u00e7ais et publi\u00e9s en allemand, ont ensuite \u00e9t\u00e9 traduites dans d&#8217;autres langues europ\u00e9ennes. En 1920, le livre est sorti en n\u00e9erlandais (\u00e0 Arnhem), l&#8217;ann\u00e9e suivante, il y a eu des traductions en su\u00e9dois et en anglais, et en 1922, il a \u00e9t\u00e9 publi\u00e9 aux \u00c9tats-Unis et en Italie. Une version russe, tr\u00e8s abr\u00e9g\u00e9e, a \u00e9t\u00e9 publi\u00e9e en 1922 par Gosudarstvennoe Izdatelstvo (Saint-P\u00e9tersbourg) sous le titre \u00ab \u0414\u043e\u0441\u0442\u043e\u0435\u0432\u0441\u043a\u0438\u0439 \u0432 \u0438\u0437\u043e\u0431\u0440\u0430\u0436\u0435\u043d\u0438\u0438 \u0435\u0433\u043e \u0434\u043e\u0447\u0435\u0440\u0438 \u041b. \u0414\u043e\u0441\u0442\u043e\u0435\u0432\u0441\u043a\u043e\u0439 \u00bb.<\/p>\n<p style=\"text-align: justify;\">L&#8217;ouvrage contient de nombreuses inexactitudes factuelles, en partie parce que Am\u00e9e n&#8217;avait que 11 ans au moment de la mort de son p\u00e8re, et en partie parce qu&#8217;elle a bas\u00e9 ses m\u00e9moires sur les histoires de sa m\u00e8re. De nombreux chercheurs ont tendance \u00e0 consid\u00e9rer ce m\u00e9moire comme subjectif et peu fiable, citant comme exemple son parti pris dans la description de la relation entre Dosto\u00efevski et sa premi\u00e8re \u00e9pouse, Mariya Isayeva. Am\u00e9e et sa m\u00e8re Anna ont exprim\u00e9 leur haine envers Isayeva.<\/p>\n<p style=\"text-align: justify;\">Ses autres \u0153uvres incluent le recueil de nouvelles <em>Bolnye devushki<\/em> (1911) et les romans <em>Emigrantka<\/em> (1912) et <em>Advokatka<\/em> (1913).<\/p>\n<p>[\/vc_column_text][\/vc_column][\/vc_row][vc_row css_animation=&#8221;&#8221; row_type=&#8221;row&#8221; use_row_as_full_screen_section=&#8221;no&#8221; type=&#8221;full_width&#8221; angled_section=&#8221;no&#8221; text_align=&#8221;left&#8221; background_image_as_pattern=&#8221;without_pattern&#8221; background_color=&#8221;#ffffff&#8221; padding_top=&#8221;69&#8243; z_index=&#8221;&#8221;][vc_column][vc_separator type=&#8221;transparent&#8221; down=&#8221;40&#8243;][\/vc_column][\/vc_row]<\/p>\n","protected":false},"excerpt":{"rendered":"<p>Aim\u00e9e Dosto\u00efevski \u00e9tait une \u00e9crivain russe, m\u00e9morialiste, et la deuxi\u00e8me fille du c\u00e9l\u00e8bre \u00e9crivain Fyodor Dosto\u00efevski et de son \u00e9pouse Anna.<\/p>\n","protected":false},"author":1,"featured_media":23008,"parent":16021,"menu_order":0,"comment_status":"closed","ping_status":"closed","template":"","meta":{"_seopress_robots_primary_cat":"","ngg_post_thumbnail":0},"tags":[9939,9990,9420,9045,9416],"_links":{"self":[{"href":"https:\/\/www.discoverypublisher.com\/fr\/wp-json\/wp\/v2\/pages\/23000"}],"collection":[{"href":"https:\/\/www.discoverypublisher.com\/fr\/wp-json\/wp\/v2\/pages"}],"about":[{"href":"https:\/\/www.discoverypublisher.com\/fr\/wp-json\/wp\/v2\/types\/page"}],"author":[{"embeddable":true,"href":"https:\/\/www.discoverypublisher.com\/fr\/wp-json\/wp\/v2\/users\/1"}],"replies":[{"embeddable":true,"href":"https:\/\/www.discoverypublisher.com\/fr\/wp-json\/wp\/v2\/comments?post=23000"}],"version-history":[{"count":5,"href":"https:\/\/www.discoverypublisher.com\/fr\/wp-json\/wp\/v2\/pages\/23000\/revisions"}],"predecessor-version":[{"id":25681,"href":"https:\/\/www.discoverypublisher.com\/fr\/wp-json\/wp\/v2\/pages\/23000\/revisions\/25681"}],"up":[{"embeddable":true,"href":"https:\/\/www.discoverypublisher.com\/fr\/wp-json\/wp\/v2\/pages\/16021"}],"wp:featuredmedia":[{"embeddable":true,"href":"https:\/\/www.discoverypublisher.com\/fr\/wp-json\/wp\/v2\/media\/23008"}],"wp:attachment":[{"href":"https:\/\/www.discoverypublisher.com\/fr\/wp-json\/wp\/v2\/media?parent=23000"}],"wp:term":[{"taxonomy":"post_tag","embeddable":true,"href":"https:\/\/www.discoverypublisher.com\/fr\/wp-json\/wp\/v2\/tags?post=23000"}],"curies":[{"name":"wp","href":"https:\/\/api.w.org\/{rel}","templated":true}]}}