{"id":22929,"date":"2021-11-10T03:23:49","date_gmt":"2021-11-10T02:23:49","guid":{"rendered":"https:\/\/www.discoverypublisher.com\/fr\/?page_id=22929"},"modified":"2021-12-04T14:17:38","modified_gmt":"2021-12-04T13:17:38","slug":"robert-s-ball","status":"publish","type":"page","link":"https:\/\/www.discoverypublisher.com\/fr\/auteurs\/robert-stawell-ball\/","title":{"rendered":"Robert Stawell Ball"},"content":{"rendered":"<p>[vc_row css_animation=&#8221;&#8221; row_type=&#8221;row&#8221; use_row_as_full_screen_section=&#8221;no&#8221; type=&#8221;full_width&#8221; angled_section=&#8221;no&#8221; text_align=&#8221;left&#8221; background_image_as_pattern=&#8221;without_pattern&#8221; z_index=&#8221;&#8221; padding_top=&#8221;15&#8243;][vc_column][vc_column_text]<\/p>\n<p style=\"text-align: justify;\">Sir Robert Stawell Ball FRS (1er juillet 1840 &#8211; 25 novembre 1913) \u00e9tait un astronome irlandais qui a fond\u00e9 la th\u00e9orie de la vis. Il \u00e9tait astronome \u00e0 l&#8217;observatoire royal de Dunsink, en Irlande.<\/p>\n<p>[\/vc_column_text][\/vc_column][\/vc_row][vc_row css_animation=&#8221;&#8221; row_type=&#8221;row&#8221; use_row_as_full_screen_section=&#8221;no&#8221; type=&#8221;full_width&#8221; angled_section=&#8221;no&#8221; text_align=&#8221;left&#8221; background_image_as_pattern=&#8221;without_pattern&#8221; z_index=&#8221;&#8221; padding_top=&#8221;50&#8243;][vc_column width=&#8221;1\/4&#8243;][vc_single_image image=&#8221;22937&#8243; qode_css_animation=&#8221;&#8221;][\/vc_column][vc_column width=&#8221;3\/4&#8243;][vc_column_text]<\/p>\n<h2>Sa vie<\/h2>\n<p>[\/vc_column_text][vc_column_text]<\/p>\n<p style=\"text-align: justify;\">Il \u00e9tait le fils du naturaliste Robert Ball et d&#8217;Amelia Gresley Hellicar. Il est n\u00e9 \u00e0 Dublin. Il a fait ses \u00e9tudes au Trinity College de Dublin o\u00f9 il a remport\u00e9 une bourse en 1859 et a \u00e9t\u00e9 mod\u00e9rateur principal en math\u00e9matiques et en sciences exp\u00e9rimentales et naturelles en 1861.<\/p>\n<p style=\"text-align: justify;\">Ball travailla pour Lord Rosse de 1865 \u00e0 1867. En 1867, il devint professeur de math\u00e9matiques appliqu\u00e9es au Royal College of Science de Dublin. L\u00e0, il donna des conf\u00e9rences sur la m\u00e9canique et publia un compte rendu \u00e9l\u00e9mentaire de la science.<\/p>\n<p style=\"text-align: justify;\">En 1873, il devient membre de la Royal Society. En 1874, Ball fut nomm\u00e9 astronome royal d&#8217;Irlande et professeur Andrews d&#8217;astronomie \u00e0 l&#8217;universit\u00e9 de Dublin \u00e0 l&#8217;observatoire de Dunsink.<br \/>\nBall a contribu\u00e9 \u00e0 la science de la cin\u00e9matique en d\u00e9limitant le d\u00e9placement de la vis :<\/p>\n<p style=\"text-align: justify; padding-left: 40px;\">Lorsque Ball et les th\u00e9oriciens de la vis parlent de vis, ils ne d\u00e9signent plus de v\u00e9ritables objets cylindriques avec des filetages h\u00e9lico\u00efdaux taill\u00e9s dedans mais le mouvement possible de n&#8217;importe quel corps, y compris celui de la vis ind\u00e9pendamment de l&#8217;\u00e9crou.<\/p>\n<p style=\"text-align: justify;\">Le trait\u00e9 de Ball <em>La th\u00e9orie des vis<\/em> (1876) est maintenant dans le domaine public. Ses travaux sur la dynamique des vis lui ont valu en 1879 la m\u00e9daille Cunningham de la Royal Irish Academy.<br \/>\nEn 1882, Popular Science Monthly a publi\u00e9 son article \u00ab A Glimpse through the Corridors of Time \u00bb. L&#8217;ann\u00e9e suivante, il publia son article en deux parties sur \u00ab Les limites de l&#8217;astronomie \u00bb. Il est fait chevalier en 1886.<\/p>\n<p>[\/vc_column_text][\/vc_column][\/vc_row][vc_row css_animation=&#8221;&#8221; row_type=&#8221;row&#8221; use_row_as_full_screen_section=&#8221;no&#8221; type=&#8221;full_width&#8221; angled_section=&#8221;no&#8221; text_align=&#8221;left&#8221; background_image_as_pattern=&#8221;without_pattern&#8221; z_index=&#8221;&#8221; padding_top=&#8221;50&#8243;][vc_column width=&#8221;2\/3&#8243;][vc_column_text]<\/p>\n<h2>Carri\u00e8re<\/h2>\n<p>[\/vc_column_text][vc_column_text]<\/p>\n<p style=\"text-align: justify;\">Ball a expos\u00e9 les mar\u00e9es dans <em>Time and Tide: a Romance of the Moon<\/em> (1889). Il a publi\u00e9 en 1891 <em>La cause d&#8217;un \u00e2ge glaciaire<\/em> et en 1892 <em>Un atlas d&#8217;astronomie<\/em>. En 1892, il a \u00e9t\u00e9 nomm\u00e9 professeur Lowndean d&#8217;astronomie et de g\u00e9om\u00e9trie \u00e0 l&#8217;Universit\u00e9 de Cambridge en devenant en m\u00eame temps directeur de l&#8217;Observatoire de Cambridge. Il \u00e9tait membre du King&#8217;s College de Cambridge.<\/p>\n<p style=\"text-align: justify;\">En 1900, Cambridge University Press publia <em>A Treatise on the Theory of Screws<\/em>. Cette ann\u00e9e-l\u00e0, il publie \u00e9galement <em>L&#8217;histoire des cieux<\/em>. Sous les feux des projecteurs, il a occup\u00e9 le poste de pr\u00e9sident de la Soci\u00e9t\u00e9 du Quaternion. Il a \u00e9galement \u00e9t\u00e9 pr\u00e9sident de l&#8217;Association math\u00e9matique en 1900.<\/p>\n<p style=\"text-align: justify;\">En 1908, il publie <em>A Treatise on Spherical Astronomy<\/em>, qui est un manuel sur l&#8217;astronomie partant de la trigonom\u00e9trie sph\u00e9rique et de la sph\u00e8re c\u00e9leste, consid\u00e9rant la r\u00e9fraction atmosph\u00e9rique et l&#8217;aberration de la lumi\u00e8re, et introduisant l&#8217;utilisation de base d&#8217;un instrument g\u00e9n\u00e9ralis\u00e9.<\/p>\n<p style=\"text-align: justify;\">Son \u0153uvre L&#8217;histoire des cieux est mentionn\u00e9e dans le chapitre \u00ab Ithaque \u00bb d&#8217;Ulysse. Ses conf\u00e9rences, articles et livres (par exemple <em>Starland<\/em> et <em>The Story of the Heavens<\/em>) \u00e9taient pour la plupart populaires et de style simple.<\/p>\n<p style=\"text-align: justify;\">Il est d\u00e9c\u00e9d\u00e9 \u00e0 Cambridge et a \u00e9t\u00e9 enterr\u00e9 \u00e0 la paroisse de l&#8217;Ascension Burial Ground \u00e0 Cambridge, avec son \u00e9pouse Lady Francis Elizabeth Ball. Leurs enfants \u00e9taient : Frances Amelia, Robert Steele, William Valentine (plus tard monsieur), Mary Agnetta, Charles Rowan Hamilton et Randall Gresley (plus tard colonel). <em>Souvenirs et lettres de Sir Robert Ball<\/em> par son fils W.V. Ball a \u00e9t\u00e9 publi\u00e9 en 1915 par Cassell &amp; Company.<\/p>\n<p style=\"text-align: justify;\">La plan\u00e8te mineure 4809 Robertball est nomm\u00e9e en son honneur.<\/p>\n<p style=\"text-align: justify;\">Il a \u00e9t\u00e9 le 38e pr\u00e9sident du Birmingham and Midland Institute, qui d\u00e9tient la Sir Robert Ball Library, la biblioth\u00e8que de la Society for the History of Astronomy.<\/p>\n<p>[\/vc_column_text][\/vc_column][vc_column width=&#8221;1\/3&#8243;][vc_single_image image=&#8221;22935&#8243; qode_css_animation=&#8221;&#8221;][\/vc_column][\/vc_row][vc_row css_animation=&#8221;&#8221; row_type=&#8221;row&#8221; use_row_as_full_screen_section=&#8221;no&#8221; type=&#8221;full_width&#8221; angled_section=&#8221;no&#8221; text_align=&#8221;left&#8221; background_image_as_pattern=&#8221;without_pattern&#8221; z_index=&#8221;&#8221; padding_top=&#8221;50&#8243;][vc_column width=&#8221;1\/4&#8243;][vc_single_image image=&#8221;22936&#8243; qode_css_animation=&#8221;&#8221;][\/vc_column][vc_column width=&#8221;3\/4&#8243;][vc_column_text]<\/p>\n<h2>Enseignement<\/h2>\n<p>[\/vc_column_text][vc_column_text]Ball est devenu c\u00e9l\u00e8bre pour ses conf\u00e9rences populaires sur la science. Il a donn\u00e9 environ 2500 conf\u00e9rences entre 1875 et 1910 dans des villes de Grande-Bretagne et d&#8217;Irlande. En 1881, 1887, 1892, 1898 et 1900, il fut invit\u00e9 \u00e0 prononcer la Conf\u00e9rence de No\u00ebl de la Royal Institution. Au cours du Car\u00eame de 1900, il a donn\u00e9 une conf\u00e9rence intitul\u00e9e \u00ab Les \u00e9toiles \u00e9ternelles \u00bb \u00e0 la section Junior School de l&#8217;\u00e9cole Monkton Combe \u00e0 Combe Down, qui a \u00e9t\u00e9 rapport\u00e9e dans le magazine de l&#8217;\u00e9cole, <em>The Magpie<\/em>, le 2 mars 1900.[\/vc_column_text][\/vc_column][\/vc_row][vc_row css_animation=&#8221;&#8221; row_type=&#8221;row&#8221; use_row_as_full_screen_section=&#8221;no&#8221; type=&#8221;full_width&#8221; angled_section=&#8221;no&#8221; text_align=&#8221;left&#8221; background_image_as_pattern=&#8221;without_pattern&#8221;][vc_column][vc_separator type=&#8221;normal&#8221; down=&#8221;84&#8243;][\/vc_column][\/vc_row]<\/p>\n","protected":false},"excerpt":{"rendered":"<p>Sir Robert Stawell Ball FRS \u00e9tait un astronome irlandais qui a fond\u00e9 la Th\u00e9orie de la vis.<\/p>\n","protected":false},"author":1,"featured_media":22933,"parent":16021,"menu_order":0,"comment_status":"closed","ping_status":"closed","template":"","meta":{"_seopress_robots_primary_cat":"","ngg_post_thumbnail":0},"tags":[9990,9420,9045,9416,9655,9942],"_links":{"self":[{"href":"https:\/\/www.discoverypublisher.com\/fr\/wp-json\/wp\/v2\/pages\/22929"}],"collection":[{"href":"https:\/\/www.discoverypublisher.com\/fr\/wp-json\/wp\/v2\/pages"}],"about":[{"href":"https:\/\/www.discoverypublisher.com\/fr\/wp-json\/wp\/v2\/types\/page"}],"author":[{"embeddable":true,"href":"https:\/\/www.discoverypublisher.com\/fr\/wp-json\/wp\/v2\/users\/1"}],"replies":[{"embeddable":true,"href":"https:\/\/www.discoverypublisher.com\/fr\/wp-json\/wp\/v2\/comments?post=22929"}],"version-history":[{"count":10,"href":"https:\/\/www.discoverypublisher.com\/fr\/wp-json\/wp\/v2\/pages\/22929\/revisions"}],"predecessor-version":[{"id":25721,"href":"https:\/\/www.discoverypublisher.com\/fr\/wp-json\/wp\/v2\/pages\/22929\/revisions\/25721"}],"up":[{"embeddable":true,"href":"https:\/\/www.discoverypublisher.com\/fr\/wp-json\/wp\/v2\/pages\/16021"}],"wp:featuredmedia":[{"embeddable":true,"href":"https:\/\/www.discoverypublisher.com\/fr\/wp-json\/wp\/v2\/media\/22933"}],"wp:attachment":[{"href":"https:\/\/www.discoverypublisher.com\/fr\/wp-json\/wp\/v2\/media?parent=22929"}],"wp:term":[{"taxonomy":"post_tag","embeddable":true,"href":"https:\/\/www.discoverypublisher.com\/fr\/wp-json\/wp\/v2\/tags?post=22929"}],"curies":[{"name":"wp","href":"https:\/\/api.w.org\/{rel}","templated":true}]}}