{"id":22303,"date":"2021-10-18T02:57:06","date_gmt":"2021-10-18T00:57:06","guid":{"rendered":"https:\/\/www.discoverypublisher.com\/fr\/?page_id=22303"},"modified":"2022-01-24T11:56:46","modified_gmt":"2022-01-24T10:56:46","slug":"vincent-pierret","status":"publish","type":"page","link":"https:\/\/www.discoverypublisher.com\/fr\/auteurs\/vincent-pierret\/","title":{"rendered":"Vincent Pierret"},"content":{"rendered":"<p>[vc_row css_animation=&#8221;&#8221; row_type=&#8221;row&#8221; use_row_as_full_screen_section=&#8221;no&#8221; type=&#8221;full-width&#8221; angled_section=&#8221;no&#8221; text_align=&#8221;left&#8221; background_image_as_pattern=&#8221;without_pattern&#8221; padding_top=&#8221;15&#8243;][vc_column width=&#8221;1\/3&#8243;][vc_single_image image=&#8221;22121&#8243; img_size=&#8221;full&#8221; alignment=&#8221;center&#8221; style=&#8221;vc_box_rounded&#8221; qode_css_animation=&#8221;element_from_left&#8221; transition_delay=&#8221;0.3&#8243;][\/vc_column][vc_column width=&#8221;2\/3&#8243;][vc_column_text]<\/p>\n<p style=\"text-align: justify;\">N\u00e9 courant septembre du si\u00e8cle pass\u00e9 en province de Li\u00e8ge, Belgique, Vincent Pierret est tr\u00e8s t\u00f4t le t\u00e9moin d\u2019images localis\u00e9es dans la r\u00e9gion de Ajna chakra.<\/p>\n<p style=\"text-align: justify;\">Rapidement, la certitude que le visible ne s\u2019arr\u00eate pas \u00e0 ce que per\u00e7oivent les sens physiologiques s\u2019impose \u00e0 lui.&nbsp;L\u2019\u00e9lan de la qu\u00eate de la V\u00e9rit\u00e9, du Divin, fait \u0153uvre en lui. L\u2019\u00e9tude des penseurs du monde entier, des textes sacr\u00e9s de divers horizons, remplit ses moments libres. Il alterne cette recherche avec des exercices de concentration, de m\u00e9ditation, avec des pri\u00e8res aussi. Avan\u00e7ant sur le chemin, il a l\u2019occasion \u00e0 plusieurs reprises de tutoyer sa vraie nature, sans toutefois y demeurer.<\/p>\n<p style=\"text-align: justify;\">Le temps passant, il se prend d\u2019affection pour les id\u00e9es de Sri Aurobindo et de la M\u00e8re. Comme suite logique, car tout est bien orchestr\u00e9 par l\u2019Ineffable, il d\u00e9couvre Sraddhalu Ranade (grand connaisseur de Sri Aurobindo) qu\u2019il consid\u00e8re telle une lumi\u00e8re contemporaine grandissante dans les t\u00e9n\u00e8bres qui entourent notre plan\u00e8te.<\/p>\n<p>[\/vc_column_text][\/vc_column][\/vc_row][vc_row css_animation=&#8221;&#8221; row_type=&#8221;row&#8221; use_row_as_full_screen_section=&#8221;no&#8221; type=&#8221;full_width&#8221; angled_section=&#8221;no&#8221; text_align=&#8221;left&#8221; background_image_as_pattern=&#8221;without_pattern&#8221; background_color=&#8221;#ffffff&#8221; z_index=&#8221;&#8221; padding_top=&#8221;35&#8243;][vc_column][vc_column_text]<\/p>\n<h2>Un ouvrage pour aider a\u0300 se reconnecter a\u0300 soi et au changement<\/h2>\n<p>[Mercredi 19 janvier, 2022][\/vc_column_text][vc_separator type=&#8221;transparent&#8221; down=&#8221;10&#8243;][vc_column_text]<\/p>\n<p style=\"text-align: justify;\">Auteur de plusieurs livres, l\u2019e\u0301crivain Vincent Pierret se penche cette fois, avec <em>Du Soi au Soi par le soi<\/em>, sur une the\u0301matique plus spirituelle.<\/p>\n<p style=\"text-align: justify;\">En ces temps bouscule\u0301s, nombreux sont ceux qui font le v\u0153u de se recentrer sur l\u2019essentiel, sur soi. Ce n\u2019est donc pas un hasard si le Vervie\u0301tois Vincent Pierret, qui vit aujourd\u2019hui a\u0300 Wegnez, a choisi ce moment pour publier son nouveau livre, intitule\u0301 <em>Du Soi au Soi par le soi<\/em>.<\/p>\n<p style=\"text-align: justify;\">\u00ab Le sujet est naturel pour moi depuis bien longtemps. J\u2019avais de\u0301ja\u0300 e\u0301crit un autre livre sur un sujet similaire mais peut-e\u0302tre que l\u2019e\u0301poque que l\u2019on traverse se pre\u0302te mieux \u00bb, confie Vincent Pierret. Inte\u0301resse\u0301 depuis toujours par les questions de spiritualite\u0301 et de philosophie, celui-ci s\u2019inte\u0301resse cette fois a\u0300 l\u2019absolu.<\/p>\n<p style=\"text-align: justify;\">Le livre s\u2019ouvre dans un premier temps par une introduction de Christine Devin, spe\u0301cialiste en sanskrit et auteure e\u0301galement (qui vit a\u0300 Auroville, ville expe\u0301rimentale d\u2019Inde, depuis les anne\u0301es 70). On retrouve ensuite l\u2019Isha\u0302 Upanishad, \u00ab un texte de\u0301crivant la nature du divin dans une perspective non duelle de l\u2019Univers \u00bb.<\/p>\n<p style=\"text-align: justify;\">Le re\u0301cit se poursuit avec un dialogue entre deux amis qui repose sur les commentaires formule\u0301s par Sri Aurobindo, philosophe, poe\u0300te et e\u0301crivain ne\u0301 a\u0300 Calcutta en 1872, sur l\u2019Isha\u0302 Upanishad.<\/p>\n<h3 style=\"text-align: justify; padding-top: 10px; padding-bottom: 5px;\">Un texte universel<\/h3>\n<p style=\"text-align: justify;\">\u00ab C\u2019est l\u2019histoire de chacun mais nous ne sommes e\u0301videmment pas oblige\u0301s d\u2019y croire, explique l\u2019auteur. En re\u0301sume\u0301, le divin se projette dans des individualite\u0301s, qui sont eux, vous, moi. Cette individualite\u0301 doit retourner a\u0300 la source. C\u2019est l\u2019histoire de ce soi, cette source, qui se projette dans le multiple. C\u2019est le but de tout un chacun, si tant est qu\u2019on y croit \u00bb.<\/p>\n<p style=\"text-align: justify;\">Comme Vincent Pierret le dit, si les mots sont accessibles a\u0300 tous, puisqu\u2019il s\u2019agit d\u2019une vulgarisation, les ide\u0301es, elles, le sont peut-e\u0302tre un peu moins. \u00ab Si l\u2019on se conforte dans le sche\u0301ma me\u0301tro-boulot-dodo, cela ne sert a\u0300 rien de lire ce livre, lance-t-il. Si on a une envie de changement, a\u0300 l\u2019inte\u0301rieur de soi, pluto\u0302t que de consommer, alors pourquoi pas. \u00bb Les the\u0300mes aborde\u0301s sont multiples. L\u2019ouvrage traite de la cre\u0301ation, de l\u2019e\u0301goi\u0308sme, de l\u2019illusion, de l\u2019e\u0301veil mais aussi de l\u2019existence humaine et de son but.<\/p>\n<h3 style=\"text-align: justify; padding-top: 10px; padding-bottom: 5px;\">Des efforts pour voir<\/h3>\n<p style=\"text-align: justify;\">\u00ab Cela demande des efforts pas tant physiques mais pluto\u0302t de pense\u0301es, pour voir les choses autrement, estime celui-ci. La plupart des gens, s\u2019estiment e\u0302tre un humain avec une conscience. Or nous sommes une conscience qui expe\u0301rimente une individualite\u0301 humaine. \u00bb<\/p>\n<p style=\"text-align: justify;\">Pour aller plus loin dans la re\u0301flexion, il est recommande\u0301 de se procurer le livre via la maison d\u2019e\u0301dition Discovery ou en passant commande a\u0300 la Traverse\u0301e, a\u0300 Verviers.<\/p>\n<p>[\/vc_column_text][\/vc_column][\/vc_row][vc_row css_animation=&#8221;&#8221; row_type=&#8221;row&#8221; use_row_as_full_screen_section=&#8221;no&#8221; type=&#8221;full_width&#8221; angled_section=&#8221;no&#8221; text_align=&#8221;left&#8221; background_image_as_pattern=&#8221;without_pattern&#8221; background_color=&#8221;#ffffff&#8221; z_index=&#8221;&#8221; padding_top=&#8221;15&#8243;][vc_column][vc_single_image image=&#8221;26628&#8243; img_size=&#8221;full&#8221; alignment=&#8221;center&#8221; style=&#8221;vc_box_shadow_3d&#8221; qode_css_animation=&#8221;&#8221;][vc_separator type=&#8221;transparent&#8221; down=&#8221;10&#8243;][vc_column_text]Source: <a href=\"https:\/\/www.lavenir.net\/cnt\/dmf20220118_01655055\/un-ouvrage-pour-aider-a-se-reconnecter-a-soi-et-au-changement\">https:\/\/www.lavenir.net\/cnt\/dmf20220118_01655055\/un-ouvrage-pour-aider-a-se-reconnecter-a-soi-et-au-changement<\/a> (r\u00e9serv\u00e9 aux abonn\u00e9s)[\/vc_column_text][\/vc_column][\/vc_row][vc_row css_animation=&#8221;&#8221; row_type=&#8221;row&#8221; use_row_as_full_screen_section=&#8221;no&#8221; type=&#8221;full_width&#8221; angled_section=&#8221;no&#8221; text_align=&#8221;left&#8221; background_image_as_pattern=&#8221;without_pattern&#8221; background_color=&#8221;#ffffff&#8221; z_index=&#8221;&#8221;][vc_column][vc_separator type=&#8221;transparent&#8221; down=&#8221;84&#8243;][\/vc_column][\/vc_row]<\/p>\n","protected":false},"excerpt":{"rendered":"<p>Vincent Pierret est un \u00e9crivain belge et auteur d&#8217;ouvrages sur les sujets de la spiritualit\u00e9.<\/p>\n","protected":false},"author":1,"featured_media":23060,"parent":16021,"menu_order":0,"comment_status":"closed","ping_status":"closed","template":"","meta":{"_seopress_robots_primary_cat":"","ngg_post_thumbnail":0},"tags":[9990,9420,9045,9416,9651],"_links":{"self":[{"href":"https:\/\/www.discoverypublisher.com\/fr\/wp-json\/wp\/v2\/pages\/22303"}],"collection":[{"href":"https:\/\/www.discoverypublisher.com\/fr\/wp-json\/wp\/v2\/pages"}],"about":[{"href":"https:\/\/www.discoverypublisher.com\/fr\/wp-json\/wp\/v2\/types\/page"}],"author":[{"embeddable":true,"href":"https:\/\/www.discoverypublisher.com\/fr\/wp-json\/wp\/v2\/users\/1"}],"replies":[{"embeddable":true,"href":"https:\/\/www.discoverypublisher.com\/fr\/wp-json\/wp\/v2\/comments?post=22303"}],"version-history":[{"count":10,"href":"https:\/\/www.discoverypublisher.com\/fr\/wp-json\/wp\/v2\/pages\/22303\/revisions"}],"predecessor-version":[{"id":26639,"href":"https:\/\/www.discoverypublisher.com\/fr\/wp-json\/wp\/v2\/pages\/22303\/revisions\/26639"}],"up":[{"embeddable":true,"href":"https:\/\/www.discoverypublisher.com\/fr\/wp-json\/wp\/v2\/pages\/16021"}],"wp:featuredmedia":[{"embeddable":true,"href":"https:\/\/www.discoverypublisher.com\/fr\/wp-json\/wp\/v2\/media\/23060"}],"wp:attachment":[{"href":"https:\/\/www.discoverypublisher.com\/fr\/wp-json\/wp\/v2\/media?parent=22303"}],"wp:term":[{"taxonomy":"post_tag","embeddable":true,"href":"https:\/\/www.discoverypublisher.com\/fr\/wp-json\/wp\/v2\/tags?post=22303"}],"curies":[{"name":"wp","href":"https:\/\/api.w.org\/{rel}","templated":true}]}}