{"id":22193,"date":"2019-12-10T10:25:54","date_gmt":"2019-12-10T09:25:54","guid":{"rendered":"https:\/\/www.discoverypublisher.com\/fr\/?page_id=22193"},"modified":"2021-12-04T14:17:35","modified_gmt":"2021-12-04T13:17:35","slug":"christine-devin","status":"publish","type":"page","link":"https:\/\/www.discoverypublisher.com\/fr\/auteurs\/christine-devin\/","title":{"rendered":"Christine Devin"},"content":{"rendered":"<p>[vc_row css_animation=&#8221;&#8221; row_type=&#8221;row&#8221; use_row_as_full_screen_section=&#8221;no&#8221; type=&#8221;full_width&#8221; angled_section=&#8221;no&#8221; text_align=&#8221;left&#8221; background_image_as_pattern=&#8221;without_pattern&#8221; padding_top=&#8221;15&#8243; z_index=&#8221;&#8221;][vc_column]<blockquote class=' with_quote_icon' style=''><i class='fa fa-quote-right' style=''><\/i><h5 class='blockquote-text' style=''>Les d\u00e9lices de l\u2019\u0153il, les plaisirs de l\u2019oreille, de l\u2019odo\u00adrat, du palais, du toucher, la jouissance de l\u2019imagination et du go\u00fbt sont la texture de sa cr\u00e9ation po\u00e9\u00adtique, et avec cela il a produit des merveilles d\u2019\u00e9motion et d\u2019id\u00e9alit\u00e9 intellectuelle ou esth\u00e9tique. Les \u0153uvres de Kalidasa ont pour toile de fond un paradis universel de belles choses. Tout y ob\u00e9it \u00e0 une loi de gr\u00e2ce terrestre.\u2008La moralit\u00e9 devient esth\u00e9tique.\u2008L\u2019intellect est impr\u00e9gn\u00e9 du sens de la beaut\u00e9 et se laisse gouverner par celui-ci. Et pourtant cette po\u00e9sie ne nage pas dans la langueur.\u2008Ce n\u2019est pas \u2014 comme la po\u00e9sie des sens a tendance \u00e0 l\u2019\u00eatre \u2014 une \u0153uvre sirupeuse que la d\u00e9bauche alourdit, avec un exc\u00e8s de m\u00e8ches boucl\u00e9es et de battements de paupi\u00e8res.\u2008Kalidasa \u00e9chappe \u00e0 cela par la chastet\u00e9 de son style, l\u2019\u00e9nergie et la pr\u00e9cision de sa phrase et sa vigilance artistique toujours en \u00e9veil...<\/h5><\/blockquote>[\/vc_column][\/vc_row][vc_row css_animation=&#8221;&#8221; row_type=&#8221;row&#8221; use_row_as_full_screen_section=&#8221;no&#8221; type=&#8221;full_width&#8221; angled_section=&#8221;no&#8221; text_align=&#8221;left&#8221; background_image_as_pattern=&#8221;without_pattern&#8221; padding_top=&#8221;49&#8243; z_index=&#8221;&#8221;][vc_column width=&#8221;1\/3&#8243;][vc_single_image image=&#8221;22250&#8243; img_size=&#8221;medium&#8221; alignment=&#8221;center&#8221; style=&#8221;vc_box_rounded&#8221; qode_css_animation=&#8221;element_from_left&#8221; transition_delay=&#8221;0.3&#8243;][\/vc_column][vc_column width=&#8221;2\/3&#8243;][vc_column_text]<\/p>\n<p style=\"text-align: justify;\">J\u2019ai fait des \u00e9tudes de lettres \u00e0 Nanterre ; j&#8217;\u00e9tais \u00e0 Nanterre en mai 68 ! Parall\u00e8lement, je faisais du th\u00e9\u00e2tre. En 1974, j&#8217;ai aid\u00e9 \u00e0 organiser une \u00ab caravane \u00bb de v\u00e9hicules en destination d&#8217;Auroville. J&#8217;y suis arriv\u00e9e le 20 d\u00e9cembre 1974.<\/p>\n<p style=\"text-align: justify;\">Depuis cette date, je vis \u00e0 Auroville. J&#8217;ai travaill\u00e9 dans plusieurs services d&#8217;Auroville, puis \u00e0 l&#8217;\u00e9cole, et depuis 2000, \u00e0 l&#8217;imprimerie et maison d&#8217;\u00e9dition d&#8217;Auroville. J&#8217;ai appris le hindi. Quant au sanscrit, sans pr\u00e9tendre \u00eatre une \u00e9rudite, j&#8217;en fais assez pour m&#8217;\u00e9merveiller des beaut\u00e9s de cette langue.<\/p>\n<p style=\"text-align: justify;\">J\u2019ai particip\u00e9 \u00e0 des ouvrages collectifs \u00e0 buts \u00e9ducatifs sous la direction de Kireet Joshi, Special Secretary Ministry of Education, New Delhi. En particulier j\u2019ai \u00e9crit trois monographies, <em>The Great Tapasya of Parvati<\/em> et the <em>Science of Victory<\/em> (Nalopakhyanam), et <em>Uniting Men: Jean Monnet<\/em>.<\/p>\n<p>[\/vc_column_text][\/vc_column][\/vc_row][vc_row css_animation=&#8221;&#8221; row_type=&#8221;row&#8221; use_row_as_full_screen_section=&#8221;no&#8221; type=&#8221;full_width&#8221; angled_section=&#8221;no&#8221; text_align=&#8221;left&#8221; background_image_as_pattern=&#8221;without_pattern&#8221; padding_top=&#8221;49&#8243; z_index=&#8221;&#8221;][vc_column width=&#8221;1\/2&#8243;][vc_column_text]<\/p>\n<p style=\"text-align: justify;\">J\u2019ai con\u00e7u et r\u00e9alis\u00e9 deux pr\u00e9sentations sur des \u00e9crits de Sri Aurobindo, <em>Sri Aurobindo and his dreams<\/em> et <em>The Genius of India<\/em>. Ces diaporamas ont \u00e9t\u00e9 pr\u00e9sent\u00e9s pour la premi\u00e8re fois \u00e0 l&#8217;India International Center, New Delhi et, par la suite je suis all\u00e9e les pr\u00e9senter dans beaucoup d\u2019\u00e9coles et d\u2019universit\u00e9s en Inde pendant les ann\u00e9es 1997-2001.<\/p>\n<p style=\"text-align: justify;\">J\u2019ai \u00e9crit les scripts de deux films sur Auroville r\u00e9alis\u00e9s par Olivier Barot : <em>Auroville, a Dream of the divine<\/em> et <em>Auroville the city the earth needs<\/em>.<\/p>\n<p style=\"text-align: justify;\">Je suis responsable de la Revue d\u2019Auroville, revue trimestrielle en fran\u00e7ais. J&#8217;ai \u00e9crit de nombreux articles dans cette Revue ; un de mes derniers articles est intitul\u00e9 <em>Clemenceau et l&#8217;Inde<\/em>.<\/p>\n<p>[\/vc_column_text][\/vc_column][vc_column width=&#8221;1\/2&#8243;][vc_single_image image=&#8221;22251&#8243; img_size=&#8221;medium&#8221; alignment=&#8221;center&#8221; style=&#8221;vc_box_rounded&#8221; qode_css_animation=&#8221;element_from_left&#8221; transition_delay=&#8221;0.3&#8243;][\/vc_column][\/vc_row][vc_row css_animation=&#8221;&#8221; row_type=&#8221;row&#8221; use_row_as_full_screen_section=&#8221;no&#8221; type=&#8221;full_width&#8221; angled_section=&#8221;no&#8221; text_align=&#8221;left&#8221; background_image_as_pattern=&#8221;without_pattern&#8221; background_color=&#8221;#ffffff&#8221; z_index=&#8221;&#8221;][vc_column][vc_separator type=&#8221;transparent&#8221; down=&#8221;84&#8243;][\/vc_column][\/vc_row]<\/p>\n","protected":false},"excerpt":{"rendered":"<p>Christine Devin est une \u00e9rudite de la langue sanscrite et de l\u2019hindouisme. Elle vit depuis les ann\u00e9es 1970 \u00e0 Auroville, en Inde.<\/p>\n","protected":false},"author":1,"featured_media":22195,"parent":16021,"menu_order":0,"comment_status":"closed","ping_status":"closed","template":"","meta":{"_seopress_robots_primary_cat":"","ngg_post_thumbnail":0},"tags":[9990,9597,9420,9045,9416],"_links":{"self":[{"href":"https:\/\/www.discoverypublisher.com\/fr\/wp-json\/wp\/v2\/pages\/22193"}],"collection":[{"href":"https:\/\/www.discoverypublisher.com\/fr\/wp-json\/wp\/v2\/pages"}],"about":[{"href":"https:\/\/www.discoverypublisher.com\/fr\/wp-json\/wp\/v2\/types\/page"}],"author":[{"embeddable":true,"href":"https:\/\/www.discoverypublisher.com\/fr\/wp-json\/wp\/v2\/users\/1"}],"replies":[{"embeddable":true,"href":"https:\/\/www.discoverypublisher.com\/fr\/wp-json\/wp\/v2\/comments?post=22193"}],"version-history":[{"count":10,"href":"https:\/\/www.discoverypublisher.com\/fr\/wp-json\/wp\/v2\/pages\/22193\/revisions"}],"predecessor-version":[{"id":25686,"href":"https:\/\/www.discoverypublisher.com\/fr\/wp-json\/wp\/v2\/pages\/22193\/revisions\/25686"}],"up":[{"embeddable":true,"href":"https:\/\/www.discoverypublisher.com\/fr\/wp-json\/wp\/v2\/pages\/16021"}],"wp:featuredmedia":[{"embeddable":true,"href":"https:\/\/www.discoverypublisher.com\/fr\/wp-json\/wp\/v2\/media\/22195"}],"wp:attachment":[{"href":"https:\/\/www.discoverypublisher.com\/fr\/wp-json\/wp\/v2\/media?parent=22193"}],"wp:term":[{"taxonomy":"post_tag","embeddable":true,"href":"https:\/\/www.discoverypublisher.com\/fr\/wp-json\/wp\/v2\/tags?post=22193"}],"curies":[{"name":"wp","href":"https:\/\/api.w.org\/{rel}","templated":true}]}}