{"id":22171,"date":"2019-11-18T03:06:46","date_gmt":"2019-11-18T02:06:46","guid":{"rendered":"https:\/\/www.discoverypublisher.com\/fr\/?page_id=22171"},"modified":"2021-12-04T14:17:39","modified_gmt":"2021-12-04T13:17:39","slug":"william-pike-phelon","status":"publish","type":"page","link":"https:\/\/www.discoverypublisher.com\/fr\/auteurs\/william-pike-phelon\/","title":{"rendered":"William Pike Phelon"},"content":{"rendered":"<p>[vc_row css_animation=&#8221;&#8221; row_type=&#8221;row&#8221; use_row_as_full_screen_section=&#8221;no&#8221; type=&#8221;full_width&#8221; angled_section=&#8221;no&#8221; text_align=&#8221;left&#8221; background_image_as_pattern=&#8221;without_pattern&#8221; padding_top=&#8221;15&#8243; z_index=&#8221;&#8221;][vc_column][vc_column_text]William Pike Phelon (28 septembre 1834 &#8211; 29 d\u00e9cembre 1904) \u00e9tait un occultiste anglo-am\u00e9ricain, impliqu\u00e9 dans la Section Am\u00e9ricaine de la Soci\u00e9t\u00e9 th\u00e9osophique \u00e0 Chicago et cofondateur de la Fraternit\u00e9 herm\u00e9tique de l&#8217;Atlantide, Louxor et Elephante.[\/vc_column_text][\/vc_column][\/vc_row][vc_row css_animation=&#8221;&#8221; row_type=&#8221;row&#8221; use_row_as_full_screen_section=&#8221;no&#8221; type=&#8221;full_width&#8221; angled_section=&#8221;no&#8221; text_align=&#8221;left&#8221; background_image_as_pattern=&#8221;without_pattern&#8221; z_index=&#8221;&#8221;][vc_column][vc_separator type=&#8221;transparent&#8221; down=&#8221;84&#8243;][\/vc_column][\/vc_row]<\/p>\n","protected":false},"excerpt":{"rendered":"<p>William Pike Phelon \u00e9tait un occultiste anglo-am\u00e9ricain, impliqu\u00e9 dans la Section Am\u00e9ricaine de la Soci\u00e9t\u00e9 th\u00e9osophique \u00e0 Chicago et cofondateur de la Fraternit\u00e9 herm\u00e9tique de l&#8217;Atlantide, Louxor, et \u00c9l\u00e9phante.<\/p>\n","protected":false},"author":1,"featured_media":22174,"parent":16021,"menu_order":0,"comment_status":"closed","ping_status":"closed","template":"","meta":{"_seopress_robots_primary_cat":"","ngg_post_thumbnail":0},"tags":[9990,9420,9045,9416,9526],"_links":{"self":[{"href":"https:\/\/www.discoverypublisher.com\/fr\/wp-json\/wp\/v2\/pages\/22171"}],"collection":[{"href":"https:\/\/www.discoverypublisher.com\/fr\/wp-json\/wp\/v2\/pages"}],"about":[{"href":"https:\/\/www.discoverypublisher.com\/fr\/wp-json\/wp\/v2\/types\/page"}],"author":[{"embeddable":true,"href":"https:\/\/www.discoverypublisher.com\/fr\/wp-json\/wp\/v2\/users\/1"}],"replies":[{"embeddable":true,"href":"https:\/\/www.discoverypublisher.com\/fr\/wp-json\/wp\/v2\/comments?post=22171"}],"version-history":[{"count":9,"href":"https:\/\/www.discoverypublisher.com\/fr\/wp-json\/wp\/v2\/pages\/22171\/revisions"}],"predecessor-version":[{"id":25746,"href":"https:\/\/www.discoverypublisher.com\/fr\/wp-json\/wp\/v2\/pages\/22171\/revisions\/25746"}],"up":[{"embeddable":true,"href":"https:\/\/www.discoverypublisher.com\/fr\/wp-json\/wp\/v2\/pages\/16021"}],"wp:featuredmedia":[{"embeddable":true,"href":"https:\/\/www.discoverypublisher.com\/fr\/wp-json\/wp\/v2\/media\/22174"}],"wp:attachment":[{"href":"https:\/\/www.discoverypublisher.com\/fr\/wp-json\/wp\/v2\/media?parent=22171"}],"wp:term":[{"taxonomy":"post_tag","embeddable":true,"href":"https:\/\/www.discoverypublisher.com\/fr\/wp-json\/wp\/v2\/tags?post=22171"}],"curies":[{"name":"wp","href":"https:\/\/api.w.org\/{rel}","templated":true}]}}