{"id":21867,"date":"2019-09-29T06:49:04","date_gmt":"2019-09-29T04:49:04","guid":{"rendered":"https:\/\/www.discoverypublisher.com\/fr\/?page_id=21867"},"modified":"2021-12-04T14:17:38","modified_gmt":"2021-12-04T13:17:38","slug":"margaret-elizabeth-noble","status":"publish","type":"page","link":"https:\/\/www.discoverypublisher.com\/fr\/auteurs\/margaret-elizabeth-noble\/","title":{"rendered":"Margaret Elizabeth Noble"},"content":{"rendered":"<p>[vc_row css_animation=&#8221;&#8221; row_type=&#8221;row&#8221; use_row_as_full_screen_section=&#8221;no&#8221; type=&#8221;full-width&#8221; angled_section=&#8221;no&#8221; text_align=&#8221;left&#8221; background_image_as_pattern=&#8221;without_pattern&#8221; padding_top=&#8221;15&#8243;][vc_column width=&#8221;1\/4&#8243;][vc_single_image image=&#8221;21882&#8243; img_size=&#8221;full&#8221; alignment=&#8221;center&#8221; style=&#8221;vc_box_rounded&#8221; qode_css_animation=&#8221;element_from_left&#8221; transition_delay=&#8221;0.3&#8243;][\/vc_column][vc_column width=&#8221;3\/4&#8243;][vc_column_text]<\/p>\n<p style=\"text-align: justify;\">Margaret Elizabeth Noble est n\u00e9e \u00e0 Dungannon, Co. Tyrone le 28 octobre 1867. Ses parents \u00e9taient Samuel Richmond Noble et Mary Isabella Hamilton. Jeune femme, Margaret \u00e9tait tr\u00e8s attach\u00e9e \u00e0 sa foi. Elle a suivi une formation d&#8217;enseignante et a pris son premier poste d&#8217;enseignante \u00e0 Keswick en 1884. Margaret a travaill\u00e9 dans un certain nombre d&#8217;orphelinats et de villes mini\u00e8res pauvres. Elle acquiert ainsi un sens aigu de l&#8217;importance des actes de charit\u00e9, ce qui la suivra toute sa vie. Au fur et \u00e0 mesure qu&#8217;elle avan\u00e7ait dans sa carri\u00e8re, Margaret a pris conscience des mod\u00e8les d&#8217;\u00e9ducation su\u00e9dois et allemand, selon lesquels les enfants sont instruits d\u00e8s l&#8217;\u00e2ge pr\u00e9scolaire. Elle s&#8217;est impliqu\u00e9e dans la mise en place de la &#8220;nouvelle \u00e9ducation&#8221; et, en 1892, a cr\u00e9\u00e9 sa propre \u00e9cole o\u00f9 l&#8217;accent \u00e9tait mis sur l&#8217;apprentissage par le jeu plut\u00f4t que sur les m\u00e9thodes plus rigides de l&#8217;\u00e9ducation formelle.<\/p>\n<p>[\/vc_column_text][\/vc_column][\/vc_row][vc_row css_animation=&#8221;&#8221; row_type=&#8221;row&#8221; use_row_as_full_screen_section=&#8221;no&#8221; type=&#8221;full-width&#8221; angled_section=&#8221;no&#8221; text_align=&#8221;left&#8221; background_image_as_pattern=&#8221;without_pattern&#8221; padding_top=&#8221;30&#8243;][vc_column width=&#8221;2\/3&#8243;][vc_column_text]<\/p>\n<p style=\"text-align: justify;\">Chr\u00e9tienne fervente depuis sa jeunesse, Margaret s&#8217;est lanc\u00e9e dans une longue et sinueuse qu\u00eate de v\u00e9rit\u00e9. C&#8217;est au cours de cette mission spirituelle et intellectuelle qu&#8217;elle d\u00e9couvre les enseignements du bouddhisme. Elle est fascin\u00e9e par les enseignements religieux orientaux et lit profond\u00e9ment sur le sujet. En 1895, elle rencontre Swami Vivekananda, un membre indien \u00e9minent de la foi hindoue. Gr\u00e2ce \u00e0 ses enseignements, elle s&#8217;engage sur une voie qui va changer le cours de sa vie. Swami Vivekananda a vu un grand potentiel en Margaret, car il croyait que l&#8217;Inde ne pouvait prosp\u00e9rer que par l&#8217;\u00e9ducation, en particulier celle des femmes. Il pensait que Margaret \u00e9tait la personne id\u00e9ale pour dispenser cette \u00e9ducation. Margaret a laiss\u00e9 toute sa vie derri\u00e8re elle et s&#8217;est rendue en Inde, arrivant \u00e0 Calcutta le 22 janvier 1898. Au d\u00e9but de son s\u00e9jour en Inde, elle est accompagn\u00e9e par Swami Vivekananda, qui lui enseigne l&#8217;histoire et les coutumes indiennes. Deux mois plus tard, elle prononce ses v\u0153ux de brahmacharya et prend le nom de S\u0153ur Nivedita, qui signifie \u00ab la d\u00e9vou\u00e9e \u00bb.<\/p>\n<p>[\/vc_column_text][\/vc_column][vc_column width=&#8221;1\/3&#8243;][vc_single_image image=&#8221;24378&#8243; img_size=&#8221;full&#8221; alignment=&#8221;center&#8221; style=&#8221;vc_box_rounded&#8221; qode_css_animation=&#8221;element_from_left&#8221; transition_delay=&#8221;0.3&#8243;][\/vc_column][\/vc_row][vc_row css_animation=&#8221;&#8221; row_type=&#8221;row&#8221; use_row_as_full_screen_section=&#8221;no&#8221; type=&#8221;full-width&#8221; angled_section=&#8221;no&#8221; text_align=&#8221;left&#8221; background_image_as_pattern=&#8221;without_pattern&#8221; padding_top=&#8221;30&#8243;][vc_column width=&#8221;1\/4&#8243;][vc_single_image image=&#8221;24379&#8243; img_size=&#8221;full&#8221; alignment=&#8221;center&#8221; style=&#8221;vc_box_rounded&#8221; qode_css_animation=&#8221;element_from_left&#8221; transition_delay=&#8221;0.3&#8243;][\/vc_column][vc_column width=&#8221;3\/4&#8243;][vc_column_text]<\/p>\n<p style=\"text-align: justify;\">S\u0153ur Nivedita a beaucoup voyag\u00e9 \u00e0 travers l&#8217;Inde, \u00e9tablissant des liens avec les gens et apprenant de plus en plus sur ce pays qui l&#8217;avait tant aim\u00e9e, mais c&#8217;est \u00e0 Calcutta qu&#8217;elle a accompli son travail le plus important et le plus m\u00e9morable. En novembre 1898, S\u0153ur Nivedita a cr\u00e9\u00e9 une \u00e9cole de filles \u00e0 Calcutta. Elle s&#8217;est \u00e9galement rendue directement au domicile des filles les plus pauvres afin de s&#8217;assurer que la situation financi\u00e8re de leur famille ne les prive pas d&#8217;une \u00e9ducation. Bien qu&#8217;elle se soit souvent heurt\u00e9e au d\u00e9couragement des membres masculins de sa famille, S\u0153ur Nivedita a persist\u00e9 et a continu\u00e9 \u00e0 enseigner aux filles de Calcutta. Elle a financ\u00e9 l&#8217;\u00e9cole elle-m\u00eame en vendant ses livres et en intervenant lors de conf\u00e9rences.<\/p>\n<p>[\/vc_column_text][\/vc_column][\/vc_row][vc_row css_animation=&#8221;&#8221; row_type=&#8221;row&#8221; use_row_as_full_screen_section=&#8221;no&#8221; type=&#8221;full-width&#8221; angled_section=&#8221;no&#8221; text_align=&#8221;left&#8221; background_image_as_pattern=&#8221;without_pattern&#8221; padding_top=&#8221;30&#8243;][vc_column width=&#8221;2\/3&#8243;][vc_column_text]<\/p>\n<p style=\"text-align: justify;\">En 1899, l&#8217;Inde a \u00e9t\u00e9 le th\u00e9\u00e2tre d&#8217;une peste catastrophique qui a tu\u00e9 environ 10 millions de personnes. Calcutta n&#8217;est pas \u00e9pargn\u00e9e par les effets de la maladie qui se propage dans tout le pays.<\/p>\n<p style=\"text-align: justify;\">Pendant l&#8217;\u00e9pid\u00e9mie, S\u0153ur Nivedita s&#8217;est consacr\u00e9e \u00e0 la cause des secours en soignant les malades et en travaillant sans rel\u00e2che pour nettoyer la ville. Elle a encourag\u00e9 les autres \u00e0 aider de toutes les mani\u00e8res possibles et a \u00e9crit aux journaux anglais pour les sensibiliser \u00e0 l&#8217;\u00e9pid\u00e9mie et demander de l&#8217;aide.<\/p>\n<p>[\/vc_column_text][\/vc_column][vc_column width=&#8221;1\/3&#8243;][vc_single_image image=&#8221;24380&#8243; img_size=&#8221;full&#8221; alignment=&#8221;center&#8221; style=&#8221;vc_box_rounded&#8221; qode_css_animation=&#8221;element_from_left&#8221; transition_delay=&#8221;0.3&#8243;][\/vc_column][\/vc_row][vc_row css_animation=&#8221;&#8221; row_type=&#8221;row&#8221; use_row_as_full_screen_section=&#8221;no&#8221; type=&#8221;full-width&#8221; angled_section=&#8221;no&#8221; text_align=&#8221;left&#8221; background_image_as_pattern=&#8221;without_pattern&#8221; padding_top=&#8221;30&#8243;][vc_column width=&#8221;1\/4&#8243;][vc_single_image image=&#8221;24381&#8243; img_size=&#8221;full&#8221; alignment=&#8221;center&#8221; style=&#8221;vc_box_rounded&#8221; qode_css_animation=&#8221;element_from_left&#8221; transition_delay=&#8221;0.3&#8243;][\/vc_column][vc_column width=&#8221;3\/4&#8243;][vc_column_text]<\/p>\n<p style=\"text-align: justify;\">S\u0153ur Nivedita est morte le 13 octobre 1911 \u00e0 l&#8217;\u00e2ge de 44 ans.<\/p>\n<p style=\"text-align: justify;\">Elle avait consacr\u00e9 toute sa vie d&#8217;adulte \u00e0 la diffusion de l&#8217;\u00e9ducation et \u00e0 l&#8217;am\u00e9lioration de la vie \u00e0 Calcutta.<\/p>\n<p>[\/vc_column_text][\/vc_column][\/vc_row][vc_row css_animation=&#8221;&#8221; row_type=&#8221;row&#8221; use_row_as_full_screen_section=&#8221;no&#8221; type=&#8221;full_width&#8221; angled_section=&#8221;no&#8221; text_align=&#8221;left&#8221; background_image_as_pattern=&#8221;without_pattern&#8221; background_color=&#8221;#ffffff&#8221; padding_top=&#8221;40&#8243;][vc_column][vc_column_text]<\/p>\n<p><div class=\"ngg-galleria-parent nextgen_pro_horizontal_filmstrip\"\n     data-id=\"17a7ad4ab78214b31bc236e501e9eaeb\"\n     id=\"displayed_gallery_17a7ad4ab78214b31bc236e501e9eaeb\">\n\t<div class=\"ngg-galleria\"><\/div>\n\n    <div class=\"ngg-galleria-offscreen-seo-wrapper\">\n                    <a href=\"https:\/\/www.discoverypublisher.com\/fr\/wp-content\/uploads\/sites\/1\/nggallery\/margaret-elizabeth-noble\/MARGARET-ELIZABETH-NOBLE-1.jpg\"\n               title=\"Margaret Elizabeth Noble\"\n               data-src=\"https:\/\/www.discoverypublisher.com\/fr\/wp-content\/uploads\/sites\/1\/nggallery\/margaret-elizabeth-noble\/MARGARET-ELIZABETH-NOBLE-1.jpg\"\n               data-thumbnail=\"https:\/\/www.discoverypublisher.com\/fr\/wp-content\/uploads\/sites\/1\/nggallery\/margaret-elizabeth-noble\/thumbs\/thumbs_MARGARET-ELIZABETH-NOBLE-1.jpg\"\n               data-image-id=\"959\"\n               data-title=\"Margaret Elizabeth Noble\"\n               data-description=\"Margaret Elizabeth Noble\"\n                class=\"ngg-fancybox\" rel=\"17a7ad4ab78214b31bc236e501e9eaeb\">\n                <picture>\n\t\n<source srcset='https:\/\/www.discoverypublisher.com\/fr\/wp-content\/uploads\/sites\/1\/nggallery\/margaret-elizabeth-noble\/MARGARET-ELIZABETH-NOBLE-1.jpg' media=''>\n<img title=\"Margaret Elizabeth Noble\" alt=\"Margaret Elizabeth Noble\" width=\"160\" height=\"200\" style=\"max-width:160px;max-height:200px\" src=\"https:\/\/www.discoverypublisher.com\/fr\/wp-content\/uploads\/sites\/1\/nggallery\/margaret-elizabeth-noble\/MARGARET-ELIZABETH-NOBLE-1.jpg\" srcset=\"https:\/\/www.discoverypublisher.com\/fr\/wp-content\/uploads\/sites\/1\/nggallery\/margaret-elizabeth-noble\/MARGARET-ELIZABETH-NOBLE-1.jpg\" onerror=\"nggRetryFailedImage(this);\"\/>\n<\/picture>            <\/a>\n                        <a href=\"https:\/\/www.discoverypublisher.com\/fr\/wp-content\/uploads\/sites\/1\/nggallery\/margaret-elizabeth-noble\/MARGARET-ELIZABETH-NOBLE-2.jpg\"\n               title=\"Margaret Elizabeth Noble\"\n               data-src=\"https:\/\/www.discoverypublisher.com\/fr\/wp-content\/uploads\/sites\/1\/nggallery\/margaret-elizabeth-noble\/MARGARET-ELIZABETH-NOBLE-2.jpg\"\n               data-thumbnail=\"https:\/\/www.discoverypublisher.com\/fr\/wp-content\/uploads\/sites\/1\/nggallery\/margaret-elizabeth-noble\/thumbs\/thumbs_MARGARET-ELIZABETH-NOBLE-2.jpg\"\n               data-image-id=\"960\"\n               data-title=\"Margaret Elizabeth Noble\"\n               data-description=\"Margaret Elizabeth Noble\"\n                class=\"ngg-fancybox\" rel=\"17a7ad4ab78214b31bc236e501e9eaeb\">\n                <picture>\n\t\n<source srcset='https:\/\/www.discoverypublisher.com\/fr\/wp-content\/uploads\/sites\/1\/nggallery\/margaret-elizabeth-noble\/MARGARET-ELIZABETH-NOBLE-2.jpg' media=''>\n<img title=\"Margaret Elizabeth Noble\" alt=\"Margaret Elizabeth Noble\" width=\"230\" height=\"232\" style=\"max-width:230px;max-height:232px\" src=\"https:\/\/www.discoverypublisher.com\/fr\/wp-content\/uploads\/sites\/1\/nggallery\/margaret-elizabeth-noble\/MARGARET-ELIZABETH-NOBLE-2.jpg\" srcset=\"https:\/\/www.discoverypublisher.com\/fr\/wp-content\/uploads\/sites\/1\/nggallery\/margaret-elizabeth-noble\/MARGARET-ELIZABETH-NOBLE-2.jpg\" onerror=\"nggRetryFailedImage(this);\"\/>\n<\/picture>            <\/a>\n                        <a href=\"https:\/\/www.discoverypublisher.com\/fr\/wp-content\/uploads\/sites\/1\/nggallery\/margaret-elizabeth-noble\/MARGARET-ELIZABETH-NOBLE-3.jpg\"\n               title=\"Margaret Elizabeth Noble\"\n               data-src=\"https:\/\/www.discoverypublisher.com\/fr\/wp-content\/uploads\/sites\/1\/nggallery\/margaret-elizabeth-noble\/MARGARET-ELIZABETH-NOBLE-3.jpg\"\n               data-thumbnail=\"https:\/\/www.discoverypublisher.com\/fr\/wp-content\/uploads\/sites\/1\/nggallery\/margaret-elizabeth-noble\/thumbs\/thumbs_MARGARET-ELIZABETH-NOBLE-3.jpg\"\n               data-image-id=\"961\"\n               data-title=\"Margaret Elizabeth Noble\"\n               data-description=\"Margaret Elizabeth Noble\"\n                class=\"ngg-fancybox\" rel=\"17a7ad4ab78214b31bc236e501e9eaeb\">\n                <picture>\n\t\n<source srcset='https:\/\/www.discoverypublisher.com\/fr\/wp-content\/uploads\/sites\/1\/nggallery\/margaret-elizabeth-noble\/MARGARET-ELIZABETH-NOBLE-3.jpg' media=''>\n<img title=\"Margaret Elizabeth Noble\" alt=\"Margaret Elizabeth Noble\" width=\"300\" height=\"300\" style=\"max-width:300px;max-height:300px\" src=\"https:\/\/www.discoverypublisher.com\/fr\/wp-content\/uploads\/sites\/1\/nggallery\/margaret-elizabeth-noble\/MARGARET-ELIZABETH-NOBLE-3.jpg\" srcset=\"https:\/\/www.discoverypublisher.com\/fr\/wp-content\/uploads\/sites\/1\/nggallery\/margaret-elizabeth-noble\/MARGARET-ELIZABETH-NOBLE-3.jpg\" onerror=\"nggRetryFailedImage(this);\"\/>\n<\/picture>            <\/a>\n                        <a href=\"https:\/\/www.discoverypublisher.com\/fr\/wp-content\/uploads\/sites\/1\/nggallery\/margaret-elizabeth-noble\/MARGARET-ELIZABETH-NOBLE-4.jpg\"\n               title=\"Margaret Elizabeth Noble\"\n               data-src=\"https:\/\/www.discoverypublisher.com\/fr\/wp-content\/uploads\/sites\/1\/nggallery\/margaret-elizabeth-noble\/MARGARET-ELIZABETH-NOBLE-4.jpg\"\n               data-thumbnail=\"https:\/\/www.discoverypublisher.com\/fr\/wp-content\/uploads\/sites\/1\/nggallery\/margaret-elizabeth-noble\/thumbs\/thumbs_MARGARET-ELIZABETH-NOBLE-4.jpg\"\n               data-image-id=\"962\"\n               data-title=\"Margaret Elizabeth Noble\"\n               data-description=\"Margaret Elizabeth Noble\"\n                class=\"ngg-fancybox\" rel=\"17a7ad4ab78214b31bc236e501e9eaeb\">\n                <picture>\n\t\n<source srcset='https:\/\/www.discoverypublisher.com\/fr\/wp-content\/uploads\/sites\/1\/nggallery\/margaret-elizabeth-noble\/MARGARET-ELIZABETH-NOBLE-4.jpg' media=''>\n<img title=\"Margaret Elizabeth Noble\" alt=\"Margaret Elizabeth Noble\" width=\"194\" height=\"260\" style=\"max-width:194px;max-height:260px\" src=\"https:\/\/www.discoverypublisher.com\/fr\/wp-content\/uploads\/sites\/1\/nggallery\/margaret-elizabeth-noble\/MARGARET-ELIZABETH-NOBLE-4.jpg\" srcset=\"https:\/\/www.discoverypublisher.com\/fr\/wp-content\/uploads\/sites\/1\/nggallery\/margaret-elizabeth-noble\/MARGARET-ELIZABETH-NOBLE-4.jpg\" onerror=\"nggRetryFailedImage(this);\"\/>\n<\/picture>            <\/a>\n                        <a href=\"https:\/\/www.discoverypublisher.com\/fr\/wp-content\/uploads\/sites\/1\/nggallery\/margaret-elizabeth-noble\/MARGARET-ELIZABETH-NOBLE-5.png\"\n               title=\"Margaret Elizabeth Noble\"\n               data-src=\"https:\/\/www.discoverypublisher.com\/fr\/wp-content\/uploads\/sites\/1\/nggallery\/margaret-elizabeth-noble\/MARGARET-ELIZABETH-NOBLE-5.png\"\n               data-thumbnail=\"https:\/\/www.discoverypublisher.com\/fr\/wp-content\/uploads\/sites\/1\/nggallery\/margaret-elizabeth-noble\/thumbs\/thumbs_MARGARET-ELIZABETH-NOBLE-5.png\"\n               data-image-id=\"963\"\n               data-title=\"Margaret Elizabeth Noble\"\n               data-description=\"Margaret Elizabeth Noble\"\n                class=\"ngg-fancybox\" rel=\"17a7ad4ab78214b31bc236e501e9eaeb\">\n                <picture>\n\t\n<source srcset='https:\/\/www.discoverypublisher.com\/fr\/wp-content\/uploads\/sites\/1\/nggallery\/margaret-elizabeth-noble\/MARGARET-ELIZABETH-NOBLE-5.png' media=''>\n<img title=\"Margaret Elizabeth Noble\" alt=\"Margaret Elizabeth Noble\" width=\"290\" height=\"242\" style=\"max-width:290px;max-height:242px\" src=\"https:\/\/www.discoverypublisher.com\/fr\/wp-content\/uploads\/sites\/1\/nggallery\/margaret-elizabeth-noble\/MARGARET-ELIZABETH-NOBLE-5.png\" srcset=\"https:\/\/www.discoverypublisher.com\/fr\/wp-content\/uploads\/sites\/1\/nggallery\/margaret-elizabeth-noble\/MARGARET-ELIZABETH-NOBLE-5.png\" onerror=\"nggRetryFailedImage(this);\"\/>\n<\/picture>            <\/a>\n                        <a href=\"https:\/\/www.discoverypublisher.com\/fr\/wp-content\/uploads\/sites\/1\/nggallery\/margaret-elizabeth-noble\/MARGARET-ELIZABETH-NOBLE-6.jpg\"\n               title=\"Margaret Elizabeth Noble\"\n               data-src=\"https:\/\/www.discoverypublisher.com\/fr\/wp-content\/uploads\/sites\/1\/nggallery\/margaret-elizabeth-noble\/MARGARET-ELIZABETH-NOBLE-6.jpg\"\n               data-thumbnail=\"https:\/\/www.discoverypublisher.com\/fr\/wp-content\/uploads\/sites\/1\/nggallery\/margaret-elizabeth-noble\/thumbs\/thumbs_MARGARET-ELIZABETH-NOBLE-6.jpg\"\n               data-image-id=\"964\"\n               data-title=\"Margaret Elizabeth Noble\"\n               data-description=\"Margaret Elizabeth Noble\"\n                class=\"ngg-fancybox\" rel=\"17a7ad4ab78214b31bc236e501e9eaeb\">\n                <picture>\n\t\n<source srcset='https:\/\/www.discoverypublisher.com\/fr\/wp-content\/uploads\/sites\/1\/nggallery\/margaret-elizabeth-noble\/MARGARET-ELIZABETH-NOBLE-6.jpg' media=''>\n<img title=\"Margaret Elizabeth Noble\" alt=\"Margaret Elizabeth Noble\" width=\"220\" height=\"313\" style=\"max-width:220px;max-height:313px\" src=\"https:\/\/www.discoverypublisher.com\/fr\/wp-content\/uploads\/sites\/1\/nggallery\/margaret-elizabeth-noble\/MARGARET-ELIZABETH-NOBLE-6.jpg\" srcset=\"https:\/\/www.discoverypublisher.com\/fr\/wp-content\/uploads\/sites\/1\/nggallery\/margaret-elizabeth-noble\/MARGARET-ELIZABETH-NOBLE-6.jpg\" onerror=\"nggRetryFailedImage(this);\"\/>\n<\/picture>            <\/a>\n                        <a href=\"https:\/\/www.discoverypublisher.com\/fr\/wp-content\/uploads\/sites\/1\/nggallery\/margaret-elizabeth-noble\/MARGARET-ELIZABETH-NOBLE-7.jpeg\"\n               title=\"Margaret Elizabeth Noble\"\n               data-src=\"https:\/\/www.discoverypublisher.com\/fr\/wp-content\/uploads\/sites\/1\/nggallery\/margaret-elizabeth-noble\/MARGARET-ELIZABETH-NOBLE-7.jpeg\"\n               data-thumbnail=\"https:\/\/www.discoverypublisher.com\/fr\/wp-content\/uploads\/sites\/1\/nggallery\/margaret-elizabeth-noble\/thumbs\/thumbs_MARGARET-ELIZABETH-NOBLE-7.jpeg\"\n               data-image-id=\"965\"\n               data-title=\"Margaret Elizabeth Noble\"\n               data-description=\"Margaret Elizabeth Noble\"\n                class=\"ngg-fancybox\" rel=\"17a7ad4ab78214b31bc236e501e9eaeb\">\n                <picture>\n\t\n<source srcset='https:\/\/www.discoverypublisher.com\/fr\/wp-content\/uploads\/sites\/1\/nggallery\/margaret-elizabeth-noble\/MARGARET-ELIZABETH-NOBLE-7.jpeg' media=''>\n<img title=\"Margaret Elizabeth Noble\" alt=\"Margaret Elizabeth Noble\" width=\"232\" height=\"232\" style=\"max-width:232px;max-height:232px\" src=\"https:\/\/www.discoverypublisher.com\/fr\/wp-content\/uploads\/sites\/1\/nggallery\/margaret-elizabeth-noble\/MARGARET-ELIZABETH-NOBLE-7.jpeg\" srcset=\"https:\/\/www.discoverypublisher.com\/fr\/wp-content\/uploads\/sites\/1\/nggallery\/margaret-elizabeth-noble\/MARGARET-ELIZABETH-NOBLE-7.jpeg\" onerror=\"nggRetryFailedImage(this);\"\/>\n<\/picture>            <\/a>\n                <\/div>\n<\/div>\n[\/vc_column_text][\/vc_column][\/vc_row][vc_row css_animation=&#8221;&#8221; row_type=&#8221;row&#8221; use_row_as_full_screen_section=&#8221;no&#8221; type=&#8221;full_width&#8221; angled_section=&#8221;no&#8221; text_align=&#8221;left&#8221; background_image_as_pattern=&#8221;without_pattern&#8221; background_color=&#8221;#ffffff&#8221; padding_top=&#8221;49&#8243;][vc_column][vc_separator type=&#8221;transparent&#8221; down=&#8221;84&#8243;][\/vc_column][\/vc_row]<\/p>\n","protected":false},"excerpt":{"rendered":"<p>Margaret Elizabeth Noble \u00e9tait \u00e9crivaine et l&#8217;une des disciples ferventes du ma\u00eetre et swami Vivekananda.<\/p>\n","protected":false},"author":1,"featured_media":21868,"parent":16021,"menu_order":0,"comment_status":"closed","ping_status":"closed","template":"","meta":{"_seopress_robots_primary_cat":"","ngg_post_thumbnail":0},"tags":[9990,9420,9045,9348,9416],"_links":{"self":[{"href":"https:\/\/www.discoverypublisher.com\/fr\/wp-json\/wp\/v2\/pages\/21867"}],"collection":[{"href":"https:\/\/www.discoverypublisher.com\/fr\/wp-json\/wp\/v2\/pages"}],"about":[{"href":"https:\/\/www.discoverypublisher.com\/fr\/wp-json\/wp\/v2\/types\/page"}],"author":[{"embeddable":true,"href":"https:\/\/www.discoverypublisher.com\/fr\/wp-json\/wp\/v2\/users\/1"}],"replies":[{"embeddable":true,"href":"https:\/\/www.discoverypublisher.com\/fr\/wp-json\/wp\/v2\/comments?post=21867"}],"version-history":[{"count":9,"href":"https:\/\/www.discoverypublisher.com\/fr\/wp-json\/wp\/v2\/pages\/21867\/revisions"}],"predecessor-version":[{"id":25714,"href":"https:\/\/www.discoverypublisher.com\/fr\/wp-json\/wp\/v2\/pages\/21867\/revisions\/25714"}],"up":[{"embeddable":true,"href":"https:\/\/www.discoverypublisher.com\/fr\/wp-json\/wp\/v2\/pages\/16021"}],"wp:featuredmedia":[{"embeddable":true,"href":"https:\/\/www.discoverypublisher.com\/fr\/wp-json\/wp\/v2\/media\/21868"}],"wp:attachment":[{"href":"https:\/\/www.discoverypublisher.com\/fr\/wp-json\/wp\/v2\/media?parent=21867"}],"wp:term":[{"taxonomy":"post_tag","embeddable":true,"href":"https:\/\/www.discoverypublisher.com\/fr\/wp-json\/wp\/v2\/tags?post=21867"}],"curies":[{"name":"wp","href":"https:\/\/api.w.org\/{rel}","templated":true}]}}