{"id":21863,"date":"2019-09-29T05:54:15","date_gmt":"2019-09-29T03:54:15","guid":{"rendered":"https:\/\/www.discoverypublisher.com\/fr\/?page_id=21863"},"modified":"2021-12-04T14:17:37","modified_gmt":"2021-12-04T13:17:37","slug":"john-joseph-oneill","status":"publish","type":"page","link":"https:\/\/www.discoverypublisher.com\/fr\/auteurs\/john-joseph-oneill\/","title":{"rendered":"John Joseph O\u2019Neill"},"content":{"rendered":"<p>[vc_row css_animation=&#8221;&#8221; row_type=&#8221;row&#8221; use_row_as_full_screen_section=&#8221;no&#8221; type=&#8221;full_width&#8221; angled_section=&#8221;no&#8221; text_align=&#8221;left&#8221; background_image_as_pattern=&#8221;without_pattern&#8221; padding_top=&#8221;15&#8243; z_index=&#8221;&#8221;][vc_column width=&#8221;1\/3&#8243;][vc_separator type=&#8221;transparent&#8221; down=&#8221;5&#8243;][vc_single_image image=&#8221;24182&#8243; img_size=&#8221;medium&#8221; alignment=&#8221;center&#8221; style=&#8221;vc_box_rounded&#8221; qode_css_animation=&#8221;element_from_left&#8221; transition_delay=&#8221;0.3&#8243;][\/vc_column][vc_column width=&#8221;2\/3&#8243;][vc_column_text]<\/p>\n<p style=\"text-align: justify;\">John Joseph O&#8217;Neill (1889-1953), du New York Herald Tribune, ainsi que William L. Laurence du New York Times. Howard Blakeslee, de l&#8217;AP, Gobind Behari Lal, de l&#8217;Universal Service, et David Dietz, de Scripps-Howard, ont remport\u00e9 le prix Pulitzer du reportage de 1937 \u00ab pour leur couverture de la science lors du tricentenaire de l&#8217;universit\u00e9 de Harvard \u00bb.<\/p>\n<p style=\"text-align: justify;\">Il est \u00e9galement l&#8217;auteur de Prodigal genius ; the life of Nikola Tesla (1944), qui a \u00e9t\u00e9 publi\u00e9 en 18 \u00e9ditions en allemand et en anglais. et de plusieurs autres livres non techniques sur la science du 20e si\u00e8cle. En 1953, il a observ\u00e9 une caract\u00e9ristique sur la Lune, sur la rive occidentale de Mare Crisium, qu&#8217;il a interpr\u00e9t\u00e9e comme un pont naturel g\u00e9ant, mais qui s&#8217;est av\u00e9r\u00e9e \u00eatre une illusion. Cette illusion est d\u00e9sormais connue sous le nom de pont d&#8217;O&#8217;Neill.<\/p>\n<p>[\/vc_column_text][\/vc_column][\/vc_row][vc_row css_animation=&#8221;&#8221; row_type=&#8221;row&#8221; use_row_as_full_screen_section=&#8221;no&#8221; type=&#8221;full_width&#8221; angled_section=&#8221;no&#8221; text_align=&#8221;left&#8221; background_image_as_pattern=&#8221;without_pattern&#8221; padding_top=&#8221;49&#8243; z_index=&#8221;&#8221;][vc_column width=&#8221;2\/3&#8243;][vc_column_text]<\/p>\n<p style=\"text-align: justify;\">Apr\u00e8s Horace Kallen, il a \u00e9t\u00e9 la deuxi\u00e8me personne \u00e0 lire le manuscrit complet de Worlds in Collision d&#8217;Immanuel Velikovsky. Velikovsky se souvient :<\/p>\n<p style=\"text-align: justify; padding-left: 40px;\">\u00ab &#8230; en 1946, le seul lecteur du manuscrit complet de Worlds in Collision, tel qu&#8217;il \u00e9tait alors, \u00e9tait Kallen. Un jour, au cours de l&#8217;\u00e9t\u00e9 de cette ann\u00e9e-l\u00e0, j&#8217;ai pens\u00e9 : Devrais-je montrer mon travail \u00e0 John O&#8217;Neill du Herald Tribune ? Je ressentais le besoin d&#8217;entendre la r\u00e9action d&#8217;un homme exp\u00e9riment\u00e9 qui, en tant que r\u00e9dacteur scientifique de ce journal, avait certainement eu affaire pendant de nombreuses ann\u00e9es \u00e0 toutes sortes de th\u00e9ories solides ou non. J&#8217;avais lu une critique de sa biographie de Nikola Tesla ; j&#8217;avais aim\u00e9 ce que j&#8217;avais lu, et j&#8217;avais marqu\u00e9 dans ma m\u00e9moire l&#8217;auteur et son livre. O&#8217;Neill a reconnu la grandeur de Tesla, qu&#8217;il connaissait aussi intimement que Tesla aurait permis \u00e0 quiconque de le conna\u00eetre&#8230;<\/p>\n<p style=\"text-align: justify; padding-left: 40px;\">\u00ab J&#8217;ai appel\u00e9 le Herald Tribune. C&#8217;\u00e9tait le jour de la semaine o\u00f9 O&#8217;Neill \u00e9tait l\u00e0, et il m&#8217;a dit de venir le jour m\u00eame. Je me suis assis dans un fauteuil en cuir dans la salle d&#8217;attente de la r\u00e9daction. Au bout de quelques minutes, un homme l\u00e9g\u00e8rement b\u00e2ti, aux cheveux blancs et au col en lin immacul\u00e9, est venu me voir, une mallette \u00e0 la main. J&#8217;avais mon manuscrit dans deux chemises. Je lui ai demand\u00e9 de le lire. Il m&#8217;a dit de sa mani\u00e8re amicale mais professionnelle : &#8220;Mon bureau est encombr\u00e9 de papiers \u00e0 lire. Je vais prendre votre manuscrit, mais ne vous attendez pas \u00e0 ce que je le lise avant deux ou trois mois&#8221; [&#8230;]<\/p>\n<p style=\"text-align: justify; padding-left: 40px;\">\u00ab O&#8217;Neill m&#8217;a dit qu&#8217;il avait pris mon manuscrit, pr\u00e9voyant de ne pas y consacrer plus de cinq minutes alors qu&#8217;il \u00e9tait assis sur un banc dans son jardin, mais qu&#8217;il ne l&#8217;avait pas mis de c\u00f4t\u00e9 avant d&#8217;avoir fini de le lire [&#8230;] \u00bb<\/p>\n<p style=\"text-align: justify;\">O&#8217;Neill a \u00e9t\u00e9 la premi\u00e8re personne \u00e0 porter l&#8217;\u0153uvre de Velikovsky \u00e0 l&#8217;attention du public, dans sa chronique \u00ab Personal and Otherwise \u00bb du 11 ao\u00fbt 1946.<\/p>\n<p>[\/vc_column_text][\/vc_column][vc_column width=&#8221;1\/3&#8243;][vc_single_image image=&#8221;24183&#8243; img_size=&#8221;medium&#8221; alignment=&#8221;center&#8221; style=&#8221;vc_box_rounded&#8221; qode_css_animation=&#8221;element_from_left&#8221; transition_delay=&#8221;0.3&#8243;][\/vc_column][\/vc_row][vc_row css_animation=&#8221;&#8221; row_type=&#8221;row&#8221; use_row_as_full_screen_section=&#8221;no&#8221; type=&#8221;full_width&#8221; angled_section=&#8221;no&#8221; text_align=&#8221;left&#8221; background_image_as_pattern=&#8221;without_pattern&#8221; background_color=&#8221;#ffffff&#8221; padding_top=&#8221;69&#8243; z_index=&#8221;&#8221;][vc_column][vc_separator type=&#8221;transparent&#8221; down=&#8221;40&#8243;][\/vc_column][\/vc_row]<\/p>\n","protected":false},"excerpt":{"rendered":"<p>John Joseph O&#8217;Neill \u00e9tait un journaliste du New York Herald Tribune. Il a remport\u00e9 le prix Pulitzer du reportage de 1937 pour sa couverture de la science lors du tricentenaire de l&#8217;universit\u00e9 de Harvard.<\/p>\n","protected":false},"author":1,"featured_media":21862,"parent":16021,"menu_order":0,"comment_status":"closed","ping_status":"closed","template":"","meta":{"_seopress_robots_primary_cat":"","ngg_post_thumbnail":0},"tags":[9990,9420,9045,9491,9416],"_links":{"self":[{"href":"https:\/\/www.discoverypublisher.com\/fr\/wp-json\/wp\/v2\/pages\/21863"}],"collection":[{"href":"https:\/\/www.discoverypublisher.com\/fr\/wp-json\/wp\/v2\/pages"}],"about":[{"href":"https:\/\/www.discoverypublisher.com\/fr\/wp-json\/wp\/v2\/types\/page"}],"author":[{"embeddable":true,"href":"https:\/\/www.discoverypublisher.com\/fr\/wp-json\/wp\/v2\/users\/1"}],"replies":[{"embeddable":true,"href":"https:\/\/www.discoverypublisher.com\/fr\/wp-json\/wp\/v2\/comments?post=21863"}],"version-history":[{"count":9,"href":"https:\/\/www.discoverypublisher.com\/fr\/wp-json\/wp\/v2\/pages\/21863\/revisions"}],"predecessor-version":[{"id":25706,"href":"https:\/\/www.discoverypublisher.com\/fr\/wp-json\/wp\/v2\/pages\/21863\/revisions\/25706"}],"up":[{"embeddable":true,"href":"https:\/\/www.discoverypublisher.com\/fr\/wp-json\/wp\/v2\/pages\/16021"}],"wp:featuredmedia":[{"embeddable":true,"href":"https:\/\/www.discoverypublisher.com\/fr\/wp-json\/wp\/v2\/media\/21862"}],"wp:attachment":[{"href":"https:\/\/www.discoverypublisher.com\/fr\/wp-json\/wp\/v2\/media?parent=21863"}],"wp:term":[{"taxonomy":"post_tag","embeddable":true,"href":"https:\/\/www.discoverypublisher.com\/fr\/wp-json\/wp\/v2\/tags?post=21863"}],"curies":[{"name":"wp","href":"https:\/\/api.w.org\/{rel}","templated":true}]}}