{"id":21855,"date":"2019-09-28T09:03:54","date_gmt":"2019-09-28T07:03:54","guid":{"rendered":"https:\/\/www.discoverypublisher.com\/fr\/?page_id=21855"},"modified":"2021-12-04T14:17:35","modified_gmt":"2021-12-04T13:17:35","slug":"corinne-heline","status":"publish","type":"page","link":"https:\/\/www.discoverypublisher.com\/fr\/auteurs\/corinne-heline\/","title":{"rendered":"Corinne Heline"},"content":{"rendered":"<p>[vc_row css_animation=&#8221;&#8221; row_type=&#8221;row&#8221; use_row_as_full_screen_section=&#8221;no&#8221; type=&#8221;full_width&#8221; angled_section=&#8221;no&#8221; text_align=&#8221;left&#8221; background_image_as_pattern=&#8221;without_pattern&#8221; padding_top=&#8221;15&#8243; z_index=&#8221;&#8221;][vc_column][vc_column_text]<\/p>\n<p style=\"text-align: justify;\">Corinne Heline (le 18 aout 1882 \u00e0 Atlanta, G\u00e9orgie &#8211; 26 juillet 1975) \u00e9tait une auteur am\u00e9ricaine, mystique chr\u00e9tien et occultiste, qui a publi\u00e9 28 livres.<\/p>\n<p style=\"text-align: justify;\">N\u00e9e de la famille ais\u00e9e Duke, membre de l&#8217;aristocratie du Vieux Sud, elle a re\u00e7u \u00e0 l&#8217;\u00e2ge de 16 ans un important h\u00e9ritage qui lui a permis de publier elle-m\u00eame ses \u0153uvres.<\/p>\n<p style=\"text-align: justify;\">H\u00e9line re\u00e7ut une \u00e9ducation classique et religieuse. Elle \u00e9tudia longtemps les myst\u00e8res antiques. Initi\u00e9e rosicrucienne, Max Heindel devint son professeur \u00e0 Mount Ecclesia, o\u00f9 elle rencontra un autre pionnier du New \u00c2ge, Theodore Heline, qui devint son mari en 1938 et entreprit la publication de ses \u00e9crits mystiques et occultes.<\/p>\n<p>[\/vc_column_text][\/vc_column][\/vc_row][vc_row css_animation=&#8221;&#8221; row_type=&#8221;row&#8221; use_row_as_full_screen_section=&#8221;no&#8221; type=&#8221;full_width&#8221; angled_section=&#8221;no&#8221; text_align=&#8221;left&#8221; background_image_as_pattern=&#8221;without_pattern&#8221; padding_top=&#8221;25&#8243; z_index=&#8221;&#8221;][vc_column][vc_column_text]<\/p>\n<p style=\"text-align: justify;\">Son \u0153uvre maitresse intitul\u00e9e <em>New Age Bible Interpretation<\/em> (1954), en sept volumes, fut suivie de nombreux ouvrages interpr\u00e9tant l&#8217;ancienne sagesse. Elle est connue dans le monde entier parmi les \u00e9tudiants en \u00e9sot\u00e9risme et en occultisme, ainsi que dans les milieux New \u00c2ge en tant que pionni\u00e8re, ouvrant la voie \u00e0 de nouveaux champs d&#8217;investigation li\u00e9s \u00e0 la venue de l&#8217;\u00e2ge du Verseau.<\/p>\n<p style=\"text-align: justify;\">Heline rejoint le New Age Bible and Philosophy Center de Santa Monica, en Californie, sous le \u00ab Consacr\u00e9 \u00e0 des \u00e9tudes destin\u00e9es \u00e0 aider le chercheur moderne \u00e0 une r\u00e9orientation spirituelle \u00e0 la lumi\u00e8re de la lumi\u00e8re de la sagesse ancienne \u00bb.<\/p>\n<p>[\/vc_column_text][\/vc_column][\/vc_row][vc_row css_animation=&#8221;&#8221; row_type=&#8221;row&#8221; use_row_as_full_screen_section=&#8221;no&#8221; type=&#8221;full_width&#8221; angled_section=&#8221;no&#8221; text_align=&#8221;left&#8221; background_image_as_pattern=&#8221;without_pattern&#8221; z_index=&#8221;&#8221;][vc_column][vc_separator type=&#8221;transparent&#8221; down=&#8221;84&#8243;][\/vc_column][\/vc_row]<\/p>\n","protected":false},"excerpt":{"rendered":"<p>Corinne Heline \u00e9tait une auteur am\u00e9ricaine, mystique chr\u00e9tien et occultiste, qui a publi\u00e9 28 livres.<\/p>\n","protected":false},"author":1,"featured_media":21854,"parent":16021,"menu_order":0,"comment_status":"closed","ping_status":"closed","template":"","meta":{"_seopress_robots_primary_cat":"","ngg_post_thumbnail":0},"tags":[9990,9490,9420,9045,9416],"_links":{"self":[{"href":"https:\/\/www.discoverypublisher.com\/fr\/wp-json\/wp\/v2\/pages\/21855"}],"collection":[{"href":"https:\/\/www.discoverypublisher.com\/fr\/wp-json\/wp\/v2\/pages"}],"about":[{"href":"https:\/\/www.discoverypublisher.com\/fr\/wp-json\/wp\/v2\/types\/page"}],"author":[{"embeddable":true,"href":"https:\/\/www.discoverypublisher.com\/fr\/wp-json\/wp\/v2\/users\/1"}],"replies":[{"embeddable":true,"href":"https:\/\/www.discoverypublisher.com\/fr\/wp-json\/wp\/v2\/comments?post=21855"}],"version-history":[{"count":10,"href":"https:\/\/www.discoverypublisher.com\/fr\/wp-json\/wp\/v2\/pages\/21855\/revisions"}],"predecessor-version":[{"id":25687,"href":"https:\/\/www.discoverypublisher.com\/fr\/wp-json\/wp\/v2\/pages\/21855\/revisions\/25687"}],"up":[{"embeddable":true,"href":"https:\/\/www.discoverypublisher.com\/fr\/wp-json\/wp\/v2\/pages\/16021"}],"wp:featuredmedia":[{"embeddable":true,"href":"https:\/\/www.discoverypublisher.com\/fr\/wp-json\/wp\/v2\/media\/21854"}],"wp:attachment":[{"href":"https:\/\/www.discoverypublisher.com\/fr\/wp-json\/wp\/v2\/media?parent=21855"}],"wp:term":[{"taxonomy":"post_tag","embeddable":true,"href":"https:\/\/www.discoverypublisher.com\/fr\/wp-json\/wp\/v2\/tags?post=21855"}],"curies":[{"name":"wp","href":"https:\/\/api.w.org\/{rel}","templated":true}]}}