{"id":20287,"date":"2017-12-19T19:28:48","date_gmt":"2017-12-19T18:28:48","guid":{"rendered":"https:\/\/www.discoverypublisher.com\/fr\/?page_id=20287"},"modified":"2021-12-04T14:17:36","modified_gmt":"2021-12-04T13:17:36","slug":"eugene-caslant","status":"publish","type":"page","link":"https:\/\/www.discoverypublisher.com\/fr\/auteurs\/eugene-caslant\/","title":{"rendered":"Eug\u00e8ne Caslant"},"content":{"rendered":"<p>[vc_row css_animation=&#8221;&#8221; row_type=&#8221;row&#8221; use_row_as_full_screen_section=&#8221;no&#8221; type=&#8221;full_width&#8221; angled_section=&#8221;no&#8221; text_align=&#8221;left&#8221; background_image_as_pattern=&#8221;without_pattern&#8221; padding_top=&#8221;15&#8243; z_index=&#8221;&#8221;][vc_column][vc_column_text]<\/p>\n<p style=\"text-align: justify;\">Eug\u00e8ne Caslant est n\u00e9 le 1er d\u00e9cembre 1865 \u00e0 Nanteuil-le-Haudouin. El\u00e8ve brillant, il fera des \u00e9tudes \u00e0 l&#8217;Ecole polytechnique et s&#8217;orientera vers l&#8217;arm\u00e9e. Militaire de carri\u00e8re, son int\u00e9r\u00eat pour les facult\u00e9s psychiques le poussent \u00e0 exp\u00e9rimenter. Il s&#8217;int\u00e9resse aux travaux d&#8217;Annie Besant, th\u00e9osophe et de Camille Flammarion, spirite. Il d\u00e9c\u00e8de en 1940.<\/p>\n<p>[\/vc_column_text][\/vc_column][\/vc_row][vc_row css_animation=&#8221;&#8221; row_type=&#8221;row&#8221; use_row_as_full_screen_section=&#8221;no&#8221; type=&#8221;full_width&#8221; angled_section=&#8221;no&#8221; text_align=&#8221;left&#8221; background_image_as_pattern=&#8221;without_pattern&#8221; z_index=&#8221;&#8221;][vc_column][vc_separator type=&#8221;transparent&#8221; down=&#8221;84&#8243;][\/vc_column][\/vc_row]<\/p>\n","protected":false},"excerpt":{"rendered":"<p>Eug\u00e8ne Caslant (1865 &#8211; 1940) \u00e9tait un astrologue fran\u00e7ais. Gaston Bachelard le pr\u00e9sente comme un pr\u00e9curseur de Robert Desoille.<\/p>\n","protected":false},"author":1,"featured_media":21529,"parent":16021,"menu_order":0,"comment_status":"closed","ping_status":"closed","template":"","meta":{"_seopress_robots_primary_cat":"","ngg_post_thumbnail":0},"tags":[9990,9420,9045,9320,9416],"_links":{"self":[{"href":"https:\/\/www.discoverypublisher.com\/fr\/wp-json\/wp\/v2\/pages\/20287"}],"collection":[{"href":"https:\/\/www.discoverypublisher.com\/fr\/wp-json\/wp\/v2\/pages"}],"about":[{"href":"https:\/\/www.discoverypublisher.com\/fr\/wp-json\/wp\/v2\/types\/page"}],"author":[{"embeddable":true,"href":"https:\/\/www.discoverypublisher.com\/fr\/wp-json\/wp\/v2\/users\/1"}],"replies":[{"embeddable":true,"href":"https:\/\/www.discoverypublisher.com\/fr\/wp-json\/wp\/v2\/comments?post=20287"}],"version-history":[{"count":10,"href":"https:\/\/www.discoverypublisher.com\/fr\/wp-json\/wp\/v2\/pages\/20287\/revisions"}],"predecessor-version":[{"id":25700,"href":"https:\/\/www.discoverypublisher.com\/fr\/wp-json\/wp\/v2\/pages\/20287\/revisions\/25700"}],"up":[{"embeddable":true,"href":"https:\/\/www.discoverypublisher.com\/fr\/wp-json\/wp\/v2\/pages\/16021"}],"wp:featuredmedia":[{"embeddable":true,"href":"https:\/\/www.discoverypublisher.com\/fr\/wp-json\/wp\/v2\/media\/21529"}],"wp:attachment":[{"href":"https:\/\/www.discoverypublisher.com\/fr\/wp-json\/wp\/v2\/media?parent=20287"}],"wp:term":[{"taxonomy":"post_tag","embeddable":true,"href":"https:\/\/www.discoverypublisher.com\/fr\/wp-json\/wp\/v2\/tags?post=20287"}],"curies":[{"name":"wp","href":"https:\/\/api.w.org\/{rel}","templated":true}]}}