{"id":20139,"date":"2017-11-29T21:20:39","date_gmt":"2017-11-29T20:20:39","guid":{"rendered":"https:\/\/www.discoverypublisher.com\/fr\/?page_id=20139"},"modified":"2021-12-04T14:17:36","modified_gmt":"2021-12-04T13:17:36","slug":"gerard-johnson","status":"publish","type":"page","link":"https:\/\/www.discoverypublisher.com\/fr\/auteurs\/gerard-johnson\/","title":{"rendered":"G\u00e9rard Johnson"},"content":{"rendered":"<p>[vc_row css_animation=&#8221;&#8221; row_type=&#8221;row&#8221; use_row_as_full_screen_section=&#8221;no&#8221; type=&#8221;grid&#8221; angled_section=&#8221;no&#8221; text_align=&#8221;left&#8221; background_image_as_pattern=&#8221;without_pattern&#8221; padding_top=&#8221;15&#8243;][vc_column][vc_column_text]coming soon[\/vc_column_text][\/vc_column][\/vc_row][vc_row css_animation=&#8221;&#8221; row_type=&#8221;row&#8221; use_row_as_full_screen_section=&#8221;no&#8221; type=&#8221;full_width&#8221; angled_section=&#8221;no&#8221; text_align=&#8221;left&#8221; background_image_as_pattern=&#8221;without_pattern&#8221; z_index=&#8221;&#8221;][vc_column][vc_separator type=&#8221;transparent&#8221; down=&#8221;84&#8243;][\/vc_column][\/vc_row]<\/p>\n","protected":false},"excerpt":{"rendered":"<p>Gerard Johnson est un journaliste et photographe n\u00e9o-z\u00e9landais. Il s\u00e9journe en Chine depuis 2001, o\u00f9 il \u00e9crit et photographie pour le compte de magazines.<\/p>\n","protected":false},"author":1,"featured_media":24645,"parent":16021,"menu_order":0,"comment_status":"closed","ping_status":"closed","template":"","meta":{"_seopress_robots_primary_cat":"","ngg_post_thumbnail":0},"tags":[9990,9420,9045,9422,9416,9423],"_links":{"self":[{"href":"https:\/\/www.discoverypublisher.com\/fr\/wp-json\/wp\/v2\/pages\/20139"}],"collection":[{"href":"https:\/\/www.discoverypublisher.com\/fr\/wp-json\/wp\/v2\/pages"}],"about":[{"href":"https:\/\/www.discoverypublisher.com\/fr\/wp-json\/wp\/v2\/types\/page"}],"author":[{"embeddable":true,"href":"https:\/\/www.discoverypublisher.com\/fr\/wp-json\/wp\/v2\/users\/1"}],"replies":[{"embeddable":true,"href":"https:\/\/www.discoverypublisher.com\/fr\/wp-json\/wp\/v2\/comments?post=20139"}],"version-history":[{"count":8,"href":"https:\/\/www.discoverypublisher.com\/fr\/wp-json\/wp\/v2\/pages\/20139\/revisions"}],"predecessor-version":[{"id":25703,"href":"https:\/\/www.discoverypublisher.com\/fr\/wp-json\/wp\/v2\/pages\/20139\/revisions\/25703"}],"up":[{"embeddable":true,"href":"https:\/\/www.discoverypublisher.com\/fr\/wp-json\/wp\/v2\/pages\/16021"}],"wp:featuredmedia":[{"embeddable":true,"href":"https:\/\/www.discoverypublisher.com\/fr\/wp-json\/wp\/v2\/media\/24645"}],"wp:attachment":[{"href":"https:\/\/www.discoverypublisher.com\/fr\/wp-json\/wp\/v2\/media?parent=20139"}],"wp:term":[{"taxonomy":"post_tag","embeddable":true,"href":"https:\/\/www.discoverypublisher.com\/fr\/wp-json\/wp\/v2\/tags?post=20139"}],"curies":[{"name":"wp","href":"https:\/\/api.w.org\/{rel}","templated":true}]}}