{"id":20063,"date":"2017-11-24T21:18:38","date_gmt":"2017-11-24T20:18:38","guid":{"rendered":"https:\/\/www.discoverypublisher.com\/fr\/?page_id=20063"},"modified":"2021-12-04T14:17:37","modified_gmt":"2021-12-04T13:17:37","slug":"joel-ducatillon","status":"publish","type":"page","link":"https:\/\/www.discoverypublisher.com\/fr\/auteurs\/joel-ducatillon\/","title":{"rendered":"Jo\u00ebl Ducatillon"},"content":{"rendered":"<p>[vc_row css_animation=&#8221;&#8221; row_type=&#8221;row&#8221; use_row_as_full_screen_section=&#8221;no&#8221; type=&#8221;full_width&#8221; angled_section=&#8221;no&#8221; text_align=&#8221;left&#8221; background_image_as_pattern=&#8221;without_pattern&#8221; padding_top=&#8221;15&#8243; z_index=&#8221;&#8221;][vc_column][vc_column_text]<\/p>\n<p style=\"text-align: justify;\">Il y a une trentaine d\u2019ann\u00e9es, mon premier m\u00e9tier \u00e9tait d\u2019\u00eatre musicien et pianiste professionnel. Je n\u2019\u00e9tais pas un Chopin, j\u2019\u00e9tais un pianiste de jazz, de vari\u00e9t\u00e9, et j\u2019en faisais mon m\u00e9tier. \u00c0 l\u2019\u00e9poque d\u00e9j\u00e0, je ne mettais jamais l\u2019accent sur la r\u00e9ussite sociale, ou sur un sc\u00e9nario du genre : maison, retraite, assurances sociales. Cela ne m\u2019a jamais int\u00e9ress\u00e9. La principale question qui m\u2019a toujours harcel\u00e9 dans ma vie et qui m\u2019a amen\u00e9 vers tout cela, c\u2019est : Qui suis-je et pourquoi suis-je ici ? Suis-je simplement un bifteck qui se balade sur un caillou qui se balade dans le Cosmos ? Voil\u00e0 les questions un peu vertes que je me posais parfois, qui me harcelaient et me rendaient malheureux.<\/p>\n<p>[\/vc_column_text][\/vc_column][\/vc_row][vc_row css_animation=&#8221;&#8221; row_type=&#8221;row&#8221; use_row_as_full_screen_section=&#8221;no&#8221; type=&#8221;full_width&#8221; angled_section=&#8221;no&#8221; text_align=&#8221;left&#8221; background_image_as_pattern=&#8221;without_pattern&#8221; padding_top=&#8221;20&#8243; z_index=&#8221;&#8221;][vc_column][vc_column_text]<\/p>\n<p style=\"text-align: justify;\">Plus tard, j\u2019ai pris des cours de naturopathie \u00e0 Paris, parce que je sentais bien qu\u2019ici, au niveau m\u00e9dical, il y avait des choses incompl\u00e8tes. Puis je me suis install\u00e9 en tant que naturopathe, dans le nord de la France, dans la r\u00e9gion de Lille. L\u00e0, j\u2019ai beaucoup appris avec les personnes qui venaient me voir. J\u2019ai appris peu \u00e0 peu, sur des milliers et des milliers de consultations, en 7 ans, que la maladie \u00e9tait quelque chose d\u2019extraordinaire comme enseignement et comme cadeau. Suite \u00e0 \u00e7a, ma conscience progressa peu \u00e0 peu, la maturit\u00e9 venant, et je me suis mis \u00e0 aller davantage dans l\u2019\u00e9nergie, le magn\u00e9tisme, la g\u00e9obiologie etc., tout en lisant des tas de livres, ceux d\u2019Anne et Daniel Meurois Givaudan, les Dialogues Avec l\u2019Ange, et en 1990, un beau jour, il y a une \u00e9nergie tr\u00e8s sp\u00e9ciale qui a commenc\u00e9 \u00e0 me traverser. Et l\u00e0 j\u2019ai senti, en ressentant cette \u00e9nergie, que je retrouvais ma famille, celle qui m\u2019avait abandonn\u00e9 sur la terre.<\/p>\n<p>[\/vc_column_text][\/vc_column][\/vc_row][vc_row css_animation=&#8221;&#8221; row_type=&#8221;row&#8221; use_row_as_full_screen_section=&#8221;no&#8221; type=&#8221;full_width&#8221; angled_section=&#8221;no&#8221; text_align=&#8221;left&#8221; background_image_as_pattern=&#8221;without_pattern&#8221; padding_top=&#8221;20&#8243; z_index=&#8221;&#8221;][vc_column][vc_column_text]<\/p>\n<p style=\"text-align: justify;\">Suite \u00e0 cela, il s\u2019est pass\u00e9 que j\u2019ai perdu ma famille terrestre, j\u2019ai perdu ma profession, mon logement, bref j\u2019ai \u00e9t\u00e9 compl\u00e8tement d\u00e9pouill\u00e9, et je suis rest\u00e9 dans une sorte de no man\u2019s land pendant deux ou trois ans. J\u2019ai v\u00e9cu un peu en Suisse, un peu partout, toujours sans logement, sans argent, et voyez je suis encore l\u00e0, vivant. \u00c7a me fait penser \u00e0 une parole du roi David qui disait : \u201cJe n\u2019ai jamais vu le juste abandonn\u00e9, ni sa post\u00e9rit\u00e9 mendier son pain.\u201d (Ps. 37 : 25) Si chacun suivait sa voie, vous pourriez partir en Afrique du Sud avec seulement une brosse \u00e0 dents, il n\u2019y a pas de probl\u00e8me, vous aurez logement, nourriture et v\u00eatements propres, et m\u00eame une baignoire pour vous laver.<\/p>\n<p>[\/vc_column_text][\/vc_column][\/vc_row][vc_row css_animation=&#8221;&#8221; row_type=&#8221;row&#8221; use_row_as_full_screen_section=&#8221;no&#8221; type=&#8221;full_width&#8221; angled_section=&#8221;no&#8221; text_align=&#8221;left&#8221; background_image_as_pattern=&#8221;without_pattern&#8221; padding_top=&#8221;20&#8243; z_index=&#8221;&#8221;][vc_column][vc_column_text]<\/p>\n<p style=\"text-align: justify;\">En 1994, j\u2019ai commenc\u00e9 \u00e0 avoir trois r\u00eaves qui ont vraiment mis une petite impulsion sur cette recherche. Je savais que je ne pouvais plus soigner les gens comme je le faisais dans cette conscience d\u2019avant. \u00c7a ne m\u2019int\u00e9ressait plus d\u2019ailleurs, c\u2019\u00e9tait tr\u00e8s lourd pour moi de continuer \u00e0 le faire, et de toute fa\u00e7on il n\u2019y avait plus de clients. Mais le \u201cnouveau\u201d n\u2019\u00e9tait pas venu. J\u2019ai donc eu une p\u00e9riode un peu angoissante, difficile il faut dire, qui m\u2019a profond\u00e9ment purifi\u00e9 au niveau de mes besoins de confort, de s\u00e9curit\u00e9 financi\u00e8re, de mes besoins d\u2019avoir une compagne, d\u2019avoir des enfants, de tous ces sc\u00e9narios dans lesquels on nous a programm\u00e9s depuis des mill\u00e9naires &#8211; on dira pourquoi tout \u00e0 l\u2019heure. J\u2019ai donc eu trois r\u00eaves, dont je vais vous donner le contenu, et ces trois r\u00eaves m\u2019ont permis de d\u00e9marrer sur ce chemin inconnu qui a conduit \u00e0 cette eau, et qui plus tard conduira \u00e0 autre chose d\u00e9j\u00e0 en cours.<\/p>\n<p>[\/vc_column_text][\/vc_column][\/vc_row][vc_row css_animation=&#8221;&#8221; row_type=&#8221;row&#8221; use_row_as_full_screen_section=&#8221;no&#8221; type=&#8221;full_width&#8221; angled_section=&#8221;no&#8221; text_align=&#8221;left&#8221; background_image_as_pattern=&#8221;without_pattern&#8221; padding_top=&#8221;20&#8243; z_index=&#8221;&#8221;][vc_column][vc_column_text]<\/p>\n<p style=\"text-align: justify;\"><span class=\"Style84\">Dans le premier r\u00eave, toujours en 1994, on me disait : tu vas faire un appareil, qui s\u2019appellera ADN 850, et cet appareil ouvrira les portes. Environ quinze jours plus tard, je fais un autre r\u00eave, et on me montre une porte tourniquet, comme dans les entr\u00e9es de supermarch\u00e9s. Des personnes faisaient la queue et introduisaient une carte dans un appareil du genre distributeur de billets, la porte tournait, laissait passer une personne, et derri\u00e8re la porte il y avait un tire-fesses qui les montait au sommet d\u2019une montagne blanche.<\/span><\/p>\n<p style=\"text-align: justify;\"><span class=\"Style84\">L\u2019interpr\u00e9tation de ce r\u00eave, c\u2019est la carte cod\u00e9e (la carte bancaire, c\u2019est une carte cod\u00e9e) qui permettait de d\u00e9bloquer des m\u00e9moires cellulaires afin que les personnes soient port\u00e9es vers la conscience de leur moi sup\u00e9rieur avec beaucoup moins de tracas, de difficult\u00e9s et d\u2019\u00e9preuves.<\/span><\/p>\n<p style=\"text-align: justify;\"><span class=\"Style84\">Dans le troisi\u00e8me r\u00eave, on me montrait une carte de visite, avec un fond argent\u00e9, sur laquelle \u00e9tait \u00e9crit en or : Steel, Storm, Staelhe. Et on me dit : \u00e7a, c\u2019est le nom de ta recherche. Alors Steel, \u00e7a veut dire acier, en anglais. L\u2019acier est compos\u00e9 de fer et de carbone. Or vous savez que notre corps physique, notre ADN, l\u2019atome m\u00eame de la chair physique, c\u2019est du carbone. Il y a certaines \u00e9toiles, certaines plan\u00e8tes, sur lesquelles il y a des races humaines qui sont faites \u00e0 base de silice. Mais nous, ici, nous sommes \u00e0 base de carbone, dont le nombre est le 666. \u00c7a vous rappelle quelque chose, n\u2019est-ce-pas ? C\u2019est le nombre de la b\u00eate, donc de la b\u00eate dans laquelle nous sommes incarn\u00e9s. Nous sommes des mammif\u00e8res am\u00e9lior\u00e9s, ou des anges un peu diminu\u00e9s&#8230;<\/span><\/p>\n<p>[\/vc_column_text][\/vc_column][\/vc_row][vc_row css_animation=&#8221;&#8221; row_type=&#8221;row&#8221; use_row_as_full_screen_section=&#8221;no&#8221; type=&#8221;full_width&#8221; angled_section=&#8221;no&#8221; text_align=&#8221;left&#8221; background_image_as_pattern=&#8221;without_pattern&#8221; padding_top=&#8221;20&#8243; z_index=&#8221;&#8221;][vc_column][vc_column_text]<\/p>\n<p style=\"text-align: justify;\"><span class=\"Style84\">Avec ces trois r\u00eaves, qu\u2019est-ce que j\u2019ai fait ? Il ne faut pas croire que je suis un \u201cchannel\u201d hyper aiguis\u00e9. Il ne faut pas croire non plus que je suis un universitaire hyper dou\u00e9. J\u2019ai \u00e9t\u00e9 \u00e0 l\u2019\u00e9cole jusqu\u2019\u00e0 16 ans. Mais dans cette recherche je me suis laiss\u00e9 guider par qui ? Par des personnes comme vous, qui m\u2019ont dit \u201ctiens, lis tel livre\u201d, ou \u201cregarde l\u00e0-bas\u201d, \u201c\u00e9coute dans l\u2019autobus ce qu\u2019on te dit\u201d, et j\u2019ai ainsi eu des messages \u00e0 travers la bouche de tous, et j\u2019ai en effet r\u00e9ussi \u00e0 avoir des livres sur la physique quantique, qui parlent de la constance de Planck et de toutes ces choses dont je ne connais que l\u2019abc, mais c\u2019est suffisant, je n\u2019ai pas besoin de faire de l\u2019ob\u00e9sit\u00e9 intellectuelle. J\u2019ai juste pris ce dont j\u2019avais besoin pour faire ce que j\u2019avais \u00e0 faire, ici et maintenant.<\/span><\/p>\n<p style=\"text-align: justify;\"><span class=\"Style84\">Un ami tr\u00e8s cher m\u2019invita \u00e0 partager son appartement, cela m\u2019a permis de trouver l\u2019espace, le temps et le silence, car c\u2019est une recherche qui ne se fait pas intellectuellement. Elle se fait par accouchements successifs. Autrement dit, chaque fois que je devais trouver quelque chose, je devais transformer quelque chose en moi avant de le trouver. Mais avant de trouver ce que j\u2019avais \u00e0 transformer il me fallait quelquefois deux ou trois mois.<\/span><\/p>\n<p>[\/vc_column_text][\/vc_column][\/vc_row][vc_row css_animation=&#8221;&#8221; row_type=&#8221;row&#8221; use_row_as_full_screen_section=&#8221;no&#8221; type=&#8221;full_width&#8221; angled_section=&#8221;no&#8221; text_align=&#8221;left&#8221; background_image_as_pattern=&#8221;without_pattern&#8221; padding_top=&#8221;20&#8243; z_index=&#8221;&#8221;][vc_column][vc_column_text]<\/p>\n<p style=\"text-align: justify;\"><span class=\"Style84\">C\u2019\u00e9tait comme si des m\u00e9moires devaient \u00eatres transform\u00e9es afin de devenir transparentes et qu\u2019ainsi je puisse acc\u00e9der \u00e0 cette connaissance que je connais depuis l\u2019Atlantide, car en Atlantide cette recherche a d\u00e9j\u00e0 \u00e9t\u00e9 faite.<\/span><\/p>\n<p style=\"text-align: justify;\"><span class=\"Style84\">Bien s\u00fbr, quand j\u2019ai v\u00e9cu ce genre d\u2019accouchements, imm\u00e9diatement il y a quelque chose qui vient d\u2019une mani\u00e8re tr\u00e8s soudaine, et \u00e0 ce moment-l\u00e0 j\u2019ai le fil conducteur qui me permet d\u2019aller plus loin dans cette recherche. Je sais aussi qu\u2019elle est guid\u00e9e, qu\u2019il y a des \u00eatres dans des vaisseaux spatiaux dans l\u2019au-del\u00e0, des \u00eatres christiques qui m\u2019aident et me guident. Mais ils n\u2019ont jamais fait le travail \u00e0 ma place. Autrement dit, on donne un petit indice, et apr\u00e8s je travaille. Et je pr\u00e9f\u00e8re \u00e7a d\u2019ailleurs. Je pr\u00e9f\u00e8re faire \u00e7a que d\u2019\u00eatre un perroquet c\u00e9leste, un perroquet qui transmet sur terre des choses c\u00e9lestes.<\/span><\/p>\n<p>[\/vc_column_text][\/vc_column][\/vc_row][vc_row css_animation=&#8221;&#8221; row_type=&#8221;row&#8221; use_row_as_full_screen_section=&#8221;no&#8221; type=&#8221;full_width&#8221; angled_section=&#8221;no&#8221; text_align=&#8221;left&#8221; background_image_as_pattern=&#8221;without_pattern&#8221; padding_top=&#8221;49&#8243; z_index=&#8221;&#8221;][vc_column][vc_column_text]<\/p>\n<p><div class=\"ngg-galleria-parent nextgen_pro_horizontal_filmstrip\"\n     data-id=\"607d5de2bea641857020d909b1456f7f\"\n     id=\"displayed_gallery_607d5de2bea641857020d909b1456f7f\">\n\t<div class=\"ngg-galleria\"><\/div>\n\n    <div class=\"ngg-galleria-offscreen-seo-wrapper\">\n                    <a href=\"https:\/\/www.discoverypublisher.com\/fr\/wp-content\/gallery\/joel-ducatillon\/Joel-Ducatillon-1.jpg\"\n               title=\"\"\n               data-src=\"https:\/\/www.discoverypublisher.com\/fr\/wp-content\/gallery\/joel-ducatillon\/Joel-Ducatillon-1.jpg\"\n               data-thumbnail=\"https:\/\/www.discoverypublisher.com\/fr\/wp-content\/gallery\/joel-ducatillon\/thumbs\/thumbs_Joel-Ducatillon-1.jpg\"\n               data-image-id=\"892\"\n               data-title=\"Joel Ducatillon\"\n               data-description=\"\"\n                class=\"ngg-fancybox\" rel=\"607d5de2bea641857020d909b1456f7f\">\n                <picture>\n\t\n<source srcset='https:\/\/www.discoverypublisher.com\/fr\/wp-content\/gallery\/joel-ducatillon\/Joel-Ducatillon-1.jpg' media=''>\n<img title=\"Joel Ducatillon\" alt=\"Joel Ducatillon\" width=\"1024\" height=\"768\" style=\"max-width:1024px;max-height:768px\" src=\"https:\/\/www.discoverypublisher.com\/fr\/wp-content\/gallery\/joel-ducatillon\/Joel-Ducatillon-1.jpg\" srcset=\"https:\/\/www.discoverypublisher.com\/fr\/wp-content\/gallery\/joel-ducatillon\/Joel-Ducatillon-1.jpg\" onerror=\"nggRetryFailedImage(this);\"\/>\n<\/picture>            <\/a>\n                        <a href=\"https:\/\/www.discoverypublisher.com\/fr\/wp-content\/gallery\/joel-ducatillon\/joel-ducatillon-2.jpg\"\n               title=\"\"\n               data-src=\"https:\/\/www.discoverypublisher.com\/fr\/wp-content\/gallery\/joel-ducatillon\/joel-ducatillon-2.jpg\"\n               data-thumbnail=\"https:\/\/www.discoverypublisher.com\/fr\/wp-content\/gallery\/joel-ducatillon\/thumbs\/thumbs_joel-ducatillon-2.jpg\"\n               data-image-id=\"893\"\n               data-title=\"Joel Ducatillon\"\n               data-description=\"\"\n                class=\"ngg-fancybox\" rel=\"607d5de2bea641857020d909b1456f7f\">\n                <picture>\n\t\n<source srcset='https:\/\/www.discoverypublisher.com\/fr\/wp-content\/gallery\/joel-ducatillon\/joel-ducatillon-2.jpg' media=''>\n<img title=\"Joel Ducatillon\" alt=\"Joel Ducatillon\" width=\"960\" height=\"960\" style=\"max-width:960px;max-height:960px\" src=\"https:\/\/www.discoverypublisher.com\/fr\/wp-content\/gallery\/joel-ducatillon\/joel-ducatillon-2.jpg\" srcset=\"https:\/\/www.discoverypublisher.com\/fr\/wp-content\/gallery\/joel-ducatillon\/joel-ducatillon-2.jpg\" onerror=\"nggRetryFailedImage(this);\"\/>\n<\/picture>            <\/a>\n                        <a href=\"https:\/\/www.discoverypublisher.com\/fr\/wp-content\/gallery\/joel-ducatillon\/Joel-Ducatillon-3.jpg\"\n               title=\"\"\n               data-src=\"https:\/\/www.discoverypublisher.com\/fr\/wp-content\/gallery\/joel-ducatillon\/Joel-Ducatillon-3.jpg\"\n               data-thumbnail=\"https:\/\/www.discoverypublisher.com\/fr\/wp-content\/gallery\/joel-ducatillon\/thumbs\/thumbs_Joel-Ducatillon-3.jpg\"\n               data-image-id=\"894\"\n               data-title=\"Joel Ducatillon\"\n               data-description=\"\"\n                class=\"ngg-fancybox\" rel=\"607d5de2bea641857020d909b1456f7f\">\n                <picture>\n\t\n<source srcset='https:\/\/www.discoverypublisher.com\/fr\/wp-content\/gallery\/joel-ducatillon\/Joel-Ducatillon-3.jpg' media=''>\n<img title=\"Joel Ducatillon\" alt=\"Joel Ducatillon\" width=\"480\" height=\"323\" style=\"max-width:480px;max-height:323px\" src=\"https:\/\/www.discoverypublisher.com\/fr\/wp-content\/gallery\/joel-ducatillon\/Joel-Ducatillon-3.jpg\" srcset=\"https:\/\/www.discoverypublisher.com\/fr\/wp-content\/gallery\/joel-ducatillon\/Joel-Ducatillon-3.jpg\" onerror=\"nggRetryFailedImage(this);\"\/>\n<\/picture>            <\/a>\n                        <a href=\"https:\/\/www.discoverypublisher.com\/fr\/wp-content\/gallery\/joel-ducatillon\/Joel-Ducatillon-4.jpg\"\n               title=\"\"\n               data-src=\"https:\/\/www.discoverypublisher.com\/fr\/wp-content\/gallery\/joel-ducatillon\/Joel-Ducatillon-4.jpg\"\n               data-thumbnail=\"https:\/\/www.discoverypublisher.com\/fr\/wp-content\/gallery\/joel-ducatillon\/thumbs\/thumbs_Joel-Ducatillon-4.jpg\"\n               data-image-id=\"895\"\n               data-title=\"Joel Ducatillon\"\n               data-description=\"\"\n                class=\"ngg-fancybox\" rel=\"607d5de2bea641857020d909b1456f7f\">\n                <picture>\n\t\n<source srcset='https:\/\/www.discoverypublisher.com\/fr\/wp-content\/gallery\/joel-ducatillon\/Joel-Ducatillon-4.jpg' media=''>\n<img title=\"Joel Ducatillon\" alt=\"Joel Ducatillon\" width=\"1024\" height=\"768\" style=\"max-width:1024px;max-height:768px\" src=\"https:\/\/www.discoverypublisher.com\/fr\/wp-content\/gallery\/joel-ducatillon\/Joel-Ducatillon-4.jpg\" srcset=\"https:\/\/www.discoverypublisher.com\/fr\/wp-content\/gallery\/joel-ducatillon\/Joel-Ducatillon-4.jpg\" onerror=\"nggRetryFailedImage(this);\"\/>\n<\/picture>            <\/a>\n                        <a href=\"https:\/\/www.discoverypublisher.com\/fr\/wp-content\/gallery\/joel-ducatillon\/Joel-Ducatillon-5.jpg\"\n               title=\"\"\n               data-src=\"https:\/\/www.discoverypublisher.com\/fr\/wp-content\/gallery\/joel-ducatillon\/Joel-Ducatillon-5.jpg\"\n               data-thumbnail=\"https:\/\/www.discoverypublisher.com\/fr\/wp-content\/gallery\/joel-ducatillon\/thumbs\/thumbs_Joel-Ducatillon-5.jpg\"\n               data-image-id=\"896\"\n               data-title=\"Joel Ducatillon\"\n               data-description=\"\"\n                class=\"ngg-fancybox\" rel=\"607d5de2bea641857020d909b1456f7f\">\n                <picture>\n\t\n<source srcset='https:\/\/www.discoverypublisher.com\/fr\/wp-content\/gallery\/joel-ducatillon\/Joel-Ducatillon-5.jpg' media=''>\n<img title=\"Joel Ducatillon\" alt=\"Joel Ducatillon\" width=\"1280\" height=\"720\" style=\"max-width:1280px;max-height:720px\" src=\"https:\/\/www.discoverypublisher.com\/fr\/wp-content\/gallery\/joel-ducatillon\/Joel-Ducatillon-5.jpg\" srcset=\"https:\/\/www.discoverypublisher.com\/fr\/wp-content\/gallery\/joel-ducatillon\/Joel-Ducatillon-5.jpg\" onerror=\"nggRetryFailedImage(this);\"\/>\n<\/picture>            <\/a>\n                        <a href=\"https:\/\/www.discoverypublisher.com\/fr\/wp-content\/gallery\/joel-ducatillon\/Joel-Ducatillon-6.jpg\"\n               title=\"\"\n               data-src=\"https:\/\/www.discoverypublisher.com\/fr\/wp-content\/gallery\/joel-ducatillon\/Joel-Ducatillon-6.jpg\"\n               data-thumbnail=\"https:\/\/www.discoverypublisher.com\/fr\/wp-content\/gallery\/joel-ducatillon\/thumbs\/thumbs_Joel-Ducatillon-6.jpg\"\n               data-image-id=\"897\"\n               data-title=\"Joel Ducatillon\"\n               data-description=\"\"\n                class=\"ngg-fancybox\" rel=\"607d5de2bea641857020d909b1456f7f\">\n                <picture>\n\t\n<source srcset='https:\/\/www.discoverypublisher.com\/fr\/wp-content\/gallery\/joel-ducatillon\/Joel-Ducatillon-6.jpg' media=''>\n<img title=\"Joel Ducatillon\" alt=\"Joel Ducatillon\" width=\"1200\" height=\"800\" style=\"max-width:1200px;max-height:800px\" src=\"https:\/\/www.discoverypublisher.com\/fr\/wp-content\/gallery\/joel-ducatillon\/Joel-Ducatillon-6.jpg\" srcset=\"https:\/\/www.discoverypublisher.com\/fr\/wp-content\/gallery\/joel-ducatillon\/Joel-Ducatillon-6.jpg\" onerror=\"nggRetryFailedImage(this);\"\/>\n<\/picture>            <\/a>\n                        <a href=\"https:\/\/www.discoverypublisher.com\/fr\/wp-content\/gallery\/joel-ducatillon\/Joel-Ducatillon-7.jpg\"\n               title=\"\"\n               data-src=\"https:\/\/www.discoverypublisher.com\/fr\/wp-content\/gallery\/joel-ducatillon\/Joel-Ducatillon-7.jpg\"\n               data-thumbnail=\"https:\/\/www.discoverypublisher.com\/fr\/wp-content\/gallery\/joel-ducatillon\/thumbs\/thumbs_Joel-Ducatillon-7.jpg\"\n               data-image-id=\"898\"\n               data-title=\"Joel Ducatillon\"\n               data-description=\"\"\n                class=\"ngg-fancybox\" rel=\"607d5de2bea641857020d909b1456f7f\">\n                <picture>\n\t\n<source srcset='https:\/\/www.discoverypublisher.com\/fr\/wp-content\/gallery\/joel-ducatillon\/Joel-Ducatillon-7.jpg' media=''>\n<img title=\"Joel Ducatillon\" alt=\"Joel Ducatillon\" width=\"1280\" height=\"720\" style=\"max-width:1280px;max-height:720px\" src=\"https:\/\/www.discoverypublisher.com\/fr\/wp-content\/gallery\/joel-ducatillon\/Joel-Ducatillon-7.jpg\" srcset=\"https:\/\/www.discoverypublisher.com\/fr\/wp-content\/gallery\/joel-ducatillon\/Joel-Ducatillon-7.jpg\" onerror=\"nggRetryFailedImage(this);\"\/>\n<\/picture>            <\/a>\n                <\/div>\n<\/div>\n[\/vc_column_text][\/vc_column][\/vc_row][vc_row css_animation=&#8221;&#8221; row_type=&#8221;row&#8221; use_row_as_full_screen_section=&#8221;no&#8221; type=&#8221;full_width&#8221; angled_section=&#8221;no&#8221; text_align=&#8221;left&#8221; background_image_as_pattern=&#8221;without_pattern&#8221; z_index=&#8221;&#8221;][vc_column][vc_separator type=&#8221;transparent&#8221; down=&#8221;84&#8243;][\/vc_column][\/vc_row]<\/p>\n","protected":false},"excerpt":{"rendered":"<p>Jo\u00ebl Ducatillon est un musicien, naturoth\u00e9rapeute, et auteur de plusieurs ouvrages spirituels, notamment \u00ab L\u2019eau diamant, une conscience \u00bb.<\/p>\n","protected":false},"author":1,"featured_media":21866,"parent":16021,"menu_order":0,"comment_status":"closed","ping_status":"closed","template":"","meta":{"_seopress_robots_primary_cat":"","ngg_post_thumbnail":0},"tags":[9990,9420,9045,9296,9416],"_links":{"self":[{"href":"https:\/\/www.discoverypublisher.com\/fr\/wp-json\/wp\/v2\/pages\/20063"}],"collection":[{"href":"https:\/\/www.discoverypublisher.com\/fr\/wp-json\/wp\/v2\/pages"}],"about":[{"href":"https:\/\/www.discoverypublisher.com\/fr\/wp-json\/wp\/v2\/types\/page"}],"author":[{"embeddable":true,"href":"https:\/\/www.discoverypublisher.com\/fr\/wp-json\/wp\/v2\/users\/1"}],"replies":[{"embeddable":true,"href":"https:\/\/www.discoverypublisher.com\/fr\/wp-json\/wp\/v2\/comments?post=20063"}],"version-history":[{"count":10,"href":"https:\/\/www.discoverypublisher.com\/fr\/wp-json\/wp\/v2\/pages\/20063\/revisions"}],"predecessor-version":[{"id":25705,"href":"https:\/\/www.discoverypublisher.com\/fr\/wp-json\/wp\/v2\/pages\/20063\/revisions\/25705"}],"up":[{"embeddable":true,"href":"https:\/\/www.discoverypublisher.com\/fr\/wp-json\/wp\/v2\/pages\/16021"}],"wp:featuredmedia":[{"embeddable":true,"href":"https:\/\/www.discoverypublisher.com\/fr\/wp-json\/wp\/v2\/media\/21866"}],"wp:attachment":[{"href":"https:\/\/www.discoverypublisher.com\/fr\/wp-json\/wp\/v2\/media?parent=20063"}],"wp:term":[{"taxonomy":"post_tag","embeddable":true,"href":"https:\/\/www.discoverypublisher.com\/fr\/wp-json\/wp\/v2\/tags?post=20063"}],"curies":[{"name":"wp","href":"https:\/\/api.w.org\/{rel}","templated":true}]}}