{"id":20053,"date":"2017-11-24T19:57:55","date_gmt":"2017-11-24T18:57:55","guid":{"rendered":"https:\/\/www.discoverypublisher.com\/fr\/?page_id=20053"},"modified":"2021-12-04T14:17:38","modified_gmt":"2021-12-04T13:17:38","slug":"maurice-magre","status":"publish","type":"page","link":"https:\/\/www.discoverypublisher.com\/fr\/auteurs\/maurice-magre\/","title":{"rendered":"Maurice Magre"},"content":{"rendered":"<p>[vc_row css_animation=&#8221;&#8221; row_type=&#8221;row&#8221; use_row_as_full_screen_section=&#8221;no&#8221; type=&#8221;full_width&#8221; angled_section=&#8221;no&#8221; text_align=&#8221;left&#8221; background_image_as_pattern=&#8221;without_pattern&#8221; padding_top=&#8221;15&#8243; z_index=&#8221;&#8221;][vc_column][vc_column_text]<\/p>\n<p style=\"text-align: justify;\">Maurice Magre \u00e9tait un \u00e9crivain, po\u00e8te et dramaturge fran\u00e7ais. Il fut un d\u00e9fenseur ardent de l&#8217;Occitanie, et contribua grandement \u00e0 faire conna\u00eetre le martyre des Cathares du xiiie si\u00e8cle. Pour ses romans historiques sur le catharisme, Maurice Magre s&#8217;inscrit surtout dans la lign\u00e9e de l&#8217;historien Napol\u00e9on Peyrat, dans le sens o\u00f9 l&#8217;auteur pr\u00e9f\u00e8re souvent les l\u00e9gendes et l&#8217;\u00e9pop\u00e9e romanesque \u00e0 la v\u00e9rit\u00e9 historique.<\/p>\n<p>[\/vc_column_text][\/vc_column][\/vc_row][vc_row css_animation=&#8221;&#8221; row_type=&#8221;row&#8221; use_row_as_full_screen_section=&#8221;no&#8221; type=&#8221;full_width&#8221; angled_section=&#8221;no&#8221; text_align=&#8221;left&#8221; background_image_as_pattern=&#8221;without_pattern&#8221; background_color=&#8221;#ffffff&#8221; padding_top=&#8221;15&#8243; z_index=&#8221;&#8221;][vc_column][vc_column_text]<\/p>\n<p style=\"text-align: justify;\">Il composa ses premiers po\u00e8mes \u00e0 l&#8217;\u00e2ge de quatorze ans. Ses premiers recueils de vers furent publi\u00e9s en&nbsp;1895. \u00c0 partir de&nbsp;1898, il fait publier \u00e0&nbsp;Paris&nbsp;successivement quatre recueils de po\u00e9sies.<\/p>\n<p>[\/vc_column_text][\/vc_column][\/vc_row][vc_row css_animation=&#8221;&#8221; row_type=&#8221;row&#8221; use_row_as_full_screen_section=&#8221;no&#8221; type=&#8221;full_width&#8221; angled_section=&#8221;no&#8221; text_align=&#8221;left&#8221; background_image_as_pattern=&#8221;without_pattern&#8221; padding_top=&#8221;15&#8243; z_index=&#8221;&#8221;][vc_column][vc_column_text]<\/p>\n<p style=\"text-align: justify;\">Durant la premi\u00e8re partie de sa vie, il mena une vie de boh\u00e8me et de d\u00e9bauche et devint m\u00eame&nbsp;opiomane. Il exp\u00e9rimenta toutes les jouissances, rechercha toutes les extases. Cette \u00e9poque de d\u00e9cadence l&#8217;inspira pour certains de ses ouvrages tels que&nbsp;<i>Conseils \u00e0 un Jeune Homme pauvre qui vient faire de la litt\u00e9rature \u00e0 Paris<\/i>,&nbsp;<i>La conqu\u00eate des femmes&nbsp;: conseils \u00e0 un jeune homme<\/i>&nbsp;ou encore&nbsp;<i>Confessions&nbsp;: sur les femmes, l&#8217;amour, l&#8217;opium, l&#8217;id\u00e9al, etc<\/i>. Malgr\u00e9 une r\u00e9putation sulfureuse, il devint cependant un auteur c\u00e9l\u00e8bre et appr\u00e9ci\u00e9. \u00c0 l&#8217;occasion de la parution d&#8217;un de ses livres en&nbsp;1924,&nbsp;<i>Le Figaro<\/i>&nbsp;\u00e9crit&nbsp;:<\/p>\n<p style=\"text-align: justify; padding-left: 40px;\">\u00ab&nbsp;Magre est un anarchiste, un individualiste, un sadique, un opiomane. Il a tous les d\u00e9fauts, c&#8217;est un tr\u00e8s grand \u00e9crivain. Il faut lire son \u0153uvre<sup id=\"cite_ref-Pierrat_3-0\" class=\"reference\"><\/sup>.&nbsp;\u00bb<\/p>\n<p>[\/vc_column_text][\/vc_column][\/vc_row][vc_row css_animation=&#8221;&#8221; row_type=&#8221;row&#8221; use_row_as_full_screen_section=&#8221;no&#8221; type=&#8221;full_width&#8221; angled_section=&#8221;no&#8221; text_align=&#8221;left&#8221; background_image_as_pattern=&#8221;without_pattern&#8221; background_color=&#8221;#ffffff&#8221; padding_top=&#8221;15&#8243; z_index=&#8221;&#8221;][vc_column][vc_column_text]<\/p>\n<p style=\"text-align: justify;\">Dans la seconde partie de sa vie, il s&#8217;int\u00e9resse \u00e0 l&#8217;\u00e9sot\u00e9risme&nbsp;et m\u00e8ne une qu\u00eate spirituelle, il devient&nbsp;martiniste<sup id=\"cite_ref-4\" class=\"reference\"><\/sup>&nbsp;mais ne cesse pas pour autant de publier de nombreux ouvrages, comme en t\u00e9moigne la liste de ses \u0153uvres.<\/p>\n<p style=\"text-align: justify;\">\u2014 En 1919, il d\u00e9couvrit <i>La Doctrine Secr\u00e8te<\/i>, l&#8217;\u0153uvre majeure de&nbsp;Mme Blavatsky, la cofondatrice de la&nbsp;Soci\u00e9t\u00e9 th\u00e9osophique.<\/p>\n<p style=\"text-align: justify;\">\u2014 En 1924, il re\u00e7oit le&nbsp;prix Archon-Desp\u00e9rouses<sup id=\"cite_ref-5\" class=\"reference\"><\/sup>.<\/p>\n<p style=\"text-align: justify;\">\u2014 En&nbsp;1935, bien qu&#8217;il f\u00fbt malade, il entreprit un voyage vers les Indes afin de rencontrer&nbsp;Sri Aurobindo&nbsp;dans son&nbsp;ashram&nbsp;de&nbsp;Pondich\u00e9ry&nbsp;:&nbsp;<i>L&#8217;Ashram de Pondich\u00e9ry. \u00c0 la poursuite de la sagesse<\/i>.<\/p>\n<p style=\"text-align: justify;\">\u2014 Il fonda le&nbsp;<time class=\"nowrap date-lien\" datetime=\"1937-07-26\" data-sort-value=\"1937-07-26\">26&nbsp;juillet&nbsp;1937<\/time>, avec&nbsp;Francis Rolt-Wheeler, la \u00ab&nbsp;Soci\u00e9t\u00e9 des Amis de Monts\u00e9gur et du Saint-Graal&nbsp;\u00bb. Il repose au&nbsp;cimeti\u00e8re de Terre-Cabade&nbsp;\u00e0&nbsp;Toulouse&nbsp;o\u00f9 l&#8217;on peut voir sa tombe.<\/p>\n<p style=\"text-align: justify;\">\u2014 Il est le fr\u00e8re du pr\u00e9fet Andr\u00e9 Magre, qui a \u00e9t\u00e9 secr\u00e9taire g\u00e9n\u00e9ral de la pr\u00e9sidence de la R\u00e9publique pendant toute la mandature d\u2019Albert Lebrun.<\/p>\n<p>[\/vc_column_text][\/vc_column][\/vc_row][vc_row css_animation=&#8221;&#8221; row_type=&#8221;row&#8221; use_row_as_full_screen_section=&#8221;no&#8221; type=&#8221;full_width&#8221; angled_section=&#8221;no&#8221; text_align=&#8221;left&#8221; background_image_as_pattern=&#8221;without_pattern&#8221; background_color=&#8221;#ffffff&#8221; padding_top=&#8221;49&#8243; z_index=&#8221;&#8221;][vc_column][vc_column_text]<\/p>\n<p><div class=\"ngg-galleria-parent nextgen_pro_horizontal_filmstrip\"\n     data-id=\"1282b895c4abead4b5cea86e131c21ab\"\n     id=\"displayed_gallery_1282b895c4abead4b5cea86e131c21ab\">\n\t<div class=\"ngg-galleria\"><\/div>\n\n    <div class=\"ngg-galleria-offscreen-seo-wrapper\">\n                    <a href=\"https:\/\/www.discoverypublisher.com\/fr\/wp-content\/uploads\/sites\/1\/nggallery\/maurice-magre\/maurice-magre-1.jpg\"\n               title=\"Maurice Magre: Le Sang de Toulouse\"\n               data-src=\"https:\/\/www.discoverypublisher.com\/fr\/wp-content\/uploads\/sites\/1\/nggallery\/maurice-magre\/maurice-magre-1.jpg\"\n               data-thumbnail=\"https:\/\/www.discoverypublisher.com\/fr\/wp-content\/uploads\/sites\/1\/nggallery\/maurice-magre\/thumbs\/thumbs_maurice-magre-1.jpg\"\n               data-image-id=\"930\"\n               data-title=\"Maurice Magre: Le Sang de Toulouse\"\n               data-description=\"Maurice Magre: Le Sang de Toulouse\"\n                class=\"ngg-fancybox\" rel=\"1282b895c4abead4b5cea86e131c21ab\">\n                <picture>\n\t\n<source srcset='https:\/\/www.discoverypublisher.com\/fr\/wp-content\/uploads\/sites\/1\/nggallery\/maurice-magre\/maurice-magre-1.jpg' media=''>\n<img title=\"Maurice Magre: Le Sang de Toulouse\" alt=\"Maurice Magre: Le Sang de Toulouse\" width=\"566\" height=\"800\" style=\"max-width:566px;max-height:800px\" src=\"https:\/\/www.discoverypublisher.com\/fr\/wp-content\/uploads\/sites\/1\/nggallery\/maurice-magre\/maurice-magre-1.jpg\" srcset=\"https:\/\/www.discoverypublisher.com\/fr\/wp-content\/uploads\/sites\/1\/nggallery\/maurice-magre\/maurice-magre-1.jpg\" onerror=\"nggRetryFailedImage(this);\"\/>\n<\/picture>            <\/a>\n                        <a href=\"https:\/\/www.discoverypublisher.com\/fr\/wp-content\/uploads\/sites\/1\/nggallery\/maurice-magre\/maurice-magre-2.jpg\"\n               title=\"Maurice Magre: Lucifer\"\n               data-src=\"https:\/\/www.discoverypublisher.com\/fr\/wp-content\/uploads\/sites\/1\/nggallery\/maurice-magre\/maurice-magre-2.jpg\"\n               data-thumbnail=\"https:\/\/www.discoverypublisher.com\/fr\/wp-content\/uploads\/sites\/1\/nggallery\/maurice-magre\/thumbs\/thumbs_maurice-magre-2.jpg\"\n               data-image-id=\"931\"\n               data-title=\"Maurice Magre: Lucifer\"\n               data-description=\"Maurice Magre: Lucifer\"\n                class=\"ngg-fancybox\" rel=\"1282b895c4abead4b5cea86e131c21ab\">\n                <picture>\n\t\n<source srcset='https:\/\/www.discoverypublisher.com\/fr\/wp-content\/uploads\/sites\/1\/nggallery\/maurice-magre\/maurice-magre-2.jpg' media=''>\n<img title=\"Maurice Magre: Lucifer\" alt=\"Maurice Magre: Lucifer\" width=\"545\" height=\"800\" style=\"max-width:545px;max-height:800px\" src=\"https:\/\/www.discoverypublisher.com\/fr\/wp-content\/uploads\/sites\/1\/nggallery\/maurice-magre\/maurice-magre-2.jpg\" srcset=\"https:\/\/www.discoverypublisher.com\/fr\/wp-content\/uploads\/sites\/1\/nggallery\/maurice-magre\/maurice-magre-2.jpg\" onerror=\"nggRetryFailedImage(this);\"\/>\n<\/picture>            <\/a>\n                        <a href=\"https:\/\/www.discoverypublisher.com\/fr\/wp-content\/uploads\/sites\/1\/nggallery\/maurice-magre\/Maurice-Magre-Lucifer.jpg\"\n               title=\"Maurice Magre: Lucifer\"\n               data-src=\"https:\/\/www.discoverypublisher.com\/fr\/wp-content\/uploads\/sites\/1\/nggallery\/maurice-magre\/Maurice-Magre-Lucifer.jpg\"\n               data-thumbnail=\"https:\/\/www.discoverypublisher.com\/fr\/wp-content\/uploads\/sites\/1\/nggallery\/maurice-magre\/thumbs\/thumbs_Maurice-Magre-Lucifer.jpg\"\n               data-image-id=\"933\"\n               data-title=\"Maurice Magre: Lucifer\"\n               data-description=\"Maurice Magre: Lucifer\"\n                class=\"ngg-fancybox\" rel=\"1282b895c4abead4b5cea86e131c21ab\">\n                <picture>\n\t\n<source srcset='https:\/\/www.discoverypublisher.com\/fr\/wp-content\/uploads\/sites\/1\/nggallery\/maurice-magre\/Maurice-Magre-Lucifer.jpg' media=''>\n<img title=\"Maurice Magre: Lucifer\" alt=\"Maurice Magre: Lucifer\" width=\"303\" height=\"443\" style=\"max-width:303px;max-height:443px\" src=\"https:\/\/www.discoverypublisher.com\/fr\/wp-content\/uploads\/sites\/1\/nggallery\/maurice-magre\/Maurice-Magre-Lucifer.jpg\" srcset=\"https:\/\/www.discoverypublisher.com\/fr\/wp-content\/uploads\/sites\/1\/nggallery\/maurice-magre\/Maurice-Magre-Lucifer.jpg\" onerror=\"nggRetryFailedImage(this);\"\/>\n<\/picture>            <\/a>\n                        <a href=\"https:\/\/www.discoverypublisher.com\/fr\/wp-content\/uploads\/sites\/1\/nggallery\/maurice-magre\/Maurice-Magre.jpg\"\n               title=\"Maurice Magre\"\n               data-src=\"https:\/\/www.discoverypublisher.com\/fr\/wp-content\/uploads\/sites\/1\/nggallery\/maurice-magre\/Maurice-Magre.jpg\"\n               data-thumbnail=\"https:\/\/www.discoverypublisher.com\/fr\/wp-content\/uploads\/sites\/1\/nggallery\/maurice-magre\/thumbs\/thumbs_Maurice-Magre.jpg\"\n               data-image-id=\"934\"\n               data-title=\"Maurice Magre\"\n               data-description=\"Maurice Magre\"\n                class=\"ngg-fancybox\" rel=\"1282b895c4abead4b5cea86e131c21ab\">\n                <picture>\n\t\n<source srcset='https:\/\/www.discoverypublisher.com\/fr\/wp-content\/uploads\/sites\/1\/nggallery\/maurice-magre\/Maurice-Magre.jpg' media=''>\n<img title=\"Maurice Magre\" alt=\"Maurice Magre\" width=\"260\" height=\"259\" style=\"max-width:260px;max-height:259px\" src=\"https:\/\/www.discoverypublisher.com\/fr\/wp-content\/uploads\/sites\/1\/nggallery\/maurice-magre\/Maurice-Magre.jpg\" srcset=\"https:\/\/www.discoverypublisher.com\/fr\/wp-content\/uploads\/sites\/1\/nggallery\/maurice-magre\/Maurice-Magre.jpg\" onerror=\"nggRetryFailedImage(this);\"\/>\n<\/picture>            <\/a>\n                <\/div>\n<\/div>\n[\/vc_column_text][\/vc_column][\/vc_row][vc_row css_animation=&#8221;&#8221; row_type=&#8221;row&#8221; use_row_as_full_screen_section=&#8221;no&#8221; type=&#8221;full_width&#8221; angled_section=&#8221;no&#8221; text_align=&#8221;left&#8221; background_image_as_pattern=&#8221;without_pattern&#8221; background_color=&#8221;#ffffff&#8221; z_index=&#8221;&#8221;][vc_column][vc_separator type=&#8221;transparent&#8221; down=&#8221;84&#8243;][\/vc_column][\/vc_row]<\/p>\n","protected":false},"excerpt":{"rendered":"<p>Maurice Magre est un \u00e9crivain, po\u00e8te et dramaturge. Il fut un d\u00e9fenseur de l&#8217;Occitanie, et contribua grandement \u00e0 faire conna\u00eetre le martyre des Cathares.<\/p>\n","protected":false},"author":1,"featured_media":21853,"parent":16021,"menu_order":0,"comment_status":"closed","ping_status":"closed","template":"","meta":{"_seopress_robots_primary_cat":"","ngg_post_thumbnail":0},"tags":[9990,9420,9045,9301,9416],"_links":{"self":[{"href":"https:\/\/www.discoverypublisher.com\/fr\/wp-json\/wp\/v2\/pages\/20053"}],"collection":[{"href":"https:\/\/www.discoverypublisher.com\/fr\/wp-json\/wp\/v2\/pages"}],"about":[{"href":"https:\/\/www.discoverypublisher.com\/fr\/wp-json\/wp\/v2\/types\/page"}],"author":[{"embeddable":true,"href":"https:\/\/www.discoverypublisher.com\/fr\/wp-json\/wp\/v2\/users\/1"}],"replies":[{"embeddable":true,"href":"https:\/\/www.discoverypublisher.com\/fr\/wp-json\/wp\/v2\/comments?post=20053"}],"version-history":[{"count":10,"href":"https:\/\/www.discoverypublisher.com\/fr\/wp-json\/wp\/v2\/pages\/20053\/revisions"}],"predecessor-version":[{"id":25716,"href":"https:\/\/www.discoverypublisher.com\/fr\/wp-json\/wp\/v2\/pages\/20053\/revisions\/25716"}],"up":[{"embeddable":true,"href":"https:\/\/www.discoverypublisher.com\/fr\/wp-json\/wp\/v2\/pages\/16021"}],"wp:featuredmedia":[{"embeddable":true,"href":"https:\/\/www.discoverypublisher.com\/fr\/wp-json\/wp\/v2\/media\/21853"}],"wp:attachment":[{"href":"https:\/\/www.discoverypublisher.com\/fr\/wp-json\/wp\/v2\/media?parent=20053"}],"wp:term":[{"taxonomy":"post_tag","embeddable":true,"href":"https:\/\/www.discoverypublisher.com\/fr\/wp-json\/wp\/v2\/tags?post=20053"}],"curies":[{"name":"wp","href":"https:\/\/api.w.org\/{rel}","templated":true}]}}