{"id":18119,"date":"2014-09-27T02:30:35","date_gmt":"2014-09-27T00:30:35","guid":{"rendered":"https:\/\/www.discoverypublisher.com\/fr\/?page_id=18119"},"modified":"2026-04-12T08:43:01","modified_gmt":"2026-04-12T06:43:01","slug":"spiritualite","status":"publish","type":"page","link":"https:\/\/www.discoverypublisher.com\/fr\/discours\/spiritualite-religion-et-philosophie\/","title":{"rendered":"Spiritualit\u00e9, Religion et Philosophie"},"content":{"rendered":"","protected":false},"excerpt":{"rendered":"<p>D\u00e9couvrez les conf\u00e9rences et discours qui ont chang\u00e9s l&#8217;Histoire. Vous pouvez soit les \u00e9couter en ligne, soit les t\u00e9l\u00e9charger sur votre m\u00e9dia pr\u00e9f\u00e9r\u00e9.<\/p>\n","protected":false},"author":1,"featured_media":25405,"parent":18116,"menu_order":0,"comment_status":"closed","ping_status":"closed","template":"","meta":{"ngg_post_thumbnail":0},"tags":[9069,9070,10220,9420,9045,9074,9055,9056],"yst_prominent_words":[],"_links":{"self":[{"href":"https:\/\/www.discoverypublisher.com\/fr\/wp-json\/wp\/v2\/pages\/18119"}],"collection":[{"href":"https:\/\/www.discoverypublisher.com\/fr\/wp-json\/wp\/v2\/pages"}],"about":[{"href":"https:\/\/www.discoverypublisher.com\/fr\/wp-json\/wp\/v2\/types\/page"}],"author":[{"embeddable":true,"href":"https:\/\/www.discoverypublisher.com\/fr\/wp-json\/wp\/v2\/users\/1"}],"replies":[{"embeddable":true,"href":"https:\/\/www.discoverypublisher.com\/fr\/wp-json\/wp\/v2\/comments?post=18119"}],"version-history":[{"count":10,"href":"https:\/\/www.discoverypublisher.com\/fr\/wp-json\/wp\/v2\/pages\/18119\/revisions"}],"predecessor-version":[{"id":27312,"href":"https:\/\/www.discoverypublisher.com\/fr\/wp-json\/wp\/v2\/pages\/18119\/revisions\/27312"}],"up":[{"embeddable":true,"href":"https:\/\/www.discoverypublisher.com\/fr\/wp-json\/wp\/v2\/pages\/18116"}],"wp:featuredmedia":[{"embeddable":true,"href":"https:\/\/www.discoverypublisher.com\/fr\/wp-json\/wp\/v2\/media\/25405"}],"wp:attachment":[{"href":"https:\/\/www.discoverypublisher.com\/fr\/wp-json\/wp\/v2\/media?parent=18119"}],"wp:term":[{"taxonomy":"post_tag","embeddable":true,"href":"https:\/\/www.discoverypublisher.com\/fr\/wp-json\/wp\/v2\/tags?post=18119"},{"taxonomy":"yst_prominent_words","embeddable":true,"href":"https:\/\/www.discoverypublisher.com\/fr\/wp-json\/wp\/v2\/yst_prominent_words?post=18119"}],"curies":[{"name":"wp","href":"https:\/\/api.w.org\/{rel}","templated":true}]}}