{"id":29004,"date":"2026-04-06T02:42:42","date_gmt":"2026-04-06T00:42:42","guid":{"rendered":"https:\/\/www.discoverypublisher.com\/es\/?page_id=29004"},"modified":"2026-04-06T02:52:16","modified_gmt":"2026-04-06T00:52:16","slug":"edgar-barrios","status":"publish","type":"page","link":"https:\/\/www.discoverypublisher.com\/es\/autores\/edgar-barrios\/","title":{"rendered":"Edgar Barrios"},"content":{"rendered":"<p>[vc_row css_animation=&#8221;&#8221; row_type=&#8221;row&#8221; use_row_as_full_screen_section=&#8221;no&#8221; type=&#8221;full_width&#8221; angled_section=&#8221;no&#8221; text_align=&#8221;left&#8221; background_image_as_pattern=&#8221;without_pattern&#8221; padding_top=&#8221;15&#8243; z_index=&#8221;&#8221;][vc_column]<blockquote class=' with_quote_icon' style=''><i class='fa fa-quote-right' style=''><\/i><h5 class='blockquote-text' style=''>La Maestra Mar\u00eda ha sido una fuente de paz, amor y conocimiento que me llev\u00f3 a tal punto desconocido de m\u00ed mismo que solo me qued\u00f3 encontrar una forma de hacer que m\u00e1s personas lo tengan y lo aprovechen. Escribir este libro es la manera de compartir mis vivencias para esparcir estas semillas de amor y conciencia para la humanidad\u2026<\/h5><\/blockquote>[\/vc_column][\/vc_row][vc_row css_animation=&#8221;&#8221; row_type=&#8221;row&#8221; use_row_as_full_screen_section=&#8221;no&#8221; type=&#8221;full_width&#8221; angled_section=&#8221;no&#8221; text_align=&#8221;left&#8221; background_image_as_pattern=&#8221;without_pattern&#8221; padding_top=&#8221;25&#8243; z_index=&#8221;&#8221;][vc_column][vc_column_text]<\/p>\n<p class=\"p1\" style=\"text-align: justify;\">Edgar Barrios (Lobo Viajero) es un hombre que ha navegado por las profundas intersecciones de la ciencia cl\u00ednica, el periodismo y las antiguas tradiciones espirituales. Residente de la ciudad de Puebla, M\u00e9xico, Barrios cuenta con m\u00e1s de 20 a\u00f1os de trayectoria como periodista y m\u00e1s de 22 a\u00f1os de experiencia cl\u00ednica como licenciado en psicolog\u00eda.<\/p>\n<p>[\/vc_column_text][\/vc_column][\/vc_row][vc_row css_animation=&#8221;&#8221; row_type=&#8221;row&#8221; use_row_as_full_screen_section=&#8221;no&#8221; type=&#8221;full_width&#8221; angled_section=&#8221;no&#8221; text_align=&#8221;left&#8221; background_image_as_pattern=&#8221;without_pattern&#8221; padding_top=&#8221;25&#8243; z_index=&#8221;&#8221;][vc_column][vc_column_text]<\/p>\n<p class=\"p1\" style=\"text-align: justify;\">Su extensa y destacada carrera convencional, a la que \u00e9l se refiere como el mundo del &#8220;tonal&#8221;, incluye haber sido param\u00e9dico y responsable del \u00e1rea de apoyo psicosocial en la Cruz Roja Mexicana, colaborar como docente en diversas universidades y en el Instituto de Ciencias Forenses y Periciales del Estado de Puebla, y fundar el primer centro de equinoterapia en la Sierra Norte de Puebla.<\/p>\n<p>[\/vc_column_text][\/vc_column][\/vc_row][vc_row css_animation=&#8221;&#8221; row_type=&#8221;row&#8221; use_row_as_full_screen_section=&#8221;no&#8221; type=&#8221;full_width&#8221; angled_section=&#8221;no&#8221; text_align=&#8221;left&#8221; background_image_as_pattern=&#8221;without_pattern&#8221; padding_top=&#8221;25&#8243; z_index=&#8221;&#8221;][vc_column][vc_column_text]<\/p>\n<p class=\"p1\" style=\"text-align: justify;\">Sin embargo, detr\u00e1s de esta vida p\u00fablica, Barrios resguardaba un viaje espiritual profundamente transformador. Como mestizo descendiente de hablantes originarios nahuas por parte de padre y madre, su conexi\u00f3n con la sabidur\u00eda ancestral despert\u00f3 de forma abrupta durante una fuerte crisis personal. En 2008, devastado por el fin de una relaci\u00f3n de 16 a\u00f1os, busc\u00f3 refugio en su labor humanitaria, apoyando a los damnificados por las inundaciones en Tabasco y viajando por Centroam\u00e9rica.<\/p>\n<p>[\/vc_column_text][\/vc_column][\/vc_row][vc_row css_animation=&#8221;&#8221; row_type=&#8221;row&#8221; use_row_as_full_screen_section=&#8221;no&#8221; type=&#8221;full_width&#8221; angled_section=&#8221;no&#8221; text_align=&#8221;left&#8221; background_image_as_pattern=&#8221;without_pattern&#8221; padding_top=&#8221;25&#8243; z_index=&#8221;&#8221;][vc_column][vc_column_text]<\/p>\n<p class=\"p1\" style=\"text-align: justify;\">A su regreso a Zacatl\u00e1n, un encuentro casual con un maestro nahual alter\u00f3 el curso de su vida con una sola y fulminante pregunta: &#8220;\u00bfCu\u00e1nto vales?&#8221;. Este momento inici\u00f3 un aprendizaje que durar\u00eda 11 a\u00f1os, siendo iniciado en tradiciones esot\u00e9ricas prehisp\u00e1nicas como el nahualismo y el toltecayotl, donde aprendi\u00f3 diversas t\u00e9cnicas sanadoras y conoci\u00f3 las plantas maestras.<\/p>\n<p>[\/vc_column_text][\/vc_column][\/vc_row][vc_row css_animation=&#8221;&#8221; row_type=&#8221;row&#8221; use_row_as_full_screen_section=&#8221;no&#8221; type=&#8221;full_width&#8221; angled_section=&#8221;no&#8221; text_align=&#8221;left&#8221; background_image_as_pattern=&#8221;without_pattern&#8221; padding_top=&#8221;25&#8243; z_index=&#8221;&#8221;][vc_column][vc_column_text]<\/p>\n<p class=\"p1\" style=\"text-align: justify;\">Una segunda crisis lo golpe\u00f3 a finales de 2019 y durante 2020, cuando su matrimonio se fractur\u00f3. Estando solo en casa en diciembre de 2020, en medio de una fuerte ventisca que cort\u00f3 la electricidad, Barrios experiment\u00f3 un profundo llamado espiritual. Incluso antes de consumir la planta de manera ritual, sinti\u00f3 la presencia y conect\u00f3 con una entidad espiritual femenina a la que llama amorosamente &#8220;Maestra Mar\u00eda&#8221; \u2014el esp\u00edritu de la cannabis.<\/p>\n<p>[\/vc_column_text][\/vc_column][\/vc_row][vc_row css_animation=&#8221;&#8221; row_type=&#8221;row&#8221; use_row_as_full_screen_section=&#8221;no&#8221; type=&#8221;full_width&#8221; angled_section=&#8221;no&#8221; text_align=&#8221;left&#8221; background_image_as_pattern=&#8221;without_pattern&#8221; padding_top=&#8221;25&#8243; z_index=&#8221;&#8221;][vc_column][vc_column_text]<\/p>\n<p class=\"p1\" style=\"text-align: justify;\">Este encuentro lo oblig\u00f3 a confrontar su propia oscuridad y sus miedos m\u00e1s profundos, gui\u00e1ndolo hacia una sanaci\u00f3n emocional y espiritual inmensurable. A partir de estos bellos y dolorosos regalos de consciencia, Barrios desarroll\u00f3 un sistema \u00fanico de sanaci\u00f3n energ\u00e9tica. Este m\u00e9todo entrelaza el uso ritual de la Maestra Mar\u00eda, la simbolog\u00eda del tarot y la interpretaci\u00f3n de la imagen de la Virgen de Guadalupe como un c\u00f3dice intercultural.<\/p>\n<p>[\/vc_column_text][\/vc_column][\/vc_row][vc_row css_animation=&#8221;&#8221; row_type=&#8221;row&#8221; use_row_as_full_screen_section=&#8221;no&#8221; type=&#8221;full_width&#8221; angled_section=&#8221;no&#8221; text_align=&#8221;left&#8221; background_image_as_pattern=&#8221;without_pattern&#8221; padding_top=&#8221;25&#8243; z_index=&#8221;&#8221;][vc_column][vc_column_text]<\/p>\n<p class=\"p1\" style=\"text-align: justify;\">En 2023 public\u00f3 El libro de la Medicina Tradicional Cann\u00e1bica, con el objetivo de elevar el uso de la marihuana m\u00e1s all\u00e1 del \u00e1mbito l\u00fadico y sin vulnerar el patrimonio de los pueblos originarios. Hoy, Barrios fusiona sus conocimientos cl\u00ednicos y saberes ancestrales para preservar la tradici\u00f3n mexicana e impulsa activamente una iniciativa en la C\u00e1mara de Senadores para que se reconozca legalmente el uso terap\u00e9utico y espiritual de esta planta sagrada.<\/p>\n<p>[\/vc_column_text][\/vc_column][\/vc_row][vc_row css_animation=&#8221;&#8221; row_type=&#8221;row&#8221; use_row_as_full_screen_section=&#8221;no&#8221; type=&#8221;full_width&#8221; angled_section=&#8221;no&#8221; text_align=&#8221;left&#8221; background_image_as_pattern=&#8221;without_pattern&#8221; z_index=&#8221;&#8221;][vc_column][vc_separator type=&#8221;transparent&#8221; down=&#8221;84&#8243;][\/vc_column][\/vc_row]<\/p>\n","protected":false},"excerpt":{"rendered":"<p>Conoce a Edgar Barrios, psic\u00f3logo y autor de El libro de la Medicina Tradicional Cann\u00e1bica. Explora su trayectoria cl\u00ednica y sanaci\u00f3n ancestral.<\/p>\n","protected":false},"author":1,"featured_media":29002,"parent":16021,"menu_order":0,"comment_status":"closed","ping_status":"closed","template":"","meta":{"ngg_post_thumbnail":0},"tags":[8767,9144,8902,9138,9146,9137,8921,9133,8629,8522,9132,9145,9141,8768,9136,9142,9134,9135,9139,9140,9143,9147],"yst_prominent_words":[],"_links":{"self":[{"href":"https:\/\/www.discoverypublisher.com\/es\/wp-json\/wp\/v2\/pages\/29004"}],"collection":[{"href":"https:\/\/www.discoverypublisher.com\/es\/wp-json\/wp\/v2\/pages"}],"about":[{"href":"https:\/\/www.discoverypublisher.com\/es\/wp-json\/wp\/v2\/types\/page"}],"author":[{"embeddable":true,"href":"https:\/\/www.discoverypublisher.com\/es\/wp-json\/wp\/v2\/users\/1"}],"replies":[{"embeddable":true,"href":"https:\/\/www.discoverypublisher.com\/es\/wp-json\/wp\/v2\/comments?post=29004"}],"version-history":[{"count":3,"href":"https:\/\/www.discoverypublisher.com\/es\/wp-json\/wp\/v2\/pages\/29004\/revisions"}],"predecessor-version":[{"id":29007,"href":"https:\/\/www.discoverypublisher.com\/es\/wp-json\/wp\/v2\/pages\/29004\/revisions\/29007"}],"up":[{"embeddable":true,"href":"https:\/\/www.discoverypublisher.com\/es\/wp-json\/wp\/v2\/pages\/16021"}],"wp:featuredmedia":[{"embeddable":true,"href":"https:\/\/www.discoverypublisher.com\/es\/wp-json\/wp\/v2\/media\/29002"}],"wp:attachment":[{"href":"https:\/\/www.discoverypublisher.com\/es\/wp-json\/wp\/v2\/media?parent=29004"}],"wp:term":[{"taxonomy":"post_tag","embeddable":true,"href":"https:\/\/www.discoverypublisher.com\/es\/wp-json\/wp\/v2\/tags?post=29004"},{"taxonomy":"yst_prominent_words","embeddable":true,"href":"https:\/\/www.discoverypublisher.com\/es\/wp-json\/wp\/v2\/yst_prominent_words?post=29004"}],"curies":[{"name":"wp","href":"https:\/\/api.w.org\/{rel}","templated":true}]}}