{"id":28991,"date":"2026-03-20T09:29:14","date_gmt":"2026-03-20T08:29:14","guid":{"rendered":"https:\/\/www.discoverypublisher.com\/es\/?page_id=28991"},"modified":"2026-03-20T09:36:53","modified_gmt":"2026-03-20T08:36:53","slug":"terminos-de-servicio","status":"publish","type":"page","link":"https:\/\/www.discoverypublisher.com\/es\/terminos-de-servicio\/","title":{"rendered":"T\u00e9rminos de servicio"},"content":{"rendered":"<p>[vc_row css_animation=&#8221;&#8221; row_type=&#8221;row&#8221; use_row_as_full_screen_section=&#8221;no&#8221; type=&#8221;full_width&#8221; angled_section=&#8221;no&#8221; text_align=&#8221;left&#8221; background_image_as_pattern=&#8221;without_pattern&#8221; padding_top=&#8221;35&#8243; z_index=&#8221;&#8221;][vc_column width=&#8221;1\/6&#8243;][vc_separator type=&#8221;transparent&#8221; down=&#8221;5&#8243;][\/vc_column][vc_column width=&#8221;2\/3&#8243;][vc_column_text]Al utilizar el sitio web de <strong>Discovery Publisher<\/strong>, usted acepta los siguientes t\u00e9rminos:[\/vc_column_text][vc_separator type=&#8221;transparent&#8221; down=&#8221;5&#8243;][vc_column_text]<\/p>\n<h2>1. Propiedad del Contenido<\/h2>\n<p>Todo el contenido de este sitio (textos, gr\u00e1ficos y logotipos) es propiedad de Discovery Publisher o de nuestros autores representados. No puede reproducir ni distribuir ninguna parte de este sitio sin permiso expreso por escrito.[\/vc_column_text][vc_separator type=&#8221;transparent&#8221; down=&#8221;5&#8243;][vc_column_text]<\/p>\n<h2>2. Ausencia de Relaci\u00f3n de Agencia<\/h2>\n<p>El env\u00edo de un manuscrito o el contacto a trav\u00e9s de este sitio no constituye un acuerdo legal de representaci\u00f3n o publicaci\u00f3n. Solo se establece una relaci\u00f3n formal mediante un contrato escrito firmado por ambas partes.[\/vc_column_text][vc_separator type=&#8221;transparent&#8221; down=&#8221;5&#8243;][vc_column_text]<\/p>\n<h2>3. Conducta del Usuario<\/h2>\n<p>Agradecemos las consultas serias. Sin embargo, est\u00e1 estrictamente prohibido cualquier intento de comprometer la seguridad del sitio, extraer datos (scraping) para entrenamiento de IA sin permiso o enviar archivos maliciosos.[\/vc_column_text][vc_separator type=&#8221;transparent&#8221; down=&#8221;5&#8243;][vc_column_text]<\/p>\n<h2>4. Limitaci\u00f3n de Responsabilidad<\/h2>\n<p>Discovery Publisher ofrece este sitio &#8220;tal cual&#8221;. No nos hacemos responsables de da\u00f1os indirectos derivados del uso del sitio o de la informaci\u00f3n aqu\u00ed contenida.[\/vc_column_text][vc_separator type=&#8221;transparent&#8221; down=&#8221;5&#8243;][vc_column_text]<\/p>\n<h2>5. Ley Aplicable<\/h2>\n<p>Estos t\u00e9rminos se rigen por las leyes de Irlanda, y cualquier disputa ser\u00e1 resuelta en los tribunales competentes de dicha jurisdicci\u00f3n.[\/vc_column_text][vc_separator type=&#8221;transparent&#8221; down=&#8221;5&#8243;][vc_column_text]<\/p>\n<h2>6. Contact Information<\/h2>\n<p>Para ejercer sus derechos o plantear cualquier pregunta sobre nuestras pr\u00e1cticas de privacidad, p\u00f3ngase en contacto con el <a href=\"https:\/\/www.discoverypublisher.com\/es\/contactanos\/\">Equipo de T\u00e9rminos de Servicio de Discovery Publisher<\/a>.[\/vc_column_text][\/vc_column][vc_column width=&#8221;1\/6&#8243;][\/vc_column][\/vc_row][vc_row css_animation=&#8221;&#8221; row_type=&#8221;row&#8221; use_row_as_full_screen_section=&#8221;no&#8221; type=&#8221;full_width&#8221; angled_section=&#8221;no&#8221; text_align=&#8221;left&#8221; background_image_as_pattern=&#8221;without_pattern&#8221; background_color=&#8221;#ffffff&#8221; padding_top=&#8221;40&#8243;][vc_column][vc_separator type=&#8221;transparent&#8221; down=&#8221;40&#8243;][\/vc_column][\/vc_row]<\/p>\n","protected":false},"excerpt":{"rendered":"<p>Al utilizar el sitio web de Discovery Publisher, usted acepta las siguientes condiciones: Propiedad del contenido, Ausencia de relaci\u00f3n de representaci\u00f3n, Conducta del usuario, Limitaci\u00f3n de responsabilidad, Legislaci\u00f3n aplicable e Informaci\u00f3n de contacto.<\/p>\n","protected":false},"author":1,"featured_media":0,"parent":0,"menu_order":0,"comment_status":"closed","ping_status":"closed","template":"","meta":{"_seopress_robots_primary_cat":"","ngg_post_thumbnail":0},"tags":[8921,8629,9129],"_links":{"self":[{"href":"https:\/\/www.discoverypublisher.com\/es\/wp-json\/wp\/v2\/pages\/28991"}],"collection":[{"href":"https:\/\/www.discoverypublisher.com\/es\/wp-json\/wp\/v2\/pages"}],"about":[{"href":"https:\/\/www.discoverypublisher.com\/es\/wp-json\/wp\/v2\/types\/page"}],"author":[{"embeddable":true,"href":"https:\/\/www.discoverypublisher.com\/es\/wp-json\/wp\/v2\/users\/1"}],"replies":[{"embeddable":true,"href":"https:\/\/www.discoverypublisher.com\/es\/wp-json\/wp\/v2\/comments?post=28991"}],"version-history":[{"count":2,"href":"https:\/\/www.discoverypublisher.com\/es\/wp-json\/wp\/v2\/pages\/28991\/revisions"}],"predecessor-version":[{"id":28994,"href":"https:\/\/www.discoverypublisher.com\/es\/wp-json\/wp\/v2\/pages\/28991\/revisions\/28994"}],"wp:attachment":[{"href":"https:\/\/www.discoverypublisher.com\/es\/wp-json\/wp\/v2\/media?parent=28991"}],"wp:term":[{"taxonomy":"post_tag","embeddable":true,"href":"https:\/\/www.discoverypublisher.com\/es\/wp-json\/wp\/v2\/tags?post=28991"}],"curies":[{"name":"wp","href":"https:\/\/api.w.org\/{rel}","templated":true}]}}