{"id":28989,"date":"2026-03-20T08:53:30","date_gmt":"2026-03-20T07:53:30","guid":{"rendered":"https:\/\/www.discoverypublisher.com\/es\/?page_id=28989"},"modified":"2026-03-20T09:38:21","modified_gmt":"2026-03-20T08:38:21","slug":"codigo-de-etica-y-estandares","status":"publish","type":"page","link":"https:\/\/www.discoverypublisher.com\/es\/codigo-de-etica-y-estandares\/","title":{"rendered":"C\u00f3digo de \u00e9tica y est\u00e1ndares"},"content":{"rendered":"<p>[vc_row css_animation=&#8221;&#8221; row_type=&#8221;row&#8221; use_row_as_full_screen_section=&#8221;no&#8221; type=&#8221;full_width&#8221; angled_section=&#8221;no&#8221; text_align=&#8221;left&#8221; background_image_as_pattern=&#8221;without_pattern&#8221; padding_top=&#8221;35&#8243; z_index=&#8221;&#8221;][vc_column width=&#8221;1\/6&#8243;][vc_separator type=&#8221;transparent&#8221; down=&#8221;5&#8243;][\/vc_column][vc_column width=&#8221;2\/3&#8243;][vc_column_text]<strong>Discovery Publisher<\/strong> est\u00e1 comprometido con los m\u00e1s altos niveles de conducta profesional en la industria editorial. Alineamos nuestras operaciones con el <strong>C\u00f3digo de Est\u00e1ndares de la Alliance of Independent Authors (ALLi)<\/strong> para asegurar que nuestros autores sean tratados como verdaderos socios.[\/vc_column_text][vc_separator type=&#8221;transparent&#8221; down=&#8221;5&#8243;][vc_column_text]<\/p>\n<h2>1. Transparencia y Claridad<\/h2>\n<p>Proporcionamos acuerdos escritos claros para cada proyecto. No hacemos &#8220;promesas infladas&#8221; sobre ventas o resultados, y garantizamos que los autores comprendan los servicios prestados, los costes y los plazos de entrega.[\/vc_column_text][vc_separator type=&#8221;transparent&#8221; down=&#8221;5&#8243;][vc_column_text]<\/p>\n<h2>2. Derechos y Propiedad<\/h2>\n<p>Creemos que los autores deben conservar el mayor control y propiedad posible sobre su propiedad intelectual.<\/p>\n<ul>\n<li><strong>Opciones No Exclusivas<\/strong>: Siempre que sea posible, ofrecemos acuerdos no exclusivos.<\/li>\n<li><strong>Reversi\u00f3n de Derechos<\/strong>: Nuestros contratos incluyen cl\u00e1usulas de rescisi\u00f3n claras y t\u00e9rminos de reversi\u00f3n de derechos si un libro deja de estar disponible o no se cumplen los hitos de rendimiento.<\/li>\n<li><strong>Propiedad de Archivos<\/strong>: Los autores tienen derecho a los archivos finales de producci\u00f3n de su obra una vez cumplidos los t\u00e9rminos del contrato.<\/li>\n<\/ul>\n<p>[\/vc_column_text][vc_separator type=&#8221;transparent&#8221; down=&#8221;5&#8243;][vc_column_text]<\/p>\n<h2>3. \u00c9tica Financiera<\/h2>\n<ul>\n<li><strong>Sin Costes Ocultos<\/strong>: Todos los costes se desglosan por adelantado. No aplicamos tarifas abusivas ni ocultamos m\u00e1rgenes en servicios de terceros como impresi\u00f3n o distribuci\u00f3n.<\/li>\n<li><strong>Regal\u00edas Puntuales<\/strong>: Proporcionamos informes de regal\u00edas transparentes y aseguramos que los pagos se realicen seg\u00fan el calendario acordado.<\/li>\n<\/ul>\n<p>[\/vc_column_text][vc_separator type=&#8221;transparent&#8221; down=&#8221;5&#8243;][vc_column_text]<\/p>\n<h2>4. Comunicaci\u00f3n y responsabilidad<\/h2>\n<p>Tratamos a nuestros autores como compa\u00f1eros, no solo como \u00abcreadores de contenido\u00bb. Mantenemos una comunicaci\u00f3n fluida a lo largo de todo el proceso de edici\u00f3n, dise\u00f1o y distribuci\u00f3n, asegur\u00e1ndonos de que el autor participe en todas las decisiones creativas importantes.[\/vc_column_text][vc_separator type=&#8221;transparent&#8221; down=&#8221;5&#8243;][vc_column_text]<\/p>\n<h2>5. IA y Tecnolog\u00eda<\/h2>\n<p>En l\u00ednea con nuestro compromiso con la creatividad humana, utilizamos la tecnolog\u00eda \u2014incluida la IA\u2014 \u00fanicamente como herramienta de eficiencia (tareas administrativas o gesti\u00f3n de datos locales) y nunca para reemplazar la voz creativa central del autor.[\/vc_column_text][vc_separator type=&#8221;transparent&#8221; down=&#8221;5&#8243;][vc_column_text]<\/p>\n<h2>6. Informaci\u00f3n de contacto<\/h2>\n<p>Para ejercer sus derechos o plantear cualquier pregunta sobre nuestras pr\u00e1cticas de privacidad, p\u00f3ngase en contacto con el <a href=\"https:\/\/www.discoverypublisher.com\/es\/contactanos\/\">Equipo de C\u00f3digo de \u00c9tica y Est\u00e1ndares de Discovery Publisher<\/a>.[\/vc_column_text][\/vc_column][vc_column width=&#8221;1\/6&#8243;][\/vc_column][\/vc_row][vc_row css_animation=&#8221;&#8221; row_type=&#8221;row&#8221; use_row_as_full_screen_section=&#8221;no&#8221; type=&#8221;full_width&#8221; angled_section=&#8221;no&#8221; text_align=&#8221;left&#8221; background_image_as_pattern=&#8221;without_pattern&#8221; background_color=&#8221;#ffffff&#8221; padding_top=&#8221;40&#8243;][vc_column][vc_separator type=&#8221;transparent&#8221; down=&#8221;40&#8243;][\/vc_column][\/vc_row]<\/p>\n","protected":false},"excerpt":{"rendered":"<p>Discovery Publisher est\u00e1 comprometido con los m\u00e1s altos niveles de conducta profesional en la industria editorial. Alineamos nuestras operaciones con el C\u00f3digo de Est\u00e1ndares de la Alliance of Independent Authors (ALLi) para asegurar que nuestros autores sean tratados como verdaderos socios.<\/p>\n","protected":false},"author":1,"featured_media":0,"parent":0,"menu_order":0,"comment_status":"closed","ping_status":"closed","template":"","meta":{"_seopress_robots_primary_cat":"","ngg_post_thumbnail":0},"tags":[9128,8921,8629],"_links":{"self":[{"href":"https:\/\/www.discoverypublisher.com\/es\/wp-json\/wp\/v2\/pages\/28989"}],"collection":[{"href":"https:\/\/www.discoverypublisher.com\/es\/wp-json\/wp\/v2\/pages"}],"about":[{"href":"https:\/\/www.discoverypublisher.com\/es\/wp-json\/wp\/v2\/types\/page"}],"author":[{"embeddable":true,"href":"https:\/\/www.discoverypublisher.com\/es\/wp-json\/wp\/v2\/users\/1"}],"replies":[{"embeddable":true,"href":"https:\/\/www.discoverypublisher.com\/es\/wp-json\/wp\/v2\/comments?post=28989"}],"version-history":[{"count":2,"href":"https:\/\/www.discoverypublisher.com\/es\/wp-json\/wp\/v2\/pages\/28989\/revisions"}],"predecessor-version":[{"id":28996,"href":"https:\/\/www.discoverypublisher.com\/es\/wp-json\/wp\/v2\/pages\/28989\/revisions\/28996"}],"wp:attachment":[{"href":"https:\/\/www.discoverypublisher.com\/es\/wp-json\/wp\/v2\/media?parent=28989"}],"wp:term":[{"taxonomy":"post_tag","embeddable":true,"href":"https:\/\/www.discoverypublisher.com\/es\/wp-json\/wp\/v2\/tags?post=28989"}],"curies":[{"name":"wp","href":"https:\/\/api.w.org\/{rel}","templated":true}]}}