{"id":28803,"date":"2024-10-03T10:27:43","date_gmt":"2024-10-03T08:27:43","guid":{"rendered":"https:\/\/www.discoverypublisher.com\/es\/?page_id=28803"},"modified":"2024-10-03T10:28:55","modified_gmt":"2024-10-03T08:28:55","slug":"henri-borel","status":"publish","type":"page","link":"https:\/\/www.discoverypublisher.com\/es\/autores\/henri-borel\/","title":{"rendered":"Henri Borel"},"content":{"rendered":"<p>[vc_row css_animation=&#8221;&#8221; row_type=&#8221;row&#8221; use_row_as_full_screen_section=&#8221;no&#8221; type=&#8221;full_width&#8221; angled_section=&#8221;no&#8221; text_align=&#8221;left&#8221; background_image_as_pattern=&#8221;without_pattern&#8221; padding_top=&#8221;15&#8243; z_index=&#8221;&#8221;][vc_column][vc_column_text]<\/p>\n<p style=\"text-align: justify;\">Henri Jean Fran\u00e7ois (Henri) Borel (Dordrecht, 23 de noviembre de 1869 \u2013 La Haya, 31 de agosto de 1933) fue un escritor y periodista holand\u00e9s.<\/p>\n<p>[\/vc_column_text][\/vc_column][\/vc_row][vc_row css_animation=&#8221;&#8221; row_type=&#8221;row&#8221; use_row_as_full_screen_section=&#8221;no&#8221; type=&#8221;full_width&#8221; angled_section=&#8221;no&#8221; text_align=&#8221;left&#8221; background_image_as_pattern=&#8221;without_pattern&#8221; padding_top=&#8221;35&#8243; z_index=&#8221;&#8221;][vc_column][vc_column_text]<\/p>\n<h3>Familia<\/h3>\n<p>[\/vc_column_text][vc_separator type=&#8221;transparent&#8221; up=&#8221;10&#8243;][vc_column_text]<\/p>\n<p style=\"text-align: justify;\">Borel era hijo del futuro mayor general y gobernador de la Real Academia Militar George Frederik Willem Borel y Suzanna Elisabeth Marcella. Su madre era descendiente de la familia Marcella y nieta del general Bernardus Johannes Cornelis Dibbets. Ten\u00eda un hermano menor, Eduard Arnold, que muri\u00f3 con casi 16 a\u00f1os y una hermana mayor, Julie D\u00e9sir\u00e9e Borel (1867-1933), casada con el asistente residente Eduard Ludwig Martin K\u00fchr, funcionario de las Indias Orientales Holandesas. Un primo, el hijo del t\u00edo de Borel, Harry Hubert Borel, era George Borel, teniente naval de segunda clase, que muri\u00f3 en el desastre del barco ariete Adder. Otro primo, hijo de su t\u00edo Henri Ferdinand Borel, fue el futuro teniente general Jean Henri Borel.<\/p>\n<p style=\"text-align: justify;\">Borel se cas\u00f3 tres veces: la primera vez el 8 de junio de 1892 con Maria Christina zur Haar, hija de Franciscus Egbertus zur Haar, maestro de m\u00fasica, y Anna Maria de Jong, la segunda vez el 10 de diciembre de 1902 con Helena Maria de Hartog. hija de Henri de Hartog, comerciante de tabaco, y Carolina Manson[1], y la tercera vez el 23 de febrero de 1911 con Anna Maria Huffstad. De su matrimonio con Helena Maria de Hartog naci\u00f3 su hijo, el futuro actor Louis Borel. De su primer matrimonio tuvo otra hija y un hijo, Wilhelmina Suzanna y Paul Frederik Borel, y de su tercer matrimonio otra hija, Machteld Irmgard Borel.<\/p>\n<p>[\/vc_column_text][\/vc_column][\/vc_row][vc_row css_animation=&#8221;&#8221; row_type=&#8221;row&#8221; use_row_as_full_screen_section=&#8221;no&#8221; type=&#8221;full_width&#8221; angled_section=&#8221;no&#8221; text_align=&#8221;left&#8221; background_image_as_pattern=&#8221;without_pattern&#8221; padding_top=&#8221;35&#8243; z_index=&#8221;&#8221;][vc_column][vc_column_text]<\/p>\n<h3>Carrera<\/h3>\n<p>[\/vc_column_text][vc_separator type=&#8221;transparent&#8221; up=&#8221;10&#8243;][vc_column_text]<strong>Carri\u00e8re en Inde<\/strong><\/p>\n<p style=\"text-align: justify;\">Borel estudi\u00f3 en la HBS de La Haya, Goes y Roermond, aprob\u00f3 el examen de formaci\u00f3n como int\u00e9rprete de chino y continu\u00f3 estudiando este idioma en la Universidad de Leiden, entre otros, con el profesor Schlegel. Parti\u00f3 hacia China en 1892, donde continu\u00f3 sus estudios en la isla de Ku Lang Su; En esta \u00e9poca estall\u00f3 la guerra chino-japonesa (1894) y Borel escribi\u00f3 cartas como corresponsal del Nieuwe Rotterdamse Courant, describiendo la situaci\u00f3n en China. Luego fue nombrado int\u00e9rprete para asuntos chinos en Makassar, Surabaya, Semarang y Pontianak, y luego funcionario para asuntos chinos en Tandjong Pinang. En sus informes, a menudo menciona abusos, corrupci\u00f3n e injusticia, lo que le granjea el descontento de los vecinos. En 1896 fue trasladado a Makassar, donde la situaci\u00f3n se repiti\u00f3. Borel decidi\u00f3, en 1898, repatriarse definitivamente a los Pa\u00edses Bajos. Mientras tanto, hab\u00eda comenzado su obra literaria Wu Wei, una fantas\u00eda filos\u00f3fica, escrita en respuesta a la filosof\u00eda de Lao Tze. Este estudio se incluy\u00f3 posteriormente en el volumen Sabidur\u00eda y belleza en China. El libro ha sido traducido al alem\u00e1n (tres ediciones), franc\u00e9s e ingl\u00e9s (cuatro ediciones); M\u00e1s tarde, Borel lo consider\u00f3 su mejor trabajo y afirm\u00f3: &#8220;Es mi trabajo favorito, hasta el punto de que no me importar\u00eda si todas mis otras publicaciones fueran quemadas, mientras &#8216;Wu Wei&#8217; sobreviva&#8221;.<\/p>\n<p style=\"text-align: justify;\">En 1903, Borel regres\u00f3 a las Indias Orientales, donde estuvo nuevamente destinado en Tandjong Pinang y se le asign\u00f3 la tarea de investigar el funcionamiento de las ordenanzas culis en las minas de esta\u00f1o de Singkep. Investig\u00f3 por su cuenta y encontr\u00f3 condiciones que le resultaron desesperantes. El inflexible informe que redact\u00f3 sobre este tema no se hizo p\u00fablico posteriormente. Esto dio lugar a graves conflictos y fue la raz\u00f3n por la que Borel finalmente regres\u00f3 a los Pa\u00edses Bajos con baja por enfermedad. En 1905, recibi\u00f3 un telegrama del gobernador general JB van Heutsz en Amsterdam, donde se hab\u00eda establecido, indicando que si Borel quer\u00eda regresar a las Indias Orientales, ser\u00eda destinado a Semarang. Borel considera este mensaje como una rehabilitaci\u00f3n y parte hacia la India por tercera vez. All\u00ed, el movimiento chino estaba en pleno apogeo y \u00e9l intent\u00f3, lo mejor que pudo, velar por sus intereses. En 1911 recibi\u00f3 el t\u00edtulo personal de asesor para asuntos chinos. Durante su estancia en la India, Borel entabl\u00f3 amistad, entre otros, con Karel Wijbrands y HC Zentgraaff, lo que no fue alentado por sus superiores y que tambi\u00e9n perjudic\u00f3 su carrera all\u00ed. Wijbrands y Borel compartieron una actitud implacable en contra y a favor de denunciar la injusticia, el abuso y la corrupci\u00f3n.<\/p>\n<p>[\/vc_column_text][\/vc_column][\/vc_row][vc_row css_animation=&#8221;&#8221; row_type=&#8221;row&#8221; use_row_as_full_screen_section=&#8221;no&#8221; type=&#8221;full_width&#8221; angled_section=&#8221;no&#8221; text_align=&#8221;left&#8221; background_image_as_pattern=&#8221;without_pattern&#8221; padding_top=&#8221;15&#8243; z_index=&#8221;&#8221;][vc_column][vc_column_text]<strong>Carrera en los Pa\u00edses Bajos<\/strong><\/p>\n<p style=\"text-align: justify;\">En 1913, Borel regres\u00f3 a los Pa\u00edses Bajos de permiso, donde perdi\u00f3 parte de la vista tras un accidente. Luego se mud\u00f3 a La Haya y, a partir del 1 de noviembre de 1916, comenz\u00f3 a escribir rese\u00f1as de teatro y rese\u00f1as de libros en Het Vaderland. En su papel de cr\u00edtico asumi\u00f3 la postura de ser siempre imparcial, sin conocer vacas sagradas y sin permitir que consideraciones de amistad o enemistad influyeran, lo que le granje\u00f3 muchos enemigos. Borel consider\u00f3 este esp\u00edritu cr\u00edtico un legado de su padre, quien en 1878, con el grado de capit\u00e1n, escribi\u00f3 un libro cr\u00edtico sobre la segunda expedici\u00f3n a Aceh; declar\u00f3 sobre este tema: \u201cPuedo terminar rindiendo homenaje a la memoria del cr\u00edtico valiente que fue mi padre, y de quien tambi\u00e9n hered\u00e9 mi gran amor y mi talento por la m\u00fasica\u201d Borel era amigo de Frederik van Eeden, Johan Thorn Prikker y Louis Couperus. La correspondencia que consta de m\u00e1s de 400 cartas, intercambiada con Van Eeden entre 1889 y 1930, se conserva en la Universidad de \u00c1msterdam y en el Museo Letterkundig.<\/p>\n<p>[\/vc_column_text][\/vc_column][\/vc_row][vc_row css_animation=&#8221;&#8221; row_type=&#8221;row&#8221; use_row_as_full_screen_section=&#8221;no&#8221; type=&#8221;full_width&#8221; angled_section=&#8221;no&#8221; text_align=&#8221;left&#8221; background_image_as_pattern=&#8221;without_pattern&#8221; padding_top=&#8221;35&#8243; z_index=&#8221;&#8221;][vc_column][vc_column_text]<\/p>\n<h3>Enfermedad y muerte<\/h3>\n<p>[\/vc_column_text][vc_separator type=&#8221;transparent&#8221; up=&#8221;10&#8243;][vc_column_text]<\/p>\n<p style=\"text-align: justify;\">Durante los \u00faltimos tres a\u00f1os de su vida, Borel sufri\u00f3 problemas card\u00edacos, luego caminaba con dificultad, padec\u00eda fiebres altas y tuvo que lidiar con una inflamaci\u00f3n en el brazo. Su condici\u00f3n empeor\u00f3 tanto la semana anterior a su muerte que colaps\u00f3. El lunes antes de su muerte, todav\u00eda entregaba ejemplares para el peri\u00f3dico. El mismo d\u00eda lo invadi\u00f3 una fiebre alta, que super\u00f3 los 40 grados; el martes fue reportado enfermo y el mi\u00e9rcoles estaba inconsciente. Muri\u00f3 la noche del 31 de agosto de 1933, tras una breve enfermedad, en La Haya. En su lecho de muerte fue admitido en la Iglesia Cat\u00f3lica. Anteriormente, Borel hab\u00eda sido romanizado, pero nuevamente hubo una separaci\u00f3n. Cuando enferm\u00f3, recibi\u00f3 condicionalmente el santo bautismo. Durante el proceso de agon\u00eda, Wouter Lutkie, un sacerdote de Nuland, rez\u00f3 el Padre Nuestro y el Ave Mar\u00eda por el moribundo converso, as\u00ed como por su familia. 8] M\u00e1s tarde, varios sectores afirmaron que Borel hab\u00eda sido admitido en la iglesia en un estado inconsciente y tal vez sin su voluntad, aunque esto fue negado por la Iglesia Cat\u00f3lica Romana. El sacerdote Wouter Lutkie escribi\u00f3 m\u00e1s tarde en un art\u00edculo en el Nieuwe Tilburgse Courant: Henri Borel y Frederik van Eeden: el diario de Van Eeden atestigua la lealtad incansable de Borel. Donde otros lo abandonaron o no pudieron seguirlo, Borel permaneci\u00f3 unido, o al menos comprensivo. Una amistad leal m\u00e1s all\u00e1 de la muerte. Borel no rechaz\u00f3 la l\u00e1stima aceptada por Van Eeden.<\/p>\n<p style=\"text-align: justify;\">Borel fue enterrado en el cementerio cat\u00f3lico de La Haya, justo antes de que tuviera lugar el solemne funeral en la iglesia parroquial OL Vrouw van Lourdes en Parklaan de La Haya. Tras la muerte de Borel, Het Vaderland recibi\u00f3 numerosas contribuciones, entre otras del actor Alexander Moisi, que escribi\u00f3: \u201cEn mi coraz\u00f3n, mi amigo Borel sigue viviendo\u201d, de la actriz Tilla Durieux, que afirm\u00f3: \u201cLa Haya es impensable sin Henri Borel\u201d y Marie Kalff Lenormand, quien coment\u00f3: \u201cNadie entre los cr\u00edticos holandeses estaba tan bien informado sobre el teatro y la literatura franceses\u201d. Menno ter Braak, entonces profesor de literatura cl\u00e1sica en Rotterdam, sucedi\u00f3 a Borel como editor art\u00edstico de Het Vaderland. Despu\u00e9s de su muerte, su esposa recibi\u00f3 el santo bautismo y la primera comuni\u00f3n en la capilla del internado de Jerusal\u00e9n en Venray, porque quer\u00eda unirse a su marido y a su hija en la misma fe. Borel era el comandante del Drag\u00f3n Verde de Annam.<\/p>\n<p>[\/vc_column_text][\/vc_column][\/vc_row][vc_row css_animation=&#8221;&#8221; row_type=&#8221;row&#8221; use_row_as_full_screen_section=&#8221;no&#8221; type=&#8221;full_width&#8221; angled_section=&#8221;no&#8221; text_align=&#8221;left&#8221; background_image_as_pattern=&#8221;without_pattern&#8221; background_color=&#8221;#ffffff&#8221; z_index=&#8221;&#8221;][vc_column][vc_separator type=&#8221;transparent&#8221; down=&#8221;84&#8243;][\/vc_column][\/vc_row]<\/p>\n","protected":false},"excerpt":{"rendered":"<p>Henri Jean Fran\u00e7ois (Henri) Borel fue un escritor y periodista holand\u00e9s.<\/p>\n","protected":false},"author":1,"featured_media":28805,"parent":16021,"menu_order":0,"comment_status":"closed","ping_status":"closed","template":"","meta":{"ngg_post_thumbnail":0},"tags":[9089,8768],"yst_prominent_words":[],"_links":{"self":[{"href":"https:\/\/www.discoverypublisher.com\/es\/wp-json\/wp\/v2\/pages\/28803"}],"collection":[{"href":"https:\/\/www.discoverypublisher.com\/es\/wp-json\/wp\/v2\/pages"}],"about":[{"href":"https:\/\/www.discoverypublisher.com\/es\/wp-json\/wp\/v2\/types\/page"}],"author":[{"embeddable":true,"href":"https:\/\/www.discoverypublisher.com\/es\/wp-json\/wp\/v2\/users\/1"}],"replies":[{"embeddable":true,"href":"https:\/\/www.discoverypublisher.com\/es\/wp-json\/wp\/v2\/comments?post=28803"}],"version-history":[{"count":2,"href":"https:\/\/www.discoverypublisher.com\/es\/wp-json\/wp\/v2\/pages\/28803\/revisions"}],"predecessor-version":[{"id":28809,"href":"https:\/\/www.discoverypublisher.com\/es\/wp-json\/wp\/v2\/pages\/28803\/revisions\/28809"}],"up":[{"embeddable":true,"href":"https:\/\/www.discoverypublisher.com\/es\/wp-json\/wp\/v2\/pages\/16021"}],"wp:featuredmedia":[{"embeddable":true,"href":"https:\/\/www.discoverypublisher.com\/es\/wp-json\/wp\/v2\/media\/28805"}],"wp:attachment":[{"href":"https:\/\/www.discoverypublisher.com\/es\/wp-json\/wp\/v2\/media?parent=28803"}],"wp:term":[{"taxonomy":"post_tag","embeddable":true,"href":"https:\/\/www.discoverypublisher.com\/es\/wp-json\/wp\/v2\/tags?post=28803"},{"taxonomy":"yst_prominent_words","embeddable":true,"href":"https:\/\/www.discoverypublisher.com\/es\/wp-json\/wp\/v2\/yst_prominent_words?post=28803"}],"curies":[{"name":"wp","href":"https:\/\/api.w.org\/{rel}","templated":true}]}}