{"id":28786,"date":"2024-09-07T08:04:27","date_gmt":"2024-09-07T06:04:27","guid":{"rendered":"https:\/\/www.discoverypublisher.com\/es\/?page_id=28786"},"modified":"2026-03-20T09:42:31","modified_gmt":"2026-03-20T08:42:31","slug":"vyasa","status":"publish","type":"page","link":"https:\/\/www.discoverypublisher.com\/es\/autores\/vyasa\/","title":{"rendered":"Vy\u0101sa"},"content":{"rendered":"<p>[vc_row css_animation=&#8221;&#8221; row_type=&#8221;row&#8221; use_row_as_full_screen_section=&#8221;no&#8221; type=&#8221;full_width&#8221; angled_section=&#8221;no&#8221; text_align=&#8221;left&#8221; background_image_as_pattern=&#8221;without_pattern&#8221; padding_top=&#8221;15&#8243; z_index=&#8221;&#8221;][vc_column][vc_column_text]<\/p>\n<h3 style=\"text-align: justify;\">Vy\u0101sa<\/h3>\n<p>[\/vc_column_text][vc_separator type=&#8221;transparent&#8221; up=&#8221;0&#8243;][vc_column_text]<\/p>\n<p style=\"text-align: justify;\">Vy\u0101sa (devan\u0101gar\u012b: \u0935\u094d\u092f\u093e\u0938) es un rishi legendario, autor y compilador &#8220;protot\u00edpico&#8221; del hinduismo. Vy\u0101sa se considera una funci\u00f3n espiritual e intelectual: esta palabra s\u00e1nscrita significa \u201ccompilador\u201d y designa a los autores de un gran n\u00famero de textos y obras colectivas. Se le conoce como B\u0101dar\u0101ya\u1e47a como el fundador del Vedanta que vivi\u00f3 entre el a\u00f1o 200 a.C. a.C. y 450 d.C. Se dice que escribi\u00f3 el sutra Brahma.<\/p>\n<p style=\"text-align: justify;\">Tambi\u00e9n se le llama Veda Vy\u0101sa (\u0935\u0947\u0926 \u0935\u094d\u092f\u093e\u0938, veda vy\u0101sa), o incluso Krishna Dvaipayana (en referencia a su apariencia y su lugar de nacimiento). Muchas tradiciones vaisnavas lo ven como un avatar de Vishnu. Se le considera la fuente de la definici\u00f3n de Ahi\u1e43s\u0101 com\u00fanmente aceptada en la India. A lo largo de los siglos, otro escritor famoso tom\u00f3 este nombre: un poeta del siglo XVI llamado Harirama Vyasa.<\/p>\n<p>[\/vc_column_text][\/vc_column][\/vc_row][vc_row css_animation=&#8221;&#8221; row_type=&#8221;row&#8221; use_row_as_full_screen_section=&#8221;no&#8221; type=&#8221;full_width&#8221; angled_section=&#8221;no&#8221; text_align=&#8221;left&#8221; background_image_as_pattern=&#8221;without_pattern&#8221; padding_top=&#8221;35&#8243; z_index=&#8221;&#8221;][vc_column][vc_column_text]<\/p>\n<h3>La leyenda de Vy\u0101sa<\/h3>\n<p>[\/vc_column_text][vc_separator type=&#8221;transparent&#8221; up=&#8221;0&#8243;][vc_column_text]<\/p>\n<p style=\"text-align: justify;\">Vy\u0101sa apareci\u00f3 por primera vez como autor y protagonista del Mah\u0101bh\u0101rata. Mientras que algunos creen que la epopeya tiene sus ra\u00edces en acontecimientos hist\u00f3ricos que ocurrieron siglos antes de Cristo, otros aceptan esta obra como un compendio de acontecimientos legendarios y de la filosof\u00eda de la antigua India. Por lo tanto, es imposible saber cu\u00e1ndo vivi\u00f3 el Vy\u0101sa hist\u00f3rico o extraer una historia objetiva de los elementos contenidos en esta epopeya.<\/p>\n<p style=\"text-align: justify;\">Seg\u00fan el Mah\u0101bh\u0101rata, es hijo de Satyavati, hija de un barquero o pescador, y del sabio errante Parashara. Naci\u00f3 en una isla en el r\u00edo Yamuna. Se dice que est\u00e1 cerca de Kalpi en la regi\u00f3n de Jalaun de Uttar Pradesh. Era de piel oscura y se llamaba Krishna (negro) y Dvaipayana, que significa nacido en una isla. El ni\u00f1o se hizo adulto inmediatamente despu\u00e9s de su nacimiento, adopt\u00f3 una vida asc\u00e9tica y r\u00e1pidamente se convirti\u00f3 en uno de los m\u00e1s grandes rishis. Se le considera uno de los ocho Chiranjeevin (longevos o inmortales, como el dios Hanuman) que todav\u00eda existen seg\u00fan las creencias hind\u00faes.<\/p>\n<p>[\/vc_column_text][\/vc_column][\/vc_row][vc_row css_animation=&#8221;&#8221; row_type=&#8221;row&#8221; use_row_as_full_screen_section=&#8221;no&#8221; type=&#8221;full_width&#8221; angled_section=&#8221;no&#8221; text_align=&#8221;left&#8221; background_image_as_pattern=&#8221;without_pattern&#8221; padding_top=&#8221;35&#8243; z_index=&#8221;&#8221;][vc_column][vc_column_text]<\/p>\n<h3>Compilador Vy\u0101sa<\/h3>\n<p>[\/vc_column_text][vc_separator type=&#8221;transparent&#8221; up=&#8221;0&#8243;][vc_column_text]<\/p>\n<div class=\"vc_row wpb_row section vc_row-fluid \">\n<div class=\" full_section_inner clearfix\">\n<div class=\"wpb_column vc_column_container vc_col-sm-12\">\n<div class=\"vc_column-inner\">\n<div class=\"wpb_wrapper\">\n<div class=\"wpb_text_column wpb_content_element \">\n<div class=\"wpb_wrapper\">\n<p style=\"text-align: justify;\">\u201cLa obra atribuida por la tradici\u00f3n india a Vy\u00e2sa se extiende a lo largo de un milenio y es tan abundante que uno puede leg\u00edtimamente dudar de que un solo hombre haya sido el autor\u201d. La historia no ha dejado rastro de Vy\u0101sa. Ser\u00eda el compilador de los Vedas, autor de los Pur\u0101\u1e47as as\u00ed como de la epopeya Mah\u0101bh\u0101rata. Tambi\u00e9n se le considera el autor del texto ved\u00e1ntico del Brahma S\u016btra, as\u00ed como del Yoga Bhashya, un comentario sobre los Yoga S\u016btras, compuesto entre 600 y 800 d.C.<\/p>\n<\/div>\n<\/div>\n<\/div>\n<\/div>\n<\/div>\n<\/div>\n<\/div>\n<p>[\/vc_column_text][\/vc_column][\/vc_row][vc_row css_animation=&#8221;&#8221; row_type=&#8221;row&#8221; use_row_as_full_screen_section=&#8221;no&#8221; type=&#8221;full_width&#8221; angled_section=&#8221;no&#8221; text_align=&#8221;left&#8221; background_image_as_pattern=&#8221;without_pattern&#8221;][vc_column][vc_separator type=&#8221;transparent&#8221; down=&#8221;84&#8243;][\/vc_column][\/vc_row]<\/p>\n","protected":false},"excerpt":{"rendered":"<p>Vy\u0101sa (devan\u0101gar\u012b: \u0935\u094d\u092f\u093e\u0938)1 es un rishi legendario, autor y compilador &#8220;protot\u00edpico&#8221; del hinduismo.<\/p>\n","protected":false},"author":1,"featured_media":28787,"parent":16021,"menu_order":0,"comment_status":"closed","ping_status":"closed","template":"","meta":{"_seopress_robots_primary_cat":"","ngg_post_thumbnail":0},"tags":[8767,8921,8629,8855,9034],"_links":{"self":[{"href":"https:\/\/www.discoverypublisher.com\/es\/wp-json\/wp\/v2\/pages\/28786"}],"collection":[{"href":"https:\/\/www.discoverypublisher.com\/es\/wp-json\/wp\/v2\/pages"}],"about":[{"href":"https:\/\/www.discoverypublisher.com\/es\/wp-json\/wp\/v2\/types\/page"}],"author":[{"embeddable":true,"href":"https:\/\/www.discoverypublisher.com\/es\/wp-json\/wp\/v2\/users\/1"}],"replies":[{"embeddable":true,"href":"https:\/\/www.discoverypublisher.com\/es\/wp-json\/wp\/v2\/comments?post=28786"}],"version-history":[{"count":3,"href":"https:\/\/www.discoverypublisher.com\/es\/wp-json\/wp\/v2\/pages\/28786\/revisions"}],"predecessor-version":[{"id":28791,"href":"https:\/\/www.discoverypublisher.com\/es\/wp-json\/wp\/v2\/pages\/28786\/revisions\/28791"}],"up":[{"embeddable":true,"href":"https:\/\/www.discoverypublisher.com\/es\/wp-json\/wp\/v2\/pages\/16021"}],"wp:featuredmedia":[{"embeddable":true,"href":"https:\/\/www.discoverypublisher.com\/es\/wp-json\/wp\/v2\/media\/28787"}],"wp:attachment":[{"href":"https:\/\/www.discoverypublisher.com\/es\/wp-json\/wp\/v2\/media?parent=28786"}],"wp:term":[{"taxonomy":"post_tag","embeddable":true,"href":"https:\/\/www.discoverypublisher.com\/es\/wp-json\/wp\/v2\/tags?post=28786"}],"curies":[{"name":"wp","href":"https:\/\/api.w.org\/{rel}","templated":true}]}}