{"id":28485,"date":"2022-03-23T05:05:10","date_gmt":"2022-03-23T04:05:10","guid":{"rendered":"https:\/\/www.discoverypublisher.com\/es\/?page_id=28485"},"modified":"2022-03-30T06:06:23","modified_gmt":"2022-03-30T04:06:23","slug":"christine-devin","status":"publish","type":"page","link":"https:\/\/www.discoverypublisher.com\/es\/autores\/christine-devin\/","title":{"rendered":"Christine Devin"},"content":{"rendered":"<p>[vc_row css_animation=&#8221;&#8221; row_type=&#8221;row&#8221; use_row_as_full_screen_section=&#8221;no&#8221; type=&#8221;full_width&#8221; angled_section=&#8221;no&#8221; text_align=&#8221;left&#8221; background_image_as_pattern=&#8221;without_pattern&#8221; padding_top=&#8221;15&#8243; z_index=&#8221;&#8221;][vc_column]<blockquote class=' with_quote_icon' style=''><i class='fa fa-quote-right' style=''><\/i><h5 class='blockquote-text' style=''>Las delicias de la vista, los placeres del o\u00eddo, del olfato, del paladar, del tacto, el disfrute de la imaginaci\u00f3n y del gusto son la textura de su creaci\u00f3n po\u00e9tica, y con ellos produjo maravillas de emoci\u00f3n e idealidad intelectual o est\u00e9tica.\u2009 Las obras de Kalidasa tienen como tel\u00f3n de fondo un para\u00edso universal de cosas bellas. Todo obedece a una ley de gracia terrenal.\u2009La moral se convierte en est\u00e9tica.\u2009El intelecto est\u00e1 impregnado del sentido de la belleza y se deja gobernar por \u00e9l. Y, sin embargo, esta poes\u00eda no nada en la languidez.\u2009No es, como suele ser la poes\u00eda de los sentidos, una obra empalagosa y recargada por el libertinaje, con exceso de mechones rizados y pesta\u00f1eos.\u2009Kalidasa escapa a esto por la castidad de su estilo, la energ\u00eda y la precisi\u00f3n de su frase, y su vigilancia art\u00edstica siempre despierta\u2026<\/h5><\/blockquote>[\/vc_column][\/vc_row][vc_row css_animation=&#8221;&#8221; row_type=&#8221;row&#8221; use_row_as_full_screen_section=&#8221;no&#8221; type=&#8221;full_width&#8221; angled_section=&#8221;no&#8221; text_align=&#8221;left&#8221; background_image_as_pattern=&#8221;without_pattern&#8221; padding_top=&#8221;49&#8243; z_index=&#8221;&#8221;][vc_column width=&#8221;1\/3&#8243;][vc_single_image image=&#8221;28562&#8243; img_size=&#8221;medium&#8221; alignment=&#8221;center&#8221; style=&#8221;vc_box_rounded&#8221; qode_css_animation=&#8221;element_from_left&#8221; transition_delay=&#8221;0.3&#8243;][\/vc_column][vc_column width=&#8221;2\/3&#8243;][vc_column_text]<\/p>\n<p style=\"text-align: justify;\">Estudi\u00e9 literatura en Nanterre, \u00a1estaba en Nanterre en mayo del 68! Al mismo tiempo, hac\u00eda teatro. En 1974, ayud\u00e9 a organizar una \u00abcaravana\u00bb de veh\u00edculos hacia Auroville. Llegu\u00e9 all\u00ed el 20 de diciembre de 1974.<\/p>\n<p style=\"text-align: justify;\">Desde entonces vivo en Auroville. Trabaj\u00e9 en varios organismos de Auroville, luego en la escuela, y desde el a\u00f1o 2000, en la imprenta y editorial de Auroville. Aprend\u00ed hindi. En cuanto al s\u00e1nscrito, sin pretender ser una erudita, me basta con maravillarme de las bellezas de esta lengua.<\/p>\n<p style=\"text-align: justify;\">Particip\u00e9 en obras colectivas con fines educativos bajo la direcci\u00f3n de Kireet Joshi, secretario especial del Ministerio de Educaci\u00f3n en Nueva Delhi. En particular, he escrito tres monograf\u00edas, <em>The Great Tapasya of Parvati <\/em>(La gran tapasya de Parvati), <em>Science of Victory<\/em>&nbsp;(<em>Ciencia de la victoria)<\/em> (Nalopakhyanam) y <em>Uniting Men: Jean Monnet (<\/em>Unir a los hombres: Jean Monnet).<\/p>\n<p>[\/vc_column_text][\/vc_column][\/vc_row][vc_row css_animation=&#8221;&#8221; row_type=&#8221;row&#8221; use_row_as_full_screen_section=&#8221;no&#8221; type=&#8221;full_width&#8221; angled_section=&#8221;no&#8221; text_align=&#8221;left&#8221; background_image_as_pattern=&#8221;without_pattern&#8221; padding_top=&#8221;49&#8243; z_index=&#8221;&#8221;][vc_column width=&#8221;1\/2&#8243;][vc_column_text]<\/p>\n<p style=\"text-align: justify;\">Dise\u00f1\u00e9 y produje dos presentaciones sobre los escritos de Sri Aurobindo: <em>Sri Aurobindo and his dreams<\/em> (Sri Aurobindo y sus sue\u00f1os) y <em>The Genius of India<\/em> (El genio de la India). Estas presentaciones se hicieron por primera vez en el Centro Internacional de la India en Nueva Delhi, y posteriormente fui a presentarlas en muchas escuelas y universidades de la India durante los a\u00f1os 1997-2001.<\/p>\n<p style=\"text-align: justify;\">He escrito los guiones de dos pel\u00edculas sobre Auroville dirigidas por Olivier Barot: <em>Auroville, a Dream of the divine<\/em> (Auroville, un sue\u00f1o de lo divino) y <em>Auroville the city the earth needs<\/em> (Auroville la ciudad que la tierra necesita).<\/p>\n<p style=\"text-align: justify;\">Soy responsable de la <em>Revue d&#8217;Auroville<\/em>, una revista trimestral en franc\u00e9s. He escrito muchos art\u00edculos en esta revista, uno de mis \u00faltimos art\u00edculos se titula <em>Clemenceau et l\u2019Inde<\/em> (Clemenceau y la India).<\/p>\n<p>[\/vc_column_text][\/vc_column][vc_column width=&#8221;1\/2&#8243;][vc_single_image image=&#8221;28559&#8243; img_size=&#8221;medium&#8221; alignment=&#8221;center&#8221; style=&#8221;vc_box_rounded&#8221; qode_css_animation=&#8221;element_from_left&#8221; transition_delay=&#8221;0.3&#8243;][\/vc_column][\/vc_row][vc_row css_animation=&#8221;&#8221; row_type=&#8221;row&#8221; use_row_as_full_screen_section=&#8221;no&#8221; type=&#8221;full_width&#8221; angled_section=&#8221;no&#8221; text_align=&#8221;left&#8221; background_image_as_pattern=&#8221;without_pattern&#8221; background_color=&#8221;#ffffff&#8221; z_index=&#8221;&#8221;][vc_column][vc_separator type=&#8221;transparent&#8221; down=&#8221;84&#8243;][\/vc_column][\/vc_row]<\/p>\n","protected":false},"excerpt":{"rendered":"<p>Estudi\u00e9 literatura en Nanterre, \u00a1estaba en Nanterre en mayo del 68! Al mismo tiempo, hac\u00eda teatro. En 1974, ayud\u00e9 a organizar una \u00abcaravana\u00bb de veh\u00edculos hacia Auroville. Llegu\u00e9 all\u00ed el 20 de diciembre de 1974. [Christine Devin]<\/p>\n","protected":false},"author":1,"featured_media":28563,"parent":16021,"menu_order":0,"comment_status":"closed","ping_status":"closed","template":"","meta":{"_seopress_robots_primary_cat":"","ngg_post_thumbnail":0},"tags":[9018,8768],"_links":{"self":[{"href":"https:\/\/www.discoverypublisher.com\/es\/wp-json\/wp\/v2\/pages\/28485"}],"collection":[{"href":"https:\/\/www.discoverypublisher.com\/es\/wp-json\/wp\/v2\/pages"}],"about":[{"href":"https:\/\/www.discoverypublisher.com\/es\/wp-json\/wp\/v2\/types\/page"}],"author":[{"embeddable":true,"href":"https:\/\/www.discoverypublisher.com\/es\/wp-json\/wp\/v2\/users\/1"}],"replies":[{"embeddable":true,"href":"https:\/\/www.discoverypublisher.com\/es\/wp-json\/wp\/v2\/comments?post=28485"}],"version-history":[{"count":3,"href":"https:\/\/www.discoverypublisher.com\/es\/wp-json\/wp\/v2\/pages\/28485\/revisions"}],"predecessor-version":[{"id":28566,"href":"https:\/\/www.discoverypublisher.com\/es\/wp-json\/wp\/v2\/pages\/28485\/revisions\/28566"}],"up":[{"embeddable":true,"href":"https:\/\/www.discoverypublisher.com\/es\/wp-json\/wp\/v2\/pages\/16021"}],"wp:featuredmedia":[{"embeddable":true,"href":"https:\/\/www.discoverypublisher.com\/es\/wp-json\/wp\/v2\/media\/28563"}],"wp:attachment":[{"href":"https:\/\/www.discoverypublisher.com\/es\/wp-json\/wp\/v2\/media?parent=28485"}],"wp:term":[{"taxonomy":"post_tag","embeddable":true,"href":"https:\/\/www.discoverypublisher.com\/es\/wp-json\/wp\/v2\/tags?post=28485"}],"curies":[{"name":"wp","href":"https:\/\/api.w.org\/{rel}","templated":true}]}}