{"id":21569,"date":"2021-12-06T03:45:18","date_gmt":"2021-12-06T02:45:18","guid":{"rendered":"https:\/\/www.discoverypublisher.com\/es\/?page_id=21569"},"modified":"2021-12-08T09:44:00","modified_gmt":"2021-12-08T08:44:00","slug":"eugene-caslant","status":"publish","type":"page","link":"https:\/\/www.discoverypublisher.com\/es\/autores\/eugene-caslant\/","title":{"rendered":"Eug\u00e8ne Caslant"},"content":{"rendered":"<p>[vc_row css_animation=&#8221;&#8221; row_type=&#8221;row&#8221; use_row_as_full_screen_section=&#8221;no&#8221; type=&#8221;full_width&#8221; angled_section=&#8221;no&#8221; text_align=&#8221;left&#8221; background_image_as_pattern=&#8221;without_pattern&#8221; padding_top=&#8221;15&#8243; z_index=&#8221;&#8221;][vc_column][vc_column_text]<\/p>\n<p style=\"text-align: justify;\">Eug\u00e8ne Caslant naci\u00f3 el 1 de diciembre de 1865 en Nanteuil-le-Haudouin. Alumno brillante, estudi\u00f3 en la Escuela Polit\u00e9cnica y entr\u00f3 en el ej\u00e9rcito. Como militar de carrera, su inter\u00e9s por las facultades ps\u00edquicas le llev\u00f3 a experimentar. Se interes\u00f3 por la obra de Annie Besant, te\u00f3sofa, y de Camille Flammarion, espiritista. Muri\u00f3 en 1940.<\/p>\n<p>[\/vc_column_text][\/vc_column][\/vc_row][vc_row css_animation=&#8221;&#8221; row_type=&#8221;row&#8221; use_row_as_full_screen_section=&#8221;no&#8221; type=&#8221;full_width&#8221; angled_section=&#8221;no&#8221; text_align=&#8221;left&#8221; background_image_as_pattern=&#8221;without_pattern&#8221; z_index=&#8221;&#8221;][vc_column][vc_separator type=&#8221;transparent&#8221; down=&#8221;84&#8243;][\/vc_column][\/vc_row]<\/p>\n","protected":false},"excerpt":{"rendered":"<p>Eug\u00e8ne Caslant (1865 &#8211; 1940) fue un astr\u00f3logo franc\u00e9s. Gaston Bachelard lo presenta como un precursor de Robert Desoille.<\/p>\n","protected":false},"author":1,"featured_media":21570,"parent":16021,"menu_order":0,"comment_status":"closed","ping_status":"closed","template":"","meta":{"_seopress_robots_primary_cat":"","ngg_post_thumbnail":0},"tags":[8767,8921,8629,8638,8768],"_links":{"self":[{"href":"https:\/\/www.discoverypublisher.com\/es\/wp-json\/wp\/v2\/pages\/21569"}],"collection":[{"href":"https:\/\/www.discoverypublisher.com\/es\/wp-json\/wp\/v2\/pages"}],"about":[{"href":"https:\/\/www.discoverypublisher.com\/es\/wp-json\/wp\/v2\/types\/page"}],"author":[{"embeddable":true,"href":"https:\/\/www.discoverypublisher.com\/es\/wp-json\/wp\/v2\/users\/1"}],"replies":[{"embeddable":true,"href":"https:\/\/www.discoverypublisher.com\/es\/wp-json\/wp\/v2\/comments?post=21569"}],"version-history":[{"count":1,"href":"https:\/\/www.discoverypublisher.com\/es\/wp-json\/wp\/v2\/pages\/21569\/revisions"}],"predecessor-version":[{"id":21571,"href":"https:\/\/www.discoverypublisher.com\/es\/wp-json\/wp\/v2\/pages\/21569\/revisions\/21571"}],"up":[{"embeddable":true,"href":"https:\/\/www.discoverypublisher.com\/es\/wp-json\/wp\/v2\/pages\/16021"}],"wp:featuredmedia":[{"embeddable":true,"href":"https:\/\/www.discoverypublisher.com\/es\/wp-json\/wp\/v2\/media\/21570"}],"wp:attachment":[{"href":"https:\/\/www.discoverypublisher.com\/es\/wp-json\/wp\/v2\/media?parent=21569"}],"wp:term":[{"taxonomy":"post_tag","embeddable":true,"href":"https:\/\/www.discoverypublisher.com\/es\/wp-json\/wp\/v2\/tags?post=21569"}],"curies":[{"name":"wp","href":"https:\/\/api.w.org\/{rel}","templated":true}]}}