{"id":21429,"date":"2021-12-05T01:05:49","date_gmt":"2021-12-05T00:05:49","guid":{"rendered":"https:\/\/www.discoverypublisher.com\/es\/?page_id=21429"},"modified":"2021-12-18T07:28:20","modified_gmt":"2021-12-18T06:28:20","slug":"john-vibes","status":"publish","type":"page","link":"https:\/\/www.discoverypublisher.com\/es\/autores\/john-vibes\/","title":{"rendered":"John Vibes"},"content":{"rendered":"<p>[vc_row css_animation=&#8221;&#8221; row_type=&#8221;row&#8221; use_row_as_full_screen_section=&#8221;no&#8221; type=&#8221;full-width&#8221; angled_section=&#8221;no&#8221; text_align=&#8221;left&#8221; background_image_as_pattern=&#8221;without_pattern&#8221; padding_top=&#8221;15&#8243;][vc_column][vc_column_text]<\/p>\n<p style=\"text-align: justify;\">John Vibes es un autor que comenz\u00f3 su carrera en la escena underground de las raves, siendo el anfitri\u00f3n de cientos de eventos en todo el este de Estados Unidos.<\/p>\n<p style=\"text-align: justify;\">John pas\u00f3 10 a\u00f1os como periodista y activista en los medios de comunicaci\u00f3n independientes y ahora trabaja en varias funciones en la industria de las criptomonedas para ayudar al avance de las tecnolog\u00edas disruptivas.<\/p>\n<p style=\"text-align: justify;\">John tambi\u00e9n sigue organizando eventos en directo y est\u00e1 desarrollando una serie de libros de ficci\u00f3n.<\/p>\n<p>[\/vc_column_text][\/vc_column][\/vc_row][vc_row css_animation=&#8221;&#8221; row_type=&#8221;row&#8221; use_row_as_full_screen_section=&#8221;no&#8221; type=&#8221;full_width&#8221; angled_section=&#8221;no&#8221; text_align=&#8221;left&#8221; background_image_as_pattern=&#8221;without_pattern&#8221; padding_top=&#8221;35&#8243; z_index=&#8221;&#8221;][vc_column][vc_column_text]<\/p>\n<h3 style=\"text-align: justify;\">PONTE EN CONTACTO CON JOHN<\/h3>\n<p>[\/vc_column_text][vc_separator type=&#8221;transparent&#8221; down=&#8221;5&#8243;][vc_column_text]<\/p>\n<ul>\n<li style=\"text-align: justify;\"><a href=\"https:\/\/www.raveoutlaw.com\">raveoutlaw.com<\/a><\/li>\n<li style=\"text-align: justify;\"><a href=\"https:\/\/twitter.com\/johngvibes\">twitter.com\/johngvibes<\/a><\/li>\n<li style=\"text-align: justify;\"><a href=\"https:\/\/facebook.com\/jgvibes\">facebook.com\/jgvibes<\/a><\/li>\n<li style=\"text-align: justify;\"><a href=\"https:\/\/hive.blog\/@johnvibes\">hive.blog\/@johnvibes<\/a><\/li>\n<\/ul>\n<p>[\/vc_column_text][\/vc_column][\/vc_row][vc_row css_animation=&#8221;&#8221; row_type=&#8221;row&#8221; use_row_as_full_screen_section=&#8221;no&#8221; type=&#8221;full_width&#8221; angled_section=&#8221;no&#8221; text_align=&#8221;left&#8221; background_image_as_pattern=&#8221;without_pattern&#8221; background_color=&#8221;#ffffff&#8221; padding_top=&#8221;40&#8243;][vc_column][vc_separator type=&#8221;transparent&#8221; down=&#8221;40&#8243;][\/vc_column][\/vc_row]<\/p>\n","protected":false},"excerpt":{"rendered":"<p>John Vibes es un autor e investigador que organiza varios eventos de gran envergadura, como la Conferencia &#8220;Libera tu mente&#8221;.<\/p>\n","protected":false},"author":1,"featured_media":21431,"parent":16021,"menu_order":0,"comment_status":"closed","ping_status":"closed","template":"","meta":{"_seopress_robots_primary_cat":"","ngg_post_thumbnail":0},"tags":[8767,8921,8629,8645,8768],"_links":{"self":[{"href":"https:\/\/www.discoverypublisher.com\/es\/wp-json\/wp\/v2\/pages\/21429"}],"collection":[{"href":"https:\/\/www.discoverypublisher.com\/es\/wp-json\/wp\/v2\/pages"}],"about":[{"href":"https:\/\/www.discoverypublisher.com\/es\/wp-json\/wp\/v2\/types\/page"}],"author":[{"embeddable":true,"href":"https:\/\/www.discoverypublisher.com\/es\/wp-json\/wp\/v2\/users\/1"}],"replies":[{"embeddable":true,"href":"https:\/\/www.discoverypublisher.com\/es\/wp-json\/wp\/v2\/comments?post=21429"}],"version-history":[{"count":1,"href":"https:\/\/www.discoverypublisher.com\/es\/wp-json\/wp\/v2\/pages\/21429\/revisions"}],"predecessor-version":[{"id":21434,"href":"https:\/\/www.discoverypublisher.com\/es\/wp-json\/wp\/v2\/pages\/21429\/revisions\/21434"}],"up":[{"embeddable":true,"href":"https:\/\/www.discoverypublisher.com\/es\/wp-json\/wp\/v2\/pages\/16021"}],"wp:featuredmedia":[{"embeddable":true,"href":"https:\/\/www.discoverypublisher.com\/es\/wp-json\/wp\/v2\/media\/21431"}],"wp:attachment":[{"href":"https:\/\/www.discoverypublisher.com\/es\/wp-json\/wp\/v2\/media?parent=21429"}],"wp:term":[{"taxonomy":"post_tag","embeddable":true,"href":"https:\/\/www.discoverypublisher.com\/es\/wp-json\/wp\/v2\/tags?post=21429"}],"curies":[{"name":"wp","href":"https:\/\/api.w.org\/{rel}","templated":true}]}}