{"id":21361,"date":"2021-12-03T04:14:18","date_gmt":"2021-12-03T03:14:18","guid":{"rendered":"https:\/\/www.discoverypublisher.com\/es\/?page_id=21361"},"modified":"2025-04-12T03:23:34","modified_gmt":"2025-04-12T01:23:34","slug":"michel-chiambretto","status":"publish","type":"page","link":"https:\/\/www.discoverypublisher.com\/es\/autores\/michel-chiambretto\/","title":{"rendered":"Michel Chiambretto"},"content":{"rendered":"<p>[vc_row css_animation=&#8221;&#8221; row_type=&#8221;row&#8221; use_row_as_full_screen_section=&#8221;no&#8221; type=&#8221;full-width&#8221; angled_section=&#8221;no&#8221; text_align=&#8221;left&#8221; background_image_as_pattern=&#8221;without_pattern&#8221; padding_top=&#8221;15&#8243;][vc_column][vc_column_text]<\/p>\n<h3>BREVE BIOGRAF\u00cdA<\/h3>\n<p>[\/vc_column_text][vc_separator type=&#8221;transparent&#8221; down=&#8221;5&#8243;][vc_column_text]<\/p>\n<p style=\"text-align: justify;\">Tras m\u00e1s de cuarenta a\u00f1os de experiencia en las tradiciones inici\u00e1ticas occidentales y del Lejano Oriente, y cincuenta a\u00f1os en el campo de las artes marciales, tanto externas como internas, Michel Chiambretto ofrece su experiencia de las tradiciones que ha encontrado, as\u00ed como las que ha recogido de los hombres involucrados en el campo esot\u00e9rico.<\/p>\n<p>[\/vc_column_text][\/vc_column][\/vc_row][vc_row css_animation=&#8221;&#8221; row_type=&#8221;row&#8221; use_row_as_full_screen_section=&#8221;no&#8221; type=&#8221;full_width&#8221; angled_section=&#8221;no&#8221; text_align=&#8221;left&#8221; background_image_as_pattern=&#8221;without_pattern&#8221; background_color=&#8221;#ffffff&#8221; padding_top=&#8221;40&#8243;][vc_column][vc_separator type=&#8221;transparent&#8221; down=&#8221;40&#8243;][\/vc_column][\/vc_row]<\/p>\n","protected":false},"excerpt":{"rendered":"<p>Tras m\u00e1s de 40 a\u00f1os en las tradiciones inici\u00e1ticas occidentales y del Lejano Oriente, y 50 a\u00f1os en el campo de las artes marciales, Michel Chiambretto ofrece su experiencia en las tradiciones esot\u00e9ricas.<\/p>\n","protected":false},"author":1,"featured_media":28954,"parent":16021,"menu_order":0,"comment_status":"closed","ping_status":"closed","template":"","meta":{"_seopress_robots_primary_cat":"","ngg_post_thumbnail":0},"tags":[8767,8921,8629,8651,8768],"_links":{"self":[{"href":"https:\/\/www.discoverypublisher.com\/es\/wp-json\/wp\/v2\/pages\/21361"}],"collection":[{"href":"https:\/\/www.discoverypublisher.com\/es\/wp-json\/wp\/v2\/pages"}],"about":[{"href":"https:\/\/www.discoverypublisher.com\/es\/wp-json\/wp\/v2\/types\/page"}],"author":[{"embeddable":true,"href":"https:\/\/www.discoverypublisher.com\/es\/wp-json\/wp\/v2\/users\/1"}],"replies":[{"embeddable":true,"href":"https:\/\/www.discoverypublisher.com\/es\/wp-json\/wp\/v2\/comments?post=21361"}],"version-history":[{"count":4,"href":"https:\/\/www.discoverypublisher.com\/es\/wp-json\/wp\/v2\/pages\/21361\/revisions"}],"predecessor-version":[{"id":21367,"href":"https:\/\/www.discoverypublisher.com\/es\/wp-json\/wp\/v2\/pages\/21361\/revisions\/21367"}],"up":[{"embeddable":true,"href":"https:\/\/www.discoverypublisher.com\/es\/wp-json\/wp\/v2\/pages\/16021"}],"wp:featuredmedia":[{"embeddable":true,"href":"https:\/\/www.discoverypublisher.com\/es\/wp-json\/wp\/v2\/media\/28954"}],"wp:attachment":[{"href":"https:\/\/www.discoverypublisher.com\/es\/wp-json\/wp\/v2\/media?parent=21361"}],"wp:term":[{"taxonomy":"post_tag","embeddable":true,"href":"https:\/\/www.discoverypublisher.com\/es\/wp-json\/wp\/v2\/tags?post=21361"}],"curies":[{"name":"wp","href":"https:\/\/api.w.org\/{rel}","templated":true}]}}