{"id":21101,"date":"2021-11-30T02:53:34","date_gmt":"2021-11-30T01:53:34","guid":{"rendered":"https:\/\/www.discoverypublisher.com\/es\/?page_id=21101"},"modified":"2021-12-08T09:45:36","modified_gmt":"2021-12-08T08:45:36","slug":"mathieu-blanchot","status":"publish","type":"page","link":"https:\/\/www.discoverypublisher.com\/es\/autores\/mathieu-blanchot\/","title":{"rendered":"Mathieu Blanchot"},"content":{"rendered":"<p>[vc_row css_animation=&#8221;&#8221; row_type=&#8221;row&#8221; use_row_as_full_screen_section=&#8221;no&#8221; type=&#8221;full-width&#8221; angled_section=&#8221;no&#8221; text_align=&#8221;left&#8221; background_image_as_pattern=&#8221;without_pattern&#8221; padding_top=&#8221;15&#8243;][vc_column][vc_column_text]<\/p>\n<p style=\"text-align: justify;\">\u2014 Fue en la universidad cuando Mathieu Blanchot comenz\u00f3 a desarrollar su pasi\u00f3n por el dibujo, primero con el manga y luego con los c\u00f3mics de toda \u00edndole.<\/p>\n<p style=\"text-align: justify;\">\u2014&nbsp;Durante sus a\u00f1os de instituto, conoci\u00f3 a Fr\u00e9d\u00e9ric Campoy, con quien tom\u00f3 clases de dibujo de c\u00f3mic.<\/p>\n<p style=\"text-align: justify;\">\u2014&nbsp;Con el bachillerato en la mano, continu\u00f3 sus estudios en la ESMI (Escuela Superior de Oficios de la Imagen) de Burdeos en la secci\u00f3n de c\u00f3mic.<\/p>\n<p style=\"text-align: justify;\">\u2014&nbsp;Con su diploma en la mano, encontr\u00f3 a Fr\u00e9d\u00e9ric Campoy y se embarc\u00f3 en su primer c\u00f3mic Une vie avec Alexandra David-Neel.<\/p>\n<p>[\/vc_column_text][\/vc_column][\/vc_row][vc_row css_animation=&#8221;&#8221; row_type=&#8221;row&#8221; use_row_as_full_screen_section=&#8221;no&#8221; type=&#8221;full-width&#8221; angled_section=&#8221;no&#8221; text_align=&#8221;left&#8221; background_image_as_pattern=&#8221;without_pattern&#8221; padding_top=&#8221;30&#8243;][vc_column][vc_single_image image=&#8221;21105&#8243; img_size=&#8221;full&#8221; alignment=&#8221;center&#8221; style=&#8221;vc_box_rounded&#8221; qode_css_animation=&#8221;element_from_left&#8221; transition_delay=&#8221;0.3&#8243;][\/vc_column][\/vc_row][vc_row css_animation=&#8221;&#8221; row_type=&#8221;row&#8221; use_row_as_full_screen_section=&#8221;no&#8221; type=&#8221;full_width&#8221; angled_section=&#8221;no&#8221; text_align=&#8221;left&#8221; background_image_as_pattern=&#8221;without_pattern&#8221; background_color=&#8221;#ffffff&#8221; padding_top=&#8221;40&#8243;][vc_column][vc_separator type=&#8221;transparent&#8221; down=&#8221;40&#8243;][\/vc_column][\/vc_row]<\/p>\n","protected":false},"excerpt":{"rendered":"<p>Mathieu Blanchot es un dibujante franc\u00e9s. Actualmente vive en Francia.<\/p>\n","protected":false},"author":1,"featured_media":21138,"parent":16021,"menu_order":0,"comment_status":"closed","ping_status":"closed","template":"","meta":{"_seopress_robots_primary_cat":"","ngg_post_thumbnail":0},"tags":[8767,8921,8629,8783,8768],"_links":{"self":[{"href":"https:\/\/www.discoverypublisher.com\/es\/wp-json\/wp\/v2\/pages\/21101"}],"collection":[{"href":"https:\/\/www.discoverypublisher.com\/es\/wp-json\/wp\/v2\/pages"}],"about":[{"href":"https:\/\/www.discoverypublisher.com\/es\/wp-json\/wp\/v2\/types\/page"}],"author":[{"embeddable":true,"href":"https:\/\/www.discoverypublisher.com\/es\/wp-json\/wp\/v2\/users\/1"}],"replies":[{"embeddable":true,"href":"https:\/\/www.discoverypublisher.com\/es\/wp-json\/wp\/v2\/comments?post=21101"}],"version-history":[{"count":3,"href":"https:\/\/www.discoverypublisher.com\/es\/wp-json\/wp\/v2\/pages\/21101\/revisions"}],"predecessor-version":[{"id":21146,"href":"https:\/\/www.discoverypublisher.com\/es\/wp-json\/wp\/v2\/pages\/21101\/revisions\/21146"}],"up":[{"embeddable":true,"href":"https:\/\/www.discoverypublisher.com\/es\/wp-json\/wp\/v2\/pages\/16021"}],"wp:featuredmedia":[{"embeddable":true,"href":"https:\/\/www.discoverypublisher.com\/es\/wp-json\/wp\/v2\/media\/21138"}],"wp:attachment":[{"href":"https:\/\/www.discoverypublisher.com\/es\/wp-json\/wp\/v2\/media?parent=21101"}],"wp:term":[{"taxonomy":"post_tag","embeddable":true,"href":"https:\/\/www.discoverypublisher.com\/es\/wp-json\/wp\/v2\/tags?post=21101"}],"curies":[{"name":"wp","href":"https:\/\/api.w.org\/{rel}","templated":true}]}}