{"id":20842,"date":"2021-11-16T04:54:35","date_gmt":"2021-11-16T03:54:35","guid":{"rendered":"https:\/\/www.discoverypublisher.com\/es\/?page_id=20842"},"modified":"2021-12-18T11:12:24","modified_gmt":"2021-12-18T10:12:24","slug":"espana","status":"publish","type":"page","link":"https:\/\/www.discoverypublisher.com\/es\/publicaciones\/historia\/espana\/","title":{"rendered":"Espa\u00f1a"},"content":{"rendered":"","protected":false},"excerpt":{"rendered":"<p>Publicaciones relacionadas con Espa\u00f1a y la historia de Espa\u00f1a.<\/p>\n","protected":false},"author":1,"featured_media":21093,"parent":20838,"menu_order":0,"comment_status":"closed","ping_status":"closed","template":"","meta":{"_seopress_robots_primary_cat":"","ngg_post_thumbnail":0},"tags":[8921,8874,8629,8885,8884,8875,8628,8937,8877,8878],"_links":{"self":[{"href":"https:\/\/www.discoverypublisher.com\/es\/wp-json\/wp\/v2\/pages\/20842"}],"collection":[{"href":"https:\/\/www.discoverypublisher.com\/es\/wp-json\/wp\/v2\/pages"}],"about":[{"href":"https:\/\/www.discoverypublisher.com\/es\/wp-json\/wp\/v2\/types\/page"}],"author":[{"embeddable":true,"href":"https:\/\/www.discoverypublisher.com\/es\/wp-json\/wp\/v2\/users\/1"}],"replies":[{"embeddable":true,"href":"https:\/\/www.discoverypublisher.com\/es\/wp-json\/wp\/v2\/comments?post=20842"}],"version-history":[{"count":3,"href":"https:\/\/www.discoverypublisher.com\/es\/wp-json\/wp\/v2\/pages\/20842\/revisions"}],"predecessor-version":[{"id":28081,"href":"https:\/\/www.discoverypublisher.com\/es\/wp-json\/wp\/v2\/pages\/20842\/revisions\/28081"}],"up":[{"embeddable":true,"href":"https:\/\/www.discoverypublisher.com\/es\/wp-json\/wp\/v2\/pages\/20838"}],"wp:featuredmedia":[{"embeddable":true,"href":"https:\/\/www.discoverypublisher.com\/es\/wp-json\/wp\/v2\/media\/21093"}],"wp:attachment":[{"href":"https:\/\/www.discoverypublisher.com\/es\/wp-json\/wp\/v2\/media?parent=20842"}],"wp:term":[{"taxonomy":"post_tag","embeddable":true,"href":"https:\/\/www.discoverypublisher.com\/es\/wp-json\/wp\/v2\/tags?post=20842"}],"curies":[{"name":"wp","href":"https:\/\/api.w.org\/{rel}","templated":true}]}}