{"id":20568,"date":"2019-08-18T04:20:47","date_gmt":"2019-08-18T02:20:47","guid":{"rendered":"https:\/\/www.discoverypublisher.com\/es\/?page_id=20568"},"modified":"2021-12-18T07:35:33","modified_gmt":"2021-12-18T06:35:33","slug":"maurice-magre","status":"publish","type":"page","link":"https:\/\/www.discoverypublisher.com\/es\/autores\/maurice-magre\/","title":{"rendered":"Maurice Magre"},"content":{"rendered":"<p>[vc_row css_animation=&#8221;&#8221; row_type=&#8221;row&#8221; use_row_as_full_screen_section=&#8221;no&#8221; type=&#8221;full_width&#8221; angled_section=&#8221;no&#8221; text_align=&#8221;left&#8221; background_image_as_pattern=&#8221;without_pattern&#8221; padding_top=&#8221;15&#8243; z_index=&#8221;&#8221;][vc_column width=&#8221;1\/3&#8243;][vc_single_image image=&#8221;20571&#8243; img_size=&#8221;medium&#8221; alignment=&#8221;center&#8221; style=&#8221;vc_box_rounded&#8221; qode_css_animation=&#8221;element_from_left&#8221; transition_delay=&#8221;0.3&#8243;][\/vc_column][vc_column width=&#8221;2\/3&#8243;][vc_column_text]<\/p>\n<p style=\"text-align: justify;\">Maurice Magre fue un poeta, dramaturgo y escritor franc\u00e9s. Fue un ferviente defensor de Occitania y tuvo un rol importante a la hora de dar a conocer el martirio de los c\u00e1taros que tuvo lugar en el siglo XIII. Escribi\u00f3 sus primeros poemas con catorce a\u00f1os y su primera antolog\u00eda de poemas fue publicada en 1895. A partir de 1898, publica en Par\u00eds cuatro antolog\u00edas de poes\u00eda. La primera mitad de su vida la vivi\u00f3 en la bohemia, lo que le llev\u00f3 a los vicios, llegando a ser adicto al opio.<\/p>\n<p>[\/vc_column_text][\/vc_column][\/vc_row][vc_row css_animation=&#8221;&#8221; row_type=&#8221;row&#8221; use_row_as_full_screen_section=&#8221;no&#8221; type=&#8221;full_width&#8221; angled_section=&#8221;no&#8221; text_align=&#8221;left&#8221; background_image_as_pattern=&#8221;without_pattern&#8221; padding_top=&#8221;49&#8243; z_index=&#8221;&#8221;][vc_column width=&#8221;2\/3&#8243;][vc_column_text]<\/p>\n<p style=\"text-align: justify;\">Experiment\u00f3 con todo tipo de placeres y buscando llegar a un \u00e9xtasis. A pesar de tener mala reputaci\u00f3n, se convirti\u00f3 en un escritor reconocido y respetado. Durante la segunda mitad de su vida se interes\u00f3 en el esoterismo y comenz\u00f3 una intensa b\u00fasqueda espiritual. En 1919 descubri\u00f3 La Doctrina Secreta, la obra mayor de Madame Blavatsky, cofundadora de la Sociedad Teos\u00f3fica. En 1935, a pesar de estar aquejado de una grave enfermedad, emprendi\u00f3 un viaje hasta la India para conocer a Sri Aurobindo en el ashram de Puducherry.<\/p>\n<p>[\/vc_column_text][\/vc_column][vc_column width=&#8221;1\/3&#8243;][vc_single_image image=&#8221;20572&#8243; img_size=&#8221;medium&#8221; alignment=&#8221;center&#8221; style=&#8221;vc_box_rounded&#8221; qode_css_animation=&#8221;element_from_left&#8221; transition_delay=&#8221;0.3&#8243;][\/vc_column][\/vc_row][vc_row css_animation=&#8221;&#8221; row_type=&#8221;row&#8221; use_row_as_full_screen_section=&#8221;no&#8221; type=&#8221;full_width&#8221; angled_section=&#8221;no&#8221; text_align=&#8221;left&#8221; background_image_as_pattern=&#8221;without_pattern&#8221; padding_top=&#8221;69&#8243; z_index=&#8221;&#8221;][vc_column][vc_separator type=&#8221;transparent&#8221; down=&#8221;84&#8243;][\/vc_column][\/vc_row]<\/p>\n","protected":false},"excerpt":{"rendered":"<p>Maurice Magre fue un poeta, dramaturgo y escritor franc\u00e9s. Fue un ferviente defensor de Occitania y tuvo un rol importante a la hora de dar a conocer el martirio de los c\u00e1taros que tuvo lugar en el siglo XIII.<\/p>\n","protected":false},"author":1,"featured_media":20615,"parent":16021,"menu_order":0,"comment_status":"closed","ping_status":"closed","template":"","meta":{"_seopress_robots_primary_cat":"","ngg_post_thumbnail":0},"tags":[8767,8921,8629,8862,8768],"_links":{"self":[{"href":"https:\/\/www.discoverypublisher.com\/es\/wp-json\/wp\/v2\/pages\/20568"}],"collection":[{"href":"https:\/\/www.discoverypublisher.com\/es\/wp-json\/wp\/v2\/pages"}],"about":[{"href":"https:\/\/www.discoverypublisher.com\/es\/wp-json\/wp\/v2\/types\/page"}],"author":[{"embeddable":true,"href":"https:\/\/www.discoverypublisher.com\/es\/wp-json\/wp\/v2\/users\/1"}],"replies":[{"embeddable":true,"href":"https:\/\/www.discoverypublisher.com\/es\/wp-json\/wp\/v2\/comments?post=20568"}],"version-history":[{"count":8,"href":"https:\/\/www.discoverypublisher.com\/es\/wp-json\/wp\/v2\/pages\/20568\/revisions"}],"predecessor-version":[{"id":28017,"href":"https:\/\/www.discoverypublisher.com\/es\/wp-json\/wp\/v2\/pages\/20568\/revisions\/28017"}],"up":[{"embeddable":true,"href":"https:\/\/www.discoverypublisher.com\/es\/wp-json\/wp\/v2\/pages\/16021"}],"wp:featuredmedia":[{"embeddable":true,"href":"https:\/\/www.discoverypublisher.com\/es\/wp-json\/wp\/v2\/media\/20615"}],"wp:attachment":[{"href":"https:\/\/www.discoverypublisher.com\/es\/wp-json\/wp\/v2\/media?parent=20568"}],"wp:term":[{"taxonomy":"post_tag","embeddable":true,"href":"https:\/\/www.discoverypublisher.com\/es\/wp-json\/wp\/v2\/tags?post=20568"}],"curies":[{"name":"wp","href":"https:\/\/api.w.org\/{rel}","templated":true}]}}