{"id":20550,"date":"2019-08-17T08:54:34","date_gmt":"2019-08-17T06:54:34","guid":{"rendered":"https:\/\/www.discoverypublisher.com\/es\/?page_id=20550"},"modified":"2021-12-08T09:45:01","modified_gmt":"2021-12-08T08:45:01","slug":"john-joseph-oneill","status":"publish","type":"page","link":"https:\/\/www.discoverypublisher.com\/es\/autores\/john-joseph-oneill\/","title":{"rendered":"John Joseph O&#8217;Neill"},"content":{"rendered":"<p>[vc_row css_animation=&#8221;&#8221; row_type=&#8221;row&#8221; use_row_as_full_screen_section=&#8221;no&#8221; type=&#8221;full_width&#8221; angled_section=&#8221;no&#8221; text_align=&#8221;left&#8221; background_image_as_pattern=&#8221;without_pattern&#8221; padding_top=&#8221;15&#8243; z_index=&#8221;&#8221;][vc_column width=&#8221;1\/3&#8243;][vc_single_image image=&#8221;21515&#8243; img_size=&#8221;medium&#8221; alignment=&#8221;center&#8221; style=&#8221;vc_box_rounded&#8221; qode_css_animation=&#8221;element_from_left&#8221; transition_delay=&#8221;0.3&#8243;][\/vc_column][vc_column width=&#8221;2\/3&#8243;][vc_column_text]<\/p>\n<p style=\"text-align: justify;\">John Joseph O&#8217;Neill (1889-1953), del New York Herald Tribune, junto con William L. Laurence del New York Times. Howard Blakeslee, de AP, Gobind Behari Lal, de Universal Service, y David Dietz, de Scripps-Howard, ganaron el premio Pulitzer de periodismo en 1937 &#8220;por su cobertura de la ciencia en el tricentenario de la Universidad de Harvard&#8221;.<\/p>\n<p style=\"text-align: justify;\">Fue un periodista autodidacta cuya educaci\u00f3n formal no fue m\u00e1s all\u00e1 de la escuela p\u00fablica. Tambi\u00e9n es autor de Prodigal genius; the life of Nikola Tesla (1944), que se public\u00f3 en 18 ediciones en alem\u00e1n e ingl\u00e9s, y de varios otros libros no t\u00e9cnicos sobre la ciencia del siglo XX. En 1953 observ\u00f3 un rasgo en la Luna, en la orilla occidental del Mare Crisium, que interpret\u00f3 como un gigantesco puente natural, pero result\u00f3 ser una ilusi\u00f3n. Ahora esta ilusi\u00f3n se conoce como el Puente de O&#8217;Neill.<\/p>\n<p>[\/vc_column_text][\/vc_column][\/vc_row][vc_row css_animation=&#8221;&#8221; row_type=&#8221;row&#8221; use_row_as_full_screen_section=&#8221;no&#8221; type=&#8221;full_width&#8221; angled_section=&#8221;no&#8221; text_align=&#8221;left&#8221; background_image_as_pattern=&#8221;without_pattern&#8221; padding_top=&#8221;49&#8243; z_index=&#8221;&#8221;][vc_column width=&#8221;2\/3&#8243;][vc_column_text]<\/p>\n<p style=\"text-align: justify;\">Despu\u00e9s de Horace Kallen, fue la segunda persona que ley\u00f3 el manuscrito completo de Mundos en colisi\u00f3n de Immanuel Velikovsky.&nbsp;Velikovsky recuerda:<\/p>\n<p style=\"text-align: justify; padding-left: 40px;\">&#8220;&#8230; en 1946 el \u00fanico lector del manuscrito completo de Mundos en colisi\u00f3n, como era entonces, era Kallen. Un d\u00eda, en el verano de ese a\u00f1o, pens\u00e9: \u00bfDeber\u00eda mostrar mi trabajo a John O&#8217;Neill del Herald Tribune? Sent\u00ed la necesidad de escuchar la reacci\u00f3n de un hombre experimentado que, como editor de ciencia de ese peri\u00f3dico, seguramente hab\u00eda lidiado durante muchos a\u00f1os con todo tipo de teor\u00edas s\u00f3lidas y no s\u00f3lidas. Hab\u00eda le\u00eddo una rese\u00f1a de su biograf\u00eda de Nikola Tesla; me gust\u00f3 lo que le\u00ed, y marqu\u00e9 en mi memoria al autor y su libro. O&#8217;Neill reconoci\u00f3 la grandeza de Tesla, a quien conoc\u00eda tan \u00edntimamente como Tesla permitir\u00eda que alguien lo conociera&#8230;<\/p>\n<p style=\"text-align: justify; padding-left: 40px;\">&#8220;Llam\u00e9 al Herald Tribune. Result\u00f3 ser el d\u00eda de la semana en que O&#8217;Neill estaba all\u00ed, y me dijo que fuera ese mismo d\u00eda. Me sent\u00e9 en un sill\u00f3n de cuero en la sala de espera de la redacci\u00f3n. Al cabo de unos minutos, un hombre de complexi\u00f3n ligera, con el pelo blanco y un cuello de lino inmaculado, se acerc\u00f3 a m\u00ed con un malet\u00edn en la mano. Ten\u00eda mi manuscrito en dos carpetas. Le ped\u00ed que lo leyera. Me dijo, con su actitud amistosa pero profesional: &#8220;Mi escritorio est\u00e1 repleto de papeles para leer. Tomar\u00e9 su manuscrito, pero no espere que lo lea hasta dentro de dos o tres meses&#8221;.<\/p>\n<p style=\"text-align: justify; padding-left: 40px;\">&#8220;[&#8230;] O&#8217;Neill me dijo que hab\u00eda cogido mi manuscrito, planeando no dedicarle m\u00e1s de cinco minutos mientras estaba sentado en un banco de su jard\u00edn, pero que no lo hab\u00eda dejado a un lado hasta que terminara de leerlo&#8221;.<\/p>\n<p style=\"text-align: justify;\">O&#8217;Neill fue la primera persona en dar a conocer la obra de Velikovsky, en su columna &#8220;Personal and Otherwise&#8221; del 11 de agosto de 1946.<\/p>\n<p>[\/vc_column_text][\/vc_column][vc_column width=&#8221;1\/3&#8243;][vc_single_image image=&#8221;21517&#8243; img_size=&#8221;medium&#8221; alignment=&#8221;center&#8221; style=&#8221;vc_box_rounded&#8221; qode_css_animation=&#8221;element_from_left&#8221; transition_delay=&#8221;0.3&#8243;][\/vc_column][\/vc_row][vc_row css_animation=&#8221;&#8221; row_type=&#8221;row&#8221; use_row_as_full_screen_section=&#8221;no&#8221; type=&#8221;full_width&#8221; angled_section=&#8221;no&#8221; text_align=&#8221;left&#8221; background_image_as_pattern=&#8221;without_pattern&#8221; background_color=&#8221;#ffffff&#8221; padding_top=&#8221;69&#8243; z_index=&#8221;&#8221;][vc_column][vc_separator type=&#8221;transparent&#8221; down=&#8221;40&#8243;][\/vc_column][\/vc_row]<\/p>\n","protected":false},"excerpt":{"rendered":"<p>John Joseph O&#8217;Neill fue reportero del New York Herald Tribune. Gan\u00f3 el premio Pulitzer de periodismo en 1937 por su cobertura de la ciencia en el tricentenario de la Universidad de Harvard.<\/p>\n","protected":false},"author":1,"featured_media":21513,"parent":16021,"menu_order":0,"comment_status":"closed","ping_status":"closed","template":"","meta":{"_seopress_robots_primary_cat":"","ngg_post_thumbnail":0},"tags":[8767,8921,8629,8633,8860,8768],"_links":{"self":[{"href":"https:\/\/www.discoverypublisher.com\/es\/wp-json\/wp\/v2\/pages\/20550"}],"collection":[{"href":"https:\/\/www.discoverypublisher.com\/es\/wp-json\/wp\/v2\/pages"}],"about":[{"href":"https:\/\/www.discoverypublisher.com\/es\/wp-json\/wp\/v2\/types\/page"}],"author":[{"embeddable":true,"href":"https:\/\/www.discoverypublisher.com\/es\/wp-json\/wp\/v2\/users\/1"}],"replies":[{"embeddable":true,"href":"https:\/\/www.discoverypublisher.com\/es\/wp-json\/wp\/v2\/comments?post=20550"}],"version-history":[{"count":4,"href":"https:\/\/www.discoverypublisher.com\/es\/wp-json\/wp\/v2\/pages\/20550\/revisions"}],"predecessor-version":[{"id":21520,"href":"https:\/\/www.discoverypublisher.com\/es\/wp-json\/wp\/v2\/pages\/20550\/revisions\/21520"}],"up":[{"embeddable":true,"href":"https:\/\/www.discoverypublisher.com\/es\/wp-json\/wp\/v2\/pages\/16021"}],"wp:featuredmedia":[{"embeddable":true,"href":"https:\/\/www.discoverypublisher.com\/es\/wp-json\/wp\/v2\/media\/21513"}],"wp:attachment":[{"href":"https:\/\/www.discoverypublisher.com\/es\/wp-json\/wp\/v2\/media?parent=20550"}],"wp:term":[{"taxonomy":"post_tag","embeddable":true,"href":"https:\/\/www.discoverypublisher.com\/es\/wp-json\/wp\/v2\/tags?post=20550"}],"curies":[{"name":"wp","href":"https:\/\/api.w.org\/{rel}","templated":true}]}}